{"id":10031,"date":"2021-09-15T13:52:41","date_gmt":"2021-09-15T11:52:41","guid":{"rendered":"https:\/\/bontech.info\/slusni-aparati\/dodaci\/batteries\/"},"modified":"2022-03-17T22:45:25","modified_gmt":"2022-03-17T21:45:25","slug":"horgeratebatterien","status":"publish","type":"page","link":"https:\/\/bontech.info\/de\/horgerate\/extras\/horgeratebatterien\/","title":{"rendered":"H\u00d6RGER\u00c4TEBATTERIEN"},"content":{"rendered":"<section class=\"l-section wpb_row height_auto color_primary with_slider\"><div class=\"l-section-slider\"><div class=\"w-slider style_none fit_cover\"><div class=\"w-slider-h\"><div class=\"royalSlider\"><div class=\"rsContent\"><a class=\"rsImg\" data-rsw=\"1200\" data-rsh=\"800\" href=\"https:\/\/bontech.info\/wp-content\/uploads\/2021\/10\/Ciscenje-i-odrzavanje-slusnih-aparata-Bontech.jpg\"><span data-alt=\"\"><\/span><\/a><\/div><\/div><img src=\"https:\/\/bontech.info\/wp-content\/uploads\/2021\/10\/Ciscenje-i-odrzavanje-slusnih-aparata-Bontech.jpg\" width=\"1200\" height=\"800\" alt loading=\"lazy\"><\/div><div class=\"w-slider-json\" onclick='return {&quot;loop&quot;:true,&quot;fadeInLoadedSlide&quot;:false,&quot;slidesSpacing&quot;:0,&quot;imageScalePadding&quot;:0,&quot;numImagesToPreload&quot;:2,&quot;arrowsNav&quot;:false,&quot;arrowsNavAutoHide&quot;:false,&quot;transitionType&quot;:&quot;move&quot;,&quot;transitionSpeed&quot;:800,&quot;block&quot;:{&quot;moveEffect&quot;:&quot;none&quot;,&quot;speed&quot;:300},&quot;controlNavigation&quot;:&quot;none&quot;,&quot;autoplay&quot;:{&quot;enabled&quot;:true,&quot;pauseOnHover&quot;:false,&quot;delay&quot;:3000},&quot;imageScaleMode&quot;:&quot;fill&quot;,&quot;autoScaleSlider&quot;:true,&quot;autoScaleSliderWidth&quot;:1200,&quot;autoScaleSliderHeight&quot;:800,&quot;fitInViewport&quot;:false}'><\/div><\/div><\/div><div class=\"l-section-overlay\" style=\"background:rgba(20,20,20,0.62)\"><\/div><div class=\"l-section-h i-cf\"><div class=\"g-cols via_flex valign_top type_default\"><div class=\"vc_col-sm-12 wpb_column vc_column_container\"><div class=\"vc_column-inner us_custom_0d54facf\"><div class=\"wpb_wrapper\"><h1 class=\"w-text us_custom_41579c5f\"><span class=\"w-text-h\"><span class=\"w-text-value\">H\u00d6RGER\u00c4TEBATTERIEN<\/span><\/span><\/h1><ol class=\"g-breadcrumbs us_custom_ea2be81a separator_icon align_center\" itemscope itemtype=\"http:\/\/schema.org\/BreadcrumbList\"><li class=\"g-breadcrumbs-item\" itemscope itemprop=\"itemListElement\" itemtype=\"http:\/\/schema.org\/ListItem\"><a itemprop=\"item\" href=\"https:\/\/bontech.info\/de\/\"><span itemprop=\"name\">Start<\/span><\/a><meta itemprop=\"position\" content=\"1\"\/><\/li><li class=\"g-breadcrumbs-separator\"><i class=\"far fa-angle-right\"><\/i><\/li><li class=\"g-breadcrumbs-item\">Seiten<\/li><\/ol><\/div><\/div><\/div><\/div><\/div><\/section><section class=\"l-section wpb_row height_custom\"><div class=\"l-section-h i-cf\"><div class=\"g-cols via_flex valign_middle type_default\"><div class=\"vc_col-sm-12 wpb_column vc_column_container\"><div class=\"vc_column-inner\"><div class=\"wpb_wrapper\"><div class=\"wpb_text_column\"><div class=\"wpb_wrapper\"><p style=\"text-align: center;\">Ein H\u00f6rger\u00e4t kann, wie jedes andere elektronische Ger\u00e4t, nicht ohne eine Stromquelle funktionieren, und da es sich um ein tragbares Ger\u00e4t handelt, wird es von einer Batterie betrieben.<\/p>\n<p style=\"text-align: center;\">H\u00f6rger\u00e4tebatterien sind ein spezieller Typ und d\u00fcrfen nicht mit \u00e4hnlichen Batterien f\u00fcr Uhren, Fernbedienungen usw. verwechselt werden. Wir unterscheiden zwischen Einwegbatterien des Typs Zink-Luft und wiederaufladbaren Li-Ionen-Batterien.<\/p>\n<\/div><\/div><\/div><\/div><\/div><\/div><\/div><\/section><section class=\"l-section wpb_row height_auto width_full\"><div class=\"l-section-h i-cf\"><div class=\"g-cols via_flex valign_middle type_boxes\"><div class=\"vc_col-sm-6 wpb_column vc_column_container has_bg_color\"><div class=\"vc_column-inner us_custom_c7d02f45\"><div class=\"wpb_wrapper\"><div class=\"wpb_text_column\"><div class=\"wpb_wrapper\"><h2><span style=\"color: #ffffff;\">Zink-Luft-Batterien (Zn-Luft)<\/span><\/h2>\n<p><span style=\"color: #ffffff;\">Dieser Batterietyp versorgt Ihr H\u00f6rger\u00e4t w\u00e4hrend der gesamten Tragedauer mit optimaler Energie. Dies wird durch ein spezielles Design erreicht, das Luft zur Aktivierung und Energieerzeugung nutzt. Zink-Luft-Batterien halten l\u00e4nger als jeder andere Batterietyp gleicher Gr\u00f6\u00dfe und mit gleichem Verbrauch.<\/span><\/p>\n<h3><span style=\"color: #ffffff;\">Batteriegr\u00f6\u00dfen<\/span><\/h3>\n<p><span style=\"color: #ffffff;\">Die Gr\u00f6\u00dfe der Batterie h\u00e4ngt vom Typ des H\u00f6rger\u00e4ts ab und wird durch die typischen Markierungen und die Farbe unterschieden:<\/span><\/p>\n<p><span style=\"color: #ffffff;\">10 (PR70) \u00a0 gelb<\/span><br \/>\n<span style=\"color: #ffffff;\">312 (PR41) \u00a0braun<\/span><br \/>\n<span style=\"color: #ffffff;\">13 (PR48) \u00a0 orange<\/span><br \/>\n<span style=\"color: #ffffff;\">675 (PR44) \u00a0 blau<\/span><\/p>\n<p><span style=\"color: #ffffff;\">Fragen Sie Ihren Otoakustiker nach der Gr\u00f6\u00dfe der Batterie in Ihrem H\u00f6rger\u00e4t.<\/span><\/p>\n<\/div><\/div><\/div><\/div><\/div><div class=\"vc_col-sm-6 wpb_column vc_column_container has_bg_color\"><div class=\"vc_column-inner us_custom_c1922e24\"><div class=\"wpb_wrapper\"><div class=\"w-separator size_custom\" style=\"height:200px\"><\/div><\/div><\/div><\/div><\/div><\/div><\/section><section class=\"l-section wpb_row height_custom\"><div class=\"l-section-h i-cf\"><div class=\"g-cols via_flex valign_middle type_default\"><div class=\"vc_col-sm-12 wpb_column vc_column_container\"><div class=\"vc_column-inner\"><div class=\"wpb_wrapper\"><div class=\"wpb_text_column us_custom_50cc7d67\"><div class=\"wpb_wrapper\"><h2 style=\"text-align: center;\"><span style=\"color: #00a4bc;\">Verwendung von Batterien<\/span><\/h2>\n<\/div><\/div><div class=\"wpb_text_column\"><div class=\"wpb_wrapper\"><p style=\"text-align: center;\">Die Zink-Luft-Batterie wird mit Luftsauerstoff betrieben und muss vor der Benutzung durch Abziehen des Etiketts aktiviert werden. Es dauert einige Zeit, bis sie aktiviert wird und ihre volle Kapazit\u00e4t erreicht. Nehmen Sie die Batterie daher nicht sofort nach dem Entfernen des Etiketts in Betrieb, sondern warten Sie einige Minuten.<\/p>\n<\/div><\/div><\/div><\/div><\/div><\/div><\/div><\/section><section class=\"l-section wpb_row height_auto width_full\"><div class=\"l-section-h i-cf\"><div class=\"g-cols via_flex valign_middle type_boxes\"><div class=\"vc_col-sm-6 wpb_column vc_column_container has_bg_color\"><div class=\"vc_column-inner us_custom_81faa2e0\"><div class=\"wpb_wrapper\"><div class=\"w-separator size_custom\" style=\"height:200px\"><\/div><\/div><\/div><\/div><div class=\"vc_col-sm-6 wpb_column vc_column_container has_bg_color\"><div class=\"vc_column-inner us_custom_c7d02f45\"><div class=\"wpb_wrapper\"><div class=\"wpb_text_column us_custom_c7d02f45\"><div class=\"wpb_wrapper\"><h2><span style=\"color: #ffffff;\">Lebensdauer und Lagerung der Batterie<\/span><\/h2>\n<p><span style=\"color: #ffffff;\">Achten Sie beim Einlegen der Batterie in das H\u00f6rger\u00e4t auf die Polarit\u00e4t (+\/-), wie in der Gebrauchsanweisung Ihres H\u00f6rger\u00e4ts angegeben.<\/span><\/p>\n<p><span style=\"color: #ffffff;\">Die Lebensdauer der Batterie (bis zum Entfernen des Etiketts) ist auf der Verpackung angegeben. Die Lebensdauer der Batterie kann nicht genau bestimmt werden, da sie von der Art des H\u00f6rger\u00e4ts, dem Grad der H\u00f6rsch\u00e4digung, der Anzahl der Nutzungsstunden am Tag, der H\u00f6rumgebung, der Luftfeuchtigkeit usw. abh\u00e4ngt.<\/span><\/p>\n<p><span style=\"color: #ffffff;\">Grob gesagt k\u00f6nnen Batterien Tage, aber auch Wochen halten &#8211; fragen Sie Ihren Otoakustiker nach der zu erwartenden Batterielebensdauer f\u00fcr Ihr H\u00f6rger\u00e4t.<\/span><\/p>\n<p><span style=\"color: #ffffff;\">Lagern Sie die Batterien bei Raumtemperatur in der Originalverpackung. Vermeiden Sie Feuchtr\u00e4ume und Sonneneinstrahlung. Tragen Sie Batterien au\u00dferhalb der Verpackung nicht in einer Tasche mit Schl\u00fcsseln oder M\u00fcnzen, da dies zu einem Kurzschluss f\u00fchren kann. Abgelaufene Batterien sind nicht zu empfehlen.<\/span><\/p>\n<\/div><\/div><\/div><\/div><\/div><\/div><\/div><\/section><section class=\"l-section wpb_row height_auto width_full\"><div class=\"l-section-h i-cf\"><div class=\"g-cols via_flex valign_middle type_boxes\"><div class=\"vc_col-sm-6 wpb_column vc_column_container has_bg_color\"><div class=\"vc_column-inner us_custom_c7d02f45\"><div class=\"wpb_wrapper\"><div class=\"wpb_text_column\"><div class=\"wpb_wrapper\"><h2><span style=\"color: #ffffff;\">Wiederaufladbare Batterien<\/span><\/h2>\n<p><span style=\"color: #ffffff;\">Wiederaufladbare Batterien sind vom Lithium-Ionen-Typ (Li-Ion) oder seltener vom Silber-Zink-Typ (Ag-Zn) und werden heutzutage in der Regel in ein wiederaufladbares H\u00f6rger\u00e4t eingebaut (wiederaufladbares H\u00f6rger\u00e4t).<\/span><\/p>\n<p><span style=\"color: #ffffff;\">Zum Aufladen wird das Ger\u00e4t einfach in das Ladeger\u00e4t gesteckt, und ihre Kapazit\u00e4t reicht f\u00fcr etwa einen Tag Betrieb.<\/span><\/p>\n<p><span style=\"color: #ffffff;\">Wiederaufladbare Batterien machen den regelm\u00e4\u00dfigen Kauf und Austausch von Einwegbatterien \u00fcberfl\u00fcssig und sind besonders n\u00fctzlich f\u00fcr Sehbehinderte oder Menschen, die Schwierigkeiten mit der Handhabung kleiner Gegenst\u00e4nde haben.<\/span><\/p>\n<\/div><\/div><\/div><\/div><\/div><div class=\"vc_col-sm-6 wpb_column vc_column_container has_bg_color\"><div class=\"vc_column-inner us_custom_35637247\"><div class=\"wpb_wrapper\"><div class=\"w-separator size_custom\" style=\"height:200px\"><\/div><\/div><\/div><\/div><\/div><\/div><\/section><section class=\"l-section wpb_row height_custom\"><div class=\"l-section-h i-cf\"><div class=\"g-cols via_flex valign_middle type_default\"><div class=\"vc_col-sm-12 wpb_column vc_column_container\"><div class=\"vc_column-inner\"><div class=\"wpb_wrapper\"><div class=\"wpb_text_column us_custom_8d5aa4e2\"><div class=\"wpb_wrapper\"><h2 style=\"text-align: center;\"><span style=\"color: #00a4bc;\">Want to buy batteries or expert advice?<\/span><\/h2>\n<\/div><\/div><div class=\"wpb_text_column\"><div class=\"wpb_wrapper\"><p style=\"text-align: center;\">Choose one of 27 clinics and fill in your contact details or call us at the toll-free number <a href=\"tel:08004466\">0800 44 66<\/a><\/p>\n<\/div><\/div><div class=\"g-cols wpb_row us_custom_72fc42ef via_flex valign_top type_default\"><div class=\"vc_col-sm-6 wpb_column vc_column_container\"><div class=\"vc_column-inner\"><div class=\"wpb_wrapper\"><div class=\"w-image align_center\"><div class=\"w-image-h\"><img width=\"1024\" height=\"1024\" src=\"https:\/\/bontech.info\/wp-content\/uploads\/2021\/10\/Bontech-lokacije-poslovnica-2.png\" class=\"attachment-large size-large\" alt=\"\" loading=\"lazy\" srcset=\"https:\/\/bontech.info\/wp-content\/uploads\/2021\/10\/Bontech-lokacije-poslovnica-2.png 1024w, https:\/\/bontech.info\/wp-content\/uploads\/2021\/10\/Bontech-lokacije-poslovnica-2-300x300.png 300w, https:\/\/bontech.info\/wp-content\/uploads\/2021\/10\/Bontech-lokacije-poslovnica-2-150x150.png 150w\" sizes=\"(max-width: 1024px) 100vw, 1024px\" \/><\/div><\/div><\/div><\/div><\/div><div class=\"vc_col-sm-6 wpb_column vc_column_container\"><div class=\"vc_column-inner\"><div class=\"wpb_wrapper\"><div role=\"form\" class=\"wpcf7\" id=\"wpcf7-f7969-o1\" lang=\"hr\" dir=\"ltr\">\n<div class=\"screen-reader-response\"><p role=\"status\" aria-live=\"polite\" aria-atomic=\"true\"><\/p> <ul><\/ul><\/div>\n<form action=\"\/de\/wp-json\/wp\/v2\/pages\/10031#wpcf7-f7969-o1\" method=\"post\" class=\"wpcf7-form init\" novalidate=\"novalidate\" data-status=\"init\">\n<div style=\"display: none;\">\n<input type=\"hidden\" name=\"_wpcf7\" value=\"7969\" \/>\n<input type=\"hidden\" name=\"_wpcf7_version\" value=\"5.4.2\" \/>\n<input type=\"hidden\" name=\"_wpcf7_locale\" value=\"hr\" \/>\n<input type=\"hidden\" name=\"_wpcf7_unit_tag\" value=\"wpcf7-f7969-o1\" \/>\n<input type=\"hidden\" name=\"_wpcf7_container_post\" value=\"0\" \/>\n<input type=\"hidden\" name=\"_wpcf7_posted_data_hash\" value=\"\" \/>\n<\/div>\n<p><label> Select your area<br \/>\n    <span class=\"wpcf7-form-control-wrap menu-85\"><select name=\"menu-85\" class=\"wpcf7-form-control wpcf7-select wpcf7-validates-as-required\" aria-required=\"true\" aria-invalid=\"false\"><option value=\"Zagreb\">Zagreb<\/option><option value=\"Split\">Split<\/option><option value=\"Rijeka\">Rijeka<\/option><option value=\"Osijek\">Osijek<\/option><option value=\"Zabok\">Zabok<\/option><option value=\"Sisak\">Sisak<\/option><option value=\"Karlovac\">Karlovac<\/option><option value=\"Vara\u017edin\">Vara\u017edin<\/option><option value=\"Bjelovar\">Bjelovar<\/option><option value=\"\u010cakovec\">\u010cakovec<\/option><option value=\"Koprivnica\">Koprivnica<\/option><option value=\"Ogulin\">Ogulin<\/option><option value=\"Pakrac\">Pakrac<\/option><option value=\"Virovitica\">Virovitica<\/option><option value=\"Nova Gradi\u0161ka\">Nova Gradi\u0161ka<\/option><option value=\"Gospi\u0107\">Gospi\u0107<\/option><option value=\"Na\u0161ice\">Na\u0161ice<\/option><option value=\"Slavonski Brod\">Slavonski Brod<\/option><option value=\"Pula\">Pula<\/option><option value=\"Zadar\">Zadar<\/option><option value=\"Vinkovci\">Vinkovci<\/option><option value=\"\u0160ibenik\">\u0160ibenik<\/option><option value=\"Vukovar\">Vukovar<\/option><option value=\"Dubrovnik\">Dubrovnik<\/option><\/select><\/span> <\/label><\/p>\n<p><label> Name<br \/>\n    <span class=\"wpcf7-form-control-wrap your-name\"><input type=\"text\" name=\"your-name\" value=\"\" size=\"40\" class=\"wpcf7-form-control wpcf7-text wpcf7-validates-as-required\" aria-required=\"true\" aria-invalid=\"false\" \/><\/span> <\/label><\/p>\n<p><label> E-Mail<br \/>\n    <span class=\"wpcf7-form-control-wrap your-email\"><input type=\"email\" name=\"your-email\" value=\"\" size=\"40\" class=\"wpcf7-form-control wpcf7-text wpcf7-email wpcf7-validates-as-required wpcf7-validates-as-email\" aria-required=\"true\" aria-invalid=\"false\" \/><\/span> <\/label><\/p>\n<p><label> Contact number<br \/>\n    <span class=\"wpcf7-form-control-wrap tel-660\"><input type=\"tel\" name=\"tel-660\" value=\"\" size=\"40\" class=\"wpcf7-form-control wpcf7-text wpcf7-tel wpcf7-validates-as-required wpcf7-validates-as-tel\" aria-required=\"true\" aria-invalid=\"false\" \/><\/span> <\/label><\/p>\n<p><span class=\"wpcf7-form-control-wrap kc_captcha\"><span class=\"wpcf7-form-control wpcf7-radio\"> \n    <span class=\"captcha-image\" >\n        <span class=\"cf7ic_instructions\">Bitte beweise, dass du kein Spambot bist und w\u00e4hle das Symbol<span> Herz<\/span> aus.<\/span><label><input type=\"radio\" name=\"kc_captcha\" value=\"kc_human\" \/><svg width=\"50\" height=\"50\" aria-hidden=\"true\" role=\"img\" xmlns=\"https:\/\/www.w3.org\/2000\/svg\" viewBox=\"0 0 576 512\"><path fill=\"currentColor\" d=\"M415 24c-53 0-103 42-127 65-24-23-74-65-127-65C70 24 16 77 16 166c0 72 67 133 69 135l187 181c9 8 23 8 32 0l187-180c2-3 69-64 69-136 0-89-54-142-145-142z\"\/><\/svg><\/label><label><input type=\"radio\" name=\"kc_captcha\" value=\"bot\" \/><svg width=\"50\" height=\"50\" aria-hidden=\"true\" role=\"img\" xmlns=\"https:\/\/www.w3.org\/2000\/svg\" viewBox=\"0 0 512 512\"><path fill=\"currentColor\" d=\"M350 99c-54 0-98-35-166-35-25 0-47 4-68 12a56 56 0 004-24C118 24 95 1 66 0a56 56 0 00-34 102v386c0 13 11 24 24 24h16c13 0 24-11 24-24v-94c28-12 64-23 114-23 54 0 98 35 166 35 48 0 86-16 122-41 9-6 14-15 14-26V96c0-23-24-39-45-29-35 16-77 32-117 32z\"\/><\/svg><\/label><label><input type=\"radio\" name=\"kc_captcha\" value=\"bot\" \/><svg width=\"50\" height=\"50\" aria-hidden=\"true\" role=\"img\" xmlns=\"https:\/\/www.w3.org\/2000\/svg\" viewBox=\"0 0 640 512\"><path fill=\"currentColor\" d=\"M624 352h-16V244c0-13-5-25-14-34L494 110c-9-9-21-14-34-14h-44V48c0-26-21-48-48-48H48C22 0 0 22 0 48v320c0 27 22 48 48 48h16a96 96 0 00192 0h128a96 96 0 00192 0h48c9 0 16-7 16-16v-32c0-9-7-16-16-16zM160 464a48 48 0 110-96 48 48 0 010 96zm320 0a48 48 0 110-96 48 48 0 010 96zm80-208H416V144h44l100 100v12z\"\/><\/svg><\/label>\n    <\/span>\n    <span style=\"display:none\">\n        <input type=\"text\" name=\"kc_honeypot\">\n    <\/span><\/span><\/span><\/p>\n<p><label> <span class=\"wpcf7-form-control-wrap acceptance-417\"><span class=\"wpcf7-form-control wpcf7-acceptance\"><span class=\"wpcf7-list-item\"><label><input type=\"checkbox\" name=\"acceptance-417\" value=\"1\" aria-invalid=\"false\" \/><span class=\"wpcf7-list-item-label\">I agree<\/span><\/label><\/span><\/span><\/span><br \/>\n<SPAN STYLE=\"font-size: 8pt;font-style: italic;line-height: 8pt;\">I agree to my data being stored, and occasionally used for the purpose of sending newsletters and other promotional emails. I understand that at my own request, I can unsubscribe from the e-mail list at any time, request access to my data, and, if I wish, edit or permanently remove it from your database.<\/span><br \/>\n<\/label><\/p>\n<p><input type=\"submit\" value=\"Submit\" class=\"wpcf7-form-control wpcf7-submit\" \/><\/p>\n<div class=\"wpcf7-response-output\" aria-hidden=\"true\"><\/div><\/form><\/div><\/div><\/div><\/div><\/div><\/div><\/div><\/div><\/div><\/div><\/section>\n","protected":false},"excerpt":{"rendered":"H\u00d6RGER\u00c4TEBATTERIENStartSeitenEin H\u00f6rger\u00e4t kann, wie jedes andere elektronische Ger\u00e4t, nicht ohne eine Stromquelle funktionieren, und da es sich um ein tragbares Ger\u00e4t handelt, wird es von einer Batterie betrieben. H\u00f6rger\u00e4tebatterien sind ein spezieller Typ und d\u00fcrfen nicht mit \u00e4hnlichen Batterien f\u00fcr Uhren, Fernbedienungen usw. verwechselt werden. Wir unterscheiden zwischen Einwegbatterien des Typs Zink-Luft und wiederaufladbaren Li-Ionen-Batterien....","protected":false},"author":1,"featured_media":9809,"parent":10024,"menu_order":0,"comment_status":"closed","ping_status":"closed","template":"","meta":[],"yoast_head":"<!-- This site is optimized with the Yoast SEO plugin v17.9 - https:\/\/yoast.com\/wordpress\/plugins\/seo\/ -->\n<title>Baterije za Slu\u0161ne Aparate - Bontech<\/title>\n<meta name=\"robots\" content=\"noindex, follow, max-snippet:-1, max-image-preview:large, max-video-preview:-1\" \/>\n<meta property=\"og:locale\" content=\"de_DE\" \/>\n<meta property=\"og:type\" content=\"article\" \/>\n<meta property=\"og:title\" content=\"Baterije za Slu\u0161ne Aparate - Bontech\" \/>\n<meta property=\"og:url\" content=\"https:\/\/bontech.info\/de\/horgerate\/extras\/horgeratebatterien\/\" \/>\n<meta property=\"og:site_name\" content=\"Bontech\" \/>\n<meta property=\"article:modified_time\" content=\"2022-03-17T21:45:25+00:00\" \/>\n<meta property=\"og:image\" content=\"https:\/\/bontech.info\/wp-content\/uploads\/2021\/10\/Baterije-za-slusne-aparate-Bontech.jpg\" \/>\n\t<meta property=\"og:image:width\" content=\"1200\" \/>\n\t<meta property=\"og:image:height\" content=\"683\" \/>\n\t<meta property=\"og:image:type\" content=\"image\/jpeg\" \/>\n<meta name=\"twitter:card\" content=\"summary_large_image\" \/>\n<meta name=\"twitter:label1\" content=\"Gesch\u00e4tzte Lesezeit\" \/>\n\t<meta name=\"twitter:data1\" content=\"3\u00a0Minuten\" \/>\n<script type=\"application\/ld+json\" class=\"yoast-schema-graph\">{\"@context\":\"https:\/\/schema.org\",\"@graph\":[{\"@type\":\"WebSite\",\"@id\":\"https:\/\/bontech.info\/#website\",\"url\":\"https:\/\/bontech.info\/\",\"name\":\"Bontech\",\"description\":\"\",\"potentialAction\":[{\"@type\":\"SearchAction\",\"target\":{\"@type\":\"EntryPoint\",\"urlTemplate\":\"https:\/\/bontech.info\/?s={search_term_string}\"},\"query-input\":\"required name=search_term_string\"}],\"inLanguage\":\"de\"},{\"@type\":\"ImageObject\",\"@id\":\"https:\/\/bontech.info\/de\/horgerate\/extras\/horgeratebatterien\/#primaryimage\",\"inLanguage\":\"de\",\"url\":\"https:\/\/bontech.info\/wp-content\/uploads\/2021\/10\/Baterije-za-slusne-aparate-Bontech.jpg\",\"contentUrl\":\"https:\/\/bontech.info\/wp-content\/uploads\/2021\/10\/Baterije-za-slusne-aparate-Bontech.jpg\",\"width\":1200,\"height\":683},{\"@type\":\"WebPage\",\"@id\":\"https:\/\/bontech.info\/de\/horgerate\/extras\/horgeratebatterien\/#webpage\",\"url\":\"https:\/\/bontech.info\/de\/horgerate\/extras\/horgeratebatterien\/\",\"name\":\"Baterije za Slu\\u0161ne Aparate - Bontech\",\"isPartOf\":{\"@id\":\"https:\/\/bontech.info\/#website\"},\"primaryImageOfPage\":{\"@id\":\"https:\/\/bontech.info\/de\/horgerate\/extras\/horgeratebatterien\/#primaryimage\"},\"datePublished\":\"2021-09-15T11:52:41+00:00\",\"dateModified\":\"2022-03-17T21:45:25+00:00\",\"breadcrumb\":{\"@id\":\"https:\/\/bontech.info\/de\/horgerate\/extras\/horgeratebatterien\/#breadcrumb\"},\"inLanguage\":\"de\",\"potentialAction\":[{\"@type\":\"ReadAction\",\"target\":[\"https:\/\/bontech.info\/de\/horgerate\/extras\/horgeratebatterien\/\"]}]},{\"@type\":\"BreadcrumbList\",\"@id\":\"https:\/\/bontech.info\/de\/horgerate\/extras\/horgeratebatterien\/#breadcrumb\",\"itemListElement\":[{\"@type\":\"ListItem\",\"position\":1,\"name\":\"Po\\u010detna stranica\",\"item\":\"https:\/\/bontech.info\/de\/\"},{\"@type\":\"ListItem\",\"position\":2,\"name\":\"H\\u00f6rger\\u00e4te\",\"item\":\"https:\/\/bontech.info\/de\/horgerate\/\"},{\"@type\":\"ListItem\",\"position\":3,\"name\":\"Extras\",\"item\":\"https:\/\/bontech.info\/de\/horgerate\/extras\/\"},{\"@type\":\"ListItem\",\"position\":4,\"name\":\"H\\u00d6RGER\\u00c4TEBATTERIEN\"}]}]}<\/script>\n<!-- \/ Yoast SEO plugin. -->","yoast_head_json":{"title":"Baterije za Slu\u0161ne Aparate - Bontech","robots":{"index":"noindex","follow":"follow","max-snippet":"max-snippet:-1","max-image-preview":"max-image-preview:large","max-video-preview":"max-video-preview:-1"},"og_locale":"de_DE","og_type":"article","og_title":"Baterije za Slu\u0161ne Aparate - Bontech","og_url":"https:\/\/bontech.info\/de\/horgerate\/extras\/horgeratebatterien\/","og_site_name":"Bontech","article_modified_time":"2022-03-17T21:45:25+00:00","og_image":[{"width":1200,"height":683,"url":"https:\/\/bontech.info\/wp-content\/uploads\/2021\/10\/Baterije-za-slusne-aparate-Bontech.jpg","type":"image\/jpeg"}],"twitter_card":"summary_large_image","twitter_misc":{"Gesch\u00e4tzte Lesezeit":"3\u00a0Minuten"},"schema":{"@context":"https:\/\/schema.org","@graph":[{"@type":"WebSite","@id":"https:\/\/bontech.info\/#website","url":"https:\/\/bontech.info\/","name":"Bontech","description":"","potentialAction":[{"@type":"SearchAction","target":{"@type":"EntryPoint","urlTemplate":"https:\/\/bontech.info\/?s={search_term_string}"},"query-input":"required name=search_term_string"}],"inLanguage":"de"},{"@type":"ImageObject","@id":"https:\/\/bontech.info\/de\/horgerate\/extras\/horgeratebatterien\/#primaryimage","inLanguage":"de","url":"https:\/\/bontech.info\/wp-content\/uploads\/2021\/10\/Baterije-za-slusne-aparate-Bontech.jpg","contentUrl":"https:\/\/bontech.info\/wp-content\/uploads\/2021\/10\/Baterije-za-slusne-aparate-Bontech.jpg","width":1200,"height":683},{"@type":"WebPage","@id":"https:\/\/bontech.info\/de\/horgerate\/extras\/horgeratebatterien\/#webpage","url":"https:\/\/bontech.info\/de\/horgerate\/extras\/horgeratebatterien\/","name":"Baterije za Slu\u0161ne Aparate - Bontech","isPartOf":{"@id":"https:\/\/bontech.info\/#website"},"primaryImageOfPage":{"@id":"https:\/\/bontech.info\/de\/horgerate\/extras\/horgeratebatterien\/#primaryimage"},"datePublished":"2021-09-15T11:52:41+00:00","dateModified":"2022-03-17T21:45:25+00:00","breadcrumb":{"@id":"https:\/\/bontech.info\/de\/horgerate\/extras\/horgeratebatterien\/#breadcrumb"},"inLanguage":"de","potentialAction":[{"@type":"ReadAction","target":["https:\/\/bontech.info\/de\/horgerate\/extras\/horgeratebatterien\/"]}]},{"@type":"BreadcrumbList","@id":"https:\/\/bontech.info\/de\/horgerate\/extras\/horgeratebatterien\/#breadcrumb","itemListElement":[{"@type":"ListItem","position":1,"name":"Po\u010detna stranica","item":"https:\/\/bontech.info\/de\/"},{"@type":"ListItem","position":2,"name":"H\u00f6rger\u00e4te","item":"https:\/\/bontech.info\/de\/horgerate\/"},{"@type":"ListItem","position":3,"name":"Extras","item":"https:\/\/bontech.info\/de\/horgerate\/extras\/"},{"@type":"ListItem","position":4,"name":"H\u00d6RGER\u00c4TEBATTERIEN"}]}]}},"_links":{"self":[{"href":"https:\/\/bontech.info\/de\/wp-json\/wp\/v2\/pages\/10031"}],"collection":[{"href":"https:\/\/bontech.info\/de\/wp-json\/wp\/v2\/pages"}],"about":[{"href":"https:\/\/bontech.info\/de\/wp-json\/wp\/v2\/types\/page"}],"author":[{"embeddable":true,"href":"https:\/\/bontech.info\/de\/wp-json\/wp\/v2\/users\/1"}],"replies":[{"embeddable":true,"href":"https:\/\/bontech.info\/de\/wp-json\/wp\/v2\/comments?post=10031"}],"version-history":[{"count":3,"href":"https:\/\/bontech.info\/de\/wp-json\/wp\/v2\/pages\/10031\/revisions"}],"predecessor-version":[{"id":10228,"href":"https:\/\/bontech.info\/de\/wp-json\/wp\/v2\/pages\/10031\/revisions\/10228"}],"up":[{"embeddable":true,"href":"https:\/\/bontech.info\/de\/wp-json\/wp\/v2\/pages\/10024"}],"wp:featuredmedia":[{"embeddable":true,"href":"https:\/\/bontech.info\/de\/wp-json\/wp\/v2\/media\/9809"}],"wp:attachment":[{"href":"https:\/\/bontech.info\/de\/wp-json\/wp\/v2\/media?parent=10031"}],"curies":[{"name":"wp","href":"https:\/\/api.w.org\/{rel}","templated":true}]}}