{"id":10057,"date":"2021-10-12T09:36:47","date_gmt":"2021-10-12T07:36:47","guid":{"rendered":"https:\/\/bontech.info\/slusni-aparati\/styles\/zausna-slusna-pomagala\/"},"modified":"2022-03-18T09:35:28","modified_gmt":"2022-03-18T08:35:28","slug":"ohr-horgerate","status":"publish","type":"page","link":"https:\/\/bontech.info\/de\/horgerate\/typen\/ohr-horgerate\/","title":{"rendered":"Ohr-H\u00f6rger\u00e4te"},"content":{"rendered":"<section class=\"l-section wpb_row height_auto color_primary with_slider\"><div class=\"l-section-slider\"><div class=\"w-slider style_none fit_cover\"><div class=\"w-slider-h\"><div class=\"royalSlider\"><div class=\"rsContent\"><a class=\"rsImg\" data-rsw=\"1200\" data-rsh=\"500\" href=\"https:\/\/bontech.info\/wp-content\/uploads\/2021\/10\/Pedijatrijska-slusna-pomagala-pozadina-Bontech.jpg\"><span data-alt=\"\"><\/span><\/a><\/div><\/div><img src=\"https:\/\/bontech.info\/wp-content\/uploads\/2021\/10\/Pedijatrijska-slusna-pomagala-pozadina-Bontech.jpg\" width=\"1200\" height=\"500\" alt loading=\"lazy\"><\/div><div class=\"w-slider-json\" onclick='return {&quot;loop&quot;:true,&quot;fadeInLoadedSlide&quot;:false,&quot;slidesSpacing&quot;:0,&quot;imageScalePadding&quot;:0,&quot;numImagesToPreload&quot;:2,&quot;arrowsNav&quot;:false,&quot;arrowsNavAutoHide&quot;:false,&quot;transitionType&quot;:&quot;move&quot;,&quot;transitionSpeed&quot;:800,&quot;block&quot;:{&quot;moveEffect&quot;:&quot;none&quot;,&quot;speed&quot;:300},&quot;controlNavigation&quot;:&quot;none&quot;,&quot;autoplay&quot;:{&quot;enabled&quot;:true,&quot;pauseOnHover&quot;:false,&quot;delay&quot;:3000},&quot;imageScaleMode&quot;:&quot;fill&quot;,&quot;autoScaleSlider&quot;:true,&quot;autoScaleSliderWidth&quot;:1200,&quot;autoScaleSliderHeight&quot;:500,&quot;fitInViewport&quot;:false}'><\/div><\/div><\/div><div class=\"l-section-overlay\" style=\"background:rgba(20,20,20,0.62)\"><\/div><div class=\"l-section-h i-cf\"><div class=\"g-cols via_flex valign_top type_default\"><div class=\"vc_col-sm-12 wpb_column vc_column_container\"><div class=\"vc_column-inner us_custom_0d54facf\"><div class=\"wpb_wrapper\"><h1 class=\"w-text us_custom_41579c5f\"><span class=\"w-text-h\"><span class=\"w-text-value\">OHR-H\u00d6RGER\u00c4T<\/span><\/span><\/h1><ol class=\"g-breadcrumbs us_custom_ea2be81a separator_icon align_center\" itemscope itemtype=\"http:\/\/schema.org\/BreadcrumbList\"><li class=\"g-breadcrumbs-item\" itemscope itemprop=\"itemListElement\" itemtype=\"http:\/\/schema.org\/ListItem\"><a itemprop=\"item\" href=\"https:\/\/bontech.info\/de\/\"><span itemprop=\"name\">Start<\/span><\/a><meta itemprop=\"position\" content=\"1\"\/><\/li><li class=\"g-breadcrumbs-separator\"><i class=\"far fa-angle-right\"><\/i><\/li><li class=\"g-breadcrumbs-item\">Seiten<\/li><\/ol><\/div><\/div><\/div><\/div><\/div><\/section><section class=\"l-section wpb_row height_custom\"><div class=\"l-section-h i-cf\"><div class=\"g-cols via_flex valign_middle type_default\"><div class=\"vc_col-sm-12 wpb_column vc_column_container\"><div class=\"vc_column-inner\"><div class=\"wpb_wrapper\"><div class=\"wpb_text_column\"><div class=\"wpb_wrapper\"><p style=\"text-align: center;\">Stark und flexibel, f\u00fcr gro\u00dfe und kleine H\u00f6rschw\u00e4chen &#8211; Ohr-H\u00f6rger\u00e4te oder eng. Hinter-dem-Ohr-H\u00f6rger\u00e4te (HdO) sind in einem Kunststoffgeh\u00e4use untergebracht, das hinter dem Ohr platziert wird und das wir umgangssprachlich als &#8222;H\u00f6rger\u00e4t&#8220; bezeichnen.<\/p>\n<p style=\"text-align: center;\">Es enth\u00e4lt alle notwendigen Komponenten, aber wir m\u00fcssen den Schall immer noch an das Ohr weiterleiten, daher sind die Teile, die den Schall zum Geh\u00f6rgang transportieren, weiterhin erforderlich. Dieses Zubeh\u00f6r besteht aus einem Ohrhaken, einem Schlauch und einem anatomisch geformten Einsatz, der in den Geh\u00f6rgang eingesetzt wird. Bei einigen HdO-Modellen ist es m\u00f6glich, einen d\u00fcnnen Schlauch (Thin Tube) aufzusetzen, der mit einer weichen Silikonkappe versehen ist.<\/p>\n<\/div><\/div><\/div><\/div><\/div><\/div><\/div><\/section><section class=\"l-section wpb_row height_auto width_full\"><div class=\"l-section-h i-cf\"><div class=\"g-cols via_flex valign_middle type_boxes\"><div class=\"vc_col-sm-6 wpb_column vc_column_container has_bg_color\"><div class=\"vc_column-inner us_custom_c7d02f45\"><div class=\"wpb_wrapper\"><div class=\"wpb_text_column\"><div class=\"wpb_wrapper\"><h2><span style=\"color: #ffffff;\">Leistung und Eignung<br \/>\n<\/span><\/h2>\n<p><span style=\"color: #ffffff;\">HdO-Ger\u00e4te werden in verschiedenen Formen, Gr\u00f6\u00dfen und Farben hergestellt und verf\u00fcgen in der Regel \u00fcber Tasten, mit denen der Benutzer den Betrieb des Ger\u00e4ts steuern kann.<br \/>\n<\/span><\/p>\n<p><span style=\"color: #ffffff;\">Sie sind in folgenden Varianten erh\u00e4ltlich: miniBTE, BTE, BTE P, BTE SP und BTE UP. Sie sind f\u00fcr leichte bis schwere H\u00f6rverluste geeignet.<br \/>\n<\/span><\/p>\n<p><span style=\"color: #ffffff;\">Die Version mit d\u00fcnnem Schlauch ist f\u00fcr das Ohr weniger sichtbar und eignet sich f\u00fcr eine gro\u00dfe Anzahl von Nutzern, weshalb diese L\u00f6sung sehr beliebt ist. Sie ist f\u00fcr leichte bis mittlere H\u00f6rverluste geeignet.<br \/>\n<\/span><\/p>\n<\/div><\/div><\/div><\/div><\/div><div class=\"vc_col-sm-6 wpb_column vc_column_container has_bg_color\"><div class=\"vc_column-inner us_custom_c02e9bc8\"><div class=\"wpb_wrapper\"><div class=\"w-separator size_custom\" style=\"height:200px\"><\/div><\/div><\/div><\/div><\/div><\/div><\/section><section class=\"l-section wpb_row height_custom\"><div class=\"l-section-h i-cf\"><div class=\"g-cols via_flex valign_middle type_default\"><div class=\"vc_col-sm-12 wpb_column vc_column_container\"><div class=\"vc_column-inner\"><div class=\"wpb_wrapper\"><div class=\"wpb_text_column us_custom_50cc7d67\"><div class=\"wpb_wrapper\"><h2 style=\"text-align: center;\"><span style=\"color: #00a4bc;\">Warum sollten Sie sich f\u00fcr ein H\u00f6rger\u00e4t entscheiden?<br \/>\n<\/span><\/h2>\n<\/div><\/div><div class=\"wpb_text_column\"><div class=\"wpb_wrapper\"><p style=\"text-align: center;\">Wenn Sie einen starken oder leichten H\u00f6rverlust haben und ein robustes und langlebiges Ger\u00e4t w\u00fcnschen, das einfach zu handhaben und zu warten ist, dann sind HdO-Ger\u00e4te die richtige L\u00f6sung f\u00fcr Sie! Mit einer breiten Palette von Ger\u00e4tegr\u00f6\u00dfen (je nach Grad der H\u00f6rsch\u00e4digung), kleineren oder gr\u00f6\u00dferen Batterien, anatomisch geformten pers\u00f6nlichen Eins\u00e4tzen aus Acryl oder weichen Materialien bis hin zu d\u00fcnnen Schl\u00e4uchen mit weichen Silikonkappen l\u00e4sst sich f\u00fcr jeden die richtige Kombination finden.<\/p>\n<\/div><\/div><\/div><\/div><\/div><\/div><\/div><\/section><section class=\"l-section wpb_row height_auto width_full\"><div class=\"l-section-h i-cf\"><div class=\"g-cols via_flex valign_middle type_boxes\"><div class=\"vc_col-sm-6 wpb_column vc_column_container has_bg_color\"><div class=\"vc_column-inner us_custom_dca18e98\"><div class=\"wpb_wrapper\"><div class=\"w-separator size_custom\" style=\"height:200px\"><\/div><\/div><\/div><\/div><div class=\"vc_col-sm-6 wpb_column vc_column_container has_bg_color\"><div class=\"vc_column-inner us_custom_c7d02f45\"><div class=\"wpb_wrapper\"><div class=\"wpb_text_column us_custom_c7d02f45\"><div class=\"wpb_wrapper\"><h2><span style=\"color: #ffffff;\">Vorteile<br \/>\n<\/span><\/h2>\n<p><span style=\"color: #ffffff;\">Ohr-H\u00f6rger\u00e4te sind ein h\u00e4ufig verwendetes Design, weil sie sich an eine Vielzahl von Nutzern anpassen lassen. Sie eignen sich f\u00fcr alle Grade der H\u00f6rminderung und erm\u00f6glichen eine gute Flexibilit\u00e4t, falls der Bedarf besteht (z. B. bei geringerer H\u00f6rminderung oder wenn das Ger\u00e4t auf das andere Ohr verlegt werden muss).<br \/>\n<\/span><\/p>\n<p><span style=\"color: #ffffff;\">Sie sind robust und langlebig, und die Option mit d\u00fcnnem Schlauch reduziert die Sichtbarkeit der Ger\u00e4te. Es werden gr\u00f6\u00dfere Batterien verwendet, die l\u00e4nger halten, und modernere Modelle verf\u00fcgen in der Regel \u00fcber Richtmikrofone und die M\u00f6glichkeit, sich drahtlos mit einem Smartphone oder einem TV-Adapter zu verbinden.<br \/>\n<\/span><\/p>\n<h2><span style=\"color: #ffffff;\">Nachteile<\/span><\/h2>\n<p><span style=\"color: #ffffff;\">Ohr-H\u00f6rger\u00e4te werden mit einem Teil im Ohr und mit dem anderen hinter dem Ohr platziert, was zu Beginn der Nutzung ein Problem darstellen kann. Das H\u00f6rger\u00e4t kann f\u00fcr andere Personen sichtbar sein, wenn der Nutzer kurze Haare hat, und es ist schwierig, den klassischen Verbindungsschlauch zu verstecken.<\/span><\/p>\n<\/div><\/div><\/div><\/div><\/div><\/div><\/div><\/section><section class=\"l-section wpb_row height_custom\"><div class=\"l-section-h i-cf\"><div class=\"g-cols via_flex valign_middle type_default\"><div class=\"vc_col-sm-12 wpb_column vc_column_container\"><div class=\"vc_column-inner\"><div class=\"wpb_wrapper\"><div class=\"wpb_text_column us_custom_8d5aa4e2\"><div class=\"wpb_wrapper\"><h2 style=\"text-align: center;\"><span style=\"color: #00a4bc;\">\u017delite isprobati zau\u0161na slu\u0161na pomagala?<\/span><\/h2>\n<\/div><\/div><div class=\"wpb_text_column\"><div class=\"wpb_wrapper\"><p style=\"text-align: center;\">Odaberite jednu od \u010dak 27 poslovnica te ispunite Va\u0161e kontakt podatke ili nas nazovite na besplatan broj <a href=\"tel:08004466\">0800 44 66<\/a><\/p>\n<\/div><\/div><div class=\"g-cols wpb_row us_custom_72fc42ef via_flex valign_top type_default\"><div class=\"vc_col-sm-6 wpb_column vc_column_container\"><div class=\"vc_column-inner\"><div class=\"wpb_wrapper\"><div class=\"w-image align_center\"><div class=\"w-image-h\"><img width=\"1024\" height=\"1024\" src=\"https:\/\/bontech.info\/wp-content\/uploads\/2021\/10\/Bontech-lokacije-poslovnica-2.png\" class=\"attachment-large size-large\" alt=\"\" loading=\"lazy\" srcset=\"https:\/\/bontech.info\/wp-content\/uploads\/2021\/10\/Bontech-lokacije-poslovnica-2.png 1024w, https:\/\/bontech.info\/wp-content\/uploads\/2021\/10\/Bontech-lokacije-poslovnica-2-300x300.png 300w, https:\/\/bontech.info\/wp-content\/uploads\/2021\/10\/Bontech-lokacije-poslovnica-2-150x150.png 150w\" sizes=\"(max-width: 1024px) 100vw, 1024px\" \/><\/div><\/div><\/div><\/div><\/div><div class=\"vc_col-sm-6 wpb_column vc_column_container\"><div class=\"vc_column-inner\"><div class=\"wpb_wrapper\"><div role=\"form\" class=\"wpcf7\" id=\"wpcf7-f7969-o1\" lang=\"hr\" dir=\"ltr\">\n<div class=\"screen-reader-response\"><p role=\"status\" aria-live=\"polite\" aria-atomic=\"true\"><\/p> <ul><\/ul><\/div>\n<form action=\"\/de\/wp-json\/wp\/v2\/pages\/10057#wpcf7-f7969-o1\" method=\"post\" class=\"wpcf7-form init\" novalidate=\"novalidate\" data-status=\"init\">\n<div style=\"display: none;\">\n<input type=\"hidden\" name=\"_wpcf7\" value=\"7969\" \/>\n<input type=\"hidden\" name=\"_wpcf7_version\" value=\"5.4.2\" \/>\n<input type=\"hidden\" name=\"_wpcf7_locale\" value=\"hr\" \/>\n<input type=\"hidden\" name=\"_wpcf7_unit_tag\" value=\"wpcf7-f7969-o1\" \/>\n<input type=\"hidden\" name=\"_wpcf7_container_post\" value=\"0\" \/>\n<input type=\"hidden\" name=\"_wpcf7_posted_data_hash\" value=\"\" \/>\n<\/div>\n<p><label> Select your area<br \/>\n    <span class=\"wpcf7-form-control-wrap menu-85\"><select name=\"menu-85\" class=\"wpcf7-form-control wpcf7-select wpcf7-validates-as-required\" aria-required=\"true\" aria-invalid=\"false\"><option value=\"Zagreb\">Zagreb<\/option><option value=\"Split\">Split<\/option><option value=\"Rijeka\">Rijeka<\/option><option value=\"Osijek\">Osijek<\/option><option value=\"Zabok\">Zabok<\/option><option value=\"Sisak\">Sisak<\/option><option value=\"Karlovac\">Karlovac<\/option><option value=\"Vara\u017edin\">Vara\u017edin<\/option><option value=\"Bjelovar\">Bjelovar<\/option><option value=\"\u010cakovec\">\u010cakovec<\/option><option value=\"Koprivnica\">Koprivnica<\/option><option value=\"Ogulin\">Ogulin<\/option><option value=\"Pakrac\">Pakrac<\/option><option value=\"Virovitica\">Virovitica<\/option><option value=\"Nova Gradi\u0161ka\">Nova Gradi\u0161ka<\/option><option value=\"Gospi\u0107\">Gospi\u0107<\/option><option value=\"Na\u0161ice\">Na\u0161ice<\/option><option value=\"Slavonski Brod\">Slavonski Brod<\/option><option value=\"Pula\">Pula<\/option><option value=\"Zadar\">Zadar<\/option><option value=\"Vinkovci\">Vinkovci<\/option><option value=\"\u0160ibenik\">\u0160ibenik<\/option><option value=\"Vukovar\">Vukovar<\/option><option value=\"Dubrovnik\">Dubrovnik<\/option><\/select><\/span> <\/label><\/p>\n<p><label> Name<br \/>\n    <span class=\"wpcf7-form-control-wrap your-name\"><input type=\"text\" name=\"your-name\" value=\"\" size=\"40\" class=\"wpcf7-form-control wpcf7-text wpcf7-validates-as-required\" aria-required=\"true\" aria-invalid=\"false\" \/><\/span> <\/label><\/p>\n<p><label> E-Mail<br \/>\n    <span class=\"wpcf7-form-control-wrap your-email\"><input type=\"email\" name=\"your-email\" value=\"\" size=\"40\" class=\"wpcf7-form-control wpcf7-text wpcf7-email wpcf7-validates-as-required wpcf7-validates-as-email\" aria-required=\"true\" aria-invalid=\"false\" \/><\/span> <\/label><\/p>\n<p><label> Contact number<br \/>\n    <span class=\"wpcf7-form-control-wrap tel-660\"><input type=\"tel\" name=\"tel-660\" value=\"\" size=\"40\" class=\"wpcf7-form-control wpcf7-text wpcf7-tel wpcf7-validates-as-required wpcf7-validates-as-tel\" aria-required=\"true\" aria-invalid=\"false\" \/><\/span> <\/label><\/p>\n<p><span class=\"wpcf7-form-control-wrap kc_captcha\"><span class=\"wpcf7-form-control wpcf7-radio\"> \n    <span class=\"captcha-image\" >\n        <span class=\"cf7ic_instructions\">Bitte beweise, dass du kein Spambot bist und w\u00e4hle das Symbol<span> Herz<\/span> aus.<\/span><label><input type=\"radio\" name=\"kc_captcha\" value=\"kc_human\" \/><svg width=\"50\" height=\"50\" aria-hidden=\"true\" role=\"img\" xmlns=\"https:\/\/www.w3.org\/2000\/svg\" viewBox=\"0 0 576 512\"><path fill=\"currentColor\" d=\"M415 24c-53 0-103 42-127 65-24-23-74-65-127-65C70 24 16 77 16 166c0 72 67 133 69 135l187 181c9 8 23 8 32 0l187-180c2-3 69-64 69-136 0-89-54-142-145-142z\"\/><\/svg><\/label><label><input type=\"radio\" name=\"kc_captcha\" value=\"bot\" \/><svg width=\"50\" height=\"50\" aria-hidden=\"true\" role=\"img\" xmlns=\"https:\/\/www.w3.org\/2000\/svg\" viewBox=\"0 0 512 512\"><path fill=\"currentColor\" d=\"M350 99c-54 0-98-35-166-35-25 0-47 4-68 12a56 56 0 004-24C118 24 95 1 66 0a56 56 0 00-34 102v386c0 13 11 24 24 24h16c13 0 24-11 24-24v-94c28-12 64-23 114-23 54 0 98 35 166 35 48 0 86-16 122-41 9-6 14-15 14-26V96c0-23-24-39-45-29-35 16-77 32-117 32z\"\/><\/svg><\/label><label><input type=\"radio\" name=\"kc_captcha\" value=\"bot\" \/><svg width=\"50\" height=\"50\" aria-hidden=\"true\" role=\"img\" xmlns=\"https:\/\/www.w3.org\/2000\/svg\" viewBox=\"0 0 384 512\"><path fill=\"currentColor\" d=\"M377 375l-83-87h34c21 0 32-25 17-40l-82-88h33c21 0 32-25 18-40L210 8c-10-11-26-11-36 0L70 120c-14 15-3 40 18 40h33l-82 88c-15 15-4 40 17 40h34L7 375c-15 16-4 41 17 41h120c0 33-11 49-34 68-12 9-5 28 10 28h144c15 0 22-19 10-28-20-16-34-32-34-68h120c21 0 32-25 17-41z\"\/><\/svg><\/label>\n    <\/span>\n    <span style=\"display:none\">\n        <input type=\"text\" name=\"kc_honeypot\">\n    <\/span><\/span><\/span><\/p>\n<p><label> <span class=\"wpcf7-form-control-wrap acceptance-417\"><span class=\"wpcf7-form-control wpcf7-acceptance\"><span class=\"wpcf7-list-item\"><label><input type=\"checkbox\" name=\"acceptance-417\" value=\"1\" aria-invalid=\"false\" \/><span class=\"wpcf7-list-item-label\">I agree<\/span><\/label><\/span><\/span><\/span><br \/>\n<SPAN STYLE=\"font-size: 8pt;font-style: italic;line-height: 8pt;\">I agree to my data being stored, and occasionally used for the purpose of sending newsletters and other promotional emails. I understand that at my own request, I can unsubscribe from the e-mail list at any time, request access to my data, and, if I wish, edit or permanently remove it from your database.<\/span><br \/>\n<\/label><\/p>\n<p><input type=\"submit\" value=\"Submit\" class=\"wpcf7-form-control wpcf7-submit\" \/><\/p>\n<div class=\"wpcf7-response-output\" aria-hidden=\"true\"><\/div><\/form><\/div><\/div><\/div><\/div><\/div><\/div><\/div><\/div><\/div><\/div><\/section>\n","protected":false},"excerpt":{"rendered":"OHR-H\u00d6RGER\u00c4TStartSeitenStark und flexibel, f\u00fcr gro\u00dfe und kleine H\u00f6rschw\u00e4chen &#8211; Ohr-H\u00f6rger\u00e4te oder eng. Hinter-dem-Ohr-H\u00f6rger\u00e4te (HdO) sind in einem Kunststoffgeh\u00e4use untergebracht, das hinter dem Ohr platziert wird und das wir umgangssprachlich als &#8222;H\u00f6rger\u00e4t&#8220; bezeichnen. Es enth\u00e4lt alle notwendigen Komponenten, aber wir m\u00fcssen den Schall immer noch an das Ohr weiterleiten, daher sind die Teile, die den Schall...","protected":false},"author":1,"featured_media":0,"parent":10011,"menu_order":0,"comment_status":"closed","ping_status":"closed","template":"","meta":[],"yoast_head":"<!-- This site is optimized with the Yoast SEO plugin v17.9 - https:\/\/yoast.com\/wordpress\/plugins\/seo\/ -->\n<title>Ohr-H\u00f6rger\u00e4te - Bontech<\/title>\n<meta name=\"robots\" content=\"noindex, follow, max-snippet:-1, max-image-preview:large, max-video-preview:-1\" \/>\n<meta property=\"og:locale\" content=\"de_DE\" \/>\n<meta property=\"og:type\" content=\"article\" \/>\n<meta property=\"og:title\" content=\"Ohr-H\u00f6rger\u00e4te - Bontech\" \/>\n<meta property=\"og:url\" content=\"https:\/\/bontech.info\/de\/horgerate\/typen\/ohr-horgerate\/\" \/>\n<meta property=\"og:site_name\" content=\"Bontech\" \/>\n<meta property=\"article:modified_time\" content=\"2022-03-18T08:35:28+00:00\" \/>\n<meta name=\"twitter:card\" content=\"summary_large_image\" \/>\n<meta name=\"twitter:label1\" content=\"Gesch\u00e4tzte Lesezeit\" \/>\n\t<meta name=\"twitter:data1\" content=\"3\u00a0Minuten\" \/>\n<script type=\"application\/ld+json\" class=\"yoast-schema-graph\">{\"@context\":\"https:\/\/schema.org\",\"@graph\":[{\"@type\":\"WebSite\",\"@id\":\"https:\/\/bontech.info\/#website\",\"url\":\"https:\/\/bontech.info\/\",\"name\":\"Bontech\",\"description\":\"\",\"potentialAction\":[{\"@type\":\"SearchAction\",\"target\":{\"@type\":\"EntryPoint\",\"urlTemplate\":\"https:\/\/bontech.info\/?s={search_term_string}\"},\"query-input\":\"required name=search_term_string\"}],\"inLanguage\":\"de\"},{\"@type\":\"WebPage\",\"@id\":\"https:\/\/bontech.info\/de\/horgerate\/typen\/ohr-horgerate\/#webpage\",\"url\":\"https:\/\/bontech.info\/de\/horgerate\/typen\/ohr-horgerate\/\",\"name\":\"Ohr-H\\u00f6rger\\u00e4te - Bontech\",\"isPartOf\":{\"@id\":\"https:\/\/bontech.info\/#website\"},\"datePublished\":\"2021-10-12T07:36:47+00:00\",\"dateModified\":\"2022-03-18T08:35:28+00:00\",\"breadcrumb\":{\"@id\":\"https:\/\/bontech.info\/de\/horgerate\/typen\/ohr-horgerate\/#breadcrumb\"},\"inLanguage\":\"de\",\"potentialAction\":[{\"@type\":\"ReadAction\",\"target\":[\"https:\/\/bontech.info\/de\/horgerate\/typen\/ohr-horgerate\/\"]}]},{\"@type\":\"BreadcrumbList\",\"@id\":\"https:\/\/bontech.info\/de\/horgerate\/typen\/ohr-horgerate\/#breadcrumb\",\"itemListElement\":[{\"@type\":\"ListItem\",\"position\":1,\"name\":\"Po\\u010detna stranica\",\"item\":\"https:\/\/bontech.info\/de\/\"},{\"@type\":\"ListItem\",\"position\":2,\"name\":\"H\\u00f6rger\\u00e4te\",\"item\":\"https:\/\/bontech.info\/de\/horgerate\/\"},{\"@type\":\"ListItem\",\"position\":3,\"name\":\"Typen\",\"item\":\"https:\/\/bontech.info\/de\/horgerate\/typen\/\"},{\"@type\":\"ListItem\",\"position\":4,\"name\":\"Ohr-H\\u00f6rger\\u00e4te\"}]}]}<\/script>\n<!-- \/ Yoast SEO plugin. -->","yoast_head_json":{"title":"Ohr-H\u00f6rger\u00e4te - Bontech","robots":{"index":"noindex","follow":"follow","max-snippet":"max-snippet:-1","max-image-preview":"max-image-preview:large","max-video-preview":"max-video-preview:-1"},"og_locale":"de_DE","og_type":"article","og_title":"Ohr-H\u00f6rger\u00e4te - Bontech","og_url":"https:\/\/bontech.info\/de\/horgerate\/typen\/ohr-horgerate\/","og_site_name":"Bontech","article_modified_time":"2022-03-18T08:35:28+00:00","twitter_card":"summary_large_image","twitter_misc":{"Gesch\u00e4tzte Lesezeit":"3\u00a0Minuten"},"schema":{"@context":"https:\/\/schema.org","@graph":[{"@type":"WebSite","@id":"https:\/\/bontech.info\/#website","url":"https:\/\/bontech.info\/","name":"Bontech","description":"","potentialAction":[{"@type":"SearchAction","target":{"@type":"EntryPoint","urlTemplate":"https:\/\/bontech.info\/?s={search_term_string}"},"query-input":"required name=search_term_string"}],"inLanguage":"de"},{"@type":"WebPage","@id":"https:\/\/bontech.info\/de\/horgerate\/typen\/ohr-horgerate\/#webpage","url":"https:\/\/bontech.info\/de\/horgerate\/typen\/ohr-horgerate\/","name":"Ohr-H\u00f6rger\u00e4te - Bontech","isPartOf":{"@id":"https:\/\/bontech.info\/#website"},"datePublished":"2021-10-12T07:36:47+00:00","dateModified":"2022-03-18T08:35:28+00:00","breadcrumb":{"@id":"https:\/\/bontech.info\/de\/horgerate\/typen\/ohr-horgerate\/#breadcrumb"},"inLanguage":"de","potentialAction":[{"@type":"ReadAction","target":["https:\/\/bontech.info\/de\/horgerate\/typen\/ohr-horgerate\/"]}]},{"@type":"BreadcrumbList","@id":"https:\/\/bontech.info\/de\/horgerate\/typen\/ohr-horgerate\/#breadcrumb","itemListElement":[{"@type":"ListItem","position":1,"name":"Po\u010detna stranica","item":"https:\/\/bontech.info\/de\/"},{"@type":"ListItem","position":2,"name":"H\u00f6rger\u00e4te","item":"https:\/\/bontech.info\/de\/horgerate\/"},{"@type":"ListItem","position":3,"name":"Typen","item":"https:\/\/bontech.info\/de\/horgerate\/typen\/"},{"@type":"ListItem","position":4,"name":"Ohr-H\u00f6rger\u00e4te"}]}]}},"_links":{"self":[{"href":"https:\/\/bontech.info\/de\/wp-json\/wp\/v2\/pages\/10057"}],"collection":[{"href":"https:\/\/bontech.info\/de\/wp-json\/wp\/v2\/pages"}],"about":[{"href":"https:\/\/bontech.info\/de\/wp-json\/wp\/v2\/types\/page"}],"author":[{"embeddable":true,"href":"https:\/\/bontech.info\/de\/wp-json\/wp\/v2\/users\/1"}],"replies":[{"embeddable":true,"href":"https:\/\/bontech.info\/de\/wp-json\/wp\/v2\/comments?post=10057"}],"version-history":[{"count":3,"href":"https:\/\/bontech.info\/de\/wp-json\/wp\/v2\/pages\/10057\/revisions"}],"predecessor-version":[{"id":10243,"href":"https:\/\/bontech.info\/de\/wp-json\/wp\/v2\/pages\/10057\/revisions\/10243"}],"up":[{"embeddable":true,"href":"https:\/\/bontech.info\/de\/wp-json\/wp\/v2\/pages\/10011"}],"wp:attachment":[{"href":"https:\/\/bontech.info\/de\/wp-json\/wp\/v2\/media?parent=10057"}],"curies":[{"name":"wp","href":"https:\/\/api.w.org\/{rel}","templated":true}]}}