{"id":10098,"date":"2021-10-13T09:53:02","date_gmt":"2021-10-13T07:53:02","guid":{"rendered":"https:\/\/bontech.info\/dijabeticki-asortiman\/"},"modified":"2022-05-18T11:59:04","modified_gmt":"2022-05-18T09:59:04","slug":"diabetikersortiment","status":"publish","type":"page","link":"https:\/\/bontech.info\/de\/diabetikersortiment\/","title":{"rendered":"Diabetikersortiment"},"content":{"rendered":"<section class=\"l-section wpb_row height_auto color_primary with_slider\"><div class=\"l-section-slider\"><div class=\"w-slider style_none fit_cover\"><div class=\"w-slider-h\"><div class=\"royalSlider\"><div class=\"rsContent\"><a class=\"rsImg\" data-rsw=\"800\" data-rsh=\"800\" href=\"https:\/\/bontech.info\/wp-content\/uploads\/2021\/10\/easy-to-see-trends-1.jpg\"><span data-alt=\"\"><\/span><\/a><\/div><\/div><img src=\"https:\/\/bontech.info\/wp-content\/uploads\/2021\/10\/easy-to-see-trends-1.jpg\" width=\"800\" height=\"800\" alt loading=\"lazy\"><\/div><div class=\"w-slider-json\" onclick='return {&quot;loop&quot;:true,&quot;fadeInLoadedSlide&quot;:false,&quot;slidesSpacing&quot;:0,&quot;imageScalePadding&quot;:0,&quot;numImagesToPreload&quot;:2,&quot;arrowsNav&quot;:false,&quot;arrowsNavAutoHide&quot;:false,&quot;transitionType&quot;:&quot;move&quot;,&quot;transitionSpeed&quot;:800,&quot;block&quot;:{&quot;moveEffect&quot;:&quot;none&quot;,&quot;speed&quot;:300},&quot;controlNavigation&quot;:&quot;none&quot;,&quot;autoplay&quot;:{&quot;enabled&quot;:true,&quot;pauseOnHover&quot;:false,&quot;delay&quot;:3000},&quot;imageScaleMode&quot;:&quot;fill&quot;,&quot;autoScaleSlider&quot;:true,&quot;autoScaleSliderWidth&quot;:800,&quot;autoScaleSliderHeight&quot;:800,&quot;fitInViewport&quot;:false}'><\/div><\/div><\/div><div class=\"l-section-overlay\" style=\"background:rgba(20,20,20,0.62)\"><\/div><div class=\"l-section-h i-cf\"><div class=\"g-cols via_flex valign_top type_default\"><div class=\"vc_col-sm-12 wpb_column vc_column_container\"><div class=\"vc_column-inner us_custom_0d54facf\"><div class=\"wpb_wrapper\"><h1 class=\"w-text us_custom_41579c5f\"><span class=\"w-text-h\"><span class=\"w-text-value\">DIABETIKER-SORTIMENT<\/span><\/span><\/h1><ol class=\"g-breadcrumbs us_custom_ea2be81a separator_icon align_center\" itemscope itemtype=\"http:\/\/schema.org\/BreadcrumbList\"><li class=\"g-breadcrumbs-item\" itemscope itemprop=\"itemListElement\" itemtype=\"http:\/\/schema.org\/ListItem\"><a itemprop=\"item\" href=\"https:\/\/bontech.info\/de\/\"><span itemprop=\"name\">Start<\/span><\/a><meta itemprop=\"position\" content=\"1\"\/><\/li><li class=\"g-breadcrumbs-separator\"><i class=\"far fa-angle-right\"><\/i><\/li><li class=\"g-breadcrumbs-item\">Seiten<\/li><\/ol><\/div><\/div><\/div><\/div><\/div><\/section><section class=\"l-section wpb_row height_custom\"><div class=\"l-section-h i-cf\"><div class=\"g-cols via_flex valign_middle type_default\"><div class=\"vc_col-sm-12 wpb_column vc_column_container\"><div class=\"vc_column-inner\"><div class=\"wpb_wrapper\"><div class=\"wpb_text_column\"><div class=\"wpb_wrapper\"><p style=\"text-align: center;\">Um unseren Kunden den bestm\u00f6glichen Service an einem Ort zu bieten, finden Sie in allen Bontech-Filialen auch eine gro\u00dfe Auswahl an Diabetikersortimenten. Unser professionelles Personal ist bestens geschult und ber\u00e4t jeden Kunden gerne.<\/p>\n<\/div><\/div><\/div><\/div><\/div><\/div><\/div><\/section><section class=\"l-section wpb_row height_auto width_full\"><div class=\"l-section-h i-cf\"><div class=\"g-cols via_flex valign_middle type_boxes\"><div class=\"vc_col-sm-6 wpb_column vc_column_container has_bg_color\"><div class=\"vc_column-inner us_custom_65b831fa\"><div class=\"wpb_wrapper\"><div class=\"wpb_text_column\"><div class=\"wpb_wrapper\"><h3><span style=\"color: #83630c;\">Freestyle Libre<\/span><\/h3>\n<p><span style=\"color: #83630c;\">Das FreeStyle Libre Blutzuckermessger\u00e4t entlastet Patienten von den t\u00e4glichen Stichen, die zur Blutzuckermessung notwendig sind. Sie k\u00f6nnen ihren Blutzuckerspiegel einfach durch Scannen des FreeStyle Libre-Sensors \u00fcberpr\u00fcfen.<\/span><\/p>\n<h3><span style=\"color: #83630c;\">B\u00e4nder und Ketten<\/span><\/h3>\n<p><span style=\"color: #83630c;\">Sterile Lanzetten zur Blutentnahme aus dem Finger bei der Blutzuckerkontrolle sind aus feinem Edelstahl mit einer hochwertigen Nadelspitze f\u00fcr eine schmerzfreie Blutentnahme. Auswahl der besten Streifen f\u00fcr die Blutzuckermessung.<\/span><\/p>\n<h3><span style=\"color: #83630c;\">Insulin-Nadeln<\/span><\/h3>\n<p><span style=\"color: #83630c;\">Das spezielle Laserdesign der Insulinkan\u00fclen garantiert einen nahezu unmerklichen Stich und einen optimalen Insulinfluss. Sie sind mit allen g\u00e4ngigen Insulininjektionen kompatibel und in allen g\u00e4ngigen Gr\u00f6\u00dfen f\u00fcr Kinder und Erwachsene erh\u00e4ltlich.<\/span><\/p>\n<h3><span style=\"color: #83630c;\">Isothermische Beutel<\/span><\/h3>\n<p><span style=\"color: #83630c;\">Sie dienen zum Transport aller notwendigen diabetischen und medizinischen Artikel. Die Taschen sind vollst\u00e4ndig mit isothermischem Material ausgekleidet. Die vordere Tasche dient zur Aufbewahrung von Diagnoseger\u00e4ten, die hintere zur Aufbewahrung von K\u00e4ltegel und Insulinapplikatoren.<\/span><\/p>\n<\/div><\/div><\/div><\/div><\/div><div class=\"vc_col-sm-6 wpb_column vc_column_container has_bg_color\"><div class=\"vc_column-inner us_custom_814c259f\"><div class=\"wpb_wrapper\"><div class=\"w-separator size_custom\" style=\"height:200px\"><\/div><\/div><\/div><\/div><\/div><\/div><\/section><section class=\"l-section wpb_row height_auto width_full\"><div class=\"l-section-h i-cf\"><div class=\"g-cols via_flex valign_middle type_boxes\"><div class=\"vc_col-sm-6 wpb_column vc_column_container has_bg_color\"><div class=\"vc_column-inner us_custom_300feca8\"><div class=\"wpb_wrapper\"><div class=\"w-separator size_custom\" style=\"height:200px\"><\/div><\/div><\/div><\/div><div class=\"vc_col-sm-6 wpb_column vc_column_container has_bg_color\"><div class=\"vc_column-inner us_custom_65b831fa\"><div class=\"wpb_wrapper\"><div class=\"wpb_text_column us_custom_65b831fa\"><div class=\"wpb_wrapper\"><h3><span style=\"color: #83630c;\">Bluetooth-Leseger\u00e4te<\/span><\/h3>\n<p><span style=\"color: #83630c;\">Die Bluetooth-Leseger\u00e4te Bubble und Miaomiao 2 zur Verwendung mit den FreeStyle Libre\u00ae-Sensoren wurden f\u00fcr maximalen Benutzerkomfort entwickelt und erm\u00f6glichen das Ablesen der Glukosedaten alle 5 Minuten vom Sensor und das Senden dieser Daten an ein Mobiltelefon.<\/span><\/p>\n<h3><span style=\"color: #83630c;\">Sensorstreifen<\/span><\/h3>\n<p><span style=\"color: #83630c;\">Doppelseitig klebende B\u00e4nder zur Sicherung aller verf\u00fcgbaren Sensoren bei gr\u00f6\u00dferen Aktivit\u00e4ten, insbesondere f\u00fcr Kinder. Sie sind aus den hochwertigsten Materialien hergestellt, leicht und bequem in der Anwendung und &#8211; was am wichtigsten ist &#8211; sie st\u00f6ren nicht den Blutkreislauf und f\u00fchlen sich nicht am K\u00f6rper an.<\/span><\/p>\n<h3><span style=\"color: #83630c;\">Dekorative Aufkleber<\/span><\/h3>\n<p><span style=\"color: #83630c;\">Gro\u00dfe Auswahl an dekorativen Aufklebern f\u00fcr Ihr Freestyle Libre Leseger\u00e4t und Schutzpflaster f\u00fcr Sensoren. Die langlebigen und widerstandsf\u00e4higen Aufkleber sind wasserfest, bestehen zu 97% aus Baumwolle und zu 3% aus Nylon, verwenden hypoallergenen Klebstoff und sind in verschiedenen Farben und Mustern erh\u00e4ltlich.<\/span><\/p>\n<\/div><\/div><\/div><\/div><\/div><\/div><\/div><\/section><section class=\"l-section wpb_row height_custom\"><div class=\"l-section-h i-cf\"><div class=\"g-cols via_flex valign_middle type_default\"><div class=\"vc_col-sm-12 wpb_column vc_column_container\"><div class=\"vc_column-inner\"><div class=\"wpb_wrapper\"><div class=\"wpb_text_column us_custom_8d5aa4e2\"><div class=\"wpb_wrapper\"><h2 style=\"text-align: center;\"><span style=\"color: #83630c;\">Brauchen Sie eine Fachberatung?<\/span><\/h2>\n<\/div><\/div><div class=\"wpb_text_column\"><div class=\"wpb_wrapper\"><p style=\"text-align: center;\">Wehlen Sie zwischen seibenundzwanzigh ( 27 ) Otoakustikgesch\u00e4fte und einf\u00fchren Sie Ihre Dataien an oder anmelden sie Sich durch Konstenfreie Anrufnummer <a href=\"tel:08004466\">0800 44 66<\/a> an.<\/p>\n<\/div><\/div><div class=\"g-cols wpb_row us_custom_72fc42ef via_flex valign_top type_default\"><div class=\"vc_col-sm-6 wpb_column vc_column_container\"><div class=\"vc_column-inner\"><div class=\"wpb_wrapper\"><div class=\"w-image align_center\"><div class=\"w-image-h\"><img width=\"960\" height=\"930\" src=\"https:\/\/bontech.info\/wp-content\/uploads\/2021\/09\/bontech-poslovnice-hrvatska.png\" class=\"attachment-large size-large\" alt=\"\" loading=\"lazy\" srcset=\"https:\/\/bontech.info\/wp-content\/uploads\/2021\/09\/bontech-poslovnice-hrvatska.png 960w, https:\/\/bontech.info\/wp-content\/uploads\/2021\/09\/bontech-poslovnice-hrvatska-300x291.png 300w\" sizes=\"(max-width: 960px) 100vw, 960px\" \/><\/div><\/div><\/div><\/div><\/div><div class=\"vc_col-sm-6 wpb_column vc_column_container\"><div class=\"vc_column-inner\"><div class=\"wpb_wrapper\"><div role=\"form\" class=\"wpcf7\" id=\"wpcf7-f7969-o1\" lang=\"hr\" dir=\"ltr\">\n<div class=\"screen-reader-response\"><p role=\"status\" aria-live=\"polite\" aria-atomic=\"true\"><\/p> <ul><\/ul><\/div>\n<form action=\"\/de\/wp-json\/wp\/v2\/pages\/10098#wpcf7-f7969-o1\" method=\"post\" class=\"wpcf7-form init\" novalidate=\"novalidate\" data-status=\"init\">\n<div style=\"display: none;\">\n<input type=\"hidden\" name=\"_wpcf7\" value=\"7969\" \/>\n<input type=\"hidden\" name=\"_wpcf7_version\" value=\"5.4.2\" \/>\n<input type=\"hidden\" name=\"_wpcf7_locale\" value=\"hr\" \/>\n<input type=\"hidden\" name=\"_wpcf7_unit_tag\" value=\"wpcf7-f7969-o1\" \/>\n<input type=\"hidden\" name=\"_wpcf7_container_post\" value=\"0\" \/>\n<input type=\"hidden\" name=\"_wpcf7_posted_data_hash\" value=\"\" \/>\n<\/div>\n<p><label> Select your area<br \/>\n    <span class=\"wpcf7-form-control-wrap menu-85\"><select name=\"menu-85\" class=\"wpcf7-form-control wpcf7-select wpcf7-validates-as-required\" aria-required=\"true\" aria-invalid=\"false\"><option value=\"Zagreb\">Zagreb<\/option><option value=\"Split\">Split<\/option><option value=\"Rijeka\">Rijeka<\/option><option value=\"Osijek\">Osijek<\/option><option value=\"Zabok\">Zabok<\/option><option value=\"Sisak\">Sisak<\/option><option value=\"Karlovac\">Karlovac<\/option><option value=\"Vara\u017edin\">Vara\u017edin<\/option><option value=\"Bjelovar\">Bjelovar<\/option><option value=\"\u010cakovec\">\u010cakovec<\/option><option value=\"Koprivnica\">Koprivnica<\/option><option value=\"Ogulin\">Ogulin<\/option><option value=\"Pakrac\">Pakrac<\/option><option value=\"Virovitica\">Virovitica<\/option><option value=\"Nova Gradi\u0161ka\">Nova Gradi\u0161ka<\/option><option value=\"Gospi\u0107\">Gospi\u0107<\/option><option value=\"Na\u0161ice\">Na\u0161ice<\/option><option value=\"Slavonski Brod\">Slavonski Brod<\/option><option value=\"Pula\">Pula<\/option><option value=\"Zadar\">Zadar<\/option><option value=\"Vinkovci\">Vinkovci<\/option><option value=\"\u0160ibenik\">\u0160ibenik<\/option><option value=\"Vukovar\">Vukovar<\/option><option value=\"Dubrovnik\">Dubrovnik<\/option><\/select><\/span> <\/label><\/p>\n<p><label> Name<br \/>\n    <span class=\"wpcf7-form-control-wrap your-name\"><input type=\"text\" name=\"your-name\" value=\"\" size=\"40\" class=\"wpcf7-form-control wpcf7-text wpcf7-validates-as-required\" aria-required=\"true\" aria-invalid=\"false\" \/><\/span> <\/label><\/p>\n<p><label> E-Mail<br \/>\n    <span class=\"wpcf7-form-control-wrap your-email\"><input type=\"email\" name=\"your-email\" value=\"\" size=\"40\" class=\"wpcf7-form-control wpcf7-text wpcf7-email wpcf7-validates-as-required wpcf7-validates-as-email\" aria-required=\"true\" aria-invalid=\"false\" \/><\/span> <\/label><\/p>\n<p><label> Contact number<br \/>\n    <span class=\"wpcf7-form-control-wrap tel-660\"><input type=\"tel\" name=\"tel-660\" value=\"\" size=\"40\" class=\"wpcf7-form-control wpcf7-text wpcf7-tel wpcf7-validates-as-required wpcf7-validates-as-tel\" aria-required=\"true\" aria-invalid=\"false\" \/><\/span> <\/label><\/p>\n<p><span class=\"wpcf7-form-control-wrap kc_captcha\"><span class=\"wpcf7-form-control wpcf7-radio\"> \n    <span class=\"captcha-image\" >\n        <span class=\"cf7ic_instructions\">Bitte beweise, dass du kein Spambot bist und w\u00e4hle das Symbol<span> Fahne<\/span> aus.<\/span><label><input type=\"radio\" name=\"kc_captcha\" value=\"bot\" \/><svg width=\"50\" height=\"50\" aria-hidden=\"true\" role=\"img\" xmlns=\"https:\/\/www.w3.org\/2000\/svg\" viewBox=\"0 0 576 512\"><path fill=\"currentColor\" d=\"M415 24c-53 0-103 42-127 65-24-23-74-65-127-65C70 24 16 77 16 166c0 72 67 133 69 135l187 181c9 8 23 8 32 0l187-180c2-3 69-64 69-136 0-89-54-142-145-142z\"\/><\/svg><\/label><label><input type=\"radio\" name=\"kc_captcha\" value=\"bot\" \/><svg width=\"50\" height=\"50\" aria-hidden=\"true\" role=\"img\" xmlns=\"https:\/\/www.w3.org\/2000\/svg\" viewBox=\"0 0 512 512\"><path fill=\"currentColor\" d=\"M500 168h-55l-8-21a127 127 0 00-120-83H195a127 127 0 00-120 83l-8 21H12c-8 0-14 8-11 16l8 24a12 12 0 0011 8h29a64 64 0 00-33 56v48c0 16 6 31 16 42v62c0 13 11 24 24 24h48c13 0 24-11 24-24v-40h256v40c0 13 11 24 24 24h48c13 0 24-11 24-24v-62c10-11 16-26 16-42v-48c0-24-13-45-33-56h29a12 12 0 0011-8l8-24c3-8-3-16-11-16zm-365 2c9-25 33-42 60-42h122c27 0 51 17 60 42l15 38H120l15-38zM88 328a32 32 0 010-64c18 0 48 30 48 48s-30 16-48 16zm336 0c-18 0-48 2-48-16s30-48 48-48 32 14 32 32-14 32-32 32z\"\/><\/svg><\/label><label><input type=\"radio\" name=\"kc_captcha\" value=\"kc_human\" \/><svg width=\"50\" height=\"50\" aria-hidden=\"true\" role=\"img\" xmlns=\"https:\/\/www.w3.org\/2000\/svg\" viewBox=\"0 0 512 512\"><path fill=\"currentColor\" d=\"M350 99c-54 0-98-35-166-35-25 0-47 4-68 12a56 56 0 004-24C118 24 95 1 66 0a56 56 0 00-34 102v386c0 13 11 24 24 24h16c13 0 24-11 24-24v-94c28-12 64-23 114-23 54 0 98 35 166 35 48 0 86-16 122-41 9-6 14-15 14-26V96c0-23-24-39-45-29-35 16-77 32-117 32z\"\/><\/svg><\/label>\n    <\/span>\n    <span style=\"display:none\">\n        <input type=\"text\" name=\"kc_honeypot\">\n    <\/span><\/span><\/span><\/p>\n<p><label> <span class=\"wpcf7-form-control-wrap acceptance-417\"><span class=\"wpcf7-form-control wpcf7-acceptance\"><span class=\"wpcf7-list-item\"><label><input type=\"checkbox\" name=\"acceptance-417\" value=\"1\" aria-invalid=\"false\" \/><span class=\"wpcf7-list-item-label\">I agree<\/span><\/label><\/span><\/span><\/span><br \/>\n<SPAN STYLE=\"font-size: 8pt;font-style: italic;line-height: 8pt;\">I agree to my data being stored, and occasionally used for the purpose of sending newsletters and other promotional emails. I understand that at my own request, I can unsubscribe from the e-mail list at any time, request access to my data, and, if I wish, edit or permanently remove it from your database.<\/span><br \/>\n<\/label><\/p>\n<p><input type=\"submit\" value=\"Submit\" class=\"wpcf7-form-control wpcf7-submit\" \/><\/p>\n<div class=\"wpcf7-response-output\" aria-hidden=\"true\"><\/div><\/form><\/div><\/div><\/div><\/div><\/div><\/div><\/div><\/div><\/div><\/div><\/section>\n","protected":false},"excerpt":{"rendered":"DIABETIKER-SORTIMENTStartSeitenUm unseren Kunden den bestm\u00f6glichen Service an einem Ort zu bieten, finden Sie in allen Bontech-Filialen auch eine gro\u00dfe Auswahl an Diabetikersortimenten. Unser professionelles Personal ist bestens geschult und ber\u00e4t jeden Kunden gerne. Freestyle Libre Das FreeStyle Libre Blutzuckermessger\u00e4t entlastet Patienten von den t\u00e4glichen Stichen, die zur Blutzuckermessung notwendig sind. Sie k\u00f6nnen ihren Blutzuckerspiegel einfach...","protected":false},"author":1,"featured_media":0,"parent":0,"menu_order":0,"comment_status":"closed","ping_status":"closed","template":"","meta":[],"yoast_head":"<!-- This site is optimized with the Yoast SEO plugin v17.9 - https:\/\/yoast.com\/wordpress\/plugins\/seo\/ -->\n<title>Diabetikersortiment - Bontech<\/title>\n<meta name=\"robots\" content=\"noindex, follow, max-snippet:-1, max-image-preview:large, max-video-preview:-1\" \/>\n<meta property=\"og:locale\" content=\"de_DE\" \/>\n<meta property=\"og:type\" content=\"article\" \/>\n<meta property=\"og:title\" content=\"Diabetikersortiment - Bontech\" \/>\n<meta property=\"og:url\" content=\"https:\/\/bontech.info\/de\/diabetikersortiment\/\" \/>\n<meta property=\"og:site_name\" content=\"Bontech\" \/>\n<meta property=\"article:modified_time\" content=\"2022-05-18T09:59:04+00:00\" \/>\n<meta name=\"twitter:card\" content=\"summary_large_image\" \/>\n<meta name=\"twitter:label1\" content=\"Gesch\u00e4tzte Lesezeit\" \/>\n\t<meta name=\"twitter:data1\" content=\"2\u00a0Minuten\" \/>\n<script type=\"application\/ld+json\" class=\"yoast-schema-graph\">{\"@context\":\"https:\/\/schema.org\",\"@graph\":[{\"@type\":\"WebSite\",\"@id\":\"https:\/\/bontech.info\/#website\",\"url\":\"https:\/\/bontech.info\/\",\"name\":\"Bontech\",\"description\":\"\",\"potentialAction\":[{\"@type\":\"SearchAction\",\"target\":{\"@type\":\"EntryPoint\",\"urlTemplate\":\"https:\/\/bontech.info\/?s={search_term_string}\"},\"query-input\":\"required name=search_term_string\"}],\"inLanguage\":\"de\"},{\"@type\":\"WebPage\",\"@id\":\"https:\/\/bontech.info\/de\/diabetikersortiment\/#webpage\",\"url\":\"https:\/\/bontech.info\/de\/diabetikersortiment\/\",\"name\":\"Diabetikersortiment - Bontech\",\"isPartOf\":{\"@id\":\"https:\/\/bontech.info\/#website\"},\"datePublished\":\"2021-10-13T07:53:02+00:00\",\"dateModified\":\"2022-05-18T09:59:04+00:00\",\"breadcrumb\":{\"@id\":\"https:\/\/bontech.info\/de\/diabetikersortiment\/#breadcrumb\"},\"inLanguage\":\"de\",\"potentialAction\":[{\"@type\":\"ReadAction\",\"target\":[\"https:\/\/bontech.info\/de\/diabetikersortiment\/\"]}]},{\"@type\":\"BreadcrumbList\",\"@id\":\"https:\/\/bontech.info\/de\/diabetikersortiment\/#breadcrumb\",\"itemListElement\":[{\"@type\":\"ListItem\",\"position\":1,\"name\":\"Po\\u010detna stranica\",\"item\":\"https:\/\/bontech.info\/de\/\"},{\"@type\":\"ListItem\",\"position\":2,\"name\":\"Diabetikersortiment\"}]}]}<\/script>\n<!-- \/ Yoast SEO plugin. -->","yoast_head_json":{"title":"Diabetikersortiment - Bontech","robots":{"index":"noindex","follow":"follow","max-snippet":"max-snippet:-1","max-image-preview":"max-image-preview:large","max-video-preview":"max-video-preview:-1"},"og_locale":"de_DE","og_type":"article","og_title":"Diabetikersortiment - Bontech","og_url":"https:\/\/bontech.info\/de\/diabetikersortiment\/","og_site_name":"Bontech","article_modified_time":"2022-05-18T09:59:04+00:00","twitter_card":"summary_large_image","twitter_misc":{"Gesch\u00e4tzte Lesezeit":"2\u00a0Minuten"},"schema":{"@context":"https:\/\/schema.org","@graph":[{"@type":"WebSite","@id":"https:\/\/bontech.info\/#website","url":"https:\/\/bontech.info\/","name":"Bontech","description":"","potentialAction":[{"@type":"SearchAction","target":{"@type":"EntryPoint","urlTemplate":"https:\/\/bontech.info\/?s={search_term_string}"},"query-input":"required name=search_term_string"}],"inLanguage":"de"},{"@type":"WebPage","@id":"https:\/\/bontech.info\/de\/diabetikersortiment\/#webpage","url":"https:\/\/bontech.info\/de\/diabetikersortiment\/","name":"Diabetikersortiment - Bontech","isPartOf":{"@id":"https:\/\/bontech.info\/#website"},"datePublished":"2021-10-13T07:53:02+00:00","dateModified":"2022-05-18T09:59:04+00:00","breadcrumb":{"@id":"https:\/\/bontech.info\/de\/diabetikersortiment\/#breadcrumb"},"inLanguage":"de","potentialAction":[{"@type":"ReadAction","target":["https:\/\/bontech.info\/de\/diabetikersortiment\/"]}]},{"@type":"BreadcrumbList","@id":"https:\/\/bontech.info\/de\/diabetikersortiment\/#breadcrumb","itemListElement":[{"@type":"ListItem","position":1,"name":"Po\u010detna stranica","item":"https:\/\/bontech.info\/de\/"},{"@type":"ListItem","position":2,"name":"Diabetikersortiment"}]}]}},"_links":{"self":[{"href":"https:\/\/bontech.info\/de\/wp-json\/wp\/v2\/pages\/10098"}],"collection":[{"href":"https:\/\/bontech.info\/de\/wp-json\/wp\/v2\/pages"}],"about":[{"href":"https:\/\/bontech.info\/de\/wp-json\/wp\/v2\/types\/page"}],"author":[{"embeddable":true,"href":"https:\/\/bontech.info\/de\/wp-json\/wp\/v2\/users\/1"}],"replies":[{"embeddable":true,"href":"https:\/\/bontech.info\/de\/wp-json\/wp\/v2\/comments?post=10098"}],"version-history":[{"count":4,"href":"https:\/\/bontech.info\/de\/wp-json\/wp\/v2\/pages\/10098\/revisions"}],"predecessor-version":[{"id":10421,"href":"https:\/\/bontech.info\/de\/wp-json\/wp\/v2\/pages\/10098\/revisions\/10421"}],"wp:attachment":[{"href":"https:\/\/bontech.info\/de\/wp-json\/wp\/v2\/media?parent=10098"}],"curies":[{"name":"wp","href":"https:\/\/api.w.org\/{rel}","templated":true}]}}