{"id":10105,"date":"2021-10-12T12:58:33","date_gmt":"2021-10-12T10:58:33","guid":{"rendered":"https:\/\/bontech.info\/freestyle-libre\/"},"modified":"2022-05-18T12:03:07","modified_gmt":"2022-05-18T10:03:07","slug":"freestyle-libre","status":"publish","type":"page","link":"https:\/\/bontech.info\/de\/freestyle-libre\/","title":{"rendered":"Freestyle Libre"},"content":{"rendered":"<section class=\"l-section wpb_row height_auto color_primary with_slider\"><div class=\"l-section-slider\"><div class=\"w-slider style_none fit_cover\"><div class=\"w-slider-h\"><div class=\"royalSlider\"><div class=\"rsContent\"><a class=\"rsImg\" data-rsw=\"800\" data-rsh=\"800\" href=\"https:\/\/bontech.info\/wp-content\/uploads\/2021\/10\/easy-to-see-trends-1.jpg\"><span data-alt=\"\"><\/span><\/a><\/div><\/div><img src=\"https:\/\/bontech.info\/wp-content\/uploads\/2021\/10\/easy-to-see-trends-1.jpg\" width=\"800\" height=\"800\" alt loading=\"lazy\"><\/div><div class=\"w-slider-json\" onclick='return {&quot;loop&quot;:true,&quot;fadeInLoadedSlide&quot;:false,&quot;slidesSpacing&quot;:0,&quot;imageScalePadding&quot;:0,&quot;numImagesToPreload&quot;:2,&quot;arrowsNav&quot;:false,&quot;arrowsNavAutoHide&quot;:false,&quot;transitionType&quot;:&quot;move&quot;,&quot;transitionSpeed&quot;:800,&quot;block&quot;:{&quot;moveEffect&quot;:&quot;none&quot;,&quot;speed&quot;:300},&quot;controlNavigation&quot;:&quot;none&quot;,&quot;autoplay&quot;:{&quot;enabled&quot;:true,&quot;pauseOnHover&quot;:false,&quot;delay&quot;:3000},&quot;imageScaleMode&quot;:&quot;fill&quot;,&quot;autoScaleSlider&quot;:true,&quot;autoScaleSliderWidth&quot;:800,&quot;autoScaleSliderHeight&quot;:800,&quot;fitInViewport&quot;:false}'><\/div><\/div><\/div><div class=\"l-section-overlay\" style=\"background:rgba(20,20,20,0.62)\"><\/div><div class=\"l-section-h i-cf\"><div class=\"g-cols via_flex valign_top type_default\"><div class=\"vc_col-sm-12 wpb_column vc_column_container\"><div class=\"vc_column-inner us_custom_0d54facf\"><div class=\"wpb_wrapper\"><h1 class=\"w-text us_custom_41579c5f\"><span class=\"w-text-h\"><span class=\"w-text-value\">FREESTYLE LIBRE<\/span><\/span><\/h1><ol class=\"g-breadcrumbs us_custom_ea2be81a separator_icon align_center\" itemscope itemtype=\"http:\/\/schema.org\/BreadcrumbList\"><li class=\"g-breadcrumbs-item\" itemscope itemprop=\"itemListElement\" itemtype=\"http:\/\/schema.org\/ListItem\"><a itemprop=\"item\" href=\"https:\/\/bontech.info\/de\/\"><span itemprop=\"name\">Start<\/span><\/a><meta itemprop=\"position\" content=\"1\"\/><\/li><li class=\"g-breadcrumbs-separator\"><i class=\"far fa-angle-right\"><\/i><\/li><li class=\"g-breadcrumbs-item\">Seiten<\/li><\/ol><\/div><\/div><\/div><\/div><\/div><\/section><section class=\"l-section wpb_row height_custom\"><div class=\"l-section-h i-cf\"><div class=\"g-cols via_flex valign_middle type_default\"><div class=\"vc_col-sm-12 wpb_column vc_column_container\"><div class=\"vc_column-inner\"><div class=\"wpb_wrapper\"><div class=\"wpb_text_column\"><div class=\"wpb_wrapper\"><p style=\"text-align: center;\">Das FreeStyle Libre Blutzuckermesssystem befreit Patienten von den t\u00e4glichen, regelm\u00e4\u00dfigen Stichen, die zur Blutzuckermessung notwendig sind.<\/p>\n<p style=\"text-align: center;\">Jetzt k\u00f6nnen Sie Ihren Blutzucker jederzeit und \u00fcberall ganz einfach \u00fcberpr\u00fcfen! Scannen Sie einfach den FreeStyle Libre Sensor, um einen sofortigen Messwert, die Richtung, in die sich der Blutzucker bewegt, und einen \u00dcberblick \u00fcber die Glukoseentwicklung der letzten 8 Stunden zu erhalten.<\/p>\n<\/div><\/div><\/div><\/div><\/div><\/div><\/div><\/section><section class=\"l-section wpb_row height_auto width_full\"><div class=\"l-section-h i-cf\"><div class=\"g-cols via_flex valign_middle type_boxes\"><div class=\"vc_col-sm-6 wpb_column vc_column_container has_bg_color\"><div class=\"vc_column-inner us_custom_65b831fa\"><div class=\"wpb_wrapper\"><div class=\"wpb_text_column\"><div class=\"wpb_wrapper\"><h2><span style=\"color: #83630c;\">Warum sich langweilen, wenn Sie scannen k\u00f6nnen?<\/span><\/h2>\n<p><span style=\"color: #83630c;\">Laut einer von Abbott Diabetes Care durchgef\u00fchrten Studie stimmten die meisten Anwender darin \u00fcberein, dass das Einf\u00fchren des Sensors nicht schmerzhafter ist als das Stechen in die Fingerspitze bei der Bestimmung des Blutzuckerspiegels. Der Sensor bleibt 14 Tage lang auf der Haut, d. h. bis zum n\u00e4chsten Austausch des Sensors.<\/span><\/p>\n<p><span style=\"color: #83630c;\">Sie k\u00f6nnen Ihren Blutzuckerspiegel jederzeit und \u00fcberall leicht \u00fcberpr\u00fcfen, indem Sie den FreeStyle Libre-Sensor scannen, um einen sofortigen Messwert, die Richtung, in der sich der Blutzucker bewegt, und eine \u00dcbersicht \u00fcber die Blutzuckerentwicklung der letzten 8 Stunden zu erhalten.<\/span><\/p>\n<p><span style=\"color: #83630c;\">Der kleine Sensor misst und speichert automatisch Tag und Nacht Glukosewerte. Lesen Sie den Blutzucker in einer Sekunde mit einem schmerzlosen Scan des Sensors ab.<\/span><\/p>\n<p><span style=\"color: #83630c;\">Eine Reihe von Berichten, die Ihre Blutzuckerdaten analysieren, helfen Ihnen, Ihrem Arzt und anderem medizinischen Personal, fundierte Entscheidungen zur Diabeteskontrolle zu treffen.<\/span><\/p>\n<\/div><\/div><\/div><\/div><\/div><div class=\"vc_col-sm-6 wpb_column vc_column_container has_bg_color\"><div class=\"vc_column-inner us_custom_814c259f\"><div class=\"wpb_wrapper\"><div class=\"w-separator size_custom\" style=\"height:200px\"><\/div><\/div><\/div><\/div><\/div><\/div><\/section><section class=\"l-section wpb_row height_custom\"><div class=\"l-section-h i-cf\"><div class=\"g-cols via_flex valign_middle type_default\"><div class=\"vc_col-sm-12 wpb_column vc_column_container\"><div class=\"vc_column-inner\"><div class=\"wpb_wrapper\"><div class=\"wpb_text_column\"><div class=\"wpb_wrapper\"><h2 style=\"text-align: center;\"><span style=\"color: #83630c;\">Besserer Umgang mit Ihrem Diabetes<\/span><\/h2>\n<p style=\"text-align: center;\">Der Zugang zu klaren Informationen, die Ihnen helfen, zwischen den Arztbesuchen fundiertere Entscheidungen zu treffen, und zwar immer in \u00dcbereinstimmung mit den Anweisungen des medizinischen Teams, kann sich positiv auf die Ergebnisse der Diabeteskontrolle auswirken.<\/p>\n<\/div><\/div><\/div><\/div><\/div><\/div><\/div><\/section><section class=\"l-section wpb_row height_auto width_full\"><div class=\"l-section-h i-cf\"><div class=\"g-cols via_flex valign_middle type_boxes\"><div class=\"vc_col-sm-6 wpb_column vc_column_container has_bg_color\"><div class=\"vc_column-inner us_custom_300feca8\"><div class=\"wpb_wrapper\"><div class=\"w-separator size_custom\" style=\"height:200px\"><\/div><\/div><\/div><\/div><div class=\"vc_col-sm-6 wpb_column vc_column_container has_bg_color\"><div class=\"vc_column-inner us_custom_65b831fa\"><div class=\"wpb_wrapper\"><div class=\"wpb_text_column us_custom_65b831fa\"><div class=\"wpb_wrapper\"><h2><span style=\"color: #83630c;\">Trends sind leicht zu erkennen<\/span><\/h2>\n<p><span style=\"color: #83630c;\">Anhand der Pfeile k\u00f6nnen Sie leicht erkennen, wie der Blutzuckerspiegel ansteigt oder abf\u00e4llt und in welche Richtung und wie schnell sich diese Werte ver\u00e4ndern.<\/span><\/p>\n<p><span style=\"color: #83630c;\">Da Sie so viele Scans durchf\u00fchren k\u00f6nnen, wie Sie m\u00f6chten, k\u00f6nnen Sie besser nachvollziehen, wie sich Nahrung, Bewegung und Insulin auf den Blutzuckerspiegel auswirken.<\/span><\/p>\n<p><span style=\"color: #83630c;\">Dar\u00fcber hinaus k\u00f6nnen Sie anpassbare Erinnerungen und Warnungen mit Ton oder Vibration einstellen und Ihre eigenen Notizen hinzuf\u00fcgen, die Ihnen bei der Interpretation Ihrer Daten helfen.<\/span><\/p>\n<h2><span style=\"color: #83630c;\">Angemessen und diskret<\/span><\/h2>\n<p><span style=\"color: #83630c;\">Das Leseger\u00e4t ist klein und leicht und Sie k\u00f6nnen es problemlos in der Hand halten und immer bei sich tragen. Sie k\u00f6nnen einen schnellen Scan in einer Sekunde durchf\u00fchren, der auch durch die Kleidung hindurch m\u00f6glich ist, so oft Sie wollen. Unauff\u00e4llig, jederzeit und \u00fcberall.<\/span><\/p>\n<\/div><\/div><\/div><\/div><\/div><\/div><\/div><\/section><section class=\"l-section wpb_row height_custom\"><div class=\"l-section-h i-cf\"><div class=\"g-cols via_flex valign_middle type_default\"><div class=\"vc_col-sm-12 wpb_column vc_column_container\"><div class=\"vc_column-inner\"><div class=\"wpb_wrapper\"><div class=\"wpb_text_column us_custom_8d5aa4e2\"><div class=\"wpb_wrapper\"><h2 style=\"text-align: center;\"><span style=\"color: #83630c;\">Brauchen Sie eine Fachberatung?<\/span><\/h2>\n<\/div><\/div><div class=\"wpb_text_column\"><div class=\"wpb_wrapper\"><p style=\"text-align: center;\">Wehlen Sie zwischen seibenundzwanzigh ( 27 ) Otoakustikgesch\u00e4fte und einf\u00fchren Sie Ihre Dataien an oder anmelden sie Sich durch Konstenfreie Anrufnummer <a href=\"tel:08004466\">0800 44 66<\/a> an.<\/p>\n<\/div><\/div><div class=\"g-cols wpb_row us_custom_72fc42ef via_flex valign_top type_default\"><div class=\"vc_col-sm-6 wpb_column vc_column_container\"><div class=\"vc_column-inner\"><div class=\"wpb_wrapper\"><div class=\"w-image align_center\"><div class=\"w-image-h\"><img width=\"960\" height=\"930\" src=\"https:\/\/bontech.info\/wp-content\/uploads\/2021\/09\/bontech-poslovnice-hrvatska.png\" class=\"attachment-large size-large\" alt=\"\" loading=\"lazy\" srcset=\"https:\/\/bontech.info\/wp-content\/uploads\/2021\/09\/bontech-poslovnice-hrvatska.png 960w, https:\/\/bontech.info\/wp-content\/uploads\/2021\/09\/bontech-poslovnice-hrvatska-300x291.png 300w\" sizes=\"(max-width: 960px) 100vw, 960px\" \/><\/div><\/div><\/div><\/div><\/div><div class=\"vc_col-sm-6 wpb_column vc_column_container\"><div class=\"vc_column-inner\"><div class=\"wpb_wrapper\"><div role=\"form\" class=\"wpcf7\" id=\"wpcf7-f7969-o1\" lang=\"hr\" dir=\"ltr\">\n<div class=\"screen-reader-response\"><p role=\"status\" aria-live=\"polite\" aria-atomic=\"true\"><\/p> <ul><\/ul><\/div>\n<form action=\"\/de\/wp-json\/wp\/v2\/pages\/10105#wpcf7-f7969-o1\" method=\"post\" class=\"wpcf7-form init\" novalidate=\"novalidate\" data-status=\"init\">\n<div style=\"display: none;\">\n<input type=\"hidden\" name=\"_wpcf7\" value=\"7969\" \/>\n<input type=\"hidden\" name=\"_wpcf7_version\" value=\"5.4.2\" \/>\n<input type=\"hidden\" name=\"_wpcf7_locale\" value=\"hr\" \/>\n<input type=\"hidden\" name=\"_wpcf7_unit_tag\" value=\"wpcf7-f7969-o1\" \/>\n<input type=\"hidden\" name=\"_wpcf7_container_post\" value=\"0\" \/>\n<input type=\"hidden\" name=\"_wpcf7_posted_data_hash\" value=\"\" \/>\n<\/div>\n<p><label> Select your area<br \/>\n    <span class=\"wpcf7-form-control-wrap menu-85\"><select name=\"menu-85\" class=\"wpcf7-form-control wpcf7-select wpcf7-validates-as-required\" aria-required=\"true\" aria-invalid=\"false\"><option value=\"Zagreb\">Zagreb<\/option><option value=\"Split\">Split<\/option><option value=\"Rijeka\">Rijeka<\/option><option value=\"Osijek\">Osijek<\/option><option value=\"Zabok\">Zabok<\/option><option value=\"Sisak\">Sisak<\/option><option value=\"Karlovac\">Karlovac<\/option><option value=\"Vara\u017edin\">Vara\u017edin<\/option><option value=\"Bjelovar\">Bjelovar<\/option><option value=\"\u010cakovec\">\u010cakovec<\/option><option value=\"Koprivnica\">Koprivnica<\/option><option value=\"Ogulin\">Ogulin<\/option><option value=\"Pakrac\">Pakrac<\/option><option value=\"Virovitica\">Virovitica<\/option><option value=\"Nova Gradi\u0161ka\">Nova Gradi\u0161ka<\/option><option value=\"Gospi\u0107\">Gospi\u0107<\/option><option value=\"Na\u0161ice\">Na\u0161ice<\/option><option value=\"Slavonski Brod\">Slavonski Brod<\/option><option value=\"Pula\">Pula<\/option><option value=\"Zadar\">Zadar<\/option><option value=\"Vinkovci\">Vinkovci<\/option><option value=\"\u0160ibenik\">\u0160ibenik<\/option><option value=\"Vukovar\">Vukovar<\/option><option value=\"Dubrovnik\">Dubrovnik<\/option><\/select><\/span> <\/label><\/p>\n<p><label> Name<br \/>\n    <span class=\"wpcf7-form-control-wrap your-name\"><input type=\"text\" name=\"your-name\" value=\"\" size=\"40\" class=\"wpcf7-form-control wpcf7-text wpcf7-validates-as-required\" aria-required=\"true\" aria-invalid=\"false\" \/><\/span> <\/label><\/p>\n<p><label> E-Mail<br \/>\n    <span class=\"wpcf7-form-control-wrap your-email\"><input type=\"email\" name=\"your-email\" value=\"\" size=\"40\" class=\"wpcf7-form-control wpcf7-text wpcf7-email wpcf7-validates-as-required wpcf7-validates-as-email\" aria-required=\"true\" aria-invalid=\"false\" \/><\/span> <\/label><\/p>\n<p><label> Contact number<br \/>\n    <span class=\"wpcf7-form-control-wrap tel-660\"><input type=\"tel\" name=\"tel-660\" value=\"\" size=\"40\" class=\"wpcf7-form-control wpcf7-text wpcf7-tel wpcf7-validates-as-required wpcf7-validates-as-tel\" aria-required=\"true\" aria-invalid=\"false\" \/><\/span> <\/label><\/p>\n<p><span class=\"wpcf7-form-control-wrap kc_captcha\"><span class=\"wpcf7-form-control wpcf7-radio\"> \n    <span class=\"captcha-image\" >\n        <span class=\"cf7ic_instructions\">Bitte beweise, dass du kein Spambot bist und w\u00e4hle das Symbol<span> Fahne<\/span> aus.<\/span><label><input type=\"radio\" name=\"kc_captcha\" value=\"bot\" \/><svg width=\"50\" height=\"50\" aria-hidden=\"true\" role=\"img\" xmlns=\"https:\/\/www.w3.org\/2000\/svg\" viewBox=\"0 0 576 512\"><path fill=\"currentColor\" d=\"M415 24c-53 0-103 42-127 65-24-23-74-65-127-65C70 24 16 77 16 166c0 72 67 133 69 135l187 181c9 8 23 8 32 0l187-180c2-3 69-64 69-136 0-89-54-142-145-142z\"\/><\/svg><\/label><label><input type=\"radio\" name=\"kc_captcha\" value=\"kc_human\" \/><svg width=\"50\" height=\"50\" aria-hidden=\"true\" role=\"img\" xmlns=\"https:\/\/www.w3.org\/2000\/svg\" viewBox=\"0 0 512 512\"><path fill=\"currentColor\" d=\"M350 99c-54 0-98-35-166-35-25 0-47 4-68 12a56 56 0 004-24C118 24 95 1 66 0a56 56 0 00-34 102v386c0 13 11 24 24 24h16c13 0 24-11 24-24v-94c28-12 64-23 114-23 54 0 98 35 166 35 48 0 86-16 122-41 9-6 14-15 14-26V96c0-23-24-39-45-29-35 16-77 32-117 32z\"\/><\/svg><\/label><label><input type=\"radio\" name=\"kc_captcha\" value=\"bot\" \/><svg width=\"50\" height=\"50\" aria-hidden=\"true\" role=\"img\" xmlns=\"https:\/\/www.w3.org\/2000\/svg\" viewBox=\"0 0 640 512\"><path fill=\"currentColor\" d=\"M624 352h-16V244c0-13-5-25-14-34L494 110c-9-9-21-14-34-14h-44V48c0-26-21-48-48-48H48C22 0 0 22 0 48v320c0 27 22 48 48 48h16a96 96 0 00192 0h128a96 96 0 00192 0h48c9 0 16-7 16-16v-32c0-9-7-16-16-16zM160 464a48 48 0 110-96 48 48 0 010 96zm320 0a48 48 0 110-96 48 48 0 010 96zm80-208H416V144h44l100 100v12z\"\/><\/svg><\/label>\n    <\/span>\n    <span style=\"display:none\">\n        <input type=\"text\" name=\"kc_honeypot\">\n    <\/span><\/span><\/span><\/p>\n<p><label> <span class=\"wpcf7-form-control-wrap acceptance-417\"><span class=\"wpcf7-form-control wpcf7-acceptance\"><span class=\"wpcf7-list-item\"><label><input type=\"checkbox\" name=\"acceptance-417\" value=\"1\" aria-invalid=\"false\" \/><span class=\"wpcf7-list-item-label\">I agree<\/span><\/label><\/span><\/span><\/span><br \/>\n<SPAN STYLE=\"font-size: 8pt;font-style: italic;line-height: 8pt;\">I agree to my data being stored, and occasionally used for the purpose of sending newsletters and other promotional emails. I understand that at my own request, I can unsubscribe from the e-mail list at any time, request access to my data, and, if I wish, edit or permanently remove it from your database.<\/span><br \/>\n<\/label><\/p>\n<p><input type=\"submit\" value=\"Submit\" class=\"wpcf7-form-control wpcf7-submit\" \/><\/p>\n<div class=\"wpcf7-response-output\" aria-hidden=\"true\"><\/div><\/form><\/div><\/div><\/div><\/div><\/div><\/div><\/div><\/div><\/div><\/div><\/section>\n","protected":false},"excerpt":{"rendered":"FREESTYLE LIBREStartSeitenDas FreeStyle Libre Blutzuckermesssystem befreit Patienten von den t\u00e4glichen, regelm\u00e4\u00dfigen Stichen, die zur Blutzuckermessung notwendig sind. Jetzt k\u00f6nnen Sie Ihren Blutzucker jederzeit und \u00fcberall ganz einfach \u00fcberpr\u00fcfen! Scannen Sie einfach den FreeStyle Libre Sensor, um einen sofortigen Messwert, die Richtung, in die sich der Blutzucker bewegt, und einen \u00dcberblick \u00fcber die Glukoseentwicklung der letzten...","protected":false},"author":1,"featured_media":0,"parent":0,"menu_order":0,"comment_status":"closed","ping_status":"closed","template":"","meta":[],"yoast_head":"<!-- This site is optimized with the Yoast SEO plugin v17.9 - https:\/\/yoast.com\/wordpress\/plugins\/seo\/ -->\n<title>Freestyle Libre - Sustav za Pra\u0107enje Glukoze - Bontech<\/title>\n<meta name=\"robots\" content=\"noindex, follow, max-snippet:-1, max-image-preview:large, max-video-preview:-1\" \/>\n<meta property=\"og:locale\" content=\"de_DE\" \/>\n<meta property=\"og:type\" content=\"article\" \/>\n<meta property=\"og:title\" content=\"Freestyle Libre - Sustav za Pra\u0107enje Glukoze - Bontech\" \/>\n<meta property=\"og:url\" content=\"https:\/\/bontech.info\/de\/freestyle-libre\/\" \/>\n<meta property=\"og:site_name\" content=\"Bontech\" \/>\n<meta property=\"article:modified_time\" content=\"2022-05-18T10:03:07+00:00\" \/>\n<meta name=\"twitter:card\" content=\"summary_large_image\" \/>\n<meta name=\"twitter:label1\" content=\"Gesch\u00e4tzte Lesezeit\" \/>\n\t<meta name=\"twitter:data1\" content=\"2\u00a0Minuten\" \/>\n<script type=\"application\/ld+json\" class=\"yoast-schema-graph\">{\"@context\":\"https:\/\/schema.org\",\"@graph\":[{\"@type\":\"WebSite\",\"@id\":\"https:\/\/bontech.info\/#website\",\"url\":\"https:\/\/bontech.info\/\",\"name\":\"Bontech\",\"description\":\"\",\"potentialAction\":[{\"@type\":\"SearchAction\",\"target\":{\"@type\":\"EntryPoint\",\"urlTemplate\":\"https:\/\/bontech.info\/?s={search_term_string}\"},\"query-input\":\"required name=search_term_string\"}],\"inLanguage\":\"de\"},{\"@type\":\"WebPage\",\"@id\":\"https:\/\/bontech.info\/de\/freestyle-libre\/#webpage\",\"url\":\"https:\/\/bontech.info\/de\/freestyle-libre\/\",\"name\":\"Freestyle Libre - Sustav za Pra\\u0107enje Glukoze - Bontech\",\"isPartOf\":{\"@id\":\"https:\/\/bontech.info\/#website\"},\"datePublished\":\"2021-10-12T10:58:33+00:00\",\"dateModified\":\"2022-05-18T10:03:07+00:00\",\"breadcrumb\":{\"@id\":\"https:\/\/bontech.info\/de\/freestyle-libre\/#breadcrumb\"},\"inLanguage\":\"de\",\"potentialAction\":[{\"@type\":\"ReadAction\",\"target\":[\"https:\/\/bontech.info\/de\/freestyle-libre\/\"]}]},{\"@type\":\"BreadcrumbList\",\"@id\":\"https:\/\/bontech.info\/de\/freestyle-libre\/#breadcrumb\",\"itemListElement\":[{\"@type\":\"ListItem\",\"position\":1,\"name\":\"Po\\u010detna stranica\",\"item\":\"https:\/\/bontech.info\/de\/\"},{\"@type\":\"ListItem\",\"position\":2,\"name\":\"Freestyle Libre\"}]}]}<\/script>\n<!-- \/ Yoast SEO plugin. -->","yoast_head_json":{"title":"Freestyle Libre - Sustav za Pra\u0107enje Glukoze - Bontech","robots":{"index":"noindex","follow":"follow","max-snippet":"max-snippet:-1","max-image-preview":"max-image-preview:large","max-video-preview":"max-video-preview:-1"},"og_locale":"de_DE","og_type":"article","og_title":"Freestyle Libre - Sustav za Pra\u0107enje Glukoze - Bontech","og_url":"https:\/\/bontech.info\/de\/freestyle-libre\/","og_site_name":"Bontech","article_modified_time":"2022-05-18T10:03:07+00:00","twitter_card":"summary_large_image","twitter_misc":{"Gesch\u00e4tzte Lesezeit":"2\u00a0Minuten"},"schema":{"@context":"https:\/\/schema.org","@graph":[{"@type":"WebSite","@id":"https:\/\/bontech.info\/#website","url":"https:\/\/bontech.info\/","name":"Bontech","description":"","potentialAction":[{"@type":"SearchAction","target":{"@type":"EntryPoint","urlTemplate":"https:\/\/bontech.info\/?s={search_term_string}"},"query-input":"required name=search_term_string"}],"inLanguage":"de"},{"@type":"WebPage","@id":"https:\/\/bontech.info\/de\/freestyle-libre\/#webpage","url":"https:\/\/bontech.info\/de\/freestyle-libre\/","name":"Freestyle Libre - Sustav za Pra\u0107enje Glukoze - Bontech","isPartOf":{"@id":"https:\/\/bontech.info\/#website"},"datePublished":"2021-10-12T10:58:33+00:00","dateModified":"2022-05-18T10:03:07+00:00","breadcrumb":{"@id":"https:\/\/bontech.info\/de\/freestyle-libre\/#breadcrumb"},"inLanguage":"de","potentialAction":[{"@type":"ReadAction","target":["https:\/\/bontech.info\/de\/freestyle-libre\/"]}]},{"@type":"BreadcrumbList","@id":"https:\/\/bontech.info\/de\/freestyle-libre\/#breadcrumb","itemListElement":[{"@type":"ListItem","position":1,"name":"Po\u010detna stranica","item":"https:\/\/bontech.info\/de\/"},{"@type":"ListItem","position":2,"name":"Freestyle Libre"}]}]}},"_links":{"self":[{"href":"https:\/\/bontech.info\/de\/wp-json\/wp\/v2\/pages\/10105"}],"collection":[{"href":"https:\/\/bontech.info\/de\/wp-json\/wp\/v2\/pages"}],"about":[{"href":"https:\/\/bontech.info\/de\/wp-json\/wp\/v2\/types\/page"}],"author":[{"embeddable":true,"href":"https:\/\/bontech.info\/de\/wp-json\/wp\/v2\/users\/1"}],"replies":[{"embeddable":true,"href":"https:\/\/bontech.info\/de\/wp-json\/wp\/v2\/comments?post=10105"}],"version-history":[{"count":4,"href":"https:\/\/bontech.info\/de\/wp-json\/wp\/v2\/pages\/10105\/revisions"}],"predecessor-version":[{"id":10423,"href":"https:\/\/bontech.info\/de\/wp-json\/wp\/v2\/pages\/10105\/revisions\/10423"}],"wp:attachment":[{"href":"https:\/\/bontech.info\/de\/wp-json\/wp\/v2\/media?parent=10105"}],"curies":[{"name":"wp","href":"https:\/\/api.w.org\/{rel}","templated":true}]}}