{"id":10128,"date":"2021-09-15T11:46:12","date_gmt":"2021-09-15T09:46:12","guid":{"rendered":"https:\/\/bontech.info\/about-us\/"},"modified":"2022-03-17T19:11:52","modified_gmt":"2022-03-17T18:11:52","slug":"uber-uns","status":"publish","type":"page","link":"https:\/\/bontech.info\/de\/uber-uns\/","title":{"rendered":"\u00dcber uns"},"content":{"rendered":"<section class=\"l-section wpb_row height_auto color_primary with_slider\"><div class=\"l-section-slider\"><div class=\"w-slider style_none fit_cover\"><div class=\"w-slider-h\"><div class=\"royalSlider\"><div class=\"rsContent\"><a class=\"rsImg\" data-rsw=\"1200\" data-rsh=\"898\" href=\"https:\/\/bontech.info\/wp-content\/uploads\/2021\/10\/Bontech-o-nama.jpg\"><span data-alt=\"\"><\/span><\/a><\/div><\/div><img src=\"https:\/\/bontech.info\/wp-content\/uploads\/2021\/10\/Bontech-o-nama.jpg\" width=\"1200\" height=\"898\" alt loading=\"lazy\"><\/div><div class=\"w-slider-json\" onclick='return {&quot;loop&quot;:true,&quot;fadeInLoadedSlide&quot;:false,&quot;slidesSpacing&quot;:0,&quot;imageScalePadding&quot;:0,&quot;numImagesToPreload&quot;:2,&quot;arrowsNav&quot;:false,&quot;arrowsNavAutoHide&quot;:false,&quot;transitionType&quot;:&quot;move&quot;,&quot;transitionSpeed&quot;:800,&quot;block&quot;:{&quot;moveEffect&quot;:&quot;none&quot;,&quot;speed&quot;:300},&quot;controlNavigation&quot;:&quot;none&quot;,&quot;autoplay&quot;:{&quot;enabled&quot;:true,&quot;pauseOnHover&quot;:false,&quot;delay&quot;:3000},&quot;imageScaleMode&quot;:&quot;fill&quot;,&quot;autoScaleSlider&quot;:true,&quot;autoScaleSliderWidth&quot;:1200,&quot;autoScaleSliderHeight&quot;:898,&quot;fitInViewport&quot;:false}'><\/div><\/div><\/div><div class=\"l-section-overlay\" style=\"background:rgba(20,20,20,0.62)\"><\/div><div class=\"l-section-h i-cf\"><div class=\"g-cols via_flex valign_top type_default\"><div class=\"vc_col-sm-12 wpb_column vc_column_container\"><div class=\"vc_column-inner us_custom_0d54facf\"><div class=\"wpb_wrapper\"><h1 class=\"w-text us_custom_41579c5f\"><span class=\"w-text-h\"><span class=\"w-text-value\">\u00dcBER UNS<\/span><\/span><\/h1><ol class=\"g-breadcrumbs us_custom_ea2be81a separator_icon align_center\" itemscope itemtype=\"http:\/\/schema.org\/BreadcrumbList\"><li class=\"g-breadcrumbs-item\" itemscope itemprop=\"itemListElement\" itemtype=\"http:\/\/schema.org\/ListItem\"><a itemprop=\"item\" href=\"https:\/\/bontech.info\/de\/\"><span itemprop=\"name\">Start<\/span><\/a><meta itemprop=\"position\" content=\"1\"\/><\/li><li class=\"g-breadcrumbs-separator\"><i class=\"far fa-angle-right\"><\/i><\/li><li class=\"g-breadcrumbs-item\">Seiten<\/li><\/ol><\/div><\/div><\/div><\/div><\/div><\/section><section class=\"l-section wpb_row height_custom\"><div class=\"l-section-h i-cf\"><div class=\"g-cols via_flex valign_middle type_default\"><div class=\"vc_col-sm-12 wpb_column vc_column_container\"><div class=\"vc_column-inner\"><div class=\"wpb_wrapper\"><div class=\"wpb_text_column us_custom_50cc7d67\"><div class=\"wpb_wrapper\"><h2 style=\"text-align: center;\"><span style=\"color: #00a4bc;\">Experten mit 25 Jahren Erfahrung<\/span><\/h2>\n<\/div><\/div><div class=\"wpb_text_column\"><div class=\"wpb_wrapper\"><p style=\"text-align: center;\">Otoakustiker von Bontech verf\u00fcgen \u00fcber eine langj\u00e4hrige Erfahrung, die es uns erm\u00f6glicht, erfolgreich mit Menschen mit H\u00f6rbehinderungen zu arbeiten. Wir haben uns bem\u00fcht, das erworbene Wissen zu sammeln und an alle unsere H\u00f6rger\u00e4teakustiker weiterzugeben, um unseren Kunden den bestm\u00f6glichen Service bieten zu k\u00f6nnen.<\/p>\n<\/div><\/div><\/div><\/div><\/div><\/div><\/div><\/section><section class=\"l-section wpb_row height_auto width_full\"><div class=\"l-section-h i-cf\"><div class=\"g-cols via_flex valign_middle type_boxes\"><div class=\"vc_col-sm-6 wpb_column vc_column_container has_bg_color\"><div class=\"vc_column-inner us_custom_c7d02f45\"><div class=\"wpb_wrapper\"><div class=\"wpb_text_column\"><div class=\"wpb_wrapper\"><h2><span style=\"color: #ffffff;\">Hunderttausend ausgelieferte Ger\u00e4te<\/span><\/h2>\n<p><span style=\"color: #ffffff;\">H\u00f6rger\u00e4tetr\u00e4ger in Kroatien haben sich in den meisten F\u00e4llen f\u00fcr Bontech entschieden.<\/span><\/p>\n<p><span style=\"color: #ffffff;\">Seit seiner Gr\u00fcndung bieten wir alle Produkte und Dienstleistungen im Bereich der H\u00f6r- und Sprachger\u00e4te an.<\/span><\/p>\n<\/div><\/div><\/div><\/div><\/div><div class=\"vc_col-sm-6 wpb_column vc_column_container has_bg_color\"><div class=\"vc_column-inner us_custom_8faa4ab5\"><div class=\"wpb_wrapper\"><div class=\"w-separator size_custom\" style=\"height:200px\"><\/div><\/div><\/div><\/div><\/div><\/div><\/section><section class=\"l-section wpb_row height_custom\"><div class=\"l-section-h i-cf\"><div class=\"g-cols via_flex valign_middle type_default\"><div class=\"vc_col-sm-12 wpb_column vc_column_container\"><div class=\"vc_column-inner\"><div class=\"wpb_wrapper\"><div class=\"wpb_text_column us_custom_50cc7d67\"><div class=\"wpb_wrapper\"><h2 style=\"text-align: center;\"><span style=\"color: #00a4bc;\">Die gr\u00f6\u00dfte Anzahl von Filialen in Kroatien!<\/span><\/h2>\n<\/div><\/div><div class=\"wpb_text_column\"><div class=\"wpb_wrapper\"><p style=\"text-align: center;\">Wir sind in ganz Kroatien pr\u00e4sent, klicken Sie und finden Sie sofort Bontech in Ihrer N\u00e4he! Wir garantieren unseren Kunden das gleiche Serviceniveau in jeder unserer 27 Filialen.<\/p>\n<\/div><\/div><\/div><\/div><\/div><\/div><\/div><\/section><section class=\"l-section wpb_row height_auto width_full\"><div class=\"l-section-h i-cf\"><div class=\"g-cols via_flex valign_middle type_boxes\"><div class=\"vc_col-sm-6 wpb_column vc_column_container has_bg_color\"><div class=\"vc_column-inner us_custom_0c0238e5\"><div class=\"wpb_wrapper\"><div class=\"w-separator size_custom\" style=\"height:200px\"><\/div><\/div><\/div><\/div><div class=\"vc_col-sm-6 wpb_column vc_column_container has_bg_color\"><div class=\"vc_column-inner us_custom_c7d02f45\"><div class=\"wpb_wrapper\"><div class=\"wpb_text_column us_custom_c7d02f45\"><div class=\"wpb_wrapper\"><h2><span style=\"color: #ffffff;\">Freunde f\u00fcrs Leben<\/span><\/h2>\n<p><span style=\"color: #ffffff;\">Leider gibt es bis heute kein Mittel, um H\u00f6rsch\u00e4den zu heilen und wiederherzustellen.<\/span><\/p>\n<p><span style=\"color: #ffffff;\">Wir sind uns bewusst, dass unsere Kunden daher neben aller Technik und allen Dienstleistungen auch eine freundliche und menschliche Betreuung ben\u00f6tigen. Wir stehen unseren zufriedenen Kunden ebenso zur Verf\u00fcgung wie denjenigen, die Einw\u00e4nde gegen unsere Arbeit haben.<\/span><\/p>\n<p><span style=\"color: #ffffff;\">W\u00e4hlen Sie Bontech und wir werden unser Bestes tun, um Ihre Wahl zu rechtfertigen!<\/span><\/p>\n<\/div><\/div><\/div><\/div><\/div><\/div><\/div><\/section><section class=\"l-section wpb_row height_custom\"><div class=\"l-section-h i-cf\"><div class=\"g-cols via_flex valign_middle type_default\"><div class=\"vc_col-sm-12 wpb_column vc_column_container\"><div class=\"vc_column-inner\"><div class=\"wpb_wrapper\"><div class=\"wpb_text_column us_custom_50cc7d67\"><div class=\"wpb_wrapper\"><h2 style=\"text-align: center;\"><span style=\"color: #00a4bc;\">Kontaktieren Sie uns mit Vertrauen<br \/>\n<\/span><\/h2>\n<\/div><\/div><div class=\"wpb_text_column\"><div class=\"wpb_wrapper\"><p style=\"text-align: center;\">Ben\u00f6tigen Sie einen kostenlosen H\u00f6rtest, einen H\u00f6rger\u00e4tetest, eine H\u00f6rger\u00e4tekontrolle und -wartung, eine fachkundige Beratung zum Thema H\u00f6ren und H\u00f6ren? Wenden Sie sich vertrauensvoll an uns!<\/p>\n<\/div><\/div><div class=\"w-btn-wrapper align_center\"><a class=\"w-btn us-btn-style_1 us_custom_0f8f44b7\" href=\"https:\/\/bontech.info\/kontakt\/\"><span class=\"w-btn-label\">KONTAKT<\/span><\/a><\/div><\/div><\/div><\/div><\/div><\/div><\/section>\n","protected":false},"excerpt":{"rendered":"\u00dcBER UNSStartSeitenExperten mit 25 Jahren Erfahrung Otoakustiker von Bontech verf\u00fcgen \u00fcber eine langj\u00e4hrige Erfahrung, die es uns erm\u00f6glicht, erfolgreich mit Menschen mit H\u00f6rbehinderungen zu arbeiten. Wir haben uns bem\u00fcht, das erworbene Wissen zu sammeln und an alle unsere H\u00f6rger\u00e4teakustiker weiterzugeben, um unseren Kunden den bestm\u00f6glichen Service bieten zu k\u00f6nnen. Hunderttausend ausgelieferte Ger\u00e4te H\u00f6rger\u00e4tetr\u00e4ger in Kroatien...","protected":false},"author":1,"featured_media":0,"parent":0,"menu_order":0,"comment_status":"closed","ping_status":"closed","template":"","meta":[],"yoast_head":"<!-- This site is optimized with the Yoast SEO plugin v17.9 - https:\/\/yoast.com\/wordpress\/plugins\/seo\/ -->\n<title>\u00dcber uns - Bontech<\/title>\n<meta name=\"robots\" content=\"noindex, follow, max-snippet:-1, max-image-preview:large, max-video-preview:-1\" \/>\n<meta property=\"og:locale\" content=\"de_DE\" \/>\n<meta property=\"og:type\" content=\"article\" \/>\n<meta property=\"og:title\" content=\"\u00dcber uns - Bontech\" \/>\n<meta property=\"og:url\" content=\"https:\/\/bontech.info\/de\/uber-uns\/\" \/>\n<meta property=\"og:site_name\" content=\"Bontech\" \/>\n<meta property=\"article:modified_time\" content=\"2022-03-17T18:11:52+00:00\" \/>\n<meta name=\"twitter:card\" content=\"summary_large_image\" \/>\n<meta name=\"twitter:label1\" content=\"Gesch\u00e4tzte Lesezeit\" \/>\n\t<meta name=\"twitter:data1\" content=\"2\u00a0Minuten\" \/>\n<script type=\"application\/ld+json\" class=\"yoast-schema-graph\">{\"@context\":\"https:\/\/schema.org\",\"@graph\":[{\"@type\":\"WebSite\",\"@id\":\"https:\/\/bontech.info\/#website\",\"url\":\"https:\/\/bontech.info\/\",\"name\":\"Bontech\",\"description\":\"\",\"potentialAction\":[{\"@type\":\"SearchAction\",\"target\":{\"@type\":\"EntryPoint\",\"urlTemplate\":\"https:\/\/bontech.info\/?s={search_term_string}\"},\"query-input\":\"required name=search_term_string\"}],\"inLanguage\":\"de\"},{\"@type\":\"WebPage\",\"@id\":\"https:\/\/bontech.info\/de\/uber-uns\/#webpage\",\"url\":\"https:\/\/bontech.info\/de\/uber-uns\/\",\"name\":\"\\u00dcber uns - Bontech\",\"isPartOf\":{\"@id\":\"https:\/\/bontech.info\/#website\"},\"datePublished\":\"2021-09-15T09:46:12+00:00\",\"dateModified\":\"2022-03-17T18:11:52+00:00\",\"breadcrumb\":{\"@id\":\"https:\/\/bontech.info\/de\/uber-uns\/#breadcrumb\"},\"inLanguage\":\"de\",\"potentialAction\":[{\"@type\":\"ReadAction\",\"target\":[\"https:\/\/bontech.info\/de\/uber-uns\/\"]}]},{\"@type\":\"BreadcrumbList\",\"@id\":\"https:\/\/bontech.info\/de\/uber-uns\/#breadcrumb\",\"itemListElement\":[{\"@type\":\"ListItem\",\"position\":1,\"name\":\"Po\\u010detna stranica\",\"item\":\"https:\/\/bontech.info\/de\/\"},{\"@type\":\"ListItem\",\"position\":2,\"name\":\"\\u00dcber uns\"}]}]}<\/script>\n<!-- \/ Yoast SEO plugin. -->","yoast_head_json":{"title":"\u00dcber uns - Bontech","robots":{"index":"noindex","follow":"follow","max-snippet":"max-snippet:-1","max-image-preview":"max-image-preview:large","max-video-preview":"max-video-preview:-1"},"og_locale":"de_DE","og_type":"article","og_title":"\u00dcber uns - Bontech","og_url":"https:\/\/bontech.info\/de\/uber-uns\/","og_site_name":"Bontech","article_modified_time":"2022-03-17T18:11:52+00:00","twitter_card":"summary_large_image","twitter_misc":{"Gesch\u00e4tzte Lesezeit":"2\u00a0Minuten"},"schema":{"@context":"https:\/\/schema.org","@graph":[{"@type":"WebSite","@id":"https:\/\/bontech.info\/#website","url":"https:\/\/bontech.info\/","name":"Bontech","description":"","potentialAction":[{"@type":"SearchAction","target":{"@type":"EntryPoint","urlTemplate":"https:\/\/bontech.info\/?s={search_term_string}"},"query-input":"required name=search_term_string"}],"inLanguage":"de"},{"@type":"WebPage","@id":"https:\/\/bontech.info\/de\/uber-uns\/#webpage","url":"https:\/\/bontech.info\/de\/uber-uns\/","name":"\u00dcber uns - Bontech","isPartOf":{"@id":"https:\/\/bontech.info\/#website"},"datePublished":"2021-09-15T09:46:12+00:00","dateModified":"2022-03-17T18:11:52+00:00","breadcrumb":{"@id":"https:\/\/bontech.info\/de\/uber-uns\/#breadcrumb"},"inLanguage":"de","potentialAction":[{"@type":"ReadAction","target":["https:\/\/bontech.info\/de\/uber-uns\/"]}]},{"@type":"BreadcrumbList","@id":"https:\/\/bontech.info\/de\/uber-uns\/#breadcrumb","itemListElement":[{"@type":"ListItem","position":1,"name":"Po\u010detna stranica","item":"https:\/\/bontech.info\/de\/"},{"@type":"ListItem","position":2,"name":"\u00dcber uns"}]}]}},"_links":{"self":[{"href":"https:\/\/bontech.info\/de\/wp-json\/wp\/v2\/pages\/10128"}],"collection":[{"href":"https:\/\/bontech.info\/de\/wp-json\/wp\/v2\/pages"}],"about":[{"href":"https:\/\/bontech.info\/de\/wp-json\/wp\/v2\/types\/page"}],"author":[{"embeddable":true,"href":"https:\/\/bontech.info\/de\/wp-json\/wp\/v2\/users\/1"}],"replies":[{"embeddable":true,"href":"https:\/\/bontech.info\/de\/wp-json\/wp\/v2\/comments?post=10128"}],"version-history":[{"count":3,"href":"https:\/\/bontech.info\/de\/wp-json\/wp\/v2\/pages\/10128\/revisions"}],"predecessor-version":[{"id":10208,"href":"https:\/\/bontech.info\/de\/wp-json\/wp\/v2\/pages\/10128\/revisions\/10208"}],"wp:attachment":[{"href":"https:\/\/bontech.info\/de\/wp-json\/wp\/v2\/media?parent=10128"}],"curies":[{"name":"wp","href":"https:\/\/api.w.org\/{rel}","templated":true}]}}