{"id":10145,"date":"2021-09-15T14:24:41","date_gmt":"2021-09-15T12:24:41","guid":{"rendered":"https:\/\/bontech.info\/slusni-aparati\/dodaci\/other-additional-equipment-and-accessories\/"},"modified":"2022-03-18T09:08:10","modified_gmt":"2022-03-18T08:08:10","slug":"zusatzgerate","status":"publish","type":"page","link":"https:\/\/bontech.info\/de\/horgerate\/extras\/zusatzgerate\/","title":{"rendered":"Zusatzger\u00e4te"},"content":{"rendered":"<section class=\"l-section wpb_row height_auto color_primary with_slider\"><div class=\"l-section-slider\"><div class=\"w-slider style_none fit_cover\"><div class=\"w-slider-h\"><div class=\"royalSlider\"><div class=\"rsContent\"><a class=\"rsImg\" data-rsw=\"800\" data-rsh=\"533\" href=\"https:\/\/bontech.info\/wp-content\/uploads\/2021\/10\/Bontech-slusni-aparat-uz-mobitel.jpg\"><span data-alt=\"\"><\/span><\/a><\/div><\/div><img src=\"https:\/\/bontech.info\/wp-content\/uploads\/2021\/10\/Bontech-slusni-aparat-uz-mobitel.jpg\" width=\"800\" height=\"533\" alt loading=\"lazy\"><\/div><div class=\"w-slider-json\" onclick='return {&quot;loop&quot;:true,&quot;fadeInLoadedSlide&quot;:false,&quot;slidesSpacing&quot;:0,&quot;imageScalePadding&quot;:0,&quot;numImagesToPreload&quot;:2,&quot;arrowsNav&quot;:false,&quot;arrowsNavAutoHide&quot;:false,&quot;transitionType&quot;:&quot;move&quot;,&quot;transitionSpeed&quot;:800,&quot;block&quot;:{&quot;moveEffect&quot;:&quot;none&quot;,&quot;speed&quot;:300},&quot;controlNavigation&quot;:&quot;none&quot;,&quot;autoplay&quot;:{&quot;enabled&quot;:true,&quot;pauseOnHover&quot;:false,&quot;delay&quot;:3000},&quot;imageScaleMode&quot;:&quot;fill&quot;,&quot;autoScaleSlider&quot;:true,&quot;autoScaleSliderWidth&quot;:800,&quot;autoScaleSliderHeight&quot;:533,&quot;fitInViewport&quot;:false}'><\/div><\/div><\/div><div class=\"l-section-overlay\" style=\"background:rgba(20,20,20,0.62)\"><\/div><div class=\"l-section-h i-cf\"><div class=\"g-cols via_flex valign_top type_default\"><div class=\"vc_col-sm-12 wpb_column vc_column_container\"><div class=\"vc_column-inner us_custom_0d54facf\"><div class=\"wpb_wrapper\"><h1 class=\"w-text us_custom_41579c5f\"><span class=\"w-text-h\"><span class=\"w-text-value\">Zusatzger\u00e4te<\/span><\/span><\/h1><ol class=\"g-breadcrumbs us_custom_ea2be81a separator_icon align_center\" itemscope itemtype=\"http:\/\/schema.org\/BreadcrumbList\"><li class=\"g-breadcrumbs-item\" itemscope itemprop=\"itemListElement\" itemtype=\"http:\/\/schema.org\/ListItem\"><a itemprop=\"item\" href=\"https:\/\/bontech.info\/de\/\"><span itemprop=\"name\">Start<\/span><\/a><meta itemprop=\"position\" content=\"1\"\/><\/li><li class=\"g-breadcrumbs-separator\"><i class=\"far fa-angle-right\"><\/i><\/li><li class=\"g-breadcrumbs-item\">Seiten<\/li><\/ol><\/div><\/div><\/div><\/div><\/div><\/section><section class=\"l-section wpb_row height_custom\"><div class=\"l-section-h i-cf\"><div class=\"g-cols via_flex valign_middle type_default\"><div class=\"vc_col-sm-12 wpb_column vc_column_container\"><div class=\"vc_column-inner\"><div class=\"wpb_wrapper\"><div class=\"wpb_text_column\"><div class=\"wpb_wrapper\"><p style=\"text-align: center;\">Moderne H\u00f6rger\u00e4te bieten hervorragende M\u00f6glichkeiten, aber es gibt spezifische Situationen und H\u00f6rbed\u00fcrfnisse, in denen die neue Technologie das H\u00f6ren und die Kommunikation weiter erleichtern kann. In unserem Angebot finden Sie eine Reihe von Zusatzprodukten f\u00fcr einen leichteren Alltag!<\/p>\n<\/div><\/div><\/div><\/div><\/div><\/div><\/div><\/section><section class=\"l-section wpb_row height_auto width_full\"><div class=\"l-section-h i-cf\"><div class=\"g-cols via_flex valign_middle type_boxes\"><div class=\"vc_col-sm-6 wpb_column vc_column_container has_bg_color\"><div class=\"vc_column-inner us_custom_c7d02f45\"><div class=\"wpb_wrapper\"><div class=\"wpb_text_column\"><div class=\"wpb_wrapper\"><h2><span style=\"color: #ffffff;\">TV-Adapter<\/span><\/h2>\n<p><span style=\"color: #ffffff;\">Ein TV-Adapter ist ein Ger\u00e4t, das es H\u00f6rgesch\u00e4digten erm\u00f6glicht, mit kompatiblen H\u00f6rger\u00e4ten drahtlos Fernsehsendungen deutlich und bequem zu h\u00f6ren. Gleichzeitig k\u00f6nnen andere Haushaltsmitglieder die Lautst\u00e4rke des Fernsehers separat nach ihren W\u00fcnschen einstellen.<\/span><\/p>\n<p><span style=\"color: #ffffff;\">Der TV-Adapter bietet eine un\u00fcbertroffene Klangqualit\u00e4t und Sprachverst\u00e4ndlichkeit. Durch die direkte kabellose \u00dcbertragung des Tons gibt es keine Qualit\u00e4ts- oder Lautst\u00e4rkeverluste im Raum, da man den Ton nicht \u00fcber die TV-Lautsprecher h\u00f6rt.<\/span><\/p>\n<p><span style=\"color: #ffffff;\">Kommunikation mit der Umgebung &#8211; beim Fernsehen h\u00f6rt man den Klang der Umgebung immer noch \u00fcber die H\u00f6rger\u00e4te, was eine ununterbrochene Kommunikation erm\u00f6glicht (anders als z. B. bei Kopfh\u00f6rern).<\/span><\/p>\n<p><span style=\"color: #ffffff;\">Au\u00dfergew\u00f6hnliche Konnektivit\u00e4t &#8211; nicht nur mit Fernsehger\u00e4ten &#8211; es ist m\u00f6glich, jedes Ger\u00e4t anzuschlie\u00dfen, das einen Audioausgang unterst\u00fctzt, wie z. B. Laptop, PC, Hi-Fi, Mobiltelefon usw.<\/span><\/p>\n<p><span style=\"color: #ffffff;\">Extrem einfach zu bedienen &#8211; schlie\u00dfen Sie den TV-Adapter mit einem Kabel (optisch, RCA, SCART oder 3,5 mm) an den Fernseher an und dr\u00fccken Sie die Taste, um das H\u00f6rprogramm auf das Fernsehprogramm des H\u00f6rger\u00e4ts umzustellen.<\/span><\/p>\n<\/div><\/div><\/div><\/div><\/div><div class=\"vc_col-sm-6 wpb_column vc_column_container has_bg_color\"><div class=\"vc_column-inner us_custom_de6450ac\"><div class=\"wpb_wrapper\"><div class=\"w-separator size_custom\" style=\"height:200px\"><\/div><\/div><\/div><\/div><\/div><\/div><\/section><section class=\"l-section wpb_row height_auto width_full\"><div class=\"l-section-h i-cf\"><div class=\"g-cols via_flex valign_middle type_boxes\"><div class=\"vc_col-sm-6 wpb_column vc_column_container has_bg_color\"><div class=\"vc_column-inner us_custom_a1cee482\"><div class=\"wpb_wrapper\"><div class=\"w-separator size_custom\" style=\"height:200px\"><\/div><\/div><\/div><\/div><div class=\"vc_col-sm-6 wpb_column vc_column_container has_bg_color\"><div class=\"vc_column-inner us_custom_c7d02f45\"><div class=\"wpb_wrapper\"><div class=\"wpb_text_column us_custom_c7d02f45\"><div class=\"wpb_wrapper\"><h2><span style=\"color: #ffffff;\">ConnectClip<\/span><\/h2>\n<p><span style=\"color: #ffffff;\">Die moderne Technologie vollbringt wahre Wunder, und eines davon ist der kleine ConnectClip &#8211; ein multifunktionales Ger\u00e4t, mit dem die Kommunikation auf Distanz einfach und leicht wird. Mit ConnectClip verwandeln Sie Ihre kompatiblen H\u00f6rger\u00e4te in drahtlose Kopfh\u00f6rer und k\u00f6nnen freih\u00e4ndig telefonieren, Musik h\u00f6ren oder den Sound Ihres Lieblingsspiels von Ihrem Smartphone, Tablet oder Computer genie\u00dfen!<\/span><\/p>\n<p><span style=\"color: #ffffff;\">ConnectClip verf\u00fcgt \u00fcber eine Fernmikrofonfunktion &#8211; platzieren Sie es bei einer Person, die Sie nicht gut verstehen, zum Beispiel an einem gro\u00dfen Tisch, und es kann auch verwendet werden, um einem Vortrag oder einem Lehrer in der Schule leichter folgen zu k\u00f6nnen.<\/span><\/p>\n<p><span style=\"color: #ffffff;\">Mit ihm k\u00f6nnen Sie Ihre H\u00f6rger\u00e4te diskret steuern, da es auch eine Fernbedienungsfunktion hat!<\/span><\/p>\n<\/div><\/div><\/div><\/div><\/div><\/div><\/div><\/section><section class=\"l-section wpb_row height_auto width_full\"><div class=\"l-section-h i-cf\"><div class=\"g-cols via_flex valign_middle type_boxes\"><div class=\"vc_col-sm-6 wpb_column vc_column_container has_bg_color\"><div class=\"vc_column-inner us_custom_c7d02f45\"><div class=\"wpb_wrapper\"><div class=\"wpb_text_column\"><div class=\"wpb_wrapper\"><h2><span style=\"color: #ffffff;\">Anti-H\u00f6rverlust-Gurt<\/span><\/h2>\n<p><span style=\"color: #ffffff;\">Das Anti-H\u00f6rverlust-Band passt f\u00fcr eine Vielzahl von Ger\u00e4ten und ist f\u00fcr ein breites Spektrum von Nutzern gedacht &#8211; von Kindern bis zu \u00e4lteren Menschen. Es ist besonders n\u00fctzlich f\u00fcr Kinder und Erwachsene, die Sport treiben.<\/span><\/p>\n<p><span style=\"color: #ffffff;\">Er besteht aus hypoallergenen und biokompatiblen Materialien und verf\u00fcgt \u00fcber eine Sicherheitsfunktion f\u00fcr den Fall einer h\u00f6heren Belastung.<\/span><\/p>\n<p><span style=\"color: #ffffff;\">Mit Hilfe eines Schl\u00fcsselbands werden Ihre wertvollen H\u00f6rger\u00e4te mit einer kleinen Klammer an der Kleidung befestigt, wodurch die Gefahr eines Verlusts im Falle eines Sturzes aus dem Ohr verringert wird.<\/span><\/p>\n<\/div><\/div><\/div><\/div><\/div><div class=\"vc_col-sm-6 wpb_column vc_column_container has_bg_color\"><div class=\"vc_column-inner us_custom_dca18e98\"><div class=\"wpb_wrapper\"><div class=\"w-separator size_custom\" style=\"height:200px\"><\/div><\/div><\/div><\/div><\/div><\/div><\/section><section class=\"l-section wpb_row height_custom\"><div class=\"l-section-h i-cf\"><div class=\"g-cols via_flex valign_middle type_default\"><div class=\"vc_col-sm-12 wpb_column vc_column_container\"><div class=\"vc_column-inner\"><div class=\"wpb_wrapper\"><div class=\"wpb_text_column us_custom_8d5aa4e2\"><div class=\"wpb_wrapper\"><h2 style=\"text-align: center;\"><span style=\"color: #00a4bc;\">Do you need some accessories for your hearing aid?<\/span><\/h2>\n<\/div><\/div><div class=\"wpb_text_column\"><div class=\"wpb_wrapper\"><p style=\"text-align: center;\">Choose one of 27 clinics and fill in your contact details or call us at the toll-free number <a href=\"tel:08004466\">0800 44 66<\/a><\/p>\n<\/div><\/div><div class=\"g-cols wpb_row us_custom_72fc42ef via_flex valign_top type_default\"><div class=\"vc_col-sm-6 wpb_column vc_column_container\"><div class=\"vc_column-inner\"><div class=\"wpb_wrapper\"><div class=\"w-image align_center\"><div class=\"w-image-h\"><img width=\"1024\" height=\"1024\" src=\"https:\/\/bontech.info\/wp-content\/uploads\/2021\/10\/Bontech-lokacije-poslovnica-2.png\" class=\"attachment-large size-large\" alt=\"\" loading=\"lazy\" srcset=\"https:\/\/bontech.info\/wp-content\/uploads\/2021\/10\/Bontech-lokacije-poslovnica-2.png 1024w, https:\/\/bontech.info\/wp-content\/uploads\/2021\/10\/Bontech-lokacije-poslovnica-2-300x300.png 300w, https:\/\/bontech.info\/wp-content\/uploads\/2021\/10\/Bontech-lokacije-poslovnica-2-150x150.png 150w\" sizes=\"(max-width: 1024px) 100vw, 1024px\" \/><\/div><\/div><\/div><\/div><\/div><div class=\"vc_col-sm-6 wpb_column vc_column_container\"><div class=\"vc_column-inner\"><div class=\"wpb_wrapper\"><div role=\"form\" class=\"wpcf7\" id=\"wpcf7-f7969-o1\" lang=\"hr\" dir=\"ltr\">\n<div class=\"screen-reader-response\"><p role=\"status\" aria-live=\"polite\" aria-atomic=\"true\"><\/p> <ul><\/ul><\/div>\n<form action=\"\/de\/wp-json\/wp\/v2\/pages\/10145#wpcf7-f7969-o1\" method=\"post\" class=\"wpcf7-form init\" novalidate=\"novalidate\" data-status=\"init\">\n<div style=\"display: none;\">\n<input type=\"hidden\" name=\"_wpcf7\" value=\"7969\" \/>\n<input type=\"hidden\" name=\"_wpcf7_version\" value=\"5.4.2\" \/>\n<input type=\"hidden\" name=\"_wpcf7_locale\" value=\"hr\" \/>\n<input type=\"hidden\" name=\"_wpcf7_unit_tag\" value=\"wpcf7-f7969-o1\" \/>\n<input type=\"hidden\" name=\"_wpcf7_container_post\" value=\"0\" \/>\n<input type=\"hidden\" name=\"_wpcf7_posted_data_hash\" value=\"\" \/>\n<\/div>\n<p><label> Select your area<br \/>\n    <span class=\"wpcf7-form-control-wrap menu-85\"><select name=\"menu-85\" class=\"wpcf7-form-control wpcf7-select wpcf7-validates-as-required\" aria-required=\"true\" aria-invalid=\"false\"><option value=\"Zagreb\">Zagreb<\/option><option value=\"Split\">Split<\/option><option value=\"Rijeka\">Rijeka<\/option><option value=\"Osijek\">Osijek<\/option><option value=\"Zabok\">Zabok<\/option><option value=\"Sisak\">Sisak<\/option><option value=\"Karlovac\">Karlovac<\/option><option value=\"Vara\u017edin\">Vara\u017edin<\/option><option value=\"Bjelovar\">Bjelovar<\/option><option value=\"\u010cakovec\">\u010cakovec<\/option><option value=\"Koprivnica\">Koprivnica<\/option><option value=\"Ogulin\">Ogulin<\/option><option value=\"Pakrac\">Pakrac<\/option><option value=\"Virovitica\">Virovitica<\/option><option value=\"Nova Gradi\u0161ka\">Nova Gradi\u0161ka<\/option><option value=\"Gospi\u0107\">Gospi\u0107<\/option><option value=\"Na\u0161ice\">Na\u0161ice<\/option><option value=\"Slavonski Brod\">Slavonski Brod<\/option><option value=\"Pula\">Pula<\/option><option value=\"Zadar\">Zadar<\/option><option value=\"Vinkovci\">Vinkovci<\/option><option value=\"\u0160ibenik\">\u0160ibenik<\/option><option value=\"Vukovar\">Vukovar<\/option><option value=\"Dubrovnik\">Dubrovnik<\/option><\/select><\/span> <\/label><\/p>\n<p><label> Name<br \/>\n    <span class=\"wpcf7-form-control-wrap your-name\"><input type=\"text\" name=\"your-name\" value=\"\" size=\"40\" class=\"wpcf7-form-control wpcf7-text wpcf7-validates-as-required\" aria-required=\"true\" aria-invalid=\"false\" \/><\/span> <\/label><\/p>\n<p><label> E-Mail<br \/>\n    <span class=\"wpcf7-form-control-wrap your-email\"><input type=\"email\" name=\"your-email\" value=\"\" size=\"40\" class=\"wpcf7-form-control wpcf7-text wpcf7-email wpcf7-validates-as-required wpcf7-validates-as-email\" aria-required=\"true\" aria-invalid=\"false\" \/><\/span> <\/label><\/p>\n<p><label> Contact number<br \/>\n    <span class=\"wpcf7-form-control-wrap tel-660\"><input type=\"tel\" name=\"tel-660\" value=\"\" size=\"40\" class=\"wpcf7-form-control wpcf7-text wpcf7-tel wpcf7-validates-as-required wpcf7-validates-as-tel\" aria-required=\"true\" aria-invalid=\"false\" \/><\/span> <\/label><\/p>\n<p><span class=\"wpcf7-form-control-wrap kc_captcha\"><span class=\"wpcf7-form-control wpcf7-radio\"> \n    <span class=\"captcha-image\" >\n        <span class=\"cf7ic_instructions\">Bitte beweise, dass du kein Spambot bist und w\u00e4hle das Symbol<span> Haus<\/span> aus.<\/span><label><input type=\"radio\" name=\"kc_captcha\" value=\"kc_human\" \/><svg width=\"50\" height=\"50\" aria-hidden=\"true\" role=\"img\" xmlns=\"https:\/\/www.w3.org\/2000\/svg\" viewBox=\"0 0 576 512\"><path fill=\"currentColor\" d=\"M488 313v143c0 13-11 24-24 24H348c-7 0-12-5-12-12V356c0-7-5-12-12-12h-72c-7 0-12 5-12 12v112c0 7-5 12-12 12H112c-13 0-24-11-24-24V313c0-4 2-7 4-10l188-154c5-4 11-4 16 0l188 154c2 3 4 6 4 10zm84-61l-84-69V44c0-6-5-12-12-12h-56c-7 0-12 6-12 12v73l-89-74a48 48 0 00-61 0L4 252c-5 4-5 12-1 17l25 31c5 5 12 5 17 1l235-193c5-4 11-4 16 0l235 193c5 5 13 4 17-1l25-31c4-6 4-13-1-17z\"\/><\/svg><\/label><label><input type=\"radio\" name=\"kc_captcha\" value=\"bot\" \/><svg width=\"50\" height=\"50\" aria-hidden=\"true\" role=\"img\" xmlns=\"https:\/\/www.w3.org\/2000\/svg\" viewBox=\"0 0 512 512\"><path fill=\"currentColor\" d=\"M500 168h-55l-8-21a127 127 0 00-120-83H195a127 127 0 00-120 83l-8 21H12c-8 0-14 8-11 16l8 24a12 12 0 0011 8h29a64 64 0 00-33 56v48c0 16 6 31 16 42v62c0 13 11 24 24 24h48c13 0 24-11 24-24v-40h256v40c0 13 11 24 24 24h48c13 0 24-11 24-24v-62c10-11 16-26 16-42v-48c0-24-13-45-33-56h29a12 12 0 0011-8l8-24c3-8-3-16-11-16zm-365 2c9-25 33-42 60-42h122c27 0 51 17 60 42l15 38H120l15-38zM88 328a32 32 0 010-64c18 0 48 30 48 48s-30 16-48 16zm336 0c-18 0-48 2-48-16s30-48 48-48 32 14 32 32-14 32-32 32z\"\/><\/svg><\/label><label><input type=\"radio\" name=\"kc_captcha\" value=\"bot\" \/><svg width=\"50\" height=\"50\" aria-hidden=\"true\" role=\"img\" xmlns=\"https:\/\/www.w3.org\/2000\/svg\" viewBox=\"0 0 384 512\"><path fill=\"currentColor\" d=\"M377 375l-83-87h34c21 0 32-25 17-40l-82-88h33c21 0 32-25 18-40L210 8c-10-11-26-11-36 0L70 120c-14 15-3 40 18 40h33l-82 88c-15 15-4 40 17 40h34L7 375c-15 16-4 41 17 41h120c0 33-11 49-34 68-12 9-5 28 10 28h144c15 0 22-19 10-28-20-16-34-32-34-68h120c21 0 32-25 17-41z\"\/><\/svg><\/label>\n    <\/span>\n    <span style=\"display:none\">\n        <input type=\"text\" name=\"kc_honeypot\">\n    <\/span><\/span><\/span><\/p>\n<p><label> <span class=\"wpcf7-form-control-wrap acceptance-417\"><span class=\"wpcf7-form-control wpcf7-acceptance\"><span class=\"wpcf7-list-item\"><label><input type=\"checkbox\" name=\"acceptance-417\" value=\"1\" aria-invalid=\"false\" \/><span class=\"wpcf7-list-item-label\">I agree<\/span><\/label><\/span><\/span><\/span><br \/>\n<SPAN STYLE=\"font-size: 8pt;font-style: italic;line-height: 8pt;\">I agree to my data being stored, and occasionally used for the purpose of sending newsletters and other promotional emails. I understand that at my own request, I can unsubscribe from the e-mail list at any time, request access to my data, and, if I wish, edit or permanently remove it from your database.<\/span><br \/>\n<\/label><\/p>\n<p><input type=\"submit\" value=\"Submit\" class=\"wpcf7-form-control wpcf7-submit\" \/><\/p>\n<div class=\"wpcf7-response-output\" aria-hidden=\"true\"><\/div><\/form><\/div><\/div><\/div><\/div><\/div><\/div><\/div><\/div><\/div><\/div><\/section>\n","protected":false},"excerpt":{"rendered":"Zusatzger\u00e4teStartSeitenModerne H\u00f6rger\u00e4te bieten hervorragende M\u00f6glichkeiten, aber es gibt spezifische Situationen und H\u00f6rbed\u00fcrfnisse, in denen die neue Technologie das H\u00f6ren und die Kommunikation weiter erleichtern kann. In unserem Angebot finden Sie eine Reihe von Zusatzprodukten f\u00fcr einen leichteren Alltag! TV-Adapter Ein TV-Adapter ist ein Ger\u00e4t, das es H\u00f6rgesch\u00e4digten erm\u00f6glicht, mit kompatiblen H\u00f6rger\u00e4ten drahtlos Fernsehsendungen deutlich und...","protected":false},"author":1,"featured_media":9797,"parent":10024,"menu_order":0,"comment_status":"closed","ping_status":"closed","template":"","meta":[],"yoast_head":"<!-- This site is optimized with the Yoast SEO plugin v17.9 - https:\/\/yoast.com\/wordpress\/plugins\/seo\/ -->\n<title>Dodatna Oprema za Slu\u0161ne Aparate - Bontech<\/title>\n<meta name=\"robots\" content=\"noindex, follow, max-snippet:-1, max-image-preview:large, max-video-preview:-1\" \/>\n<meta property=\"og:locale\" content=\"de_DE\" \/>\n<meta property=\"og:type\" content=\"article\" \/>\n<meta property=\"og:title\" content=\"Dodatna Oprema za Slu\u0161ne Aparate - Bontech\" \/>\n<meta property=\"og:url\" content=\"https:\/\/bontech.info\/de\/horgerate\/extras\/zusatzgerate\/\" \/>\n<meta property=\"og:site_name\" content=\"Bontech\" \/>\n<meta property=\"article:modified_time\" content=\"2022-03-18T08:08:10+00:00\" \/>\n<meta property=\"og:image\" content=\"https:\/\/bontech.info\/wp-content\/uploads\/2021\/10\/Isprobavanje-slusnog-aparata-Bontech.jpg\" \/>\n\t<meta property=\"og:image:width\" content=\"1200\" \/>\n\t<meta property=\"og:image:height\" content=\"800\" \/>\n\t<meta property=\"og:image:type\" content=\"image\/jpeg\" \/>\n<meta name=\"twitter:card\" content=\"summary_large_image\" \/>\n<meta name=\"twitter:label1\" content=\"Gesch\u00e4tzte Lesezeit\" \/>\n\t<meta name=\"twitter:data1\" content=\"3\u00a0Minuten\" \/>\n<script type=\"application\/ld+json\" class=\"yoast-schema-graph\">{\"@context\":\"https:\/\/schema.org\",\"@graph\":[{\"@type\":\"WebSite\",\"@id\":\"https:\/\/bontech.info\/#website\",\"url\":\"https:\/\/bontech.info\/\",\"name\":\"Bontech\",\"description\":\"\",\"potentialAction\":[{\"@type\":\"SearchAction\",\"target\":{\"@type\":\"EntryPoint\",\"urlTemplate\":\"https:\/\/bontech.info\/?s={search_term_string}\"},\"query-input\":\"required name=search_term_string\"}],\"inLanguage\":\"de\"},{\"@type\":\"ImageObject\",\"@id\":\"https:\/\/bontech.info\/de\/horgerate\/extras\/zusatzgerate\/#primaryimage\",\"inLanguage\":\"de\",\"url\":\"https:\/\/bontech.info\/wp-content\/uploads\/2021\/10\/Isprobavanje-slusnog-aparata-Bontech.jpg\",\"contentUrl\":\"https:\/\/bontech.info\/wp-content\/uploads\/2021\/10\/Isprobavanje-slusnog-aparata-Bontech.jpg\",\"width\":1200,\"height\":800},{\"@type\":\"WebPage\",\"@id\":\"https:\/\/bontech.info\/de\/horgerate\/extras\/zusatzgerate\/#webpage\",\"url\":\"https:\/\/bontech.info\/de\/horgerate\/extras\/zusatzgerate\/\",\"name\":\"Dodatna Oprema za Slu\\u0161ne Aparate - Bontech\",\"isPartOf\":{\"@id\":\"https:\/\/bontech.info\/#website\"},\"primaryImageOfPage\":{\"@id\":\"https:\/\/bontech.info\/de\/horgerate\/extras\/zusatzgerate\/#primaryimage\"},\"datePublished\":\"2021-09-15T12:24:41+00:00\",\"dateModified\":\"2022-03-18T08:08:10+00:00\",\"breadcrumb\":{\"@id\":\"https:\/\/bontech.info\/de\/horgerate\/extras\/zusatzgerate\/#breadcrumb\"},\"inLanguage\":\"de\",\"potentialAction\":[{\"@type\":\"ReadAction\",\"target\":[\"https:\/\/bontech.info\/de\/horgerate\/extras\/zusatzgerate\/\"]}]},{\"@type\":\"BreadcrumbList\",\"@id\":\"https:\/\/bontech.info\/de\/horgerate\/extras\/zusatzgerate\/#breadcrumb\",\"itemListElement\":[{\"@type\":\"ListItem\",\"position\":1,\"name\":\"Po\\u010detna stranica\",\"item\":\"https:\/\/bontech.info\/de\/\"},{\"@type\":\"ListItem\",\"position\":2,\"name\":\"H\\u00f6rger\\u00e4te\",\"item\":\"https:\/\/bontech.info\/de\/horgerate\/\"},{\"@type\":\"ListItem\",\"position\":3,\"name\":\"Extras\",\"item\":\"https:\/\/bontech.info\/de\/horgerate\/extras\/\"},{\"@type\":\"ListItem\",\"position\":4,\"name\":\"Zusatzger\\u00e4te\"}]}]}<\/script>\n<!-- \/ Yoast SEO plugin. -->","yoast_head_json":{"title":"Dodatna Oprema za Slu\u0161ne Aparate - Bontech","robots":{"index":"noindex","follow":"follow","max-snippet":"max-snippet:-1","max-image-preview":"max-image-preview:large","max-video-preview":"max-video-preview:-1"},"og_locale":"de_DE","og_type":"article","og_title":"Dodatna Oprema za Slu\u0161ne Aparate - Bontech","og_url":"https:\/\/bontech.info\/de\/horgerate\/extras\/zusatzgerate\/","og_site_name":"Bontech","article_modified_time":"2022-03-18T08:08:10+00:00","og_image":[{"width":1200,"height":800,"url":"https:\/\/bontech.info\/wp-content\/uploads\/2021\/10\/Isprobavanje-slusnog-aparata-Bontech.jpg","type":"image\/jpeg"}],"twitter_card":"summary_large_image","twitter_misc":{"Gesch\u00e4tzte Lesezeit":"3\u00a0Minuten"},"schema":{"@context":"https:\/\/schema.org","@graph":[{"@type":"WebSite","@id":"https:\/\/bontech.info\/#website","url":"https:\/\/bontech.info\/","name":"Bontech","description":"","potentialAction":[{"@type":"SearchAction","target":{"@type":"EntryPoint","urlTemplate":"https:\/\/bontech.info\/?s={search_term_string}"},"query-input":"required name=search_term_string"}],"inLanguage":"de"},{"@type":"ImageObject","@id":"https:\/\/bontech.info\/de\/horgerate\/extras\/zusatzgerate\/#primaryimage","inLanguage":"de","url":"https:\/\/bontech.info\/wp-content\/uploads\/2021\/10\/Isprobavanje-slusnog-aparata-Bontech.jpg","contentUrl":"https:\/\/bontech.info\/wp-content\/uploads\/2021\/10\/Isprobavanje-slusnog-aparata-Bontech.jpg","width":1200,"height":800},{"@type":"WebPage","@id":"https:\/\/bontech.info\/de\/horgerate\/extras\/zusatzgerate\/#webpage","url":"https:\/\/bontech.info\/de\/horgerate\/extras\/zusatzgerate\/","name":"Dodatna Oprema za Slu\u0161ne Aparate - Bontech","isPartOf":{"@id":"https:\/\/bontech.info\/#website"},"primaryImageOfPage":{"@id":"https:\/\/bontech.info\/de\/horgerate\/extras\/zusatzgerate\/#primaryimage"},"datePublished":"2021-09-15T12:24:41+00:00","dateModified":"2022-03-18T08:08:10+00:00","breadcrumb":{"@id":"https:\/\/bontech.info\/de\/horgerate\/extras\/zusatzgerate\/#breadcrumb"},"inLanguage":"de","potentialAction":[{"@type":"ReadAction","target":["https:\/\/bontech.info\/de\/horgerate\/extras\/zusatzgerate\/"]}]},{"@type":"BreadcrumbList","@id":"https:\/\/bontech.info\/de\/horgerate\/extras\/zusatzgerate\/#breadcrumb","itemListElement":[{"@type":"ListItem","position":1,"name":"Po\u010detna stranica","item":"https:\/\/bontech.info\/de\/"},{"@type":"ListItem","position":2,"name":"H\u00f6rger\u00e4te","item":"https:\/\/bontech.info\/de\/horgerate\/"},{"@type":"ListItem","position":3,"name":"Extras","item":"https:\/\/bontech.info\/de\/horgerate\/extras\/"},{"@type":"ListItem","position":4,"name":"Zusatzger\u00e4te"}]}]}},"_links":{"self":[{"href":"https:\/\/bontech.info\/de\/wp-json\/wp\/v2\/pages\/10145"}],"collection":[{"href":"https:\/\/bontech.info\/de\/wp-json\/wp\/v2\/pages"}],"about":[{"href":"https:\/\/bontech.info\/de\/wp-json\/wp\/v2\/types\/page"}],"author":[{"embeddable":true,"href":"https:\/\/bontech.info\/de\/wp-json\/wp\/v2\/users\/1"}],"replies":[{"embeddable":true,"href":"https:\/\/bontech.info\/de\/wp-json\/wp\/v2\/comments?post=10145"}],"version-history":[{"count":3,"href":"https:\/\/bontech.info\/de\/wp-json\/wp\/v2\/pages\/10145\/revisions"}],"predecessor-version":[{"id":10237,"href":"https:\/\/bontech.info\/de\/wp-json\/wp\/v2\/pages\/10145\/revisions\/10237"}],"up":[{"embeddable":true,"href":"https:\/\/bontech.info\/de\/wp-json\/wp\/v2\/pages\/10024"}],"wp:featuredmedia":[{"embeddable":true,"href":"https:\/\/bontech.info\/de\/wp-json\/wp\/v2\/media\/9797"}],"wp:attachment":[{"href":"https:\/\/bontech.info\/de\/wp-json\/wp\/v2\/media?parent=10145"}],"curies":[{"name":"wp","href":"https:\/\/api.w.org\/{rel}","templated":true}]}}