{"id":9986,"date":"2021-09-15T11:23:37","date_gmt":"2021-09-15T09:23:37","guid":{"rendered":"https:\/\/bontech.info\/25-godina-inovacije\/"},"modified":"2022-03-25T13:09:05","modified_gmt":"2022-03-25T12:09:05","slug":"25-jahre-innovation","status":"publish","type":"page","link":"https:\/\/bontech.info\/de\/25-jahre-innovation\/","title":{"rendered":"25 Jahre innovation"},"content":{"rendered":"<section class=\"l-section wpb_row height_auto color_primary with_slider\"><div class=\"l-section-slider\"><div class=\"w-slider style_none fit_cover\"><div class=\"w-slider-h\"><div class=\"royalSlider\"><div class=\"rsContent\"><a class=\"rsImg\" data-rsw=\"1200\" data-rsh=\"779\" href=\"https:\/\/bontech.info\/wp-content\/uploads\/2021\/10\/bontech-3d-print.jpg\"><span data-alt=\"\"><\/span><\/a><\/div><\/div><img src=\"https:\/\/bontech.info\/wp-content\/uploads\/2021\/10\/bontech-3d-print.jpg\" width=\"1200\" height=\"779\" alt loading=\"lazy\"><\/div><div class=\"w-slider-json\" onclick='return {&quot;loop&quot;:true,&quot;fadeInLoadedSlide&quot;:false,&quot;slidesSpacing&quot;:0,&quot;imageScalePadding&quot;:0,&quot;numImagesToPreload&quot;:2,&quot;arrowsNav&quot;:false,&quot;arrowsNavAutoHide&quot;:false,&quot;transitionType&quot;:&quot;move&quot;,&quot;transitionSpeed&quot;:800,&quot;block&quot;:{&quot;moveEffect&quot;:&quot;none&quot;,&quot;speed&quot;:300},&quot;controlNavigation&quot;:&quot;none&quot;,&quot;autoplay&quot;:{&quot;enabled&quot;:true,&quot;pauseOnHover&quot;:false,&quot;delay&quot;:3000},&quot;imageScaleMode&quot;:&quot;fill&quot;,&quot;autoScaleSlider&quot;:true,&quot;autoScaleSliderWidth&quot;:1200,&quot;autoScaleSliderHeight&quot;:779,&quot;fitInViewport&quot;:false}'><\/div><\/div><\/div><div class=\"l-section-overlay\" style=\"background:rgba(20,20,20,0.62)\"><\/div><div class=\"l-section-h i-cf\"><div class=\"g-cols via_flex valign_top type_default\"><div class=\"vc_col-sm-12 wpb_column vc_column_container\"><div class=\"vc_column-inner us_custom_0d54facf\"><div class=\"wpb_wrapper\"><h1 class=\"w-text us_custom_41579c5f\"><span class=\"w-text-h\"><span class=\"w-text-value\">25 JAHRE INNOVATION<\/span><\/span><\/h1><ol class=\"g-breadcrumbs us_custom_ea2be81a separator_icon align_center\" itemscope itemtype=\"http:\/\/schema.org\/BreadcrumbList\"><li class=\"g-breadcrumbs-item\" itemscope itemprop=\"itemListElement\" itemtype=\"http:\/\/schema.org\/ListItem\"><a itemprop=\"item\" href=\"https:\/\/bontech.info\/de\/\"><span itemprop=\"name\">Start<\/span><\/a><meta itemprop=\"position\" content=\"1\"\/><\/li><li class=\"g-breadcrumbs-separator\"><i class=\"far fa-angle-right\"><\/i><\/li><li class=\"g-breadcrumbs-item\">Seiten<\/li><\/ol><\/div><\/div><\/div><\/div><\/div><\/section><section class=\"l-section wpb_row height_custom\"><div class=\"l-section-h i-cf\"><div class=\"g-cols via_flex valign_middle type_default\"><div class=\"vc_col-sm-12 wpb_column vc_column_container\"><div class=\"vc_column-inner\"><div class=\"wpb_wrapper\"><div class=\"wpb_text_column\"><div class=\"wpb_wrapper\"><p style=\"text-align: center;\">Bontech ist seit Jahren der gr\u00f6\u00dfte Vertreiber von H\u00f6rger\u00e4ten in Kroatien, und vor kurzem haben wir die nationale Vorrangstellung im Vertrieb von digitalen Diabetikerger\u00e4ten \u00fcbernommen.<\/p>\n<p style=\"text-align: center;\">Wir haben unsere Filialen in den 24 gr\u00f6\u00dften St\u00e4dten er\u00f6ffnet und verf\u00fcgen auch \u00fcber einen eigenen Webshop. Dar\u00fcber hinaus waren wir schon immer ein Unternehmen, das an die Technologie als Mittel zur Verbesserung des Lebens unserer Kunden durch fortschrittliche medizinische Produkte glaubt.<\/p>\n<\/div><\/div><\/div><\/div><\/div><\/div><\/div><\/section><section class=\"l-section wpb_row height_auto width_full\"><div class=\"l-section-h i-cf\"><div class=\"g-cols via_flex valign_middle type_boxes\"><div class=\"vc_col-sm-6 wpb_column vc_column_container has_bg_color\"><div class=\"vc_column-inner us_custom_c7d02f45\"><div class=\"wpb_wrapper\"><div class=\"wpb_text_column\"><div class=\"wpb_wrapper\"><h2><span style=\"color: #ffffff;\">Wir entwickeln aktiv H\u00f6rtechnologie<\/span><\/h2>\n<p><span style=\"color: #ffffff;\">Als langj\u00e4hrige H\u00f6rger\u00e4teakustiker begannen wir unsere Reise in der Zeit der analogen H\u00f6rger\u00e4te, die zu Beginn des Jahrhunderts durch fortschrittlichere digitale H\u00f6rger\u00e4te abgel\u00f6st wurden.<\/span><\/p>\n<p><span style=\"color: #ffffff;\">In den letzten Jahren unterst\u00fctzen H\u00f6rger\u00e4te die Verbindung mit modernen Ger\u00e4ten wie Smartphones und Fernsehern \u00fcber die Bluetooth-Technologie.<\/span><\/p>\n<p><span style=\"color: #ffffff;\">Bontech war 2016 das erste Unternehmen weltweit, das seinen Kunden ein Connectivity-Set angeboten hat, das aus zwei High-End-H\u00f6rger\u00e4ten und einem Smartphone besteht.<\/span><\/p>\n<p><span style=\"color: #ffffff;\">Unsere Otoakustiker bereiten dieses fortschrittliche H\u00f6rset vor und passen es an die Bed\u00fcrfnisse des jeweiligen Nutzers an.<\/span><\/p>\n<p><span style=\"color: #ffffff;\">Ab 2020 bieten wir auch ein ebenso fortschrittliches TV-Set an, was uns zu einem der innovativsten H\u00f6rger\u00e4tehersteller der Welt macht!<\/span><\/p>\n<\/div><\/div><\/div><\/div><\/div><div class=\"vc_col-sm-6 wpb_column vc_column_container has_bg_color\"><div class=\"vc_column-inner us_custom_8faa4ab5\"><div class=\"wpb_wrapper\"><div class=\"w-separator size_custom\" style=\"height:200px\"><\/div><\/div><\/div><\/div><\/div><\/div><\/section><section class=\"l-section wpb_row height_custom\"><div class=\"l-section-h i-cf\"><div class=\"g-cols via_flex valign_middle type_default\"><div class=\"vc_col-sm-12 wpb_column vc_column_container\"><div class=\"vc_column-inner\"><div class=\"wpb_wrapper\"><div class=\"wpb_text_column us_custom_50cc7d67\"><div class=\"wpb_wrapper\"><h2 style=\"text-align: center;\"><span style=\"color: #00a4bc;\">Wir betreuen Sie bequem zu Hause<\/span><\/h2>\n<\/div><\/div><div class=\"wpb_text_column\"><div class=\"wpb_wrapper\"><p style=\"text-align: center;\">Haben Sie das Bed\u00fcrfnis, Ihr H\u00f6rger\u00e4t zu verst\u00e4rken? M\u00f6chten Sie, dass Ihr H\u00f6rger\u00e4t Ihnen unter besonderen akustischen Bedingungen (z. B. in Besprechungen oder im Theater) besser dient? Keine Sorge, dank neuer Verbindungstechnologien k\u00f6nnen Sie Ihr Geh\u00f6r bequem von zu Hause aus einstellen. Setzen Sie sich in einen Sessel, vereinbaren Sie Ihr virtuelles Meeting und lassen Sie sich von unserer Otoakustik beraten.<\/p>\n<\/div><\/div><\/div><\/div><\/div><\/div><\/div><\/section><section class=\"l-section wpb_row height_auto width_full\"><div class=\"l-section-h i-cf\"><div class=\"g-cols via_flex valign_middle type_boxes\"><div class=\"vc_col-sm-6 wpb_column vc_column_container has_bg_color\"><div class=\"vc_column-inner us_custom_7f3dbaaa\"><div class=\"wpb_wrapper\"><div class=\"w-separator size_custom\" style=\"height:200px\"><\/div><\/div><\/div><\/div><div class=\"vc_col-sm-6 wpb_column vc_column_container has_bg_color\"><div class=\"vc_column-inner us_custom_c7d02f45\"><div class=\"wpb_wrapper\"><div class=\"wpb_text_column us_custom_c7d02f45\"><div class=\"wpb_wrapper\"><h2><span style=\"color: #ffffff;\">3D-Technologie bei der Herstellung von H\u00f6rger\u00e4ten<\/span><\/h2>\n<p><span style=\"color: #ffffff;\">Seit 2008 geh\u00f6ren wir weltweit zu den Ersten, die das traditionelle Herstellungsverfahren durch die fortschrittliche 3D-Technologie ersetzen. In der CAD-CAM-Anlage in Split arbeiten bis zu f\u00fcnf 3D-Drucker schnell und pr\u00e4zise und fertigen so H\u00f6rger\u00e4teeins\u00e4tze und -schalen, die vollst\u00e4ndig an den Ohrabdruck jedes Kunden angepasst sind.<\/span><\/p>\n<p><span style=\"color: #ffffff;\">Alle unsere Filialen sind mit neuen 3D-Scannern ausgestattet, die die \u00dcbertragung Ihres Ohrabdrucks in digitaler Form gew\u00e4hrleisten. Die Spezialisten von Bontech verbessern jedes H\u00f6rger\u00e4t bis zur Perfektion mit den besten Softwarel\u00f6sungen, die es derzeit auf der Welt gibt.<\/span><\/p>\n<\/div><\/div><\/div><\/div><\/div><\/div><\/div><\/section><section class=\"l-section wpb_row height_custom\"><div class=\"l-section-h i-cf\"><div class=\"g-cols via_flex valign_middle type_default\"><div class=\"vc_col-sm-12 wpb_column vc_column_container\"><div class=\"vc_column-inner\"><div class=\"wpb_wrapper\"><div class=\"wpb_text_column us_custom_907517f1\"><div class=\"wpb_wrapper\"><h2 style=\"text-align: center;\"><span style=\"color: #00a4bc;\">FSL LIBRE &#8211; Diabetes-freie Diabetes-Kontrolle<\/span><\/h2>\n<\/div><\/div><div class=\"wpb_text_column\"><div class=\"wpb_wrapper\"><p style=\"text-align: center;\">Abbott Laboratories als Hersteller und Bontech als einziger Distributor haben 2018 das FreeStyle Libre System in Kroatien eingef\u00fchrt und damit den Nutzern den Zugang zu diesem weltweit bekannten Produkt erm\u00f6glicht. Das FreeStyle Libre Blutzuckermesssystem entlastet Patienten von den t\u00e4glichen, regelm\u00e4\u00dfigen Stichen zur Blutzuckermessung.<\/p>\n<\/div><\/div><\/div><\/div><\/div><\/div><\/div><\/section><section class=\"l-section wpb_row height_auto width_full\"><div class=\"l-section-h i-cf\"><div class=\"g-cols via_flex valign_middle type_boxes\"><div class=\"vc_col-sm-6 wpb_column vc_column_container has_bg_color\"><div class=\"vc_column-inner us_custom_c7d02f45\"><div class=\"wpb_wrapper\"><div class=\"wpb_text_column\"><div class=\"wpb_wrapper\"><h2><span style=\"color: #ffffff;\">Interne Akademie f\u00fcr Otoakustik<\/span><\/h2>\n<p><span style=\"color: #ffffff;\">Unser professionelles Team unter der Leitung des Chef-Otoakustikers und Leiters der Bontech-Akademie, Darko Vidovi\u0107, organisiert interne Schulungen f\u00fcr alle neuen Mitarbeiter. Dabei wird anerkannte Welt- und eigene Fachliteratur ebenso ber\u00fccksichtigt wie die praktische Arbeit unter der Aufsicht erfahrener Otoakustiker.<\/span><\/p>\n<p><span style=\"color: #ffffff;\">Alle Mitarbeiter m\u00fcssen eine Berufspr\u00fcfung an einer internen Akademie ablegen, nach der sie den Status &#8222;selbstst\u00e4ndiger Otoakustiker&#8220; erlangen.<br \/>\n<\/span><\/p>\n<p><span style=\"color: #ffffff;\">Spezialisierte Fachleute von Bontech verfolgen st\u00e4ndig neue Technologien und Erkenntnisse, die sie an andere Inselakustiker weitergeben, um unsere Produkte und Dienstleistungen zu verbessern.<\/span><\/p>\n<\/div><\/div><\/div><\/div><\/div><div class=\"vc_col-sm-6 wpb_column vc_column_container has_bg_color\"><div class=\"vc_column-inner us_custom_ae22b93b\"><div class=\"wpb_wrapper\"><div class=\"w-separator size_custom\" style=\"height:200px\"><\/div><\/div><\/div><\/div><\/div><\/div><\/section><section class=\"l-section wpb_row height_custom\"><div class=\"l-section-h i-cf\"><div class=\"g-cols via_flex valign_middle type_default\"><div class=\"vc_col-sm-12 wpb_column vc_column_container\"><div class=\"vc_column-inner\"><div class=\"wpb_wrapper\"><div class=\"wpb_text_column us_custom_8d5aa4e2\"><div class=\"wpb_wrapper\"><h2 style=\"text-align: center;\"><span style=\"color: #00a4bc;\">Bescheinigungen<\/span><\/h2>\n<p style=\"text-align: center;\">Bontech Research Co. Ltd. ist Inhaber der Zertifikate ISO 9001 und 13485.<\/p>\n<p style=\"text-align: center;\">Alle unsere Erfolge haben wir unseren Kunden zu verdanken, die uns seit 25 Jahren die Treue halten! Als lebenslanger Freund bieten wir auch weiterhin fortschrittliche L\u00f6sungen im Bereich des H\u00f6rens und der Diabetes an.<\/p>\n<\/div><\/div><div class=\"w-btn-wrapper align_center\"><a class=\"w-btn us-btn-style_1\" href=\"https:\/\/bontech.info\/de\/kontakt\/\"><span class=\"w-btn-label\">KONTAKTIEREN SIE UNS MIT VERTRAUEN!<\/span><\/a><\/div><\/div><\/div><\/div><\/div><\/div><\/section>\n","protected":false},"excerpt":{"rendered":"25 JAHRE INNOVATIONStartSeiten Bontech ist seit Jahren der gr\u00f6\u00dfte Vertreiber von H\u00f6rger\u00e4ten in Kroatien, und vor kurzem haben wir die nationale Vorrangstellung im Vertrieb von digitalen Diabetikerger\u00e4ten \u00fcbernommen. Wir haben unsere Filialen in den 24 gr\u00f6\u00dften St\u00e4dten er\u00f6ffnet und verf\u00fcgen auch \u00fcber einen eigenen Webshop. Dar\u00fcber hinaus waren wir schon immer ein Unternehmen, das an...","protected":false},"author":1,"featured_media":9709,"parent":0,"menu_order":0,"comment_status":"closed","ping_status":"closed","template":"","meta":[],"yoast_head":"<!-- This site is optimized with the Yoast SEO plugin v17.9 - https:\/\/yoast.com\/wordpress\/plugins\/seo\/ -->\n<title>25 Jahre innovation - Bontech<\/title>\n<meta name=\"robots\" content=\"noindex, follow, max-snippet:-1, max-image-preview:large, max-video-preview:-1\" \/>\n<meta property=\"og:locale\" content=\"de_DE\" \/>\n<meta property=\"og:type\" content=\"article\" \/>\n<meta property=\"og:title\" content=\"25 Jahre innovation - Bontech\" \/>\n<meta property=\"og:url\" content=\"https:\/\/bontech.info\/de\/25-jahre-innovation\/\" \/>\n<meta property=\"og:site_name\" content=\"Bontech\" \/>\n<meta property=\"article:modified_time\" content=\"2022-03-25T12:09:05+00:00\" \/>\n<meta property=\"og:image\" content=\"https:\/\/bontech.info\/wp-content\/uploads\/2021\/10\/NAJBOLJI-BOZICNI-POKLON-CONNECTIVITY-SET.jpg\" \/>\n\t<meta property=\"og:image:width\" content=\"800\" \/>\n\t<meta property=\"og:image:height\" content=\"533\" \/>\n\t<meta property=\"og:image:type\" content=\"image\/jpeg\" \/>\n<meta name=\"twitter:card\" content=\"summary_large_image\" \/>\n<meta name=\"twitter:label1\" content=\"Gesch\u00e4tzte Lesezeit\" \/>\n\t<meta name=\"twitter:data1\" content=\"3\u00a0Minuten\" \/>\n<script type=\"application\/ld+json\" class=\"yoast-schema-graph\">{\"@context\":\"https:\/\/schema.org\",\"@graph\":[{\"@type\":\"WebSite\",\"@id\":\"https:\/\/bontech.info\/#website\",\"url\":\"https:\/\/bontech.info\/\",\"name\":\"Bontech\",\"description\":\"\",\"potentialAction\":[{\"@type\":\"SearchAction\",\"target\":{\"@type\":\"EntryPoint\",\"urlTemplate\":\"https:\/\/bontech.info\/?s={search_term_string}\"},\"query-input\":\"required name=search_term_string\"}],\"inLanguage\":\"de\"},{\"@type\":\"ImageObject\",\"@id\":\"https:\/\/bontech.info\/de\/25-jahre-innovation\/#primaryimage\",\"inLanguage\":\"de\",\"url\":\"https:\/\/bontech.info\/wp-content\/uploads\/2021\/10\/NAJBOLJI-BOZICNI-POKLON-CONNECTIVITY-SET.jpg\",\"contentUrl\":\"https:\/\/bontech.info\/wp-content\/uploads\/2021\/10\/NAJBOLJI-BOZICNI-POKLON-CONNECTIVITY-SET.jpg\",\"width\":800,\"height\":533},{\"@type\":\"WebPage\",\"@id\":\"https:\/\/bontech.info\/de\/25-jahre-innovation\/#webpage\",\"url\":\"https:\/\/bontech.info\/de\/25-jahre-innovation\/\",\"name\":\"25 Jahre innovation - Bontech\",\"isPartOf\":{\"@id\":\"https:\/\/bontech.info\/#website\"},\"primaryImageOfPage\":{\"@id\":\"https:\/\/bontech.info\/de\/25-jahre-innovation\/#primaryimage\"},\"datePublished\":\"2021-09-15T09:23:37+00:00\",\"dateModified\":\"2022-03-25T12:09:05+00:00\",\"breadcrumb\":{\"@id\":\"https:\/\/bontech.info\/de\/25-jahre-innovation\/#breadcrumb\"},\"inLanguage\":\"de\",\"potentialAction\":[{\"@type\":\"ReadAction\",\"target\":[\"https:\/\/bontech.info\/de\/25-jahre-innovation\/\"]}]},{\"@type\":\"BreadcrumbList\",\"@id\":\"https:\/\/bontech.info\/de\/25-jahre-innovation\/#breadcrumb\",\"itemListElement\":[{\"@type\":\"ListItem\",\"position\":1,\"name\":\"Po\\u010detna stranica\",\"item\":\"https:\/\/bontech.info\/de\/\"},{\"@type\":\"ListItem\",\"position\":2,\"name\":\"25 Jahre innovation\"}]}]}<\/script>\n<!-- \/ Yoast SEO plugin. -->","yoast_head_json":{"title":"25 Jahre innovation - Bontech","robots":{"index":"noindex","follow":"follow","max-snippet":"max-snippet:-1","max-image-preview":"max-image-preview:large","max-video-preview":"max-video-preview:-1"},"og_locale":"de_DE","og_type":"article","og_title":"25 Jahre innovation - Bontech","og_url":"https:\/\/bontech.info\/de\/25-jahre-innovation\/","og_site_name":"Bontech","article_modified_time":"2022-03-25T12:09:05+00:00","og_image":[{"width":800,"height":533,"url":"https:\/\/bontech.info\/wp-content\/uploads\/2021\/10\/NAJBOLJI-BOZICNI-POKLON-CONNECTIVITY-SET.jpg","type":"image\/jpeg"}],"twitter_card":"summary_large_image","twitter_misc":{"Gesch\u00e4tzte Lesezeit":"3\u00a0Minuten"},"schema":{"@context":"https:\/\/schema.org","@graph":[{"@type":"WebSite","@id":"https:\/\/bontech.info\/#website","url":"https:\/\/bontech.info\/","name":"Bontech","description":"","potentialAction":[{"@type":"SearchAction","target":{"@type":"EntryPoint","urlTemplate":"https:\/\/bontech.info\/?s={search_term_string}"},"query-input":"required name=search_term_string"}],"inLanguage":"de"},{"@type":"ImageObject","@id":"https:\/\/bontech.info\/de\/25-jahre-innovation\/#primaryimage","inLanguage":"de","url":"https:\/\/bontech.info\/wp-content\/uploads\/2021\/10\/NAJBOLJI-BOZICNI-POKLON-CONNECTIVITY-SET.jpg","contentUrl":"https:\/\/bontech.info\/wp-content\/uploads\/2021\/10\/NAJBOLJI-BOZICNI-POKLON-CONNECTIVITY-SET.jpg","width":800,"height":533},{"@type":"WebPage","@id":"https:\/\/bontech.info\/de\/25-jahre-innovation\/#webpage","url":"https:\/\/bontech.info\/de\/25-jahre-innovation\/","name":"25 Jahre innovation - Bontech","isPartOf":{"@id":"https:\/\/bontech.info\/#website"},"primaryImageOfPage":{"@id":"https:\/\/bontech.info\/de\/25-jahre-innovation\/#primaryimage"},"datePublished":"2021-09-15T09:23:37+00:00","dateModified":"2022-03-25T12:09:05+00:00","breadcrumb":{"@id":"https:\/\/bontech.info\/de\/25-jahre-innovation\/#breadcrumb"},"inLanguage":"de","potentialAction":[{"@type":"ReadAction","target":["https:\/\/bontech.info\/de\/25-jahre-innovation\/"]}]},{"@type":"BreadcrumbList","@id":"https:\/\/bontech.info\/de\/25-jahre-innovation\/#breadcrumb","itemListElement":[{"@type":"ListItem","position":1,"name":"Po\u010detna stranica","item":"https:\/\/bontech.info\/de\/"},{"@type":"ListItem","position":2,"name":"25 Jahre innovation"}]}]}},"_links":{"self":[{"href":"https:\/\/bontech.info\/de\/wp-json\/wp\/v2\/pages\/9986"}],"collection":[{"href":"https:\/\/bontech.info\/de\/wp-json\/wp\/v2\/pages"}],"about":[{"href":"https:\/\/bontech.info\/de\/wp-json\/wp\/v2\/types\/page"}],"author":[{"embeddable":true,"href":"https:\/\/bontech.info\/de\/wp-json\/wp\/v2\/users\/1"}],"replies":[{"embeddable":true,"href":"https:\/\/bontech.info\/de\/wp-json\/wp\/v2\/comments?post=9986"}],"version-history":[{"count":5,"href":"https:\/\/bontech.info\/de\/wp-json\/wp\/v2\/pages\/9986\/revisions"}],"predecessor-version":[{"id":10390,"href":"https:\/\/bontech.info\/de\/wp-json\/wp\/v2\/pages\/9986\/revisions\/10390"}],"wp:featuredmedia":[{"embeddable":true,"href":"https:\/\/bontech.info\/de\/wp-json\/wp\/v2\/media\/9709"}],"wp:attachment":[{"href":"https:\/\/bontech.info\/de\/wp-json\/wp\/v2\/media?parent=9986"}],"curies":[{"name":"wp","href":"https:\/\/api.w.org\/{rel}","templated":true}]}}