{"id":10006,"date":"2021-09-14T12:21:01","date_gmt":"2021-09-14T10:21:01","guid":{"rendered":"https:\/\/bontech.info\/slusni-aparati\/cijene-slusnih-aparata\/"},"modified":"2022-03-24T16:34:17","modified_gmt":"2022-03-24T15:34:17","slug":"i-prezzi-degli-apparecchi-acustici","status":"publish","type":"page","link":"https:\/\/bontech.info\/it\/apparecchi-acustici\/i-prezzi-degli-apparecchi-acustici\/","title":{"rendered":"I prezzi degli apparecchi acustici"},"content":{"rendered":"<section class=\"l-section wpb_row height_auto color_primary with_slider\"><div class=\"l-section-slider\"><div class=\"w-slider style_none fit_cover\"><div class=\"w-slider-h\"><div class=\"royalSlider\"><div class=\"rsContent\"><a class=\"rsImg\" data-rsw=\"1200\" data-rsh=\"798\" href=\"https:\/\/bontech.info\/wp-content\/uploads\/2021\/10\/Odabir-slusnog-aparata-Bontech.jpg\"><span data-alt=\"\"><\/span><\/a><\/div><\/div><img src=\"https:\/\/bontech.info\/wp-content\/uploads\/2021\/10\/Odabir-slusnog-aparata-Bontech.jpg\" width=\"1200\" height=\"798\" alt loading=\"lazy\"><\/div><div class=\"w-slider-json\" onclick='return {&quot;loop&quot;:true,&quot;fadeInLoadedSlide&quot;:false,&quot;slidesSpacing&quot;:0,&quot;imageScalePadding&quot;:0,&quot;numImagesToPreload&quot;:2,&quot;arrowsNav&quot;:false,&quot;arrowsNavAutoHide&quot;:false,&quot;transitionType&quot;:&quot;move&quot;,&quot;transitionSpeed&quot;:800,&quot;block&quot;:{&quot;moveEffect&quot;:&quot;none&quot;,&quot;speed&quot;:300},&quot;controlNavigation&quot;:&quot;none&quot;,&quot;autoplay&quot;:{&quot;enabled&quot;:true,&quot;pauseOnHover&quot;:false,&quot;delay&quot;:3000},&quot;imageScaleMode&quot;:&quot;fill&quot;,&quot;autoScaleSlider&quot;:true,&quot;autoScaleSliderWidth&quot;:1200,&quot;autoScaleSliderHeight&quot;:798,&quot;fitInViewport&quot;:false}'><\/div><\/div><\/div><div class=\"l-section-overlay\" style=\"background:rgba(20,20,20,0.62)\"><\/div><div class=\"l-section-h i-cf\"><div class=\"g-cols via_flex valign_top type_default\"><div class=\"vc_col-sm-12 wpb_column vc_column_container\"><div class=\"vc_column-inner us_custom_0d54facf\"><div class=\"wpb_wrapper\"><h1 class=\"w-text us_custom_41579c5f\"><span class=\"w-text-h\"><span class=\"w-text-value\">I migliori prezzi di apparecchi acustici nella reppublica di Croazia<\/span><\/span><\/h1><ol class=\"g-breadcrumbs us_custom_ea2be81a separator_icon align_center\" itemscope itemtype=\"http:\/\/schema.org\/BreadcrumbList\"><li class=\"g-breadcrumbs-item\" itemscope itemprop=\"itemListElement\" itemtype=\"http:\/\/schema.org\/ListItem\"><a itemprop=\"item\" href=\"https:\/\/bontech.info\/it\/\"><span itemprop=\"name\">Home<\/span><\/a><meta itemprop=\"position\" content=\"1\"\/><\/li><li class=\"g-breadcrumbs-separator\"><i class=\"far fa-angle-right\"><\/i><\/li><li class=\"g-breadcrumbs-item\">Pagine<\/li><\/ol><\/div><\/div><\/div><\/div><\/div><\/section><section class=\"l-section wpb_row height_custom\"><div class=\"l-section-h i-cf\"><div class=\"g-cols via_flex valign_middle type_default\"><div class=\"vc_col-sm-12 wpb_column vc_column_container\"><div class=\"vc_column-inner\"><div class=\"wpb_wrapper\"><div class=\"wpb_text_column\"><div class=\"wpb_wrapper\"><p style=\"text-align: center;\">Il prezzo di apparecchi acustici \u00e8 determinate da una serie di fattori. Una delle caratteristiche principali e pi\u00f9 fondamentali degli apparecchi acustici migliori e pi\u00f9 costosi rispetto a quelli a prezzi inferiori \u00e8 la qualit\u00e0 del suono. In particolare, la capacit\u00e0 di offrire un suono pi\u00f9 chiaro e naturale. Tutte le persone con problemi di udito hanno un problema in commune: sentono , ma non capiscono. Sono proprio gli apparecchi acustici di alta qualit\u00e0 che consentono un\u2019ascolto pi\u00f9 intelligibile e un\u2019interazione pi\u00f9 semplice con le persone attorno.<\/p>\n<\/div><\/div><\/div><\/div><\/div><\/div><\/div><\/section><section class=\"l-section wpb_row height_auto width_full\"><div class=\"l-section-h i-cf\"><div class=\"g-cols via_flex valign_middle type_boxes\"><div class=\"vc_col-sm-6 wpb_column vc_column_container has_bg_color\"><div class=\"vc_column-inner us_custom_c7d02f45\"><div class=\"wpb_wrapper\"><div class=\"wpb_text_column\"><div class=\"wpb_wrapper\"><h2><span style=\"color: #ffffff;\">Che cosa determina il prezzo degli apparecchi acustici?<\/span><\/h2>\n<p><span style=\"color: #ffffff;\">Il prezzo di un apparecchio acustico \u00e8 detreminato anche dal progresso tecnologico. Infatti, gli apparecchi acustici nuovi e migliori hanno la capacit\u00e0 di conettersi ad altri dispositivi come TV o smartphone.<\/span><\/p>\n<p><span style=\"color: #ffffff;\">L\u2019uso di tali apparecchi acustici avanzati aumenta notevolmente la qualit\u00e0 della vita alle persone con problemi di udito perch\u00e9 semplifica il funzionamento in pi\u00f9 o meno tutte le situazioni che sono difficili da superare senza l\u2019aiuto di apparecchi acustici.<\/span><\/p>\n<p><span style=\"color: #ffffff;\">Inoltre, il prezzo dipende dal design e dalle dimensioni degli apparecchi acustici, che alle volte \u00e8 strettamente correlate al grado di disabilit\u00e0 uditiva.<\/span><\/p>\n<\/div><\/div><\/div><\/div><\/div><div class=\"vc_col-sm-6 wpb_column vc_column_container has_bg_color\"><div class=\"vc_column-inner us_custom_a8d01566\"><div class=\"wpb_wrapper\"><div class=\"w-separator size_custom\" style=\"height:200px\"><\/div><\/div><\/div><\/div><\/div><\/div><\/section><section class=\"l-section wpb_row height_custom\"><div class=\"l-section-h i-cf\"><div class=\"g-cols via_flex valign_middle type_default\"><div class=\"vc_col-sm-12 wpb_column vc_column_container\"><div class=\"vc_column-inner\"><div class=\"wpb_wrapper\"><div class=\"wpb_text_column\"><div class=\"wpb_wrapper\"><h2 style=\"text-align: center;\"><span style=\"color: #00a4bc;\">Prezzi degli apparecchi per categoria<\/span><\/h2>\n<\/div><\/div><div class=\"g-cols wpb_row us_custom_72fc42ef via_flex valign_top type_default\"><div class=\"vc_col-sm-3 wpb_column vc_column_container\"><div class=\"vc_column-inner\"><div class=\"wpb_wrapper\"><div class=\"w-iconbox iconpos_top style_default color_primary align_center\"><div class=\"w-iconbox-icon\" style=\"font-size:2rem;\"><i class=\"fas fa-battery-quarter\"><\/i><\/div><div class=\"w-iconbox-meta\"><h3 class=\"w-iconbox-title\">Elementare<\/h3><div class=\"w-iconbox-text\"><p>210,00-400,00 EUR<\/p>\n<\/div><\/div><\/div><\/div><\/div><\/div><div class=\"vc_col-sm-3 wpb_column vc_column_container\"><div class=\"vc_column-inner\"><div class=\"wpb_wrapper\"><div class=\"w-iconbox iconpos_top style_default color_primary align_center\"><div class=\"w-iconbox-icon\" style=\"font-size:2rem;\"><i class=\"fas fa-battery-half\"><\/i><\/div><div class=\"w-iconbox-meta\"><h3 class=\"w-iconbox-title\">Pi\u00f9<\/h3><div class=\"w-iconbox-text\"><p>400,00 -1.135,00 EUR<\/p>\n<\/div><\/div><\/div><\/div><\/div><\/div><div class=\"vc_col-sm-3 wpb_column vc_column_container\"><div class=\"vc_column-inner\"><div class=\"wpb_wrapper\"><div class=\"w-iconbox iconpos_top style_default color_primary align_center\"><div class=\"w-iconbox-icon\" style=\"font-size:2rem;\"><i class=\"fas fa-battery-three-quarters\"><\/i><\/div><div class=\"w-iconbox-meta\"><h3 class=\"w-iconbox-title\">Avanzate<\/h3><div class=\"w-iconbox-text\"><p>1.15,00 -1.735,00 EUR<\/p>\n<\/div><\/div><\/div><\/div><\/div><\/div><div class=\"vc_col-sm-3 wpb_column vc_column_container\"><div class=\"vc_column-inner\"><div class=\"wpb_wrapper\"><div class=\"w-iconbox iconpos_top style_default color_primary align_center\"><div class=\"w-iconbox-icon\" style=\"font-size:2rem;\"><i class=\"fas fa-battery-full\"><\/i><\/div><div class=\"w-iconbox-meta\"><h3 class=\"w-iconbox-title\">Premium<\/h3><div class=\"w-iconbox-text\"><p>1.735,00- 2.800,00 EUR<\/p>\n<\/div><\/div><\/div><\/div><\/div><\/div><\/div><\/div><\/div><\/div><\/div><\/div><\/section><section class=\"l-section wpb_row height_auto width_full\"><div class=\"l-section-h i-cf\"><div class=\"g-cols via_flex valign_middle type_boxes\"><div class=\"vc_col-sm-6 wpb_column vc_column_container has_bg_color\"><div class=\"vc_column-inner us_custom_3c2c5db6\"><div class=\"wpb_wrapper\"><div class=\"w-separator size_custom\" style=\"height:200px\"><\/div><\/div><\/div><\/div><div class=\"vc_col-sm-6 wpb_column vc_column_container has_bg_color\"><div class=\"vc_column-inner us_custom_c7d02f45\"><div class=\"wpb_wrapper\"><div class=\"wpb_text_column us_custom_c7d02f45\"><div class=\"wpb_wrapper\"><h2><span style=\"color: #ffffff;\">Che viene incluso nel prezzo degli apparecchi acustici?<\/span><\/h2>\n<p><span style=\"color: #ffffff;\">I fattori che contribuiscono al prezzo di un apparecchio acustico dipendono dalla scelta della classe di qualit\u00e0. Per apparecchi acustici di qualit\u00e0 inferior, offriamo l\u2019assistenza professionale e piccolo servizi gratuiti come il cambio dei piccoli tubi e la pulizia deli apparechi acustici. <\/span><\/p>\n<p><span style=\"color: #ffffff;\">Quando si scelgono gli apparecchi di migliore qualit\u00e0, il prezzo pu\u00f2 includere tutta una serie di altri dispositivi che consentono al cliente di ascoltare meglio e senza problemi. <\/span><\/p>\n<p><span style=\"color: #ffffff;\">Con questi dispositivi intendiamo smartphone di nuova generazione, adattatori TV, TV che appoggiano la tecnologia di conessione wireless agli apparecchi acustici, caricabatterie per apparecchi acustici ecc.<\/span><\/p>\n<\/div><\/div><\/div><\/div><\/div><\/div><\/div><\/section><section class=\"l-section wpb_row height_custom\"><div class=\"l-section-h i-cf\"><div class=\"g-cols via_flex valign_middle type_default\"><div class=\"vc_col-sm-12 wpb_column vc_column_container\"><div class=\"vc_column-inner\"><div class=\"wpb_wrapper\"><div class=\"wpb_text_column us_custom_907517f1\"><div class=\"wpb_wrapper\"><h2 style=\"text-align: center;\"><span style=\"color: #00a4bc;\">Bontech care pacchetti per utenti<\/span><\/h2>\n<\/div><\/div><div class=\"wpb_text_column\"><div class=\"wpb_wrapper\"><p style=\"text-align: center;\">Maggiori informazioni sul pacchetto Care e su come viene applicator, lo scopriremo presto.<\/p>\n<\/div><\/div><\/div><\/div><\/div><\/div><\/div><\/section><section class=\"l-section wpb_row height_auto width_full\"><div class=\"l-section-h i-cf\"><div class=\"g-cols via_flex valign_middle type_boxes\"><div class=\"vc_col-sm-6 wpb_column vc_column_container has_bg_color\"><div class=\"vc_column-inner us_custom_c7d02f45\"><div class=\"wpb_wrapper\"><div class=\"wpb_text_column\"><div class=\"wpb_wrapper\"><h2><span style=\"color: #ffffff;\">Aiuto nella scelta di un apparecchio acustico<\/span><\/h2>\n<p><span style=\"color: #ffffff;\"> I nostri otoacustici istruiti ed esperti sono a disposizione dei nostri clienti quando scelgono gli apparecchi acustici. Dedicheranno tempo e conoscenza ad ogni vostra visita in una delle nostre filiali.<\/span><\/p>\n<p><span style=\"color: #ffffff;\">I nostri otoacustici concentreranno la loro esperienza nell\u2019aiutarvi a scegliere gli apparecchi acustici adeguati e ottimali e sapranno sicuramente come risolvere i vostri problemi avendo molti anni di esperienza nel lavoro con persone con problemi di udito. Quindi contattateci con fiducia e lasciate che il mondo degli suoni rientri nella vostra vita.<\/span><\/p>\n<h3><span style=\"color: #ffffff;\">Modelli di finanziamento<\/span><\/h3>\n<p><span style=\"color: #ffffff;\">Potete acquistare i nostri apparecchi acustici in contanti che include gli sconti maggiori. Inoltre, in collaborazione con le principali banche in Croazia, potete acquistare i vostri apparecchi acustici a rate fino a 36 mesi senza interessi con le carte di pagamento.<\/span><\/p>\n<\/div><\/div><\/div><\/div><\/div><div class=\"vc_col-sm-6 wpb_column vc_column_container has_bg_color\"><div class=\"vc_column-inner us_custom_dca18e98\"><div class=\"wpb_wrapper\"><div class=\"w-separator size_custom\" style=\"height:200px\"><\/div><\/div><\/div><\/div><\/div><\/div><\/section><section class=\"l-section wpb_row height_custom\"><div class=\"l-section-h i-cf\"><div class=\"g-cols via_flex valign_middle type_default\"><div class=\"vc_col-sm-12 wpb_column vc_column_container\"><div class=\"vc_column-inner\"><div class=\"wpb_wrapper\"><div class=\"wpb_text_column us_custom_8d5aa4e2\"><div class=\"wpb_wrapper\"><h2 style=\"text-align: center;\"><span style=\"color: #00a4bc;\">Volete provare gratuitamente i modelli di apparecchi acustici?<\/span><\/h2>\n<\/div><\/div><div class=\"wpb_text_column\"><div class=\"wpb_wrapper\"><p style=\"text-align: center;\">Scegliete una di 27 filliali e inserite i vostri dati di contatto oppure chimateci al Numero Verde <a href=\"tel:08004466\">0800 44 66<\/a><\/p>\n<\/div><\/div><div class=\"g-cols wpb_row us_custom_72fc42ef via_flex valign_top type_default\"><div class=\"vc_col-sm-6 wpb_column vc_column_container\"><div class=\"vc_column-inner\"><div class=\"wpb_wrapper\"><div class=\"w-image align_center\"><div class=\"w-image-h\"><img width=\"1024\" height=\"1024\" src=\"https:\/\/bontech.info\/wp-content\/uploads\/2021\/10\/Bontech-lokacije-poslovnica-2.png\" class=\"attachment-large size-large\" alt=\"\" loading=\"lazy\" srcset=\"https:\/\/bontech.info\/wp-content\/uploads\/2021\/10\/Bontech-lokacije-poslovnica-2.png 1024w, https:\/\/bontech.info\/wp-content\/uploads\/2021\/10\/Bontech-lokacije-poslovnica-2-300x300.png 300w, https:\/\/bontech.info\/wp-content\/uploads\/2021\/10\/Bontech-lokacije-poslovnica-2-150x150.png 150w\" sizes=\"(max-width: 1024px) 100vw, 1024px\" \/><\/div><\/div><\/div><\/div><\/div><div class=\"vc_col-sm-6 wpb_column vc_column_container\"><div class=\"vc_column-inner\"><div class=\"wpb_wrapper\"><div role=\"form\" class=\"wpcf7\" id=\"wpcf7-f7969-o1\" lang=\"hr\" dir=\"ltr\">\n<div class=\"screen-reader-response\"><p role=\"status\" aria-live=\"polite\" aria-atomic=\"true\"><\/p> <ul><\/ul><\/div>\n<form action=\"\/it\/wp-json\/wp\/v2\/pages\/10006#wpcf7-f7969-o1\" method=\"post\" class=\"wpcf7-form init\" novalidate=\"novalidate\" data-status=\"init\">\n<div style=\"display: none;\">\n<input type=\"hidden\" name=\"_wpcf7\" value=\"7969\" \/>\n<input type=\"hidden\" name=\"_wpcf7_version\" value=\"5.4.2\" \/>\n<input type=\"hidden\" name=\"_wpcf7_locale\" value=\"hr\" \/>\n<input type=\"hidden\" name=\"_wpcf7_unit_tag\" value=\"wpcf7-f7969-o1\" \/>\n<input type=\"hidden\" name=\"_wpcf7_container_post\" value=\"0\" \/>\n<input type=\"hidden\" name=\"_wpcf7_posted_data_hash\" value=\"\" \/>\n<\/div>\n<p><label> Select your area<br \/>\n    <span class=\"wpcf7-form-control-wrap menu-85\"><select name=\"menu-85\" class=\"wpcf7-form-control wpcf7-select wpcf7-validates-as-required\" aria-required=\"true\" aria-invalid=\"false\"><option value=\"Zagreb\">Zagreb<\/option><option value=\"Split\">Split<\/option><option value=\"Rijeka\">Rijeka<\/option><option value=\"Osijek\">Osijek<\/option><option value=\"Zabok\">Zabok<\/option><option value=\"Sisak\">Sisak<\/option><option value=\"Karlovac\">Karlovac<\/option><option value=\"Vara\u017edin\">Vara\u017edin<\/option><option value=\"Bjelovar\">Bjelovar<\/option><option value=\"\u010cakovec\">\u010cakovec<\/option><option value=\"Koprivnica\">Koprivnica<\/option><option value=\"Ogulin\">Ogulin<\/option><option value=\"Pakrac\">Pakrac<\/option><option value=\"Virovitica\">Virovitica<\/option><option value=\"Nova Gradi\u0161ka\">Nova Gradi\u0161ka<\/option><option value=\"Gospi\u0107\">Gospi\u0107<\/option><option value=\"Na\u0161ice\">Na\u0161ice<\/option><option value=\"Slavonski Brod\">Slavonski Brod<\/option><option value=\"Pula\">Pula<\/option><option value=\"Zadar\">Zadar<\/option><option value=\"Vinkovci\">Vinkovci<\/option><option value=\"\u0160ibenik\">\u0160ibenik<\/option><option value=\"Vukovar\">Vukovar<\/option><option value=\"Dubrovnik\">Dubrovnik<\/option><\/select><\/span> <\/label><\/p>\n<p><label> Name<br \/>\n    <span class=\"wpcf7-form-control-wrap your-name\"><input type=\"text\" name=\"your-name\" value=\"\" size=\"40\" class=\"wpcf7-form-control wpcf7-text wpcf7-validates-as-required\" aria-required=\"true\" aria-invalid=\"false\" \/><\/span> <\/label><\/p>\n<p><label> E-Mail<br \/>\n    <span class=\"wpcf7-form-control-wrap your-email\"><input type=\"email\" name=\"your-email\" value=\"\" size=\"40\" class=\"wpcf7-form-control wpcf7-text wpcf7-email wpcf7-validates-as-required wpcf7-validates-as-email\" aria-required=\"true\" aria-invalid=\"false\" \/><\/span> <\/label><\/p>\n<p><label> Contact number<br \/>\n    <span class=\"wpcf7-form-control-wrap tel-660\"><input type=\"tel\" name=\"tel-660\" value=\"\" size=\"40\" class=\"wpcf7-form-control wpcf7-text wpcf7-tel wpcf7-validates-as-required wpcf7-validates-as-tel\" aria-required=\"true\" aria-invalid=\"false\" \/><\/span> <\/label><\/p>\n<p><span class=\"wpcf7-form-control-wrap kc_captcha\"><span class=\"wpcf7-form-control wpcf7-radio\"> \n    <span class=\"captcha-image\" >\n        <span class=\"cf7ic_instructions\">Prova che sei umano selezionando l'icona corrispondente a<span> Bandiera<\/span>.<\/span><label><input type=\"radio\" name=\"kc_captcha\" value=\"bot\" \/><svg width=\"50\" height=\"50\" aria-hidden=\"true\" role=\"img\" xmlns=\"https:\/\/www.w3.org\/2000\/svg\" viewBox=\"0 0 576 512\"><path fill=\"currentColor\" d=\"M259 18l-65 132-146 22c-26 3-37 36-18 54l106 103-25 146c-5 26 23 46 46 33l131-68 131 68c23 13 51-7 46-33l-25-146 106-103c19-18 8-51-18-54l-146-22-65-132a32 32 0 00-58 0z\"\/><\/svg><\/label><label><input type=\"radio\" name=\"kc_captcha\" value=\"bot\" \/><svg width=\"50\" height=\"50\" aria-hidden=\"true\" role=\"img\" xmlns=\"https:\/\/www.w3.org\/2000\/svg\" viewBox=\"0 0 640 512\"><path fill=\"currentColor\" d=\"M192 384h192c53 0 96-43 96-96h32a128 128 0 000-256H120c-13 0-24 11-24 24v232c0 53 43 96 96 96zM512 96a64 64 0 010 128h-32V96h32zm48 384H48c-47 0-61-64-36-64h584c25 0 11 64-36 64z\"\/><\/svg><\/label><label><input type=\"radio\" name=\"kc_captcha\" value=\"kc_human\" \/><svg width=\"50\" height=\"50\" aria-hidden=\"true\" role=\"img\" xmlns=\"https:\/\/www.w3.org\/2000\/svg\" viewBox=\"0 0 512 512\"><path fill=\"currentColor\" d=\"M350 99c-54 0-98-35-166-35-25 0-47 4-68 12a56 56 0 004-24C118 24 95 1 66 0a56 56 0 00-34 102v386c0 13 11 24 24 24h16c13 0 24-11 24-24v-94c28-12 64-23 114-23 54 0 98 35 166 35 48 0 86-16 122-41 9-6 14-15 14-26V96c0-23-24-39-45-29-35 16-77 32-117 32z\"\/><\/svg><\/label>\n    <\/span>\n    <span style=\"display:none\">\n        <input type=\"text\" name=\"kc_honeypot\">\n    <\/span><\/span><\/span><\/p>\n<p><label> <span class=\"wpcf7-form-control-wrap acceptance-417\"><span class=\"wpcf7-form-control wpcf7-acceptance\"><span class=\"wpcf7-list-item\"><label><input type=\"checkbox\" name=\"acceptance-417\" value=\"1\" aria-invalid=\"false\" \/><span class=\"wpcf7-list-item-label\">I agree<\/span><\/label><\/span><\/span><\/span><br \/>\n<SPAN STYLE=\"font-size: 8pt;font-style: italic;line-height: 8pt;\">I agree to my data being stored, and occasionally used for the purpose of sending newsletters and other promotional emails. I understand that at my own request, I can unsubscribe from the e-mail list at any time, request access to my data, and, if I wish, edit or permanently remove it from your database.<\/span><br \/>\n<\/label><\/p>\n<p><input type=\"submit\" value=\"Submit\" class=\"wpcf7-form-control wpcf7-submit\" \/><\/p>\n<div class=\"wpcf7-response-output\" aria-hidden=\"true\"><\/div><\/form><\/div><\/div><\/div><\/div><\/div><\/div><\/div><\/div><\/div><\/div><\/section>\n","protected":false},"excerpt":{"rendered":"I migliori prezzi di apparecchi acustici nella reppublica di CroaziaHomePagineIl prezzo di apparecchi acustici \u00e8 determinate da una serie di fattori. Una delle caratteristiche principali e pi\u00f9 fondamentali degli apparecchi acustici migliori e pi\u00f9 costosi rispetto a quelli a prezzi inferiori \u00e8 la qualit\u00e0 del suono. In particolare, la capacit\u00e0 di offrire un suono pi\u00f9...","protected":false},"author":1,"featured_media":9802,"parent":9997,"menu_order":0,"comment_status":"closed","ping_status":"closed","template":"","meta":[],"yoast_head":"<!-- This site is optimized with the Yoast SEO plugin v17.9 - https:\/\/yoast.com\/wordpress\/plugins\/seo\/ -->\n<title>Cijene Slu\u0161nih Aparata i Njihovo Financiranje - Bontech<\/title>\n<meta name=\"robots\" content=\"noindex, follow, max-snippet:-1, max-image-preview:large, max-video-preview:-1\" \/>\n<meta property=\"og:locale\" content=\"it_IT\" \/>\n<meta property=\"og:type\" content=\"article\" \/>\n<meta property=\"og:title\" content=\"Cijene Slu\u0161nih Aparata i Njihovo Financiranje - Bontech\" \/>\n<meta property=\"og:url\" content=\"https:\/\/bontech.info\/it\/apparecchi-acustici\/i-prezzi-degli-apparecchi-acustici\/\" \/>\n<meta property=\"og:site_name\" content=\"Bontech\" \/>\n<meta property=\"article:modified_time\" content=\"2022-03-24T15:34:17+00:00\" \/>\n<meta property=\"og:image\" content=\"https:\/\/bontech.info\/wp-content\/uploads\/2021\/10\/Kupnja-slusnog-aparata-Bontech.jpg\" \/>\n\t<meta property=\"og:image:width\" content=\"1200\" \/>\n\t<meta property=\"og:image:height\" content=\"800\" \/>\n\t<meta property=\"og:image:type\" content=\"image\/jpeg\" \/>\n<meta name=\"twitter:card\" content=\"summary_large_image\" \/>\n<meta name=\"twitter:label1\" content=\"Tempo di lettura stimato\" \/>\n\t<meta name=\"twitter:data1\" content=\"3 minuti\" \/>\n<script type=\"application\/ld+json\" class=\"yoast-schema-graph\">{\"@context\":\"https:\/\/schema.org\",\"@graph\":[{\"@type\":\"WebSite\",\"@id\":\"https:\/\/bontech.info\/#website\",\"url\":\"https:\/\/bontech.info\/\",\"name\":\"Bontech\",\"description\":\"\",\"potentialAction\":[{\"@type\":\"SearchAction\",\"target\":{\"@type\":\"EntryPoint\",\"urlTemplate\":\"https:\/\/bontech.info\/?s={search_term_string}\"},\"query-input\":\"required name=search_term_string\"}],\"inLanguage\":\"it-IT\"},{\"@type\":\"ImageObject\",\"@id\":\"https:\/\/bontech.info\/it\/apparecchi-acustici\/i-prezzi-degli-apparecchi-acustici\/#primaryimage\",\"inLanguage\":\"it-IT\",\"url\":\"https:\/\/bontech.info\/wp-content\/uploads\/2021\/10\/Kupnja-slusnog-aparata-Bontech.jpg\",\"contentUrl\":\"https:\/\/bontech.info\/wp-content\/uploads\/2021\/10\/Kupnja-slusnog-aparata-Bontech.jpg\",\"width\":1200,\"height\":800},{\"@type\":\"WebPage\",\"@id\":\"https:\/\/bontech.info\/it\/apparecchi-acustici\/i-prezzi-degli-apparecchi-acustici\/#webpage\",\"url\":\"https:\/\/bontech.info\/it\/apparecchi-acustici\/i-prezzi-degli-apparecchi-acustici\/\",\"name\":\"Cijene Slu\\u0161nih Aparata i Njihovo Financiranje - Bontech\",\"isPartOf\":{\"@id\":\"https:\/\/bontech.info\/#website\"},\"primaryImageOfPage\":{\"@id\":\"https:\/\/bontech.info\/it\/apparecchi-acustici\/i-prezzi-degli-apparecchi-acustici\/#primaryimage\"},\"datePublished\":\"2021-09-14T10:21:01+00:00\",\"dateModified\":\"2022-03-24T15:34:17+00:00\",\"breadcrumb\":{\"@id\":\"https:\/\/bontech.info\/it\/apparecchi-acustici\/i-prezzi-degli-apparecchi-acustici\/#breadcrumb\"},\"inLanguage\":\"it-IT\",\"potentialAction\":[{\"@type\":\"ReadAction\",\"target\":[\"https:\/\/bontech.info\/it\/apparecchi-acustici\/i-prezzi-degli-apparecchi-acustici\/\"]}]},{\"@type\":\"BreadcrumbList\",\"@id\":\"https:\/\/bontech.info\/it\/apparecchi-acustici\/i-prezzi-degli-apparecchi-acustici\/#breadcrumb\",\"itemListElement\":[{\"@type\":\"ListItem\",\"position\":1,\"name\":\"Po\\u010detna stranica\",\"item\":\"https:\/\/bontech.info\/it\/\"},{\"@type\":\"ListItem\",\"position\":2,\"name\":\"Apparecchi acustici\",\"item\":\"https:\/\/bontech.info\/it\/apparecchi-acustici\/\"},{\"@type\":\"ListItem\",\"position\":3,\"name\":\"I prezzi degli apparecchi acustici\"}]}]}<\/script>\n<!-- \/ Yoast SEO plugin. -->","yoast_head_json":{"title":"Cijene Slu\u0161nih Aparata i Njihovo Financiranje - Bontech","robots":{"index":"noindex","follow":"follow","max-snippet":"max-snippet:-1","max-image-preview":"max-image-preview:large","max-video-preview":"max-video-preview:-1"},"og_locale":"it_IT","og_type":"article","og_title":"Cijene Slu\u0161nih Aparata i Njihovo Financiranje - Bontech","og_url":"https:\/\/bontech.info\/it\/apparecchi-acustici\/i-prezzi-degli-apparecchi-acustici\/","og_site_name":"Bontech","article_modified_time":"2022-03-24T15:34:17+00:00","og_image":[{"width":1200,"height":800,"url":"https:\/\/bontech.info\/wp-content\/uploads\/2021\/10\/Kupnja-slusnog-aparata-Bontech.jpg","type":"image\/jpeg"}],"twitter_card":"summary_large_image","twitter_misc":{"Tempo di lettura stimato":"3 minuti"},"schema":{"@context":"https:\/\/schema.org","@graph":[{"@type":"WebSite","@id":"https:\/\/bontech.info\/#website","url":"https:\/\/bontech.info\/","name":"Bontech","description":"","potentialAction":[{"@type":"SearchAction","target":{"@type":"EntryPoint","urlTemplate":"https:\/\/bontech.info\/?s={search_term_string}"},"query-input":"required name=search_term_string"}],"inLanguage":"it-IT"},{"@type":"ImageObject","@id":"https:\/\/bontech.info\/it\/apparecchi-acustici\/i-prezzi-degli-apparecchi-acustici\/#primaryimage","inLanguage":"it-IT","url":"https:\/\/bontech.info\/wp-content\/uploads\/2021\/10\/Kupnja-slusnog-aparata-Bontech.jpg","contentUrl":"https:\/\/bontech.info\/wp-content\/uploads\/2021\/10\/Kupnja-slusnog-aparata-Bontech.jpg","width":1200,"height":800},{"@type":"WebPage","@id":"https:\/\/bontech.info\/it\/apparecchi-acustici\/i-prezzi-degli-apparecchi-acustici\/#webpage","url":"https:\/\/bontech.info\/it\/apparecchi-acustici\/i-prezzi-degli-apparecchi-acustici\/","name":"Cijene Slu\u0161nih Aparata i Njihovo Financiranje - Bontech","isPartOf":{"@id":"https:\/\/bontech.info\/#website"},"primaryImageOfPage":{"@id":"https:\/\/bontech.info\/it\/apparecchi-acustici\/i-prezzi-degli-apparecchi-acustici\/#primaryimage"},"datePublished":"2021-09-14T10:21:01+00:00","dateModified":"2022-03-24T15:34:17+00:00","breadcrumb":{"@id":"https:\/\/bontech.info\/it\/apparecchi-acustici\/i-prezzi-degli-apparecchi-acustici\/#breadcrumb"},"inLanguage":"it-IT","potentialAction":[{"@type":"ReadAction","target":["https:\/\/bontech.info\/it\/apparecchi-acustici\/i-prezzi-degli-apparecchi-acustici\/"]}]},{"@type":"BreadcrumbList","@id":"https:\/\/bontech.info\/it\/apparecchi-acustici\/i-prezzi-degli-apparecchi-acustici\/#breadcrumb","itemListElement":[{"@type":"ListItem","position":1,"name":"Po\u010detna stranica","item":"https:\/\/bontech.info\/it\/"},{"@type":"ListItem","position":2,"name":"Apparecchi acustici","item":"https:\/\/bontech.info\/it\/apparecchi-acustici\/"},{"@type":"ListItem","position":3,"name":"I prezzi degli apparecchi acustici"}]}]}},"_links":{"self":[{"href":"https:\/\/bontech.info\/it\/wp-json\/wp\/v2\/pages\/10006"}],"collection":[{"href":"https:\/\/bontech.info\/it\/wp-json\/wp\/v2\/pages"}],"about":[{"href":"https:\/\/bontech.info\/it\/wp-json\/wp\/v2\/types\/page"}],"author":[{"embeddable":true,"href":"https:\/\/bontech.info\/it\/wp-json\/wp\/v2\/users\/1"}],"replies":[{"embeddable":true,"href":"https:\/\/bontech.info\/it\/wp-json\/wp\/v2\/comments?post=10006"}],"version-history":[{"count":3,"href":"https:\/\/bontech.info\/it\/wp-json\/wp\/v2\/pages\/10006\/revisions"}],"predecessor-version":[{"id":10352,"href":"https:\/\/bontech.info\/it\/wp-json\/wp\/v2\/pages\/10006\/revisions\/10352"}],"up":[{"embeddable":true,"href":"https:\/\/bontech.info\/it\/wp-json\/wp\/v2\/pages\/9997"}],"wp:featuredmedia":[{"embeddable":true,"href":"https:\/\/bontech.info\/it\/wp-json\/wp\/v2\/media\/9802"}],"wp:attachment":[{"href":"https:\/\/bontech.info\/it\/wp-json\/wp\/v2\/media?parent=10006"}],"curies":[{"name":"wp","href":"https:\/\/api.w.org\/{rel}","templated":true}]}}