{"id":10020,"date":"2021-09-15T14:35:42","date_gmt":"2021-09-15T12:35:42","guid":{"rendered":"https:\/\/bontech.info\/slusni-aparati\/remote-care\/"},"modified":"2022-03-24T16:41:53","modified_gmt":"2022-03-24T15:41:53","slug":"regolazione-remota-degli-apparecchi-acustici","status":"publish","type":"page","link":"https:\/\/bontech.info\/it\/apparecchi-acustici\/regolazione-remota-degli-apparecchi-acustici\/","title":{"rendered":"Regolazione remota degli apparecchi acustici"},"content":{"rendered":"<section class=\"l-section wpb_row height_auto color_primary with_slider\"><div class=\"l-section-slider\"><div class=\"w-slider style_none fit_cover\"><div class=\"w-slider-h\"><div class=\"royalSlider\"><div class=\"rsContent\"><a class=\"rsImg\" data-rsw=\"800\" data-rsh=\"533\" href=\"https:\/\/bontech.info\/wp-content\/uploads\/2021\/10\/Bontech-slusni-aparat-uz-mobitel.jpg\"><span data-alt=\"\"><\/span><\/a><\/div><\/div><img src=\"https:\/\/bontech.info\/wp-content\/uploads\/2021\/10\/Bontech-slusni-aparat-uz-mobitel.jpg\" width=\"800\" height=\"533\" alt loading=\"lazy\"><\/div><div class=\"w-slider-json\" onclick='return {&quot;loop&quot;:true,&quot;fadeInLoadedSlide&quot;:false,&quot;slidesSpacing&quot;:0,&quot;imageScalePadding&quot;:0,&quot;numImagesToPreload&quot;:2,&quot;arrowsNav&quot;:false,&quot;arrowsNavAutoHide&quot;:false,&quot;transitionType&quot;:&quot;move&quot;,&quot;transitionSpeed&quot;:800,&quot;block&quot;:{&quot;moveEffect&quot;:&quot;none&quot;,&quot;speed&quot;:300},&quot;controlNavigation&quot;:&quot;none&quot;,&quot;autoplay&quot;:{&quot;enabled&quot;:true,&quot;pauseOnHover&quot;:false,&quot;delay&quot;:3000},&quot;imageScaleMode&quot;:&quot;fill&quot;,&quot;autoScaleSlider&quot;:true,&quot;autoScaleSliderWidth&quot;:800,&quot;autoScaleSliderHeight&quot;:533,&quot;fitInViewport&quot;:false}'><\/div><\/div><\/div><div class=\"l-section-overlay\" style=\"background:rgba(20,20,20,0.62)\"><\/div><div class=\"l-section-h i-cf\"><div class=\"g-cols via_flex valign_top type_default\"><div class=\"vc_col-sm-12 wpb_column vc_column_container\"><div class=\"vc_column-inner us_custom_0d54facf\"><div class=\"wpb_wrapper\"><h1 class=\"w-text us_custom_41579c5f\"><span class=\"w-text-h\"><span class=\"w-text-value\">Regolazione remota degli apparecchi acustici<\/span><\/span><\/h1><ol class=\"g-breadcrumbs us_custom_ea2be81a separator_icon align_center\" itemscope itemtype=\"http:\/\/schema.org\/BreadcrumbList\"><li class=\"g-breadcrumbs-item\" itemscope itemprop=\"itemListElement\" itemtype=\"http:\/\/schema.org\/ListItem\"><a itemprop=\"item\" href=\"https:\/\/bontech.info\/it\/\"><span itemprop=\"name\">Home<\/span><\/a><meta itemprop=\"position\" content=\"1\"\/><\/li><li class=\"g-breadcrumbs-separator\"><i class=\"far fa-angle-right\"><\/i><\/li><li class=\"g-breadcrumbs-item\">Pagine<\/li><\/ol><\/div><\/div><\/div><\/div><\/div><\/section><section class=\"l-section wpb_row height_custom\"><div class=\"l-section-h i-cf\"><div class=\"g-cols via_flex valign_middle type_default\"><div class=\"vc_col-sm-12 wpb_column vc_column_container\"><div class=\"vc_column-inner\"><div class=\"wpb_wrapper\"><div class=\"wpb_text_column\"><div class=\"wpb_wrapper\"><p style=\"text-align: center;\">Ogni tanto, gli apparecchi acustici devono essere regolati o modificati. Pertanto, \u00e8 necessario fissare un appuntamento con i nostri otoacustici per eseguire il controllo.<\/p>\n<p style=\"text-align: center;\">Tuttavia, a volte venire in una delle nostre filiali pu\u00f2 essere un problema. Pertanto, per offrirvi il massimo di servizio, potete fare la regolazione remota degli apparecchi acustici presso Bontech.<\/p>\n<\/div><\/div><\/div><\/div><\/div><\/div><\/div><\/section><section class=\"l-section wpb_row height_auto width_full\"><div class=\"l-section-h i-cf\"><div class=\"g-cols via_flex valign_middle type_boxes\"><div class=\"vc_col-sm-6 wpb_column vc_column_container has_bg_color\"><div class=\"vc_column-inner us_custom_c7d02f45\"><div class=\"wpb_wrapper\"><div class=\"wpb_text_column\"><div class=\"wpb_wrapper\"><h2><span style=\"color: #ffffff;\">Dalla comodit\u00e0 di casa vostra<\/span><\/h2>\n<p><span style=\"color: #ffffff;\">Avete sentito il bisogno di rinforzare il vostro apparecchio acustico? Volete che il vostro apparecchio acustico vi serva meglio in condizioni acustiche speciali (ad.es. negli appuntamenti o a teatro)? Non preoccuparvi, le nuove tecnologie di connessione hanno reso possibile regolare il vostro udito comodamente da casa. Sedetevi in poltrona, organizzate il vostro incontro virtuale e affidatevi all\u2019esperienza dei nostri otoacustici.<\/span><\/p>\n<h3><span style=\"color: #ffffff;\">Risparmio di tempo<\/span><\/h3>\n<p><span style=\"color: #ffffff;\">\u00c8 possibile che voi non abitate vicino alle nostre filiali o che venire nella nostra filiale in un detreminato mometo non corrisponda ai vostri piani. Il servizio di regolazione remota degli apparecchi acustici vi far\u00e0 sicuramente risparmiare tempo e vi permetter\u00e0 di fare tutto ci\u00f2 che avete programmato quel giorno.<\/span><\/p>\n<\/div><\/div><\/div><\/div><\/div><div class=\"vc_col-sm-6 wpb_column vc_column_container has_bg_color\"><div class=\"vc_column-inner us_custom_70700291\"><div class=\"wpb_wrapper\"><div class=\"w-separator size_custom\" style=\"height:200px\"><\/div><\/div><\/div><\/div><\/div><\/div><\/section><section class=\"l-section wpb_row height_custom\"><div class=\"l-section-h i-cf\"><div class=\"g-cols via_flex valign_middle type_default\"><div class=\"vc_col-sm-12 wpb_column vc_column_container\"><div class=\"vc_column-inner\"><div class=\"wpb_wrapper\"><div class=\"wpb_text_column us_custom_50cc7d67\"><div class=\"wpb_wrapper\"><h2 style=\"text-align: center;\"><span style=\"color: #00a4bc;\">Procedura di regolazione remota<\/span><\/h2>\n<\/div><\/div><div class=\"wpb_text_column us_custom_50cc7d67\"><div class=\"wpb_wrapper\"><p style=\"text-align: center;\">Il srevizio di regolazione remota dell&#8217;apparecchio acustico si chiama Remote Care e viene eseguito tramite un&#8217;app mobile su uno smartphone. Tutte le istruzioni sono descritte nel video.<\/p>\n<p style=\"text-align: center;\">Se avete bisogno di una spiegazione dettagliata, I nostri otoacustici vi aiuterano volentieri.<\/p>\n<p style=\"text-align: center;\">** La procedura \u00e8 diversa sui sistemi iOS e Android<\/p>\n<\/div><\/div><div class=\"w-video align_center ratio_16x9\" onclick=\"return {&quot;player_id&quot;:&quot;youtube-a823&quot;,&quot;player_api&quot;:&quot;\\\/\\\/www.youtube.com\\\/player_api&quot;,&quot;player_html&quot;:&quot;&lt;div id=\\&quot;youtube-a823\\&quot;&gt;&lt;\\\/div&gt;&lt;script&gt;\\r\\n\\t\\t\\tfunction onYouTubePlayerAPIReady() {\\r\\n\\t\\t\\t\\t$us.YTPlayers[\\&quot;youtube-a823\\&quot;] = new YT.Player( \\&quot;youtube-a823\\&quot;, {\\r\\n\\t\\t\\t\\t\\tvideoId: \\&quot;AnnPTYYNCa4\\&quot;,\\r\\n\\t\\t\\t\\t\\tplayerVars: {\\&quot;origin\\&quot;:\\&quot;https:\\\\\\\/\\\\\\\/bontech.info\\&quot;,\\&quot;controls\\&quot;:0}\\r\\n\\t\\t\\t\\t} )\\r\\n\\t\\t\\t}\\r\\n\\t\\t\\tif ( !! window.YT ) onYouTubePlayerAPIReady()\\r\\n\\t\\t&lt;\\\/script&gt;&quot;}\"><div class=\"w-video-h\"><\/div><div class=\"w-video-icon\" style=\"font-size:1.5rem;background:rgba(0,0,0,0.5);color:#fff\"><\/div><\/div><\/div><\/div><\/div><\/div><\/div><\/section><section class=\"l-section wpb_row us_custom_c7d02f45 height_custom\"><div class=\"l-section-h i-cf\"><div class=\"g-cols via_flex valign_top type_default\"><div class=\"vc_col-sm-12 wpb_column vc_column_container\"><div class=\"vc_column-inner\"><div class=\"wpb_wrapper\"><div class=\"wpb_text_column us_custom_50cc7d67\"><div class=\"wpb_wrapper\"><h2 style=\"text-align: center;\"><span style=\"color: #ffffff;\">Modelli e condizioni sostenuti<\/span><\/h2>\n<\/div><\/div><div class=\"g-cols wpb_row via_flex valign_top type_default\"><div class=\"vc_col-sm-12 wpb_column vc_column_container\"><div class=\"vc_column-inner\"><div class=\"wpb_wrapper\"><div class=\"wpb_text_column\"><div class=\"wpb_wrapper\"><p style=\"text-align: center;\"><span style=\"color: #ffffff;\">La regolazione remota degli apparecchi acustici \u00e8 possibile solo con I modelli che includono la tecnologia 2.4G. Inoltre, Remote Care \u00e8 disponibile esclusivamente per gli adulti (magiorenni). <\/span><\/p>\n<p style=\"text-align: center;\"><span style=\"color: #ffffff;\">Se non siete sicuri che il vostro dispositivo disponga di questa tecnologia, chiamate il numero 0800 44 66 o direttamente la filiale in cui vi \u00e8 stato consegnato l&#8217;apparecchio acustico.<\/span><\/p>\n<\/div><\/div><\/div><\/div><\/div><\/div><\/div><\/div><\/div><\/div><\/div><\/section><section class=\"l-section wpb_row height_custom\"><div class=\"l-section-h i-cf\"><div class=\"g-cols via_flex valign_middle type_default\"><div class=\"vc_col-sm-12 wpb_column vc_column_container\"><div class=\"vc_column-inner\"><div class=\"wpb_wrapper\"><div class=\"wpb_text_column us_custom_8d5aa4e2\"><div class=\"wpb_wrapper\"><h2 style=\"text-align: center;\"><span style=\"color: #00a4bc;\">Avete bisogno di ulteriori informazioni o aiuto?<\/span><\/h2>\n<\/div><\/div><div class=\"wpb_text_column\"><div class=\"wpb_wrapper\"><p style=\"text-align: center;\">Scegliete una di 27 filliali e inserite i vostri dati di contatto oppure chimateci al Numero Verde <a href=\"tel:08004466\">0800 44 66<\/a><\/p>\n<\/div><\/div><div class=\"g-cols wpb_row us_custom_72fc42ef via_flex valign_top type_default\"><div class=\"vc_col-sm-6 wpb_column vc_column_container\"><div class=\"vc_column-inner\"><div class=\"wpb_wrapper\"><div class=\"w-image align_center\"><div class=\"w-image-h\"><img width=\"1024\" height=\"1024\" src=\"https:\/\/bontech.info\/wp-content\/uploads\/2021\/10\/Bontech-lokacije-poslovnica-2.png\" class=\"attachment-large size-large\" alt=\"\" loading=\"lazy\" srcset=\"https:\/\/bontech.info\/wp-content\/uploads\/2021\/10\/Bontech-lokacije-poslovnica-2.png 1024w, https:\/\/bontech.info\/wp-content\/uploads\/2021\/10\/Bontech-lokacije-poslovnica-2-300x300.png 300w, https:\/\/bontech.info\/wp-content\/uploads\/2021\/10\/Bontech-lokacije-poslovnica-2-150x150.png 150w\" sizes=\"(max-width: 1024px) 100vw, 1024px\" \/><\/div><\/div><\/div><\/div><\/div><div class=\"vc_col-sm-6 wpb_column vc_column_container\"><div class=\"vc_column-inner\"><div class=\"wpb_wrapper\"><div role=\"form\" class=\"wpcf7\" id=\"wpcf7-f7969-o1\" lang=\"hr\" dir=\"ltr\">\n<div class=\"screen-reader-response\"><p role=\"status\" aria-live=\"polite\" aria-atomic=\"true\"><\/p> <ul><\/ul><\/div>\n<form action=\"\/it\/wp-json\/wp\/v2\/pages\/10020#wpcf7-f7969-o1\" method=\"post\" class=\"wpcf7-form init\" novalidate=\"novalidate\" data-status=\"init\">\n<div style=\"display: none;\">\n<input type=\"hidden\" name=\"_wpcf7\" value=\"7969\" \/>\n<input type=\"hidden\" name=\"_wpcf7_version\" value=\"5.4.2\" \/>\n<input type=\"hidden\" name=\"_wpcf7_locale\" value=\"hr\" \/>\n<input type=\"hidden\" name=\"_wpcf7_unit_tag\" value=\"wpcf7-f7969-o1\" \/>\n<input type=\"hidden\" name=\"_wpcf7_container_post\" value=\"0\" \/>\n<input type=\"hidden\" name=\"_wpcf7_posted_data_hash\" value=\"\" \/>\n<\/div>\n<p><label> Select your area<br \/>\n    <span class=\"wpcf7-form-control-wrap menu-85\"><select name=\"menu-85\" class=\"wpcf7-form-control wpcf7-select wpcf7-validates-as-required\" aria-required=\"true\" aria-invalid=\"false\"><option value=\"Zagreb\">Zagreb<\/option><option value=\"Split\">Split<\/option><option value=\"Rijeka\">Rijeka<\/option><option value=\"Osijek\">Osijek<\/option><option value=\"Zabok\">Zabok<\/option><option value=\"Sisak\">Sisak<\/option><option value=\"Karlovac\">Karlovac<\/option><option value=\"Vara\u017edin\">Vara\u017edin<\/option><option value=\"Bjelovar\">Bjelovar<\/option><option value=\"\u010cakovec\">\u010cakovec<\/option><option value=\"Koprivnica\">Koprivnica<\/option><option value=\"Ogulin\">Ogulin<\/option><option value=\"Pakrac\">Pakrac<\/option><option value=\"Virovitica\">Virovitica<\/option><option value=\"Nova Gradi\u0161ka\">Nova Gradi\u0161ka<\/option><option value=\"Gospi\u0107\">Gospi\u0107<\/option><option value=\"Na\u0161ice\">Na\u0161ice<\/option><option value=\"Slavonski Brod\">Slavonski Brod<\/option><option value=\"Pula\">Pula<\/option><option value=\"Zadar\">Zadar<\/option><option value=\"Vinkovci\">Vinkovci<\/option><option value=\"\u0160ibenik\">\u0160ibenik<\/option><option value=\"Vukovar\">Vukovar<\/option><option value=\"Dubrovnik\">Dubrovnik<\/option><\/select><\/span> <\/label><\/p>\n<p><label> Name<br \/>\n    <span class=\"wpcf7-form-control-wrap your-name\"><input type=\"text\" name=\"your-name\" value=\"\" size=\"40\" class=\"wpcf7-form-control wpcf7-text wpcf7-validates-as-required\" aria-required=\"true\" aria-invalid=\"false\" \/><\/span> <\/label><\/p>\n<p><label> E-Mail<br \/>\n    <span class=\"wpcf7-form-control-wrap your-email\"><input type=\"email\" name=\"your-email\" value=\"\" size=\"40\" class=\"wpcf7-form-control wpcf7-text wpcf7-email wpcf7-validates-as-required wpcf7-validates-as-email\" aria-required=\"true\" aria-invalid=\"false\" \/><\/span> <\/label><\/p>\n<p><label> Contact number<br \/>\n    <span class=\"wpcf7-form-control-wrap tel-660\"><input type=\"tel\" name=\"tel-660\" value=\"\" size=\"40\" class=\"wpcf7-form-control wpcf7-text wpcf7-tel wpcf7-validates-as-required wpcf7-validates-as-tel\" aria-required=\"true\" aria-invalid=\"false\" \/><\/span> <\/label><\/p>\n<p><span class=\"wpcf7-form-control-wrap kc_captcha\"><span class=\"wpcf7-form-control wpcf7-radio\"> \n    <span class=\"captcha-image\" >\n        <span class=\"cf7ic_instructions\">Prova che sei umano selezionando l'icona corrispondente a<span> Stella<\/span>.<\/span><label><input type=\"radio\" name=\"kc_captcha\" value=\"kc_human\" \/><svg width=\"50\" height=\"50\" aria-hidden=\"true\" role=\"img\" xmlns=\"https:\/\/www.w3.org\/2000\/svg\" viewBox=\"0 0 576 512\"><path fill=\"currentColor\" d=\"M259 18l-65 132-146 22c-26 3-37 36-18 54l106 103-25 146c-5 26 23 46 46 33l131-68 131 68c23 13 51-7 46-33l-25-146 106-103c19-18 8-51-18-54l-146-22-65-132a32 32 0 00-58 0z\"\/><\/svg><\/label><label><input type=\"radio\" name=\"kc_captcha\" value=\"bot\" \/><svg width=\"50\" height=\"50\" aria-hidden=\"true\" role=\"img\" xmlns=\"https:\/\/www.w3.org\/2000\/svg\" viewBox=\"0 0 512 512\"><path fill=\"currentColor\" d=\"M500 168h-55l-8-21a127 127 0 00-120-83H195a127 127 0 00-120 83l-8 21H12c-8 0-14 8-11 16l8 24a12 12 0 0011 8h29a64 64 0 00-33 56v48c0 16 6 31 16 42v62c0 13 11 24 24 24h48c13 0 24-11 24-24v-40h256v40c0 13 11 24 24 24h48c13 0 24-11 24-24v-62c10-11 16-26 16-42v-48c0-24-13-45-33-56h29a12 12 0 0011-8l8-24c3-8-3-16-11-16zm-365 2c9-25 33-42 60-42h122c27 0 51 17 60 42l15 38H120l15-38zM88 328a32 32 0 010-64c18 0 48 30 48 48s-30 16-48 16zm336 0c-18 0-48 2-48-16s30-48 48-48 32 14 32 32-14 32-32 32z\"\/><\/svg><\/label><label><input type=\"radio\" name=\"kc_captcha\" value=\"bot\" \/><svg width=\"50\" height=\"50\" aria-hidden=\"true\" role=\"img\" xmlns=\"https:\/\/www.w3.org\/2000\/svg\" viewBox=\"0 0 512 512\"><path fill=\"currentColor\" d=\"M350 99c-54 0-98-35-166-35-25 0-47 4-68 12a56 56 0 004-24C118 24 95 1 66 0a56 56 0 00-34 102v386c0 13 11 24 24 24h16c13 0 24-11 24-24v-94c28-12 64-23 114-23 54 0 98 35 166 35 48 0 86-16 122-41 9-6 14-15 14-26V96c0-23-24-39-45-29-35 16-77 32-117 32z\"\/><\/svg><\/label>\n    <\/span>\n    <span style=\"display:none\">\n        <input type=\"text\" name=\"kc_honeypot\">\n    <\/span><\/span><\/span><\/p>\n<p><label> <span class=\"wpcf7-form-control-wrap acceptance-417\"><span class=\"wpcf7-form-control wpcf7-acceptance\"><span class=\"wpcf7-list-item\"><label><input type=\"checkbox\" name=\"acceptance-417\" value=\"1\" aria-invalid=\"false\" \/><span class=\"wpcf7-list-item-label\">I agree<\/span><\/label><\/span><\/span><\/span><br \/>\n<SPAN STYLE=\"font-size: 8pt;font-style: italic;line-height: 8pt;\">I agree to my data being stored, and occasionally used for the purpose of sending newsletters and other promotional emails. I understand that at my own request, I can unsubscribe from the e-mail list at any time, request access to my data, and, if I wish, edit or permanently remove it from your database.<\/span><br \/>\n<\/label><\/p>\n<p><input type=\"submit\" value=\"Submit\" class=\"wpcf7-form-control wpcf7-submit\" \/><\/p>\n<div class=\"wpcf7-response-output\" aria-hidden=\"true\"><\/div><\/form><\/div><\/div><\/div><\/div><\/div><\/div><\/div><\/div><\/div><\/div><\/section>\n","protected":false},"excerpt":{"rendered":"Regolazione remota degli apparecchi acusticiHomePagineOgni tanto, gli apparecchi acustici devono essere regolati o modificati. Pertanto, \u00e8 necessario fissare un appuntamento con i nostri otoacustici per eseguire il controllo. Tuttavia, a volte venire in una delle nostre filiali pu\u00f2 essere un problema. Pertanto, per offrirvi il massimo di servizio, potete fare la regolazione remota degli apparecchi...","protected":false},"author":1,"featured_media":9772,"parent":9997,"menu_order":0,"comment_status":"closed","ping_status":"closed","template":"","meta":[],"yoast_head":"<!-- This site is optimized with the Yoast SEO plugin v17.9 - https:\/\/yoast.com\/wordpress\/plugins\/seo\/ -->\n<title>Daljinsko pode\u0161avanje slu\u0161nih aparata - Bontech<\/title>\n<meta name=\"robots\" content=\"noindex, follow, max-snippet:-1, max-image-preview:large, max-video-preview:-1\" \/>\n<meta property=\"og:locale\" content=\"it_IT\" \/>\n<meta property=\"og:type\" content=\"article\" \/>\n<meta property=\"og:title\" content=\"Daljinsko pode\u0161avanje slu\u0161nih aparata - Bontech\" \/>\n<meta property=\"og:url\" content=\"https:\/\/bontech.info\/it\/apparecchi-acustici\/regolazione-remota-degli-apparecchi-acustici\/\" \/>\n<meta property=\"og:site_name\" content=\"Bontech\" \/>\n<meta property=\"article:modified_time\" content=\"2022-03-24T15:41:53+00:00\" \/>\n<meta property=\"og:image\" content=\"https:\/\/bontech.info\/wp-content\/uploads\/2021\/10\/Bontech-slusni-aparat-spajanje-na-aplikaciju.jpg\" \/>\n\t<meta property=\"og:image:width\" content=\"800\" \/>\n\t<meta property=\"og:image:height\" content=\"533\" \/>\n\t<meta property=\"og:image:type\" content=\"image\/jpeg\" \/>\n<meta name=\"twitter:card\" content=\"summary_large_image\" \/>\n<meta name=\"twitter:label1\" content=\"Tempo di lettura stimato\" \/>\n\t<meta name=\"twitter:data1\" content=\"2 minuti\" \/>\n<script type=\"application\/ld+json\" class=\"yoast-schema-graph\">{\"@context\":\"https:\/\/schema.org\",\"@graph\":[{\"@type\":\"WebSite\",\"@id\":\"https:\/\/bontech.info\/#website\",\"url\":\"https:\/\/bontech.info\/\",\"name\":\"Bontech\",\"description\":\"\",\"potentialAction\":[{\"@type\":\"SearchAction\",\"target\":{\"@type\":\"EntryPoint\",\"urlTemplate\":\"https:\/\/bontech.info\/?s={search_term_string}\"},\"query-input\":\"required name=search_term_string\"}],\"inLanguage\":\"it-IT\"},{\"@type\":\"ImageObject\",\"@id\":\"https:\/\/bontech.info\/it\/apparecchi-acustici\/regolazione-remota-degli-apparecchi-acustici\/#primaryimage\",\"inLanguage\":\"it-IT\",\"url\":\"https:\/\/bontech.info\/wp-content\/uploads\/2021\/10\/Bontech-slusni-aparat-spajanje-na-aplikaciju.jpg\",\"contentUrl\":\"https:\/\/bontech.info\/wp-content\/uploads\/2021\/10\/Bontech-slusni-aparat-spajanje-na-aplikaciju.jpg\",\"width\":800,\"height\":533},{\"@type\":\"WebPage\",\"@id\":\"https:\/\/bontech.info\/it\/apparecchi-acustici\/regolazione-remota-degli-apparecchi-acustici\/#webpage\",\"url\":\"https:\/\/bontech.info\/it\/apparecchi-acustici\/regolazione-remota-degli-apparecchi-acustici\/\",\"name\":\"Daljinsko pode\\u0161avanje slu\\u0161nih aparata - Bontech\",\"isPartOf\":{\"@id\":\"https:\/\/bontech.info\/#website\"},\"primaryImageOfPage\":{\"@id\":\"https:\/\/bontech.info\/it\/apparecchi-acustici\/regolazione-remota-degli-apparecchi-acustici\/#primaryimage\"},\"datePublished\":\"2021-09-15T12:35:42+00:00\",\"dateModified\":\"2022-03-24T15:41:53+00:00\",\"breadcrumb\":{\"@id\":\"https:\/\/bontech.info\/it\/apparecchi-acustici\/regolazione-remota-degli-apparecchi-acustici\/#breadcrumb\"},\"inLanguage\":\"it-IT\",\"potentialAction\":[{\"@type\":\"ReadAction\",\"target\":[\"https:\/\/bontech.info\/it\/apparecchi-acustici\/regolazione-remota-degli-apparecchi-acustici\/\"]}]},{\"@type\":\"BreadcrumbList\",\"@id\":\"https:\/\/bontech.info\/it\/apparecchi-acustici\/regolazione-remota-degli-apparecchi-acustici\/#breadcrumb\",\"itemListElement\":[{\"@type\":\"ListItem\",\"position\":1,\"name\":\"Po\\u010detna stranica\",\"item\":\"https:\/\/bontech.info\/it\/\"},{\"@type\":\"ListItem\",\"position\":2,\"name\":\"Apparecchi acustici\",\"item\":\"https:\/\/bontech.info\/it\/apparecchi-acustici\/\"},{\"@type\":\"ListItem\",\"position\":3,\"name\":\"Regolazione remota degli apparecchi acustici\"}]}]}<\/script>\n<!-- \/ Yoast SEO plugin. -->","yoast_head_json":{"title":"Daljinsko pode\u0161avanje slu\u0161nih aparata - Bontech","robots":{"index":"noindex","follow":"follow","max-snippet":"max-snippet:-1","max-image-preview":"max-image-preview:large","max-video-preview":"max-video-preview:-1"},"og_locale":"it_IT","og_type":"article","og_title":"Daljinsko pode\u0161avanje slu\u0161nih aparata - Bontech","og_url":"https:\/\/bontech.info\/it\/apparecchi-acustici\/regolazione-remota-degli-apparecchi-acustici\/","og_site_name":"Bontech","article_modified_time":"2022-03-24T15:41:53+00:00","og_image":[{"width":800,"height":533,"url":"https:\/\/bontech.info\/wp-content\/uploads\/2021\/10\/Bontech-slusni-aparat-spajanje-na-aplikaciju.jpg","type":"image\/jpeg"}],"twitter_card":"summary_large_image","twitter_misc":{"Tempo di lettura stimato":"2 minuti"},"schema":{"@context":"https:\/\/schema.org","@graph":[{"@type":"WebSite","@id":"https:\/\/bontech.info\/#website","url":"https:\/\/bontech.info\/","name":"Bontech","description":"","potentialAction":[{"@type":"SearchAction","target":{"@type":"EntryPoint","urlTemplate":"https:\/\/bontech.info\/?s={search_term_string}"},"query-input":"required name=search_term_string"}],"inLanguage":"it-IT"},{"@type":"ImageObject","@id":"https:\/\/bontech.info\/it\/apparecchi-acustici\/regolazione-remota-degli-apparecchi-acustici\/#primaryimage","inLanguage":"it-IT","url":"https:\/\/bontech.info\/wp-content\/uploads\/2021\/10\/Bontech-slusni-aparat-spajanje-na-aplikaciju.jpg","contentUrl":"https:\/\/bontech.info\/wp-content\/uploads\/2021\/10\/Bontech-slusni-aparat-spajanje-na-aplikaciju.jpg","width":800,"height":533},{"@type":"WebPage","@id":"https:\/\/bontech.info\/it\/apparecchi-acustici\/regolazione-remota-degli-apparecchi-acustici\/#webpage","url":"https:\/\/bontech.info\/it\/apparecchi-acustici\/regolazione-remota-degli-apparecchi-acustici\/","name":"Daljinsko pode\u0161avanje slu\u0161nih aparata - Bontech","isPartOf":{"@id":"https:\/\/bontech.info\/#website"},"primaryImageOfPage":{"@id":"https:\/\/bontech.info\/it\/apparecchi-acustici\/regolazione-remota-degli-apparecchi-acustici\/#primaryimage"},"datePublished":"2021-09-15T12:35:42+00:00","dateModified":"2022-03-24T15:41:53+00:00","breadcrumb":{"@id":"https:\/\/bontech.info\/it\/apparecchi-acustici\/regolazione-remota-degli-apparecchi-acustici\/#breadcrumb"},"inLanguage":"it-IT","potentialAction":[{"@type":"ReadAction","target":["https:\/\/bontech.info\/it\/apparecchi-acustici\/regolazione-remota-degli-apparecchi-acustici\/"]}]},{"@type":"BreadcrumbList","@id":"https:\/\/bontech.info\/it\/apparecchi-acustici\/regolazione-remota-degli-apparecchi-acustici\/#breadcrumb","itemListElement":[{"@type":"ListItem","position":1,"name":"Po\u010detna stranica","item":"https:\/\/bontech.info\/it\/"},{"@type":"ListItem","position":2,"name":"Apparecchi acustici","item":"https:\/\/bontech.info\/it\/apparecchi-acustici\/"},{"@type":"ListItem","position":3,"name":"Regolazione remota degli apparecchi acustici"}]}]}},"_links":{"self":[{"href":"https:\/\/bontech.info\/it\/wp-json\/wp\/v2\/pages\/10020"}],"collection":[{"href":"https:\/\/bontech.info\/it\/wp-json\/wp\/v2\/pages"}],"about":[{"href":"https:\/\/bontech.info\/it\/wp-json\/wp\/v2\/types\/page"}],"author":[{"embeddable":true,"href":"https:\/\/bontech.info\/it\/wp-json\/wp\/v2\/users\/1"}],"replies":[{"embeddable":true,"href":"https:\/\/bontech.info\/it\/wp-json\/wp\/v2\/comments?post=10020"}],"version-history":[{"count":3,"href":"https:\/\/bontech.info\/it\/wp-json\/wp\/v2\/pages\/10020\/revisions"}],"predecessor-version":[{"id":10354,"href":"https:\/\/bontech.info\/it\/wp-json\/wp\/v2\/pages\/10020\/revisions\/10354"}],"up":[{"embeddable":true,"href":"https:\/\/bontech.info\/it\/wp-json\/wp\/v2\/pages\/9997"}],"wp:featuredmedia":[{"embeddable":true,"href":"https:\/\/bontech.info\/it\/wp-json\/wp\/v2\/media\/9772"}],"wp:attachment":[{"href":"https:\/\/bontech.info\/it\/wp-json\/wp\/v2\/media?parent=10020"}],"curies":[{"name":"wp","href":"https:\/\/api.w.org\/{rel}","templated":true}]}}