{"id":10025,"date":"2021-10-12T12:31:56","date_gmt":"2021-10-12T10:31:56","guid":{"rendered":"https:\/\/bontech.info\/slusni-aparati\/dodaci\/"},"modified":"2022-03-25T12:05:39","modified_gmt":"2022-03-25T11:05:39","slug":"accessori","status":"publish","type":"page","link":"https:\/\/bontech.info\/it\/apparecchi-acustici\/accessori\/","title":{"rendered":"Accessori"},"content":{"rendered":"<section class=\"l-section wpb_row height_auto color_primary with_slider\"><div class=\"l-section-slider\"><div class=\"w-slider style_none fit_cover\"><div class=\"w-slider-h\"><div class=\"royalSlider\"><div class=\"rsContent\"><a class=\"rsImg\" data-rsw=\"1200\" data-rsh=\"800\" href=\"https:\/\/bontech.info\/wp-content\/uploads\/2021\/10\/Ciscenje-i-odrzavanje-slusnih-aparata-Bontech.jpg\"><span data-alt=\"\"><\/span><\/a><\/div><\/div><img src=\"https:\/\/bontech.info\/wp-content\/uploads\/2021\/10\/Ciscenje-i-odrzavanje-slusnih-aparata-Bontech.jpg\" width=\"1200\" height=\"800\" alt loading=\"lazy\"><\/div><div class=\"w-slider-json\" onclick='return {&quot;loop&quot;:true,&quot;fadeInLoadedSlide&quot;:false,&quot;slidesSpacing&quot;:0,&quot;imageScalePadding&quot;:0,&quot;numImagesToPreload&quot;:2,&quot;arrowsNav&quot;:false,&quot;arrowsNavAutoHide&quot;:false,&quot;transitionType&quot;:&quot;move&quot;,&quot;transitionSpeed&quot;:800,&quot;block&quot;:{&quot;moveEffect&quot;:&quot;none&quot;,&quot;speed&quot;:300},&quot;controlNavigation&quot;:&quot;none&quot;,&quot;autoplay&quot;:{&quot;enabled&quot;:true,&quot;pauseOnHover&quot;:false,&quot;delay&quot;:3000},&quot;imageScaleMode&quot;:&quot;fill&quot;,&quot;autoScaleSlider&quot;:true,&quot;autoScaleSliderWidth&quot;:1200,&quot;autoScaleSliderHeight&quot;:800,&quot;fitInViewport&quot;:false}'><\/div><\/div><\/div><div class=\"l-section-overlay\" style=\"background:rgba(20,20,20,0.62)\"><\/div><div class=\"l-section-h i-cf\"><div class=\"g-cols via_flex valign_top type_default\"><div class=\"vc_col-sm-12 wpb_column vc_column_container\"><div class=\"vc_column-inner us_custom_0d54facf\"><div class=\"wpb_wrapper\"><h1 class=\"w-text us_custom_41579c5f\"><span class=\"w-text-h\"><span class=\"w-text-value\">Accessori<\/span><\/span><\/h1><ol class=\"g-breadcrumbs us_custom_ea2be81a separator_icon align_center\" itemscope itemtype=\"http:\/\/schema.org\/BreadcrumbList\"><li class=\"g-breadcrumbs-item\" itemscope itemprop=\"itemListElement\" itemtype=\"http:\/\/schema.org\/ListItem\"><a itemprop=\"item\" href=\"https:\/\/bontech.info\/it\/\"><span itemprop=\"name\">Home<\/span><\/a><meta itemprop=\"position\" content=\"1\"\/><\/li><li class=\"g-breadcrumbs-separator\"><i class=\"far fa-angle-right\"><\/i><\/li><li class=\"g-breadcrumbs-item\">Pagine<\/li><\/ol><\/div><\/div><\/div><\/div><\/div><\/section><section class=\"l-section wpb_row height_custom\"><div class=\"l-section-h i-cf\"><div class=\"g-cols via_flex valign_middle type_default\"><div class=\"vc_col-sm-12 wpb_column vc_column_container\"><div class=\"vc_column-inner\"><div class=\"wpb_wrapper\"><div class=\"wpb_text_column\"><div class=\"wpb_wrapper\"><p style=\"text-align: center;\">Accessori per gli apparecchi acustici-piccole cose che semplificano la vita<\/p>\n<p style=\"text-align: center;\">Gli apparecchi acustici odierni sono vere meraviglie della tecnologia, ma anche loro hanno bisogno di aiuto, dalle batterie e manutenzione agli accessori. Situazioni uditive specifiche come ascoltare la TV, paralare al telefono o in un&#8217;auto rumorosa possono essere difficili, ma con gli aiutanti giusti possono essere evitate!<\/p>\n<\/div><\/div><\/div><\/div><\/div><\/div><\/div><\/section><section class=\"l-section wpb_row height_auto width_full\"><div class=\"l-section-h i-cf\"><div class=\"g-cols via_flex valign_middle type_boxes\"><div class=\"vc_col-sm-6 wpb_column vc_column_container has_bg_color\"><div class=\"vc_column-inner us_custom_c7d02f45\"><div class=\"wpb_wrapper\"><div class=\"wpb_text_column\"><div class=\"wpb_wrapper\"><h2><span style=\"color: #ffffff;\">Batterie per apparecchi acustici<\/span><\/h2>\n<p><span style=\"color: #ffffff;\">L&#8217;apparecchio acustico, come qualsiasi dispositivo elettronico, non pu\u00f2 funzionare senza sorgente di energia, e, essendo un dispositivo portatile, si alimenta dalla batteria. <\/span><\/p>\n<p><span style=\"color: #ffffff;\">Le batterie per apparecchi acustici sono un tipo speciale e non devono essere confuse con batterie simili per orologi, telecomandi ecc. Distinguiamo batterie monouso di tipo zinco-aria e batterie ricaricabili agli ioni di litio.<\/span><\/p>\n<p><span style=\"color: #ffffff;\">Le batterie ricaricabili risolvono la necessit\u00e0 di acquistare e sostituire regolarmente le batterie monouso e sono particolarmente utili per gli ipovedenti o per le persone che hanno difficolt\u00e0 a maneggiare piccoli oggetti.<\/span><\/p>\n<\/div><\/div><div class=\"w-btn-wrapper align_none\"><a class=\"w-btn us-btn-style_2 us_custom_0f8f44b7\" title=\"Baterije\" href=\"https:\/\/bontech.info\/it\/apparecchi-acustici\/accessori\/batterie-per-gli-apparecchi-acustici\/\"><span class=\"w-btn-label\">Scopri di pi\u00f9<\/span><\/a><\/div><\/div><\/div><\/div><div class=\"vc_col-sm-6 wpb_column vc_column_container has_bg_color\"><div class=\"vc_column-inner us_custom_c1922e24\"><div class=\"wpb_wrapper\"><div class=\"w-separator size_custom\" style=\"height:200px\"><\/div><\/div><\/div><\/div><\/div><\/div><\/section><section class=\"l-section wpb_row height_auto width_full\"><div class=\"l-section-h i-cf\"><div class=\"g-cols via_flex valign_middle type_boxes\"><div class=\"vc_col-sm-6 wpb_column vc_column_container has_bg_color\"><div class=\"vc_column-inner us_custom_81faa2e0\"><div class=\"wpb_wrapper\"><div class=\"w-separator size_custom\" style=\"height:200px\"><\/div><\/div><\/div><\/div><div class=\"vc_col-sm-6 wpb_column vc_column_container has_bg_color\"><div class=\"vc_column-inner us_custom_c7d02f45\"><div class=\"wpb_wrapper\"><div class=\"wpb_text_column us_custom_c7d02f45\"><div class=\"wpb_wrapper\"><h2><span style=\"color: #ffffff;\">Pulizia e manutenzione degli apparecchi acustici<\/span><\/h2>\n<p><span style=\"color: #ffffff;\">La manutenzione di un apparecchio acustico \u00e8 fondamentale per il suo corretto funzionamento. Per assicurarvi di ottenere sempre il massimo del vostro dispositivo e che vi serve a lungo termine e in modo affidabile, \u00e8 necessario seguire le istruzioni di manutenzione dell&#8217;apparecchio. <\/span><\/p>\n<p><span style=\"color: #ffffff;\">La pulizia e il drenaggio sono necessarie per prolongare la durata e il funzionamento corretto del dispositivo.Potete farlo da soli, ma per la pulizia dell&#8217;inserto, la sostituzione dei tubi e procedure simili, non esitare a contattare una delle nostre filiali.<\/span><\/p>\n<\/div><\/div><div class=\"w-btn-wrapper align_none\"><a class=\"w-btn us-btn-style_2 us_custom_0f8f44b7\" title=\"\u010ci\u0161\u0107enje i odr\u017eavanje\" href=\"https:\/\/bontech.info\/it\/apparecchi-acustici\/accessori\/pulizia-e-manutenzione-degli-apparecchi-acustici\/\"><span class=\"w-btn-label\">Scopri di pi\u00f9<\/span><\/a><\/div><\/div><\/div><\/div><\/div><\/div><\/section><section class=\"l-section wpb_row height_auto width_full\"><div class=\"l-section-h i-cf\"><div class=\"g-cols via_flex valign_middle type_boxes\"><div class=\"vc_col-sm-6 wpb_column vc_column_container has_bg_color\"><div class=\"vc_column-inner us_custom_c7d02f45\"><div class=\"wpb_wrapper\"><div class=\"wpb_text_column\"><div class=\"wpb_wrapper\"><h2><span style=\"color: #ffffff;\">Accessori suplementari<\/span><\/h2>\n<p><span style=\"color: #ffffff;\">Gli apparecchi acustici moderni offrono eccellenti opportunit\u00e0 ma ci sono situazioni ed esigenze uditive specifiche in cui le nuove tecnologie possono facilitare ulteriormente l&#8217;ascolto e la comunicazione. <\/span><\/p>\n<p><span style=\"color: #ffffff;\">La tecnologia moderna fa davvero miracoli e uno di questi \u00e8 il piccolo ConnectClip, un dispositivo multifunzionale con cui la communicazione a distanza diventa semplice e facile.<\/span><\/p>\n<p><span style=\"color: #ffffff;\">Offriamo una serie di prodotti suplementari per facilitare la vita quotidiana.<\/span><\/p>\n<\/div><\/div><div class=\"w-btn-wrapper align_none\"><a class=\"w-btn us-btn-style_2 us_custom_0f8f44b7\" title=\"Dodatna oprema\" href=\"https:\/\/bontech.info\/it\/apparecchi-acustici\/accessori\/accessori-suplementari-per-gli-apparecchi-acustici\/\"><span class=\"w-btn-label\">Scopri di pi\u00f9<\/span><\/a><\/div><\/div><\/div><\/div><div class=\"vc_col-sm-6 wpb_column vc_column_container has_bg_color\"><div class=\"vc_column-inner us_custom_a1cee482\"><div class=\"wpb_wrapper\"><div class=\"w-separator size_custom\" style=\"height:200px\"><\/div><\/div><\/div><\/div><\/div><\/div><\/section><section class=\"l-section wpb_row height_custom\"><div class=\"l-section-h i-cf\"><div class=\"g-cols via_flex valign_middle type_default\"><div class=\"vc_col-sm-12 wpb_column vc_column_container\"><div class=\"vc_column-inner\"><div class=\"wpb_wrapper\"><div class=\"wpb_text_column us_custom_8d5aa4e2\"><div class=\"wpb_wrapper\"><h2 style=\"text-align: center;\"><span style=\"color: #00a4bc;\">Volete consultare con gli esperti?<\/span><\/h2>\n<\/div><\/div><div class=\"wpb_text_column\"><div class=\"wpb_wrapper\"><p style=\"text-align: center;\">Scegliete una di 27 filliali e inserite i vostri dati di contatto oppure chimateci al Numero Verde <a href=\"tel:08004466\">0800 44 66<\/a><\/p>\n<\/div><\/div><div class=\"g-cols wpb_row us_custom_72fc42ef via_flex valign_top type_default\"><div class=\"vc_col-sm-6 wpb_column vc_column_container\"><div class=\"vc_column-inner\"><div class=\"wpb_wrapper\"><div class=\"w-image align_center\"><div class=\"w-image-h\"><img width=\"1024\" height=\"1024\" src=\"https:\/\/bontech.info\/wp-content\/uploads\/2021\/10\/Bontech-lokacije-poslovnica-2.png\" class=\"attachment-large size-large\" alt=\"\" loading=\"lazy\" srcset=\"https:\/\/bontech.info\/wp-content\/uploads\/2021\/10\/Bontech-lokacije-poslovnica-2.png 1024w, https:\/\/bontech.info\/wp-content\/uploads\/2021\/10\/Bontech-lokacije-poslovnica-2-300x300.png 300w, https:\/\/bontech.info\/wp-content\/uploads\/2021\/10\/Bontech-lokacije-poslovnica-2-150x150.png 150w\" sizes=\"(max-width: 1024px) 100vw, 1024px\" \/><\/div><\/div><\/div><\/div><\/div><div class=\"vc_col-sm-6 wpb_column vc_column_container\"><div class=\"vc_column-inner\"><div class=\"wpb_wrapper\"><div role=\"form\" class=\"wpcf7\" id=\"wpcf7-f7969-o1\" lang=\"hr\" dir=\"ltr\">\n<div class=\"screen-reader-response\"><p role=\"status\" aria-live=\"polite\" aria-atomic=\"true\"><\/p> <ul><\/ul><\/div>\n<form action=\"\/it\/wp-json\/wp\/v2\/pages\/10025#wpcf7-f7969-o1\" method=\"post\" class=\"wpcf7-form init\" novalidate=\"novalidate\" data-status=\"init\">\n<div style=\"display: none;\">\n<input type=\"hidden\" name=\"_wpcf7\" value=\"7969\" \/>\n<input type=\"hidden\" name=\"_wpcf7_version\" value=\"5.4.2\" \/>\n<input type=\"hidden\" name=\"_wpcf7_locale\" value=\"hr\" \/>\n<input type=\"hidden\" name=\"_wpcf7_unit_tag\" value=\"wpcf7-f7969-o1\" \/>\n<input type=\"hidden\" name=\"_wpcf7_container_post\" value=\"0\" \/>\n<input type=\"hidden\" name=\"_wpcf7_posted_data_hash\" value=\"\" \/>\n<\/div>\n<p><label> Select your area<br \/>\n    <span class=\"wpcf7-form-control-wrap menu-85\"><select name=\"menu-85\" class=\"wpcf7-form-control wpcf7-select wpcf7-validates-as-required\" aria-required=\"true\" aria-invalid=\"false\"><option value=\"Zagreb\">Zagreb<\/option><option value=\"Split\">Split<\/option><option value=\"Rijeka\">Rijeka<\/option><option value=\"Osijek\">Osijek<\/option><option value=\"Zabok\">Zabok<\/option><option value=\"Sisak\">Sisak<\/option><option value=\"Karlovac\">Karlovac<\/option><option value=\"Vara\u017edin\">Vara\u017edin<\/option><option value=\"Bjelovar\">Bjelovar<\/option><option value=\"\u010cakovec\">\u010cakovec<\/option><option value=\"Koprivnica\">Koprivnica<\/option><option value=\"Ogulin\">Ogulin<\/option><option value=\"Pakrac\">Pakrac<\/option><option value=\"Virovitica\">Virovitica<\/option><option value=\"Nova Gradi\u0161ka\">Nova Gradi\u0161ka<\/option><option value=\"Gospi\u0107\">Gospi\u0107<\/option><option value=\"Na\u0161ice\">Na\u0161ice<\/option><option value=\"Slavonski Brod\">Slavonski Brod<\/option><option value=\"Pula\">Pula<\/option><option value=\"Zadar\">Zadar<\/option><option value=\"Vinkovci\">Vinkovci<\/option><option value=\"\u0160ibenik\">\u0160ibenik<\/option><option value=\"Vukovar\">Vukovar<\/option><option value=\"Dubrovnik\">Dubrovnik<\/option><\/select><\/span> <\/label><\/p>\n<p><label> Name<br \/>\n    <span class=\"wpcf7-form-control-wrap your-name\"><input type=\"text\" name=\"your-name\" value=\"\" size=\"40\" class=\"wpcf7-form-control wpcf7-text wpcf7-validates-as-required\" aria-required=\"true\" aria-invalid=\"false\" \/><\/span> <\/label><\/p>\n<p><label> E-Mail<br \/>\n    <span class=\"wpcf7-form-control-wrap your-email\"><input type=\"email\" name=\"your-email\" value=\"\" size=\"40\" class=\"wpcf7-form-control wpcf7-text wpcf7-email wpcf7-validates-as-required wpcf7-validates-as-email\" aria-required=\"true\" aria-invalid=\"false\" \/><\/span> <\/label><\/p>\n<p><label> Contact number<br \/>\n    <span class=\"wpcf7-form-control-wrap tel-660\"><input type=\"tel\" name=\"tel-660\" value=\"\" size=\"40\" class=\"wpcf7-form-control wpcf7-text wpcf7-tel wpcf7-validates-as-required wpcf7-validates-as-tel\" aria-required=\"true\" aria-invalid=\"false\" \/><\/span> <\/label><\/p>\n<p><span class=\"wpcf7-form-control-wrap kc_captcha\"><span class=\"wpcf7-form-control wpcf7-radio\"> \n    <span class=\"captcha-image\" >\n        <span class=\"cf7ic_instructions\">Prova che sei umano selezionando l'icona corrispondente a<span> Albero<\/span>.<\/span><label><input type=\"radio\" name=\"kc_captcha\" value=\"bot\" \/><svg width=\"50\" height=\"50\" aria-hidden=\"true\" role=\"img\" xmlns=\"https:\/\/www.w3.org\/2000\/svg\" viewBox=\"0 0 512 512\"><path fill=\"currentColor\" d=\"M350 99c-54 0-98-35-166-35-25 0-47 4-68 12a56 56 0 004-24C118 24 95 1 66 0a56 56 0 00-34 102v386c0 13 11 24 24 24h16c13 0 24-11 24-24v-94c28-12 64-23 114-23 54 0 98 35 166 35 48 0 86-16 122-41 9-6 14-15 14-26V96c0-23-24-39-45-29-35 16-77 32-117 32z\"\/><\/svg><\/label><label><input type=\"radio\" name=\"kc_captcha\" value=\"bot\" \/><svg width=\"50\" height=\"50\" aria-hidden=\"true\" role=\"img\" xmlns=\"https:\/\/www.w3.org\/2000\/svg\" viewBox=\"0 0 640 512\"><path fill=\"currentColor\" d=\"M624 352h-16V244c0-13-5-25-14-34L494 110c-9-9-21-14-34-14h-44V48c0-26-21-48-48-48H48C22 0 0 22 0 48v320c0 27 22 48 48 48h16a96 96 0 00192 0h128a96 96 0 00192 0h48c9 0 16-7 16-16v-32c0-9-7-16-16-16zM160 464a48 48 0 110-96 48 48 0 010 96zm320 0a48 48 0 110-96 48 48 0 010 96zm80-208H416V144h44l100 100v12z\"\/><\/svg><\/label><label><input type=\"radio\" name=\"kc_captcha\" value=\"kc_human\" \/><svg width=\"50\" height=\"50\" aria-hidden=\"true\" role=\"img\" xmlns=\"https:\/\/www.w3.org\/2000\/svg\" viewBox=\"0 0 384 512\"><path fill=\"currentColor\" d=\"M377 375l-83-87h34c21 0 32-25 17-40l-82-88h33c21 0 32-25 18-40L210 8c-10-11-26-11-36 0L70 120c-14 15-3 40 18 40h33l-82 88c-15 15-4 40 17 40h34L7 375c-15 16-4 41 17 41h120c0 33-11 49-34 68-12 9-5 28 10 28h144c15 0 22-19 10-28-20-16-34-32-34-68h120c21 0 32-25 17-41z\"\/><\/svg><\/label>\n    <\/span>\n    <span style=\"display:none\">\n        <input type=\"text\" name=\"kc_honeypot\">\n    <\/span><\/span><\/span><\/p>\n<p><label> <span class=\"wpcf7-form-control-wrap acceptance-417\"><span class=\"wpcf7-form-control wpcf7-acceptance\"><span class=\"wpcf7-list-item\"><label><input type=\"checkbox\" name=\"acceptance-417\" value=\"1\" aria-invalid=\"false\" \/><span class=\"wpcf7-list-item-label\">I agree<\/span><\/label><\/span><\/span><\/span><br \/>\n<SPAN STYLE=\"font-size: 8pt;font-style: italic;line-height: 8pt;\">I agree to my data being stored, and occasionally used for the purpose of sending newsletters and other promotional emails. I understand that at my own request, I can unsubscribe from the e-mail list at any time, request access to my data, and, if I wish, edit or permanently remove it from your database.<\/span><br \/>\n<\/label><\/p>\n<p><input type=\"submit\" value=\"Submit\" class=\"wpcf7-form-control wpcf7-submit\" \/><\/p>\n<div class=\"wpcf7-response-output\" aria-hidden=\"true\"><\/div><\/form><\/div><\/div><\/div><\/div><\/div><\/div><\/div><\/div><\/div><\/div><\/section>\n","protected":false},"excerpt":{"rendered":"AccessoriHomePagineAccessori per gli apparecchi acustici-piccole cose che semplificano la vita Gli apparecchi acustici odierni sono vere meraviglie della tecnologia, ma anche loro hanno bisogno di aiuto, dalle batterie e manutenzione agli accessori. Situazioni uditive specifiche come ascoltare la TV, paralare al telefono o in un&#8217;auto rumorosa possono essere difficili, ma con gli aiutanti giusti possono...","protected":false},"author":1,"featured_media":9812,"parent":9997,"menu_order":0,"comment_status":"closed","ping_status":"closed","template":"","meta":[],"yoast_head":"<!-- This site is optimized with the Yoast SEO plugin v17.9 - https:\/\/yoast.com\/wordpress\/plugins\/seo\/ -->\n<title>Dodaci za Slu\u0161ne Aparate - Bontech<\/title>\n<meta name=\"robots\" content=\"noindex, follow, max-snippet:-1, max-image-preview:large, max-video-preview:-1\" \/>\n<meta property=\"og:locale\" content=\"it_IT\" \/>\n<meta property=\"og:type\" content=\"article\" \/>\n<meta property=\"og:title\" content=\"Dodaci za Slu\u0161ne Aparate - Bontech\" \/>\n<meta property=\"og:url\" content=\"https:\/\/bontech.info\/it\/apparecchi-acustici\/accessori\/\" \/>\n<meta property=\"og:site_name\" content=\"Bontech\" \/>\n<meta property=\"article:modified_time\" content=\"2022-03-25T11:05:39+00:00\" \/>\n<meta property=\"og:image\" content=\"https:\/\/bontech.info\/wp-content\/uploads\/2021\/10\/Ciscenje-i-odrzavanje-slusnih-aparata-Bontech.jpg\" \/>\n\t<meta property=\"og:image:width\" content=\"1200\" \/>\n\t<meta property=\"og:image:height\" content=\"800\" \/>\n\t<meta property=\"og:image:type\" content=\"image\/jpeg\" \/>\n<meta name=\"twitter:card\" content=\"summary_large_image\" \/>\n<meta name=\"twitter:label1\" content=\"Tempo di lettura stimato\" \/>\n\t<meta name=\"twitter:data1\" content=\"2 minuti\" \/>\n<script type=\"application\/ld+json\" class=\"yoast-schema-graph\">{\"@context\":\"https:\/\/schema.org\",\"@graph\":[{\"@type\":\"WebSite\",\"@id\":\"https:\/\/bontech.info\/#website\",\"url\":\"https:\/\/bontech.info\/\",\"name\":\"Bontech\",\"description\":\"\",\"potentialAction\":[{\"@type\":\"SearchAction\",\"target\":{\"@type\":\"EntryPoint\",\"urlTemplate\":\"https:\/\/bontech.info\/?s={search_term_string}\"},\"query-input\":\"required name=search_term_string\"}],\"inLanguage\":\"it-IT\"},{\"@type\":\"ImageObject\",\"@id\":\"https:\/\/bontech.info\/it\/apparecchi-acustici\/accessori\/#primaryimage\",\"inLanguage\":\"it-IT\",\"url\":\"https:\/\/bontech.info\/wp-content\/uploads\/2021\/10\/Ciscenje-i-odrzavanje-slusnih-aparata-Bontech.jpg\",\"contentUrl\":\"https:\/\/bontech.info\/wp-content\/uploads\/2021\/10\/Ciscenje-i-odrzavanje-slusnih-aparata-Bontech.jpg\",\"width\":1200,\"height\":800},{\"@type\":\"WebPage\",\"@id\":\"https:\/\/bontech.info\/it\/apparecchi-acustici\/accessori\/#webpage\",\"url\":\"https:\/\/bontech.info\/it\/apparecchi-acustici\/accessori\/\",\"name\":\"Dodaci za Slu\\u0161ne Aparate - Bontech\",\"isPartOf\":{\"@id\":\"https:\/\/bontech.info\/#website\"},\"primaryImageOfPage\":{\"@id\":\"https:\/\/bontech.info\/it\/apparecchi-acustici\/accessori\/#primaryimage\"},\"datePublished\":\"2021-10-12T10:31:56+00:00\",\"dateModified\":\"2022-03-25T11:05:39+00:00\",\"breadcrumb\":{\"@id\":\"https:\/\/bontech.info\/it\/apparecchi-acustici\/accessori\/#breadcrumb\"},\"inLanguage\":\"it-IT\",\"potentialAction\":[{\"@type\":\"ReadAction\",\"target\":[\"https:\/\/bontech.info\/it\/apparecchi-acustici\/accessori\/\"]}]},{\"@type\":\"BreadcrumbList\",\"@id\":\"https:\/\/bontech.info\/it\/apparecchi-acustici\/accessori\/#breadcrumb\",\"itemListElement\":[{\"@type\":\"ListItem\",\"position\":1,\"name\":\"Po\\u010detna stranica\",\"item\":\"https:\/\/bontech.info\/it\/\"},{\"@type\":\"ListItem\",\"position\":2,\"name\":\"Apparecchi acustici\",\"item\":\"https:\/\/bontech.info\/it\/apparecchi-acustici\/\"},{\"@type\":\"ListItem\",\"position\":3,\"name\":\"Accessori\"}]}]}<\/script>\n<!-- \/ Yoast SEO plugin. -->","yoast_head_json":{"title":"Dodaci za Slu\u0161ne Aparate - Bontech","robots":{"index":"noindex","follow":"follow","max-snippet":"max-snippet:-1","max-image-preview":"max-image-preview:large","max-video-preview":"max-video-preview:-1"},"og_locale":"it_IT","og_type":"article","og_title":"Dodaci za Slu\u0161ne Aparate - Bontech","og_url":"https:\/\/bontech.info\/it\/apparecchi-acustici\/accessori\/","og_site_name":"Bontech","article_modified_time":"2022-03-25T11:05:39+00:00","og_image":[{"width":1200,"height":800,"url":"https:\/\/bontech.info\/wp-content\/uploads\/2021\/10\/Ciscenje-i-odrzavanje-slusnih-aparata-Bontech.jpg","type":"image\/jpeg"}],"twitter_card":"summary_large_image","twitter_misc":{"Tempo di lettura stimato":"2 minuti"},"schema":{"@context":"https:\/\/schema.org","@graph":[{"@type":"WebSite","@id":"https:\/\/bontech.info\/#website","url":"https:\/\/bontech.info\/","name":"Bontech","description":"","potentialAction":[{"@type":"SearchAction","target":{"@type":"EntryPoint","urlTemplate":"https:\/\/bontech.info\/?s={search_term_string}"},"query-input":"required name=search_term_string"}],"inLanguage":"it-IT"},{"@type":"ImageObject","@id":"https:\/\/bontech.info\/it\/apparecchi-acustici\/accessori\/#primaryimage","inLanguage":"it-IT","url":"https:\/\/bontech.info\/wp-content\/uploads\/2021\/10\/Ciscenje-i-odrzavanje-slusnih-aparata-Bontech.jpg","contentUrl":"https:\/\/bontech.info\/wp-content\/uploads\/2021\/10\/Ciscenje-i-odrzavanje-slusnih-aparata-Bontech.jpg","width":1200,"height":800},{"@type":"WebPage","@id":"https:\/\/bontech.info\/it\/apparecchi-acustici\/accessori\/#webpage","url":"https:\/\/bontech.info\/it\/apparecchi-acustici\/accessori\/","name":"Dodaci za Slu\u0161ne Aparate - Bontech","isPartOf":{"@id":"https:\/\/bontech.info\/#website"},"primaryImageOfPage":{"@id":"https:\/\/bontech.info\/it\/apparecchi-acustici\/accessori\/#primaryimage"},"datePublished":"2021-10-12T10:31:56+00:00","dateModified":"2022-03-25T11:05:39+00:00","breadcrumb":{"@id":"https:\/\/bontech.info\/it\/apparecchi-acustici\/accessori\/#breadcrumb"},"inLanguage":"it-IT","potentialAction":[{"@type":"ReadAction","target":["https:\/\/bontech.info\/it\/apparecchi-acustici\/accessori\/"]}]},{"@type":"BreadcrumbList","@id":"https:\/\/bontech.info\/it\/apparecchi-acustici\/accessori\/#breadcrumb","itemListElement":[{"@type":"ListItem","position":1,"name":"Po\u010detna stranica","item":"https:\/\/bontech.info\/it\/"},{"@type":"ListItem","position":2,"name":"Apparecchi acustici","item":"https:\/\/bontech.info\/it\/apparecchi-acustici\/"},{"@type":"ListItem","position":3,"name":"Accessori"}]}]}},"_links":{"self":[{"href":"https:\/\/bontech.info\/it\/wp-json\/wp\/v2\/pages\/10025"}],"collection":[{"href":"https:\/\/bontech.info\/it\/wp-json\/wp\/v2\/pages"}],"about":[{"href":"https:\/\/bontech.info\/it\/wp-json\/wp\/v2\/types\/page"}],"author":[{"embeddable":true,"href":"https:\/\/bontech.info\/it\/wp-json\/wp\/v2\/users\/1"}],"replies":[{"embeddable":true,"href":"https:\/\/bontech.info\/it\/wp-json\/wp\/v2\/comments?post=10025"}],"version-history":[{"count":5,"href":"https:\/\/bontech.info\/it\/wp-json\/wp\/v2\/pages\/10025\/revisions"}],"predecessor-version":[{"id":10379,"href":"https:\/\/bontech.info\/it\/wp-json\/wp\/v2\/pages\/10025\/revisions\/10379"}],"up":[{"embeddable":true,"href":"https:\/\/bontech.info\/it\/wp-json\/wp\/v2\/pages\/9997"}],"wp:featuredmedia":[{"embeddable":true,"href":"https:\/\/bontech.info\/it\/wp-json\/wp\/v2\/media\/9812"}],"wp:attachment":[{"href":"https:\/\/bontech.info\/it\/wp-json\/wp\/v2\/media?parent=10025"}],"curies":[{"name":"wp","href":"https:\/\/api.w.org\/{rel}","templated":true}]}}