{"id":10052,"date":"2021-10-12T10:04:48","date_gmt":"2021-10-12T08:04:48","guid":{"rendered":"https:\/\/bontech.info\/slusni-aparati\/styles\/nevidljivi-aparati\/"},"modified":"2022-03-24T13:24:52","modified_gmt":"2022-03-24T12:24:52","slug":"apparecchi-acustici-del-canale-invisibili","status":"publish","type":"page","link":"https:\/\/bontech.info\/it\/apparecchi-acustici\/tipi\/apparecchi-acustici-del-canale-invisibili\/","title":{"rendered":"Apparecchi acustici del canale-invisibili"},"content":{"rendered":"<section class=\"l-section wpb_row height_auto color_primary with_slider\"><div class=\"l-section-slider\"><div class=\"w-slider style_none fit_cover\"><div class=\"w-slider-h\"><div class=\"royalSlider\"><div class=\"rsContent\"><a class=\"rsImg\" data-rsw=\"1200\" data-rsh=\"800\" href=\"https:\/\/bontech.info\/wp-content\/uploads\/2021\/10\/Kanalna-slusna-pomagala-nevidljiva-Bontech.jpg\"><span data-alt=\"\"><\/span><\/a><\/div><\/div><img src=\"https:\/\/bontech.info\/wp-content\/uploads\/2021\/10\/Kanalna-slusna-pomagala-nevidljiva-Bontech.jpg\" width=\"1200\" height=\"800\" alt loading=\"lazy\"><\/div><div class=\"w-slider-json\" onclick='return {&quot;loop&quot;:true,&quot;fadeInLoadedSlide&quot;:false,&quot;slidesSpacing&quot;:0,&quot;imageScalePadding&quot;:0,&quot;numImagesToPreload&quot;:2,&quot;arrowsNav&quot;:false,&quot;arrowsNavAutoHide&quot;:false,&quot;transitionType&quot;:&quot;move&quot;,&quot;transitionSpeed&quot;:800,&quot;block&quot;:{&quot;moveEffect&quot;:&quot;none&quot;,&quot;speed&quot;:300},&quot;controlNavigation&quot;:&quot;none&quot;,&quot;autoplay&quot;:{&quot;enabled&quot;:true,&quot;pauseOnHover&quot;:false,&quot;delay&quot;:3000},&quot;imageScaleMode&quot;:&quot;fill&quot;,&quot;autoScaleSlider&quot;:true,&quot;autoScaleSliderWidth&quot;:1200,&quot;autoScaleSliderHeight&quot;:800,&quot;fitInViewport&quot;:false}'><\/div><\/div><\/div><div class=\"l-section-overlay\" style=\"background:rgba(20,20,20,0.62)\"><\/div><div class=\"l-section-h i-cf\"><div class=\"g-cols via_flex valign_top type_default\"><div class=\"vc_col-sm-12 wpb_column vc_column_container\"><div class=\"vc_column-inner us_custom_0d54facf\"><div class=\"wpb_wrapper\"><h1 class=\"w-text us_custom_41579c5f\"><span class=\"w-text-h\"><span class=\"w-text-value\">Apparecchi acustici del canale-invisibili<\/span><\/span><\/h1><ol class=\"g-breadcrumbs us_custom_ea2be81a separator_icon align_center\" itemscope itemtype=\"http:\/\/schema.org\/BreadcrumbList\"><li class=\"g-breadcrumbs-item\" itemscope itemprop=\"itemListElement\" itemtype=\"http:\/\/schema.org\/ListItem\"><a itemprop=\"item\" href=\"https:\/\/bontech.info\/it\/\"><span itemprop=\"name\">Home<\/span><\/a><meta itemprop=\"position\" content=\"1\"\/><\/li><li class=\"g-breadcrumbs-separator\"><i class=\"far fa-angle-right\"><\/i><\/li><li class=\"g-breadcrumbs-item\">Pagine<\/li><\/ol><\/div><\/div><\/div><\/div><\/div><\/section><section class=\"l-section wpb_row height_custom\"><div class=\"l-section-h i-cf\"><div class=\"g-cols via_flex valign_middle type_default\"><div class=\"vc_col-sm-12 wpb_column vc_column_container\"><div class=\"vc_column-inner\"><div class=\"wpb_wrapper\"><div class=\"wpb_text_column\"><div class=\"wpb_wrapper\"><p style=\"text-align: center;\">Compatti e semplici:gli apparecchi acustici per canale sono progettati in modo che tutti i componenti siano alloggiati in un unico alloggiamento e l&#8217;apparecchio completo si trovi nell&#8217;orecchio.<\/p>\n<p style=\"text-align: center;\">Questi dispositivi non sono un tipo speciale, sono solo una forma diversa cio\u00e8 diverse versioni di dispositivi BTE\/RITE, ma contengono quasi gli stessi componenti di base. Sono disponibili in diverse dimensioni, che dipendono principalmente dall&#8217;anatomia dell&#8217;orecchio, ma anche dal grado di deficit uditivo, dalle dimensioni della batteria e da altre opzioni.<\/p>\n<\/div><\/div><\/div><\/div><\/div><\/div><\/div><\/section><section class=\"l-section wpb_row height_auto width_full\"><div class=\"l-section-h i-cf\"><div class=\"g-cols via_flex valign_middle type_boxes\"><div class=\"vc_col-sm-6 wpb_column vc_column_container has_bg_color\"><div class=\"vc_column-inner us_custom_c7d02f45\"><div class=\"wpb_wrapper\"><div class=\"wpb_text_column\"><div class=\"wpb_wrapper\"><h2><span style=\"color: #ffffff;\">Prestazioni e idoneit\u00e0<\/span><\/h2>\n<p><span style=\"color: #ffffff;\">Dipendendo dal riempimento dell&#8217;orecchio, distinguiamo le seguenti versioni di apparecchi acustici del canale:<\/span><\/p>\n<p><span style=\"color: #ffffff;\">\u2981 Invisibile nel canale o ing.Invisible in the Canal \u2013 ICC \u00e8 una versione pi\u00f9 recente del dispositivo del canale che viene posizionato in profondit\u00e0 del canale uditivo ed \u00e8 praticamente invisibile nell&#8217;orecchio. Sebbene i componenti di tale dispositivo siano estremamente ridotti, \u00e8 essenziale che il canale auricolare del potenziale utente soddisfi le misure minime neccessarie. Sono adatti per ipoacusie da lievi a moderate.<\/span><\/p>\n<p><span style=\"color: #ffffff;\">\u2981 Completamente nel canale o ing.Comletely in the Canal -CIC si trova completamente nel canale uditivo, ma uguale come ICC non c&#8217;\u00e8 il controllo dell&#8217;utente. La posizione della piastra frontale \u00e8 approssimativamente a livello dell&#8217;ingresso del canale uditivo e, se neccessario, \u00e8 possibile posizionare un estrattore per facilitare la rimozione dell&#8217;apparecchio dall&#8217;orecchio. Sono adatti per perdite uditive moderate.<\/span><\/p>\n<p><span style=\"color: #ffffff;\">\u2981 Nel canale o ing. In The Canal- ITC riempie meno della met\u00e0 dell&#8217;orecchio e la piastra frontale \u00e8 un po&#8217; pi\u00f9 grande dell&#8217;ingresso del canale uditivo, ed \u00e8 il tipo pi\u00f9 utillizzato. Spesso contiene microfoni direzionali e alcuni controlli degli utenti e di solito \u00e8 un pulsante per modificare il programma. Sono adatti per perdite uditive moderate.<\/span><\/p>\n<p><span style=\"color: #ffffff;\">\u2981 Nell&#8217;orechhio o ing. In The Ear-ITE (Full Shell-FS o Half Shell-HS) riempie l&#8217;intero o circa la met\u00e0 dell&#8217;orecchio dell&#8217;utente e viene eseguito principalmente quando l&#8217;anatomia dell&#8217;orecchio o i componenti incorporati rendono impossibile realizzare uno dei sudetti prestazioni. Sono adatti per perdite uditive moderate.<\/span><\/p>\n<\/div><\/div><\/div><\/div><\/div><div class=\"vc_col-sm-6 wpb_column vc_column_container has_bg_color\"><div class=\"vc_column-inner us_custom_85e47091\"><div class=\"wpb_wrapper\"><div class=\"w-separator size_custom\" style=\"height:200px\"><\/div><\/div><\/div><\/div><\/div><\/div><\/section><section class=\"l-section wpb_row height_custom\"><div class=\"l-section-h i-cf\"><div class=\"g-cols via_flex valign_middle type_default\"><div class=\"vc_col-sm-12 wpb_column vc_column_container\"><div class=\"vc_column-inner\"><div class=\"wpb_wrapper\"><div class=\"wpb_text_column us_custom_50cc7d67\"><div class=\"wpb_wrapper\"><h2 style=\"text-align: center;\"><span style=\"color: #00a4bc;\">Perch\u00e9 scegliere apparecchi acustici &#8220;invisibili&#8221;?<\/span><\/h2>\n<\/div><\/div><div class=\"wpb_text_column\"><div class=\"wpb_wrapper\"><p style=\"text-align: center;\">Gli apparecchi acustici del canale sono realizzati con l&#8217;impronta dell&#8217;orecchio e sono quindi molto comodi da indossare. Se avete l&#8217;anatomia adeguata dell&#8217;orecchio e desiderete un apparecchio discreto, versione ICC \u00e8 la soluzione giusta per voi. Per altri, c&#8217;\u00e8 una variet\u00e0 di opzioni con un pulsante, microfoni direzionali o la possibilit\u00e0 di connessione wireless a uno smartphone o un addattatore TV.<\/p>\n<\/div><\/div><\/div><\/div><\/div><\/div><\/div><\/section><section class=\"l-section wpb_row height_auto width_full\"><div class=\"l-section-h i-cf\"><div class=\"g-cols via_flex valign_middle type_boxes\"><div class=\"vc_col-sm-6 wpb_column vc_column_container has_bg_color\"><div class=\"vc_column-inner us_custom_cba46a0d\"><div class=\"wpb_wrapper\"><div class=\"w-separator size_custom\" style=\"height:200px\"><\/div><\/div><\/div><\/div><div class=\"vc_col-sm-6 wpb_column vc_column_container has_bg_color\"><div class=\"vc_column-inner us_custom_c7d02f45\"><div class=\"wpb_wrapper\"><div class=\"wpb_text_column us_custom_c7d02f45\"><div class=\"wpb_wrapper\"><h2><span style=\"color: #ffffff;\">Vantaggi<\/span><\/h2>\n<p><span style=\"color: #ffffff;\">Uno dei principali vantaggi degli dispositivi del canale \u00e8 che tutti i componenti sono in un unico alloggiamento, quindi sono pi\u00f9 facili da posizionare nell&#8217;orecchio. C&#8217;\u00e8 anche la visibilit\u00e0 minima, appliccabile per CIC e in particolare per IIC, e meno possibilit\u00e0 di perdita quando si mettono e tolgono le mascherine per il viso.<\/span><\/p>\n<p><span style=\"color: #ffffff;\">Sono leggeri e comodi da indossare e per i modelli ITC e ITE sono disponibili opzioni con microfoni direzionali o opzioni con connessione wireless con uno smartphone o un addattatore TV.<\/span><\/p>\n<h2><span style=\"color: #ffffff;\">Svantaggi<\/span><\/h2>\n<p><span style=\"color: #ffffff;\">Le piccole dimensioni possono avere un doppio significato: un piccolo dispositivo \u00e8 meno visibile ma \u00e8 anche pi\u00f9 facile da perdere e pi\u00f9 difficile da maneggiare. \u00c8 importante avere una buona vista e dita agili, e i due tipi pi\u00f9 piccoli (IIC e CIC) usano le batterie piccole che durano meno.<\/span><\/p>\n<p><span style=\"color: #ffffff;\">In caso di problemi di udito, essiste la possibilit\u00e0 che non sia in grado di amplificare sufficiente, non possono essere spostati sull&#8217;altro orecchio, non sono disponibili versioni con bateeria ricaricabile, la manutenzione \u00e8 un po&#8217; pi\u00f9 esigente e adatta a un determinato gruppo di utenti.<\/span><\/p>\n<\/div><\/div><\/div><\/div><\/div><\/div><\/div><\/section><section class=\"l-section wpb_row height_custom\"><div class=\"l-section-h i-cf\"><div class=\"g-cols via_flex valign_middle type_default\"><div class=\"vc_col-sm-12 wpb_column vc_column_container\"><div class=\"vc_column-inner\"><div class=\"wpb_wrapper\"><div class=\"wpb_text_column us_custom_8d5aa4e2\"><div class=\"wpb_wrapper\"><h2 style=\"text-align: center;\"><span style=\"color: #00a4bc;\">Volete provare gli apparecchi acustici &#8220;invisibili&#8221;?<\/span><\/h2>\n<\/div><\/div><div class=\"wpb_text_column\"><div class=\"wpb_wrapper\"><p style=\"text-align: center;\">Scegliete una di 27 filliali e inserite i vostri dati di contatto oppure chimateci al Numero Verde<a href=\"tel:08004466\">0800 44 66<\/a><\/p>\n<\/div><\/div><div class=\"g-cols wpb_row us_custom_72fc42ef via_flex valign_top type_default\"><div class=\"vc_col-sm-6 wpb_column vc_column_container\"><div class=\"vc_column-inner\"><div class=\"wpb_wrapper\"><div class=\"w-image align_center\"><div class=\"w-image-h\"><img width=\"1024\" height=\"1024\" src=\"https:\/\/bontech.info\/wp-content\/uploads\/2021\/10\/Bontech-lokacije-poslovnica-2.png\" class=\"attachment-large size-large\" alt=\"\" loading=\"lazy\" srcset=\"https:\/\/bontech.info\/wp-content\/uploads\/2021\/10\/Bontech-lokacije-poslovnica-2.png 1024w, https:\/\/bontech.info\/wp-content\/uploads\/2021\/10\/Bontech-lokacije-poslovnica-2-300x300.png 300w, https:\/\/bontech.info\/wp-content\/uploads\/2021\/10\/Bontech-lokacije-poslovnica-2-150x150.png 150w\" sizes=\"(max-width: 1024px) 100vw, 1024px\" \/><\/div><\/div><\/div><\/div><\/div><div class=\"vc_col-sm-6 wpb_column vc_column_container\"><div class=\"vc_column-inner\"><div class=\"wpb_wrapper\"><div role=\"form\" class=\"wpcf7\" id=\"wpcf7-f7969-o1\" lang=\"hr\" dir=\"ltr\">\n<div class=\"screen-reader-response\"><p role=\"status\" aria-live=\"polite\" aria-atomic=\"true\"><\/p> <ul><\/ul><\/div>\n<form action=\"\/it\/wp-json\/wp\/v2\/pages\/10052#wpcf7-f7969-o1\" method=\"post\" class=\"wpcf7-form init\" novalidate=\"novalidate\" data-status=\"init\">\n<div style=\"display: none;\">\n<input type=\"hidden\" name=\"_wpcf7\" value=\"7969\" \/>\n<input type=\"hidden\" name=\"_wpcf7_version\" value=\"5.4.2\" \/>\n<input type=\"hidden\" name=\"_wpcf7_locale\" value=\"hr\" \/>\n<input type=\"hidden\" name=\"_wpcf7_unit_tag\" value=\"wpcf7-f7969-o1\" \/>\n<input type=\"hidden\" name=\"_wpcf7_container_post\" value=\"0\" \/>\n<input type=\"hidden\" name=\"_wpcf7_posted_data_hash\" value=\"\" \/>\n<\/div>\n<p><label> Select your area<br \/>\n    <span class=\"wpcf7-form-control-wrap menu-85\"><select name=\"menu-85\" class=\"wpcf7-form-control wpcf7-select wpcf7-validates-as-required\" aria-required=\"true\" aria-invalid=\"false\"><option value=\"Zagreb\">Zagreb<\/option><option value=\"Split\">Split<\/option><option value=\"Rijeka\">Rijeka<\/option><option value=\"Osijek\">Osijek<\/option><option value=\"Zabok\">Zabok<\/option><option value=\"Sisak\">Sisak<\/option><option value=\"Karlovac\">Karlovac<\/option><option value=\"Vara\u017edin\">Vara\u017edin<\/option><option value=\"Bjelovar\">Bjelovar<\/option><option value=\"\u010cakovec\">\u010cakovec<\/option><option value=\"Koprivnica\">Koprivnica<\/option><option value=\"Ogulin\">Ogulin<\/option><option value=\"Pakrac\">Pakrac<\/option><option value=\"Virovitica\">Virovitica<\/option><option value=\"Nova Gradi\u0161ka\">Nova Gradi\u0161ka<\/option><option value=\"Gospi\u0107\">Gospi\u0107<\/option><option value=\"Na\u0161ice\">Na\u0161ice<\/option><option value=\"Slavonski Brod\">Slavonski Brod<\/option><option value=\"Pula\">Pula<\/option><option value=\"Zadar\">Zadar<\/option><option value=\"Vinkovci\">Vinkovci<\/option><option value=\"\u0160ibenik\">\u0160ibenik<\/option><option value=\"Vukovar\">Vukovar<\/option><option value=\"Dubrovnik\">Dubrovnik<\/option><\/select><\/span> <\/label><\/p>\n<p><label> Name<br \/>\n    <span class=\"wpcf7-form-control-wrap your-name\"><input type=\"text\" name=\"your-name\" value=\"\" size=\"40\" class=\"wpcf7-form-control wpcf7-text wpcf7-validates-as-required\" aria-required=\"true\" aria-invalid=\"false\" \/><\/span> <\/label><\/p>\n<p><label> E-Mail<br \/>\n    <span class=\"wpcf7-form-control-wrap your-email\"><input type=\"email\" name=\"your-email\" value=\"\" size=\"40\" class=\"wpcf7-form-control wpcf7-text wpcf7-email wpcf7-validates-as-required wpcf7-validates-as-email\" aria-required=\"true\" aria-invalid=\"false\" \/><\/span> <\/label><\/p>\n<p><label> Contact number<br \/>\n    <span class=\"wpcf7-form-control-wrap tel-660\"><input type=\"tel\" name=\"tel-660\" value=\"\" size=\"40\" class=\"wpcf7-form-control wpcf7-text wpcf7-tel wpcf7-validates-as-required wpcf7-validates-as-tel\" aria-required=\"true\" aria-invalid=\"false\" \/><\/span> <\/label><\/p>\n<p><span class=\"wpcf7-form-control-wrap kc_captcha\"><span class=\"wpcf7-form-control wpcf7-radio\"> \n    <span class=\"captcha-image\" >\n        <span class=\"cf7ic_instructions\">Prova che sei umano selezionando l'icona corrispondente a<span> Casa<\/span>.<\/span><label><input type=\"radio\" name=\"kc_captcha\" value=\"kc_human\" \/><svg width=\"50\" height=\"50\" aria-hidden=\"true\" role=\"img\" xmlns=\"https:\/\/www.w3.org\/2000\/svg\" viewBox=\"0 0 576 512\"><path fill=\"currentColor\" d=\"M488 313v143c0 13-11 24-24 24H348c-7 0-12-5-12-12V356c0-7-5-12-12-12h-72c-7 0-12 5-12 12v112c0 7-5 12-12 12H112c-13 0-24-11-24-24V313c0-4 2-7 4-10l188-154c5-4 11-4 16 0l188 154c2 3 4 6 4 10zm84-61l-84-69V44c0-6-5-12-12-12h-56c-7 0-12 6-12 12v73l-89-74a48 48 0 00-61 0L4 252c-5 4-5 12-1 17l25 31c5 5 12 5 17 1l235-193c5-4 11-4 16 0l235 193c5 5 13 4 17-1l25-31c4-6 4-13-1-17z\"\/><\/svg><\/label><label><input type=\"radio\" name=\"kc_captcha\" value=\"bot\" \/><svg width=\"50\" height=\"50\" aria-hidden=\"true\" role=\"img\" xmlns=\"https:\/\/www.w3.org\/2000\/svg\" viewBox=\"0 0 640 512\"><path fill=\"currentColor\" d=\"M192 384h192c53 0 96-43 96-96h32a128 128 0 000-256H120c-13 0-24 11-24 24v232c0 53 43 96 96 96zM512 96a64 64 0 010 128h-32V96h32zm48 384H48c-47 0-61-64-36-64h584c25 0 11 64-36 64z\"\/><\/svg><\/label><label><input type=\"radio\" name=\"kc_captcha\" value=\"bot\" \/><svg width=\"50\" height=\"50\" aria-hidden=\"true\" role=\"img\" xmlns=\"https:\/\/www.w3.org\/2000\/svg\" viewBox=\"0 0 640 512\"><path fill=\"currentColor\" d=\"M624 352h-16V244c0-13-5-25-14-34L494 110c-9-9-21-14-34-14h-44V48c0-26-21-48-48-48H48C22 0 0 22 0 48v320c0 27 22 48 48 48h16a96 96 0 00192 0h128a96 96 0 00192 0h48c9 0 16-7 16-16v-32c0-9-7-16-16-16zM160 464a48 48 0 110-96 48 48 0 010 96zm320 0a48 48 0 110-96 48 48 0 010 96zm80-208H416V144h44l100 100v12z\"\/><\/svg><\/label>\n    <\/span>\n    <span style=\"display:none\">\n        <input type=\"text\" name=\"kc_honeypot\">\n    <\/span><\/span><\/span><\/p>\n<p><label> <span class=\"wpcf7-form-control-wrap acceptance-417\"><span class=\"wpcf7-form-control wpcf7-acceptance\"><span class=\"wpcf7-list-item\"><label><input type=\"checkbox\" name=\"acceptance-417\" value=\"1\" aria-invalid=\"false\" \/><span class=\"wpcf7-list-item-label\">I agree<\/span><\/label><\/span><\/span><\/span><br \/>\n<SPAN STYLE=\"font-size: 8pt;font-style: italic;line-height: 8pt;\">I agree to my data being stored, and occasionally used for the purpose of sending newsletters and other promotional emails. I understand that at my own request, I can unsubscribe from the e-mail list at any time, request access to my data, and, if I wish, edit or permanently remove it from your database.<\/span><br \/>\n<\/label><\/p>\n<p><input type=\"submit\" value=\"Submit\" class=\"wpcf7-form-control wpcf7-submit\" \/><\/p>\n<div class=\"wpcf7-response-output\" aria-hidden=\"true\"><\/div><\/form><\/div><\/div><\/div><\/div><\/div><\/div><\/div><\/div><\/div><\/div><\/section>\n","protected":false},"excerpt":{"rendered":"Apparecchi acustici del canale-invisibiliHomePagineCompatti e semplici:gli apparecchi acustici per canale sono progettati in modo che tutti i componenti siano alloggiati in un unico alloggiamento e l&#8217;apparecchio completo si trovi nell&#8217;orecchio. Questi dispositivi non sono un tipo speciale, sono solo una forma diversa cio\u00e8 diverse versioni di dispositivi BTE\/RITE, ma contengono quasi gli stessi componenti di...","protected":false},"author":1,"featured_media":0,"parent":10012,"menu_order":0,"comment_status":"closed","ping_status":"closed","template":"","meta":[],"yoast_head":"<!-- This site is optimized with the Yoast SEO plugin v17.9 - https:\/\/yoast.com\/wordpress\/plugins\/seo\/ -->\n<title>Apparecchi acustici del canale-invisibili - Bontech<\/title>\n<meta name=\"robots\" content=\"noindex, follow, max-snippet:-1, max-image-preview:large, max-video-preview:-1\" \/>\n<meta property=\"og:locale\" content=\"it_IT\" \/>\n<meta property=\"og:type\" content=\"article\" \/>\n<meta property=\"og:title\" content=\"Apparecchi acustici del canale-invisibili - Bontech\" \/>\n<meta property=\"og:url\" content=\"https:\/\/bontech.info\/it\/apparecchi-acustici\/tipi\/apparecchi-acustici-del-canale-invisibili\/\" \/>\n<meta property=\"og:site_name\" content=\"Bontech\" \/>\n<meta property=\"article:modified_time\" content=\"2022-03-24T12:24:52+00:00\" \/>\n<meta name=\"twitter:card\" content=\"summary_large_image\" \/>\n<meta name=\"twitter:label1\" content=\"Tempo di lettura stimato\" \/>\n\t<meta name=\"twitter:data1\" content=\"3 minuti\" \/>\n<script type=\"application\/ld+json\" class=\"yoast-schema-graph\">{\"@context\":\"https:\/\/schema.org\",\"@graph\":[{\"@type\":\"WebSite\",\"@id\":\"https:\/\/bontech.info\/#website\",\"url\":\"https:\/\/bontech.info\/\",\"name\":\"Bontech\",\"description\":\"\",\"potentialAction\":[{\"@type\":\"SearchAction\",\"target\":{\"@type\":\"EntryPoint\",\"urlTemplate\":\"https:\/\/bontech.info\/?s={search_term_string}\"},\"query-input\":\"required name=search_term_string\"}],\"inLanguage\":\"it-IT\"},{\"@type\":\"WebPage\",\"@id\":\"https:\/\/bontech.info\/it\/apparecchi-acustici\/tipi\/apparecchi-acustici-del-canale-invisibili\/#webpage\",\"url\":\"https:\/\/bontech.info\/it\/apparecchi-acustici\/tipi\/apparecchi-acustici-del-canale-invisibili\/\",\"name\":\"Apparecchi acustici del canale-invisibili - Bontech\",\"isPartOf\":{\"@id\":\"https:\/\/bontech.info\/#website\"},\"datePublished\":\"2021-10-12T08:04:48+00:00\",\"dateModified\":\"2022-03-24T12:24:52+00:00\",\"breadcrumb\":{\"@id\":\"https:\/\/bontech.info\/it\/apparecchi-acustici\/tipi\/apparecchi-acustici-del-canale-invisibili\/#breadcrumb\"},\"inLanguage\":\"it-IT\",\"potentialAction\":[{\"@type\":\"ReadAction\",\"target\":[\"https:\/\/bontech.info\/it\/apparecchi-acustici\/tipi\/apparecchi-acustici-del-canale-invisibili\/\"]}]},{\"@type\":\"BreadcrumbList\",\"@id\":\"https:\/\/bontech.info\/it\/apparecchi-acustici\/tipi\/apparecchi-acustici-del-canale-invisibili\/#breadcrumb\",\"itemListElement\":[{\"@type\":\"ListItem\",\"position\":1,\"name\":\"Po\\u010detna stranica\",\"item\":\"https:\/\/bontech.info\/it\/\"},{\"@type\":\"ListItem\",\"position\":2,\"name\":\"Apparecchi acustici\",\"item\":\"https:\/\/bontech.info\/it\/apparecchi-acustici\/\"},{\"@type\":\"ListItem\",\"position\":3,\"name\":\"Tipi\",\"item\":\"https:\/\/bontech.info\/it\/apparecchi-acustici\/tipi\/\"},{\"@type\":\"ListItem\",\"position\":4,\"name\":\"Apparecchi acustici del canale-invisibili\"}]}]}<\/script>\n<!-- \/ Yoast SEO plugin. -->","yoast_head_json":{"title":"Apparecchi acustici del canale-invisibili - Bontech","robots":{"index":"noindex","follow":"follow","max-snippet":"max-snippet:-1","max-image-preview":"max-image-preview:large","max-video-preview":"max-video-preview:-1"},"og_locale":"it_IT","og_type":"article","og_title":"Apparecchi acustici del canale-invisibili - Bontech","og_url":"https:\/\/bontech.info\/it\/apparecchi-acustici\/tipi\/apparecchi-acustici-del-canale-invisibili\/","og_site_name":"Bontech","article_modified_time":"2022-03-24T12:24:52+00:00","twitter_card":"summary_large_image","twitter_misc":{"Tempo di lettura stimato":"3 minuti"},"schema":{"@context":"https:\/\/schema.org","@graph":[{"@type":"WebSite","@id":"https:\/\/bontech.info\/#website","url":"https:\/\/bontech.info\/","name":"Bontech","description":"","potentialAction":[{"@type":"SearchAction","target":{"@type":"EntryPoint","urlTemplate":"https:\/\/bontech.info\/?s={search_term_string}"},"query-input":"required name=search_term_string"}],"inLanguage":"it-IT"},{"@type":"WebPage","@id":"https:\/\/bontech.info\/it\/apparecchi-acustici\/tipi\/apparecchi-acustici-del-canale-invisibili\/#webpage","url":"https:\/\/bontech.info\/it\/apparecchi-acustici\/tipi\/apparecchi-acustici-del-canale-invisibili\/","name":"Apparecchi acustici del canale-invisibili - Bontech","isPartOf":{"@id":"https:\/\/bontech.info\/#website"},"datePublished":"2021-10-12T08:04:48+00:00","dateModified":"2022-03-24T12:24:52+00:00","breadcrumb":{"@id":"https:\/\/bontech.info\/it\/apparecchi-acustici\/tipi\/apparecchi-acustici-del-canale-invisibili\/#breadcrumb"},"inLanguage":"it-IT","potentialAction":[{"@type":"ReadAction","target":["https:\/\/bontech.info\/it\/apparecchi-acustici\/tipi\/apparecchi-acustici-del-canale-invisibili\/"]}]},{"@type":"BreadcrumbList","@id":"https:\/\/bontech.info\/it\/apparecchi-acustici\/tipi\/apparecchi-acustici-del-canale-invisibili\/#breadcrumb","itemListElement":[{"@type":"ListItem","position":1,"name":"Po\u010detna stranica","item":"https:\/\/bontech.info\/it\/"},{"@type":"ListItem","position":2,"name":"Apparecchi acustici","item":"https:\/\/bontech.info\/it\/apparecchi-acustici\/"},{"@type":"ListItem","position":3,"name":"Tipi","item":"https:\/\/bontech.info\/it\/apparecchi-acustici\/tipi\/"},{"@type":"ListItem","position":4,"name":"Apparecchi acustici del canale-invisibili"}]}]}},"_links":{"self":[{"href":"https:\/\/bontech.info\/it\/wp-json\/wp\/v2\/pages\/10052"}],"collection":[{"href":"https:\/\/bontech.info\/it\/wp-json\/wp\/v2\/pages"}],"about":[{"href":"https:\/\/bontech.info\/it\/wp-json\/wp\/v2\/types\/page"}],"author":[{"embeddable":true,"href":"https:\/\/bontech.info\/it\/wp-json\/wp\/v2\/users\/1"}],"replies":[{"embeddable":true,"href":"https:\/\/bontech.info\/it\/wp-json\/wp\/v2\/comments?post=10052"}],"version-history":[{"count":3,"href":"https:\/\/bontech.info\/it\/wp-json\/wp\/v2\/pages\/10052\/revisions"}],"predecessor-version":[{"id":10345,"href":"https:\/\/bontech.info\/it\/wp-json\/wp\/v2\/pages\/10052\/revisions\/10345"}],"up":[{"embeddable":true,"href":"https:\/\/bontech.info\/it\/wp-json\/wp\/v2\/pages\/10012"}],"wp:attachment":[{"href":"https:\/\/bontech.info\/it\/wp-json\/wp\/v2\/media?parent=10052"}],"curies":[{"name":"wp","href":"https:\/\/api.w.org\/{rel}","templated":true}]}}