{"id":10065,"date":"2021-10-12T09:55:16","date_gmt":"2021-10-12T07:55:16","guid":{"rendered":"https:\/\/bontech.info\/slusni-aparati\/styles\/slusna-pomagala-sa-zvucnikom-u-uhu\/"},"modified":"2022-03-24T13:44:51","modified_gmt":"2022-03-24T12:44:51","slug":"apparecchi-acustici-con-altoparlante-nellorecchio","status":"publish","type":"page","link":"https:\/\/bontech.info\/it\/apparecchi-acustici\/tipi\/apparecchi-acustici-con-altoparlante-nellorecchio\/","title":{"rendered":"Apparecchi acustici con altoparlante nell&#8217;orecchio"},"content":{"rendered":"<section class=\"l-section wpb_row height_auto color_primary with_slider\"><div class=\"l-section-slider\"><div class=\"w-slider style_none fit_cover\"><div class=\"w-slider-h\"><div class=\"royalSlider\"><div class=\"rsContent\"><a class=\"rsImg\" data-rsw=\"1200\" data-rsh=\"500\" href=\"https:\/\/bontech.info\/wp-content\/uploads\/2021\/10\/Pedijatrijska-slusna-pomagala-pozadina-Bontech.jpg\"><span data-alt=\"\"><\/span><\/a><\/div><\/div><img src=\"https:\/\/bontech.info\/wp-content\/uploads\/2021\/10\/Pedijatrijska-slusna-pomagala-pozadina-Bontech.jpg\" width=\"1200\" height=\"500\" alt loading=\"lazy\"><\/div><div class=\"w-slider-json\" onclick='return {&quot;loop&quot;:true,&quot;fadeInLoadedSlide&quot;:false,&quot;slidesSpacing&quot;:0,&quot;imageScalePadding&quot;:0,&quot;numImagesToPreload&quot;:2,&quot;arrowsNav&quot;:false,&quot;arrowsNavAutoHide&quot;:false,&quot;transitionType&quot;:&quot;move&quot;,&quot;transitionSpeed&quot;:800,&quot;block&quot;:{&quot;moveEffect&quot;:&quot;none&quot;,&quot;speed&quot;:300},&quot;controlNavigation&quot;:&quot;none&quot;,&quot;autoplay&quot;:{&quot;enabled&quot;:true,&quot;pauseOnHover&quot;:false,&quot;delay&quot;:3000},&quot;imageScaleMode&quot;:&quot;fill&quot;,&quot;autoScaleSlider&quot;:true,&quot;autoScaleSliderWidth&quot;:1200,&quot;autoScaleSliderHeight&quot;:500,&quot;fitInViewport&quot;:false}'><\/div><\/div><\/div><div class=\"l-section-overlay\" style=\"background:rgba(20,20,20,0.62)\"><\/div><div class=\"l-section-h i-cf\"><div class=\"g-cols via_flex valign_top type_default\"><div class=\"vc_col-sm-12 wpb_column vc_column_container\"><div class=\"vc_column-inner us_custom_0d54facf\"><div class=\"wpb_wrapper\"><h1 class=\"w-text us_custom_41579c5f\"><span class=\"w-text-h\"><span class=\"w-text-value\">Apparecchi acustici con altoparlante nell&#8217;orecchio<\/span><\/span><\/h1><ol class=\"g-breadcrumbs us_custom_ea2be81a separator_icon align_center\" itemscope itemtype=\"http:\/\/schema.org\/BreadcrumbList\"><li class=\"g-breadcrumbs-item\" itemscope itemprop=\"itemListElement\" itemtype=\"http:\/\/schema.org\/ListItem\"><a itemprop=\"item\" href=\"https:\/\/bontech.info\/it\/\"><span itemprop=\"name\">Home<\/span><\/a><meta itemprop=\"position\" content=\"1\"\/><\/li><li class=\"g-breadcrumbs-separator\"><i class=\"far fa-angle-right\"><\/i><\/li><li class=\"g-breadcrumbs-item\">Pagine<\/li><\/ol><\/div><\/div><\/div><\/div><\/div><\/section><section class=\"l-section wpb_row height_custom\"><div class=\"l-section-h i-cf\"><div class=\"g-cols via_flex valign_middle type_default\"><div class=\"vc_col-sm-12 wpb_column vc_column_container\"><div class=\"vc_column-inner\"><div class=\"wpb_wrapper\"><div class=\"wpb_text_column\"><div class=\"wpb_wrapper\"><p style=\"text-align: center;\">Discreti e leggeri, e allo stesso tempo forti e avanzati-apparecchi acustici con altoparlante nell&#8217;orecchio o ing.Receiver In the Ear (RITE) o Receiver In the Canal (RIC) \u00e8 una versione dell&#8217;apparecchio acustico retroauricolare in cui l&#8217;altroparlante \u00e8 staccato dall&#8217;alloggiamento dell&#8217;apparecchio e posizionato direttamente nel canale uditivo dell&#8217;utente.<\/p>\n<p style=\"text-align: center;\">\u00c8 collegato all&#8217;apparecchio acustico con un cavo sottile che raggiunge una discrezione eccezionale in quanto il cavo \u00e8 appena percettibile. Sull&#8217;altoparlante viene posizionata una capsula in silicone morbido e, se neccessario, \u00e8 possibile realizzare un inserto anatomico.<\/p>\n<\/div><\/div><\/div><\/div><\/div><\/div><\/div><\/section><section class=\"l-section wpb_row height_auto width_full\"><div class=\"l-section-h i-cf\"><div class=\"g-cols via_flex valign_middle type_boxes\"><div class=\"vc_col-sm-6 wpb_column vc_column_container has_bg_color\"><div class=\"vc_column-inner us_custom_c7d02f45\"><div class=\"wpb_wrapper\"><div class=\"wpb_text_column\"><div class=\"wpb_wrapper\"><h2><span style=\"color: #ffffff;\">Prestazioni e idoneit\u00e0<\/span><\/h2>\n<p><span style=\"color: #ffffff;\">Gli apparecchi RITE sono realizzati in diverse forme, dimensioni e colori e di solito hanno un pulsante che permette all&#8217;utente il controllo del funzionamento del dispositivo.<\/span><\/p>\n<p><span style=\"color: #ffffff;\">Sono disponibili nelle varianti miniRITE e miniRITE R e sono adatti per ipoacusie da lievi a gravi.<\/span><\/p>\n<p><span style=\"color: #ffffff;\">La versione ricaricabile (ing.Rechargeable) consente l&#8217;uso senza la neccessit\u00e0 di cambiare la batteria regolarmente, poich\u00e9 la batteria pu\u00f2 essere facilmente caricata posizionando i dispositivi nel caricabatterie durante la notte.<\/span><\/p>\n<\/div><\/div><\/div><\/div><\/div><div class=\"vc_col-sm-6 wpb_column vc_column_container has_bg_color\"><div class=\"vc_column-inner us_custom_90fdd1bf\"><div class=\"wpb_wrapper\"><div class=\"w-separator size_custom\" style=\"height:200px\"><\/div><\/div><\/div><\/div><\/div><\/div><\/section><section class=\"l-section wpb_row height_custom\"><div class=\"l-section-h i-cf\"><div class=\"g-cols via_flex valign_middle type_default\"><div class=\"vc_col-sm-12 wpb_column vc_column_container\"><div class=\"vc_column-inner\"><div class=\"wpb_wrapper\"><div class=\"wpb_text_column us_custom_50cc7d67\"><div class=\"wpb_wrapper\"><h2 style=\"text-align: center;\"><span style=\"color: #00a4bc;\">Perch\u00e9 scegliere gli apparecchi acustici con altoparlante nell&#8217;orecchio?<\/span><\/h2>\n<\/div><\/div><div class=\"wpb_text_column\"><div class=\"wpb_wrapper\"><p style=\"text-align: center;\">Se avete una ipacusia lieve, moderata o grave e desiderete un apparecchio moderno, confortevole e discreto, gli apparecchi RITE sono la soluzione giusta per voi. Varianti &#8220;mini&#8221; dal design gradevole, con possibilit\u00e0 di controllo remoto dallo schermo dello smartphone, un&#8217;ampia scelta di capsule e versioni a batteria ricaricabile soddisfer\u00e0 anche gli utenti pi\u00f9 esigenti.<\/p>\n<\/div><\/div><\/div><\/div><\/div><\/div><\/div><\/section><section class=\"l-section wpb_row height_auto width_full\"><div class=\"l-section-h i-cf\"><div class=\"g-cols via_flex valign_middle type_boxes\"><div class=\"vc_col-sm-6 wpb_column vc_column_container has_bg_color\"><div class=\"vc_column-inner us_custom_6506bf4f\"><div class=\"wpb_wrapper\"><div class=\"w-separator size_custom\" style=\"height:200px\"><\/div><\/div><\/div><\/div><div class=\"vc_col-sm-6 wpb_column vc_column_container has_bg_color\"><div class=\"vc_column-inner us_custom_c7d02f45\"><div class=\"wpb_wrapper\"><div class=\"wpb_text_column us_custom_c7d02f45\"><div class=\"wpb_wrapper\"><h2><span style=\"color: #ffffff;\">Vantaggi<\/span><\/h2>\n<p><span style=\"color: #ffffff;\">Gli apparecchi acustici RITE sono la prestazione pi\u00f9 comunemente utilizzata, in quanto consentono l&#8217;adattamento a un&#8217;ampia gamma di utenti, sono adatti a quasi tutti i gradi di disabilit\u00e0 uditiva e offrono una buona flessibilit\u00e0 in caso di neccessit\u00e0 (ad esempio, basso deterioramento dell&#8217;udito o necessit\u00e0 di spostare l&#8217;apparecchio sull&#8217;altro orecchio).<\/span><\/p>\n<p><span style=\"color: #ffffff;\">Inoltre, il posizionamento degli altoparlanti nel canale uditivo consente la realizzazione di un apparecchio acustico di dimensioni inferiori rispetto al BTE ed evita i problemi tecnici (come le risonanze) che possono derivare dal passaggio del suono attraverso il tubo di collegamento. Ci\u00f2 significa un dispositivo meno visibile per l&#8217;utente e una migliore qualit\u00e0 del suono.<\/span><\/p>\n<p><span style=\"color: #ffffff;\">Sono discreti, leggeri e comodi da indossare, e i modelli pi\u00f9 avanzati di genere sono dotati di microfoni direzionali e la possibilit\u00e0 di connessione wireless a uno smartphone o un adattatore TV ed \u00e8 disponibile anche la variante con batteria ricaricabile.<\/span><\/p>\n<h2><span style=\"color: #ffffff;\">Svantaggi<\/span><\/h2>\n<p><span style=\"color: #ffffff;\">Gli apparecchi acustici RITE vengono posizionati con una parte nell&#8217;orecchio e l&#8217;altra parte dietro l&#8217;orecchio, il che rappresenta un problema per alcune persone all&#8217;inizio dell&#8217;uso. Per gli apparechi con batterie monouso, bisogna avere in mente che la batteria deve essere sosotituita in media ogni 5-7 giorni.<\/span><\/p>\n<\/div><\/div><\/div><\/div><\/div><\/div><\/div><\/section><section class=\"l-section wpb_row height_custom\"><div class=\"l-section-h i-cf\"><div class=\"g-cols via_flex valign_middle type_default\"><div class=\"vc_col-sm-12 wpb_column vc_column_container\"><div class=\"vc_column-inner\"><div class=\"wpb_wrapper\"><div class=\"wpb_text_column us_custom_8d5aa4e2\"><div class=\"wpb_wrapper\"><h2 style=\"text-align: center;\"><span style=\"color: #00a4bc;\">Volete provare gli apparecchi acustici con altoparlante nell\u2019orecchio?<\/span><\/h2>\n<\/div><\/div><div class=\"wpb_text_column\"><div class=\"wpb_wrapper\"><p style=\"text-align: center;\">Scegliete una di 27 filliali e inserite i vostri dati di contatto oppure chimateci al Numero Verde <a href=\"tel:08004466\">0800 44 66<\/a><\/p>\n<\/div><\/div><div class=\"g-cols wpb_row us_custom_72fc42ef via_flex valign_top type_default\"><div class=\"vc_col-sm-6 wpb_column vc_column_container\"><div class=\"vc_column-inner\"><div class=\"wpb_wrapper\"><div class=\"w-image align_center\"><div class=\"w-image-h\"><img width=\"1024\" height=\"1024\" src=\"https:\/\/bontech.info\/wp-content\/uploads\/2021\/10\/Bontech-lokacije-poslovnica-2.png\" class=\"attachment-large size-large\" alt=\"\" loading=\"lazy\" srcset=\"https:\/\/bontech.info\/wp-content\/uploads\/2021\/10\/Bontech-lokacije-poslovnica-2.png 1024w, https:\/\/bontech.info\/wp-content\/uploads\/2021\/10\/Bontech-lokacije-poslovnica-2-300x300.png 300w, https:\/\/bontech.info\/wp-content\/uploads\/2021\/10\/Bontech-lokacije-poslovnica-2-150x150.png 150w\" sizes=\"(max-width: 1024px) 100vw, 1024px\" \/><\/div><\/div><\/div><\/div><\/div><div class=\"vc_col-sm-6 wpb_column vc_column_container\"><div class=\"vc_column-inner\"><div class=\"wpb_wrapper\"><div role=\"form\" class=\"wpcf7\" id=\"wpcf7-f7969-o1\" lang=\"hr\" dir=\"ltr\">\n<div class=\"screen-reader-response\"><p role=\"status\" aria-live=\"polite\" aria-atomic=\"true\"><\/p> <ul><\/ul><\/div>\n<form action=\"\/it\/wp-json\/wp\/v2\/pages\/10065#wpcf7-f7969-o1\" method=\"post\" class=\"wpcf7-form init\" novalidate=\"novalidate\" data-status=\"init\">\n<div style=\"display: none;\">\n<input type=\"hidden\" name=\"_wpcf7\" value=\"7969\" \/>\n<input type=\"hidden\" name=\"_wpcf7_version\" value=\"5.4.2\" \/>\n<input type=\"hidden\" name=\"_wpcf7_locale\" value=\"hr\" \/>\n<input type=\"hidden\" name=\"_wpcf7_unit_tag\" value=\"wpcf7-f7969-o1\" \/>\n<input type=\"hidden\" name=\"_wpcf7_container_post\" value=\"0\" \/>\n<input type=\"hidden\" name=\"_wpcf7_posted_data_hash\" value=\"\" \/>\n<\/div>\n<p><label> Select your area<br \/>\n    <span class=\"wpcf7-form-control-wrap menu-85\"><select name=\"menu-85\" class=\"wpcf7-form-control wpcf7-select wpcf7-validates-as-required\" aria-required=\"true\" aria-invalid=\"false\"><option value=\"Zagreb\">Zagreb<\/option><option value=\"Split\">Split<\/option><option value=\"Rijeka\">Rijeka<\/option><option value=\"Osijek\">Osijek<\/option><option value=\"Zabok\">Zabok<\/option><option value=\"Sisak\">Sisak<\/option><option value=\"Karlovac\">Karlovac<\/option><option value=\"Vara\u017edin\">Vara\u017edin<\/option><option value=\"Bjelovar\">Bjelovar<\/option><option value=\"\u010cakovec\">\u010cakovec<\/option><option value=\"Koprivnica\">Koprivnica<\/option><option value=\"Ogulin\">Ogulin<\/option><option value=\"Pakrac\">Pakrac<\/option><option value=\"Virovitica\">Virovitica<\/option><option value=\"Nova Gradi\u0161ka\">Nova Gradi\u0161ka<\/option><option value=\"Gospi\u0107\">Gospi\u0107<\/option><option value=\"Na\u0161ice\">Na\u0161ice<\/option><option value=\"Slavonski Brod\">Slavonski Brod<\/option><option value=\"Pula\">Pula<\/option><option value=\"Zadar\">Zadar<\/option><option value=\"Vinkovci\">Vinkovci<\/option><option value=\"\u0160ibenik\">\u0160ibenik<\/option><option value=\"Vukovar\">Vukovar<\/option><option value=\"Dubrovnik\">Dubrovnik<\/option><\/select><\/span> <\/label><\/p>\n<p><label> Name<br \/>\n    <span class=\"wpcf7-form-control-wrap your-name\"><input type=\"text\" name=\"your-name\" value=\"\" size=\"40\" class=\"wpcf7-form-control wpcf7-text wpcf7-validates-as-required\" aria-required=\"true\" aria-invalid=\"false\" \/><\/span> <\/label><\/p>\n<p><label> E-Mail<br \/>\n    <span class=\"wpcf7-form-control-wrap your-email\"><input type=\"email\" name=\"your-email\" value=\"\" size=\"40\" class=\"wpcf7-form-control wpcf7-text wpcf7-email wpcf7-validates-as-required wpcf7-validates-as-email\" aria-required=\"true\" aria-invalid=\"false\" \/><\/span> <\/label><\/p>\n<p><label> Contact number<br \/>\n    <span class=\"wpcf7-form-control-wrap tel-660\"><input type=\"tel\" name=\"tel-660\" value=\"\" size=\"40\" class=\"wpcf7-form-control wpcf7-text wpcf7-tel wpcf7-validates-as-required wpcf7-validates-as-tel\" aria-required=\"true\" aria-invalid=\"false\" \/><\/span> <\/label><\/p>\n<p><span class=\"wpcf7-form-control-wrap kc_captcha\"><span class=\"wpcf7-form-control wpcf7-radio\"> \n    <span class=\"captcha-image\" >\n        <span class=\"cf7ic_instructions\">Prova che sei umano selezionando l'icona corrispondente a<span> Tazza<\/span>.<\/span><label><input type=\"radio\" name=\"kc_captcha\" value=\"bot\" \/><svg width=\"50\" height=\"50\" aria-hidden=\"true\" role=\"img\" xmlns=\"https:\/\/www.w3.org\/2000\/svg\" viewBox=\"0 0 576 512\"><path fill=\"currentColor\" d=\"M488 313v143c0 13-11 24-24 24H348c-7 0-12-5-12-12V356c0-7-5-12-12-12h-72c-7 0-12 5-12 12v112c0 7-5 12-12 12H112c-13 0-24-11-24-24V313c0-4 2-7 4-10l188-154c5-4 11-4 16 0l188 154c2 3 4 6 4 10zm84-61l-84-69V44c0-6-5-12-12-12h-56c-7 0-12 6-12 12v73l-89-74a48 48 0 00-61 0L4 252c-5 4-5 12-1 17l25 31c5 5 12 5 17 1l235-193c5-4 11-4 16 0l235 193c5 5 13 4 17-1l25-31c4-6 4-13-1-17z\"\/><\/svg><\/label><label><input type=\"radio\" name=\"kc_captcha\" value=\"kc_human\" \/><svg width=\"50\" height=\"50\" aria-hidden=\"true\" role=\"img\" xmlns=\"https:\/\/www.w3.org\/2000\/svg\" viewBox=\"0 0 640 512\"><path fill=\"currentColor\" d=\"M192 384h192c53 0 96-43 96-96h32a128 128 0 000-256H120c-13 0-24 11-24 24v232c0 53 43 96 96 96zM512 96a64 64 0 010 128h-32V96h32zm48 384H48c-47 0-61-64-36-64h584c25 0 11 64-36 64z\"\/><\/svg><\/label><label><input type=\"radio\" name=\"kc_captcha\" value=\"bot\" \/><svg width=\"50\" height=\"50\" aria-hidden=\"true\" role=\"img\" xmlns=\"https:\/\/www.w3.org\/2000\/svg\" viewBox=\"0 0 384 512\"><path fill=\"currentColor\" d=\"M377 375l-83-87h34c21 0 32-25 17-40l-82-88h33c21 0 32-25 18-40L210 8c-10-11-26-11-36 0L70 120c-14 15-3 40 18 40h33l-82 88c-15 15-4 40 17 40h34L7 375c-15 16-4 41 17 41h120c0 33-11 49-34 68-12 9-5 28 10 28h144c15 0 22-19 10-28-20-16-34-32-34-68h120c21 0 32-25 17-41z\"\/><\/svg><\/label>\n    <\/span>\n    <span style=\"display:none\">\n        <input type=\"text\" name=\"kc_honeypot\">\n    <\/span><\/span><\/span><\/p>\n<p><label> <span class=\"wpcf7-form-control-wrap acceptance-417\"><span class=\"wpcf7-form-control wpcf7-acceptance\"><span class=\"wpcf7-list-item\"><label><input type=\"checkbox\" name=\"acceptance-417\" value=\"1\" aria-invalid=\"false\" \/><span class=\"wpcf7-list-item-label\">I agree<\/span><\/label><\/span><\/span><\/span><br \/>\n<SPAN STYLE=\"font-size: 8pt;font-style: italic;line-height: 8pt;\">I agree to my data being stored, and occasionally used for the purpose of sending newsletters and other promotional emails. I understand that at my own request, I can unsubscribe from the e-mail list at any time, request access to my data, and, if I wish, edit or permanently remove it from your database.<\/span><br \/>\n<\/label><\/p>\n<p><input type=\"submit\" value=\"Submit\" class=\"wpcf7-form-control wpcf7-submit\" \/><\/p>\n<div class=\"wpcf7-response-output\" aria-hidden=\"true\"><\/div><\/form><\/div><\/div><\/div><\/div><\/div><\/div><\/div><\/div><\/div><\/div><\/section>\n","protected":false},"excerpt":{"rendered":"Apparecchi acustici con altoparlante nell&#8217;orecchioHomePagineDiscreti e leggeri, e allo stesso tempo forti e avanzati-apparecchi acustici con altoparlante nell&#8217;orecchio o ing.Receiver In the Ear (RITE) o Receiver In the Canal (RIC) \u00e8 una versione dell&#8217;apparecchio acustico retroauricolare in cui l&#8217;altroparlante \u00e8 staccato dall&#8217;alloggiamento dell&#8217;apparecchio e posizionato direttamente nel canale uditivo dell&#8217;utente. \u00c8 collegato all&#8217;apparecchio acustico con...","protected":false},"author":1,"featured_media":0,"parent":10012,"menu_order":0,"comment_status":"closed","ping_status":"closed","template":"","meta":[],"yoast_head":"<!-- This site is optimized with the Yoast SEO plugin v17.9 - https:\/\/yoast.com\/wordpress\/plugins\/seo\/ -->\n<title>Apparecchi acustici con altoparlante nell&#039;orecchio - Bontech<\/title>\n<meta name=\"robots\" content=\"noindex, follow, max-snippet:-1, max-image-preview:large, max-video-preview:-1\" \/>\n<meta property=\"og:locale\" content=\"it_IT\" \/>\n<meta property=\"og:type\" content=\"article\" \/>\n<meta property=\"og:title\" content=\"Apparecchi acustici con altoparlante nell&#039;orecchio - Bontech\" \/>\n<meta property=\"og:url\" content=\"https:\/\/bontech.info\/it\/apparecchi-acustici\/tipi\/apparecchi-acustici-con-altoparlante-nellorecchio\/\" \/>\n<meta property=\"og:site_name\" content=\"Bontech\" \/>\n<meta property=\"article:modified_time\" content=\"2022-03-24T12:44:51+00:00\" \/>\n<meta name=\"twitter:card\" content=\"summary_large_image\" \/>\n<meta name=\"twitter:label1\" content=\"Tempo di lettura stimato\" \/>\n\t<meta name=\"twitter:data1\" content=\"3 minuti\" \/>\n<script type=\"application\/ld+json\" class=\"yoast-schema-graph\">{\"@context\":\"https:\/\/schema.org\",\"@graph\":[{\"@type\":\"WebSite\",\"@id\":\"https:\/\/bontech.info\/#website\",\"url\":\"https:\/\/bontech.info\/\",\"name\":\"Bontech\",\"description\":\"\",\"potentialAction\":[{\"@type\":\"SearchAction\",\"target\":{\"@type\":\"EntryPoint\",\"urlTemplate\":\"https:\/\/bontech.info\/?s={search_term_string}\"},\"query-input\":\"required name=search_term_string\"}],\"inLanguage\":\"it-IT\"},{\"@type\":\"WebPage\",\"@id\":\"https:\/\/bontech.info\/it\/apparecchi-acustici\/tipi\/apparecchi-acustici-con-altoparlante-nellorecchio\/#webpage\",\"url\":\"https:\/\/bontech.info\/it\/apparecchi-acustici\/tipi\/apparecchi-acustici-con-altoparlante-nellorecchio\/\",\"name\":\"Apparecchi acustici con altoparlante nell'orecchio - Bontech\",\"isPartOf\":{\"@id\":\"https:\/\/bontech.info\/#website\"},\"datePublished\":\"2021-10-12T07:55:16+00:00\",\"dateModified\":\"2022-03-24T12:44:51+00:00\",\"breadcrumb\":{\"@id\":\"https:\/\/bontech.info\/it\/apparecchi-acustici\/tipi\/apparecchi-acustici-con-altoparlante-nellorecchio\/#breadcrumb\"},\"inLanguage\":\"it-IT\",\"potentialAction\":[{\"@type\":\"ReadAction\",\"target\":[\"https:\/\/bontech.info\/it\/apparecchi-acustici\/tipi\/apparecchi-acustici-con-altoparlante-nellorecchio\/\"]}]},{\"@type\":\"BreadcrumbList\",\"@id\":\"https:\/\/bontech.info\/it\/apparecchi-acustici\/tipi\/apparecchi-acustici-con-altoparlante-nellorecchio\/#breadcrumb\",\"itemListElement\":[{\"@type\":\"ListItem\",\"position\":1,\"name\":\"Po\\u010detna stranica\",\"item\":\"https:\/\/bontech.info\/it\/\"},{\"@type\":\"ListItem\",\"position\":2,\"name\":\"Apparecchi acustici\",\"item\":\"https:\/\/bontech.info\/it\/apparecchi-acustici\/\"},{\"@type\":\"ListItem\",\"position\":3,\"name\":\"Tipi\",\"item\":\"https:\/\/bontech.info\/it\/apparecchi-acustici\/tipi\/\"},{\"@type\":\"ListItem\",\"position\":4,\"name\":\"Apparecchi acustici con altoparlante nell&#8217;orecchio\"}]}]}<\/script>\n<!-- \/ Yoast SEO plugin. -->","yoast_head_json":{"title":"Apparecchi acustici con altoparlante nell'orecchio - Bontech","robots":{"index":"noindex","follow":"follow","max-snippet":"max-snippet:-1","max-image-preview":"max-image-preview:large","max-video-preview":"max-video-preview:-1"},"og_locale":"it_IT","og_type":"article","og_title":"Apparecchi acustici con altoparlante nell'orecchio - Bontech","og_url":"https:\/\/bontech.info\/it\/apparecchi-acustici\/tipi\/apparecchi-acustici-con-altoparlante-nellorecchio\/","og_site_name":"Bontech","article_modified_time":"2022-03-24T12:44:51+00:00","twitter_card":"summary_large_image","twitter_misc":{"Tempo di lettura stimato":"3 minuti"},"schema":{"@context":"https:\/\/schema.org","@graph":[{"@type":"WebSite","@id":"https:\/\/bontech.info\/#website","url":"https:\/\/bontech.info\/","name":"Bontech","description":"","potentialAction":[{"@type":"SearchAction","target":{"@type":"EntryPoint","urlTemplate":"https:\/\/bontech.info\/?s={search_term_string}"},"query-input":"required name=search_term_string"}],"inLanguage":"it-IT"},{"@type":"WebPage","@id":"https:\/\/bontech.info\/it\/apparecchi-acustici\/tipi\/apparecchi-acustici-con-altoparlante-nellorecchio\/#webpage","url":"https:\/\/bontech.info\/it\/apparecchi-acustici\/tipi\/apparecchi-acustici-con-altoparlante-nellorecchio\/","name":"Apparecchi acustici con altoparlante nell'orecchio - Bontech","isPartOf":{"@id":"https:\/\/bontech.info\/#website"},"datePublished":"2021-10-12T07:55:16+00:00","dateModified":"2022-03-24T12:44:51+00:00","breadcrumb":{"@id":"https:\/\/bontech.info\/it\/apparecchi-acustici\/tipi\/apparecchi-acustici-con-altoparlante-nellorecchio\/#breadcrumb"},"inLanguage":"it-IT","potentialAction":[{"@type":"ReadAction","target":["https:\/\/bontech.info\/it\/apparecchi-acustici\/tipi\/apparecchi-acustici-con-altoparlante-nellorecchio\/"]}]},{"@type":"BreadcrumbList","@id":"https:\/\/bontech.info\/it\/apparecchi-acustici\/tipi\/apparecchi-acustici-con-altoparlante-nellorecchio\/#breadcrumb","itemListElement":[{"@type":"ListItem","position":1,"name":"Po\u010detna stranica","item":"https:\/\/bontech.info\/it\/"},{"@type":"ListItem","position":2,"name":"Apparecchi acustici","item":"https:\/\/bontech.info\/it\/apparecchi-acustici\/"},{"@type":"ListItem","position":3,"name":"Tipi","item":"https:\/\/bontech.info\/it\/apparecchi-acustici\/tipi\/"},{"@type":"ListItem","position":4,"name":"Apparecchi acustici con altoparlante nell&#8217;orecchio"}]}]}},"_links":{"self":[{"href":"https:\/\/bontech.info\/it\/wp-json\/wp\/v2\/pages\/10065"}],"collection":[{"href":"https:\/\/bontech.info\/it\/wp-json\/wp\/v2\/pages"}],"about":[{"href":"https:\/\/bontech.info\/it\/wp-json\/wp\/v2\/types\/page"}],"author":[{"embeddable":true,"href":"https:\/\/bontech.info\/it\/wp-json\/wp\/v2\/users\/1"}],"replies":[{"embeddable":true,"href":"https:\/\/bontech.info\/it\/wp-json\/wp\/v2\/comments?post=10065"}],"version-history":[{"count":3,"href":"https:\/\/bontech.info\/it\/wp-json\/wp\/v2\/pages\/10065\/revisions"}],"predecessor-version":[{"id":10346,"href":"https:\/\/bontech.info\/it\/wp-json\/wp\/v2\/pages\/10065\/revisions\/10346"}],"up":[{"embeddable":true,"href":"https:\/\/bontech.info\/it\/wp-json\/wp\/v2\/pages\/10012"}],"wp:attachment":[{"href":"https:\/\/bontech.info\/it\/wp-json\/wp\/v2\/media?parent=10065"}],"curies":[{"name":"wp","href":"https:\/\/api.w.org\/{rel}","templated":true}]}}