{"id":10113,"date":"2021-10-13T08:36:00","date_gmt":"2021-10-13T06:36:00","guid":{"rendered":"https:\/\/bontech.info\/kako-do-freestyle-libre-pomagala-u-hrvatskoj\/"},"modified":"2022-04-01T14:13:29","modified_gmt":"2022-04-01T12:13:29","slug":"come-ottenere-freestyle-libre-in-croazia","status":"publish","type":"page","link":"https:\/\/bontech.info\/it\/come-ottenere-freestyle-libre-in-croazia\/","title":{"rendered":"Come ottenere Freestyle Libre in Croazia?"},"content":{"rendered":"<section class=\"l-section wpb_row height_auto color_primary with_slider\"><div class=\"l-section-slider\"><div class=\"w-slider style_none fit_cover\"><div class=\"w-slider-h\"><div class=\"royalSlider\"><div class=\"rsContent\"><a class=\"rsImg\" data-rsw=\"800\" data-rsh=\"800\" href=\"https:\/\/bontech.info\/wp-content\/uploads\/2021\/10\/easy-to-see-trends-1.jpg\"><span data-alt=\"\"><\/span><\/a><\/div><\/div><img src=\"https:\/\/bontech.info\/wp-content\/uploads\/2021\/10\/easy-to-see-trends-1.jpg\" width=\"800\" height=\"800\" alt loading=\"lazy\"><\/div><div class=\"w-slider-json\" onclick='return {&quot;loop&quot;:true,&quot;fadeInLoadedSlide&quot;:false,&quot;slidesSpacing&quot;:0,&quot;imageScalePadding&quot;:0,&quot;numImagesToPreload&quot;:2,&quot;arrowsNav&quot;:false,&quot;arrowsNavAutoHide&quot;:false,&quot;transitionType&quot;:&quot;move&quot;,&quot;transitionSpeed&quot;:800,&quot;block&quot;:{&quot;moveEffect&quot;:&quot;none&quot;,&quot;speed&quot;:300},&quot;controlNavigation&quot;:&quot;none&quot;,&quot;autoplay&quot;:{&quot;enabled&quot;:true,&quot;pauseOnHover&quot;:false,&quot;delay&quot;:3000},&quot;imageScaleMode&quot;:&quot;fill&quot;,&quot;autoScaleSlider&quot;:true,&quot;autoScaleSliderWidth&quot;:800,&quot;autoScaleSliderHeight&quot;:800,&quot;fitInViewport&quot;:false}'><\/div><\/div><\/div><div class=\"l-section-overlay\" style=\"background:rgba(20,20,20,0.62)\"><\/div><div class=\"l-section-h i-cf\"><div class=\"g-cols via_flex valign_top type_default\"><div class=\"vc_col-sm-12 wpb_column vc_column_container\"><div class=\"vc_column-inner us_custom_0d54facf\"><div class=\"wpb_wrapper\"><h1 class=\"w-text us_custom_41579c5f\"><span class=\"w-text-h\"><span class=\"w-text-value\">Come ottenere Freestyle Libre in Croazia?<\/span><\/span><\/h1><ol class=\"g-breadcrumbs us_custom_ea2be81a separator_icon align_center\" itemscope itemtype=\"http:\/\/schema.org\/BreadcrumbList\"><li class=\"g-breadcrumbs-item\" itemscope itemprop=\"itemListElement\" itemtype=\"http:\/\/schema.org\/ListItem\"><a itemprop=\"item\" href=\"https:\/\/bontech.info\/it\/\"><span itemprop=\"name\">Home<\/span><\/a><meta itemprop=\"position\" content=\"1\"\/><\/li><li class=\"g-breadcrumbs-separator\"><i class=\"far fa-angle-right\"><\/i><\/li><li class=\"g-breadcrumbs-item\">Pagine<\/li><\/ol><\/div><\/div><\/div><\/div><\/div><\/section><section class=\"l-section wpb_row height_custom\"><div class=\"l-section-h i-cf\"><div class=\"g-cols via_flex valign_middle type_default\"><div class=\"vc_col-sm-12 wpb_column vc_column_container\"><div class=\"vc_column-inner\"><div class=\"wpb_wrapper\"><div class=\"wpb_text_column\"><div class=\"wpb_wrapper\"><p style=\"text-align: center;\">In Croazia potete ottenere i dispositivi Freestyle Libre desiderati in due modi, tramite rimessa dal Istituto croato di assicurazione sanitaria o acquistandoli presso Bontech. Qui potete leggere i dettagli per entrambe le soluzioni.<\/p>\n<p style=\"text-align: center;\">\u00c8 importante notare che Bontech d.o.o. \u00e8 l&#8217;unico distributore autorizzato degli dispositivi Abbot Freestyle Libre nella Repubblica di Croazia e che offre ai propri clienti un supporto completo per l&#8217;ordinazione, scaricamento e l&#8217;utilizzo dei prodotti FreeStyle Libre e ne garantisce la correttezza.<\/p>\n<\/div><\/div><\/div><\/div><\/div><\/div><\/div><\/section><section class=\"l-section wpb_row height_auto width_full\"><div class=\"l-section-h i-cf\"><div class=\"g-cols via_flex valign_middle type_boxes\"><div class=\"vc_col-sm-6 wpb_column vc_column_container has_bg_color\"><div class=\"vc_column-inner us_custom_65b831fa\"><div class=\"wpb_wrapper\"><div class=\"wpb_text_column\"><div class=\"wpb_wrapper\"><h2><span style=\"color: #83630c;\">Acquisto di Freestyle libre <\/span><\/h2>\n<p><span style=\"color: #83630c;\">Potete acquistare Freestyle Libre in qualsiasi di 30 filiali Bontech. Potete vedere l&#8217;elenco delle filiali <a href=\"https:\/\/bontech.info\/kontakt\/\">qui<\/a>.<\/span><\/p>\n<p><span style=\"color: #83630c;\">Visitate il <a href=\"https:\/\/bontech.shop\">web store Bontech <\/a> dove potete fare l&#8217;acquisto online di Freestyle Libre desiderati e vi invieremo il pacchetto all&#8217;indirizzo con la spedizione gratuita*.<\/span><\/p>\n<p><span style=\"color: #83630c;\">Se avete ulteriori domande, non esitare a contattarci tramite il modulo di contatto, numero verde 0800 4466 o personalmente presso qualsiasi filiale Bontech.<\/span><\/p>\n<\/div><\/div><\/div><\/div><\/div><div class=\"vc_col-sm-6 wpb_column vc_column_container has_bg_color\"><div class=\"vc_column-inner us_custom_814c259f\"><div class=\"wpb_wrapper\"><div class=\"w-separator size_custom\" style=\"height:200px\"><\/div><\/div><\/div><\/div><\/div><\/div><\/section><section class=\"l-section wpb_row height_custom\"><div class=\"l-section-h i-cf\"><div class=\"g-cols via_flex valign_middle type_default\"><div class=\"vc_col-sm-12 wpb_column vc_column_container\"><div class=\"vc_column-inner\"><div class=\"wpb_wrapper\"><div class=\"wpb_text_column\"><div class=\"wpb_wrapper\"><h2 style=\"text-align: center;\"><span style=\"color: #83630c;\">Freestyle Libre dispositivi attraverso le rimesse di Istituto croato di assicurazione sanitaria <\/span><\/h2>\n<\/div><\/div><\/div><\/div><\/div><\/div><\/div><\/section><section class=\"l-section wpb_row height_auto width_full\"><div class=\"l-section-h i-cf\"><div class=\"g-cols via_flex valign_middle type_boxes\"><div class=\"vc_col-sm-6 wpb_column vc_column_container has_bg_color\"><div class=\"vc_column-inner us_custom_7ce534f0\"><div class=\"wpb_wrapper\"><div class=\"w-separator size_custom\" style=\"height:200px\"><\/div><\/div><\/div><\/div><div class=\"vc_col-sm-6 wpb_column vc_column_container has_bg_color\"><div class=\"vc_column-inner us_custom_65b831fa\"><div class=\"wpb_wrapper\"><div class=\"wpb_text_column us_custom_65b831fa\"><div class=\"wpb_wrapper\"><h2><span style=\"color: #83630c;\">Chi abbia diritto a Freestyle Libre?<\/span><\/h2>\n<p><span style=\"color: #83630c;\">Per gli assicurati affetti da diabete:<\/span><\/p>\n<p><span style=\"color: #83630c;\">1) bambini affetti da diabete di tipo 1, di et\u00e0 compresa tra 4 e 18 anni (dopo i 18 anni si effetua una valutazione del successo del trattamento e una valutazione delle indicazioni per un ulteriore uso)<\/span><\/p>\n<p><span style=\"color: #83630c;\">2) donne incinte con diabete di tipo 1 e quelle affette da diabete di tipo 2 durante la gravidanza e se sono in terapia insulinica basal bolus (con 4 o pi\u00f9 dosi di insulina) <\/span><\/p>\n<p><span style=\"color: #83630c;\">3) I non vedenti con diabete di tipo 1 e quelli con diabete di tipo 2 se sono in terapia insulinica<\/span><\/p>\n<p><span style=\"color: #83630c;\">4) I pazienti con diabete di tipo 1 in terapia insulinica basal bolus (con 4 o pi\u00f9 dosi di insulina), con almeno tre ipoglicemie documentate nell&#8217;ultimo mese (GUK&lt;3,9 mmol\/L) secondo i dati del dispositivo di lettura della concentrazione di zucchero in sangue della persona assicurata e\/o risultati di laboratorio.<\/span><\/p>\n<p><span style=\"color: #83630c;\">5) Pazienti dopo pancreatectomia totale<\/span><\/p>\n<p><span style=\"color: #83630c;\">6) pazienti con fibrosi cistica trattati con terapia insulinica basal bolus (con 4 o pi\u00f9 dosi di insulina).<\/span><\/p>\n<\/div><\/div><\/div><\/div><\/div><\/div><\/div><\/section><section class=\"l-section wpb_row height_auto width_full\"><div class=\"l-section-h i-cf\"><div class=\"g-cols via_flex valign_middle type_boxes\"><div class=\"vc_col-sm-6 wpb_column vc_column_container has_bg_color\"><div class=\"vc_column-inner us_custom_65b831fa\"><div class=\"wpb_wrapper\"><div class=\"wpb_text_column\"><div class=\"wpb_wrapper\"><h2><span style=\"color: #83630c;\">Chi pu\u00f2 impostare l&#8217;indicazione e chi effettua la valutazione obbligatoria?<\/span><\/h2>\n<p><span style=\"color: #83630c;\">L&#8217;indicazione per il dispositivo, ovvero la valutazione obbligatoria dell&#8217;esito del dispositivo \u00e8 effettuata dal medico sub\/specialista in endocrinologia e\/o diabetologia dell&#8217;azienda sanitaria convenzionata, che cura il diabete, e che \u00e8 obbligato a spiegare il motivo dell&#8217;impostazione dell&#8217;indicazione, ovvero l&#8217;uso continuato di dispositivi.<\/span><\/p>\n<p><span style=\"color: #83630c;\">La valutazione dei risultati dell&#8217;uso di dispositivi deve essere effettuata almeno una volta nei primi tre mesi, quindi dopo 6 e 12 mesi dall&#8217;inizio dell&#8217;uso e in ulteriore montitoraggio una volta all&#8217;anno.<\/span><\/p>\n<p><span style=\"color: #83630c;\">Per ogni ulteriore prescrizione bisogna allegare la documentazione medica adeguata sulla base della quale il medico esperto dell&#8217;azienda sanitaria convenzionata dia una raccomandazione a continuare l&#8217;uso di dispositivi, assieme all&#8217;evidenza dei controlli effettuati.<\/span><\/p>\n<p><span style=\"color: #83630c;\">L&#8217;assicurato non pu\u00f2 esercitare il diritto di continuare con le prescrizioni di dispositivi se non si \u00e8 verificato il risultato atteso che \u00e8 determinato dal fatto che:<\/span><\/p>\n<p><span style=\"color: #83630c;\">1) dopo 6 mesi dall&#8217;inizio dell&#8217;uso di dispositivi, non \u00e8 raggiunto l&#8217;aumento del TIR (intervallo obiettivo) del 5% e\/o diminuzione del TBR ( intervallo sotto i valori obbiettivi) di 1%.<\/span><\/p>\n<p><span style=\"color: #83630c;\">2) durante ogni controllo non \u00e8 possibile confermare che il paziente abbia effettuato almeno 8 scansioni al giorno o che l&#8217;uso dei sensori non sia superiore al 80% delle volte, quando il monitoraggio glicemico \u00e8 attivo per un periodo di almeno tre mesi.<\/span><\/p>\n<\/div><\/div><\/div><\/div><\/div><div class=\"vc_col-sm-6 wpb_column vc_column_container has_bg_color\"><div class=\"vc_column-inner us_custom_1cb9fe56\"><div class=\"wpb_wrapper\"><div class=\"w-separator size_custom\" style=\"height:200px\"><\/div><\/div><\/div><\/div><\/div><\/div><\/section><section class=\"l-section wpb_row height_auto width_full\"><div class=\"l-section-h i-cf\"><div class=\"g-cols via_flex valign_middle type_boxes\"><div class=\"vc_col-sm-6 wpb_column vc_column_container has_bg_color\"><div class=\"vc_column-inner us_custom_0ca3dd67\"><div class=\"wpb_wrapper\"><div class=\"w-separator size_custom\" style=\"height:200px\"><\/div><\/div><\/div><\/div><div class=\"vc_col-sm-6 wpb_column vc_column_container has_bg_color\"><div class=\"vc_column-inner us_custom_65b831fa\"><div class=\"wpb_wrapper\"><div class=\"wpb_text_column us_custom_65b831fa\"><div class=\"wpb_wrapper\"><h2><span style=\"color: #83630c;\">A che cosa si esrecita il diritto?<\/span><\/h2>\n<div class=\"wpb_text_column \">\n<div class=\"wpb_wrapper\">\n<p><span style=\"color: #83630c;\">Durante l&#8217;anno di esrecito del diritto al dispsositivo per la scansione illimitata del livello della glicemia, l&#8217;assicurato ha diritto ad altri 25 sensori, in quanto 1 sensore fa parte del set iniziale, e in totale 26 sensori all&#8217;anno.<\/span><\/p>\n<p><span style=\"color: #83630c;\">La prima prescrizione inlude la prescrizione del set iniziale e il set trimestrale.<\/span><\/p>\n<p><span style=\"color: #83630c;\"><strong>CHE CONTIENE IL SET INIZIALE (STARTER KIT)?<\/strong><\/span><br \/>\n<span style=\"color: #83630c;\">Include un dispositivo di scansione illimitato e un sensore.<\/span><\/p>\n<p><span style=\"color: #83630c;\"><strong>CHE CONTIENE UN SET TRIMESTRALE?<\/strong><\/span><br \/>\n<span style=\"color: #83630c;\">Un set trimestrale include:<\/span><\/p>\n<ul>\n<li><span style=\"color: #83630c;\">fino a 7 sensori a condizione che la quantit\u00e0 totale annuale non superi i 26 sensori<\/span><\/li>\n<li><span style=\"color: #83630c;\">50 strisce e 50 lancette per gli adulti<\/span><\/li>\n<li><span style=\"color: #83630c;\">150 strisce e 150 lancette per bambini<\/span><\/li>\n<\/ul>\n<p><span style=\"color: #83630c;\">L&#8217;assicurato che ha esercitato il diritto al dispositivo in questione non esrecita il dritto a:<\/span><\/p>\n<ul>\n<li><span style=\"color: #83630c;\">set per la lettura veloce della concentrazione di glucosio nel sangue, dg.strisce e lancette per misurare il glucosio (questi sono inclusi nel set trimestrale)<\/span><\/li>\n<li><span style=\"color: #83630c;\">trasmettitori per la misurazione continua della glicemia e sensori associati di altri produttori inseriti all&#8217;elenco di dispositivi<\/span><\/li>\n<\/ul>\n<\/div>\n<\/div>\n<div class=\"wpb_text_column \">\n<div class=\"wpb_wrapper\">\n<table width=\"100%\">\n<tbody>\n<tr>\n<td align=\"left\"><span style=\"color: #83630c;\"><strong>Nome di prodotto <\/strong><\/span><\/td>\n<td align=\"left\"><span style=\"color: #83630c;\"><strong>Quantit\u00e0<\/strong><\/span><\/td>\n<td align=\"left\"><\/td>\n<\/tr>\n<tr>\n<td><span style=\"color: #83630c;\">Dispositivo FreeStyle Libre per la scansione illimitata della glicemi nel fluido intercellulare<\/span><\/td>\n<td align=\"left\"><span style=\"color: #83630c;\">1pz\/5 anni<\/span><\/td>\n<td align=\"left\"><\/td>\n<\/tr>\n<tr>\n<td align=\"left\"><span style=\"color: #83630c;\">Sensore di glucosio fludip intrercellular FreeStyle Libre<\/span><\/td>\n<td align=\"left\"><span style=\"color: #83630c;\">26pz\/1 anno<\/span><\/td>\n<td align=\"left\"><\/td>\n<\/tr>\n<\/tbody>\n<\/table>\n<\/div>\n<\/div>\n<\/div><\/div><\/div><\/div><\/div><\/div><\/div><\/section><section class=\"l-section wpb_row height_custom\"><div class=\"l-section-h i-cf\"><div class=\"g-cols via_flex valign_middle type_default\"><div class=\"vc_col-sm-12 wpb_column vc_column_container\"><div class=\"vc_column-inner\"><div class=\"wpb_wrapper\"><div class=\"wpb_text_column us_custom_8d5aa4e2\"><div class=\"wpb_wrapper\"><h2 style=\"text-align: center;\"><span style=\"color: #83630c;\">Avete bisogno di consigli degli esperti?<\/span><\/h2>\n<\/div><\/div><div class=\"wpb_text_column\"><div class=\"wpb_wrapper\"><p style=\"text-align: center;\">Scegliete una di 27 filliali e inserite i vostri dati di contatto oppure chimateci al Numero Verde <a href=\"tel:08004466\">0800 44 66<\/a><\/p>\n<\/div><\/div><div class=\"g-cols wpb_row us_custom_72fc42ef via_flex valign_top type_default\"><div class=\"vc_col-sm-6 wpb_column vc_column_container\"><div class=\"vc_column-inner\"><div class=\"wpb_wrapper\"><div class=\"w-image align_center\"><div class=\"w-image-h\"><img width=\"960\" height=\"930\" src=\"https:\/\/bontech.info\/wp-content\/uploads\/2021\/09\/bontech-poslovnice-hrvatska.png\" class=\"attachment-large size-large\" alt=\"\" loading=\"lazy\" srcset=\"https:\/\/bontech.info\/wp-content\/uploads\/2021\/09\/bontech-poslovnice-hrvatska.png 960w, https:\/\/bontech.info\/wp-content\/uploads\/2021\/09\/bontech-poslovnice-hrvatska-300x291.png 300w\" sizes=\"(max-width: 960px) 100vw, 960px\" \/><\/div><\/div><\/div><\/div><\/div><div class=\"vc_col-sm-6 wpb_column vc_column_container\"><div class=\"vc_column-inner\"><div class=\"wpb_wrapper\"><div role=\"form\" class=\"wpcf7\" id=\"wpcf7-f7969-o1\" lang=\"hr\" dir=\"ltr\">\n<div class=\"screen-reader-response\"><p role=\"status\" aria-live=\"polite\" aria-atomic=\"true\"><\/p> <ul><\/ul><\/div>\n<form action=\"\/it\/wp-json\/wp\/v2\/pages\/10113#wpcf7-f7969-o1\" method=\"post\" class=\"wpcf7-form init\" novalidate=\"novalidate\" data-status=\"init\">\n<div style=\"display: none;\">\n<input type=\"hidden\" name=\"_wpcf7\" value=\"7969\" \/>\n<input type=\"hidden\" name=\"_wpcf7_version\" value=\"5.4.2\" \/>\n<input type=\"hidden\" name=\"_wpcf7_locale\" value=\"hr\" \/>\n<input type=\"hidden\" name=\"_wpcf7_unit_tag\" value=\"wpcf7-f7969-o1\" \/>\n<input type=\"hidden\" name=\"_wpcf7_container_post\" value=\"0\" \/>\n<input type=\"hidden\" name=\"_wpcf7_posted_data_hash\" value=\"\" \/>\n<\/div>\n<p><label> Select your area<br \/>\n    <span class=\"wpcf7-form-control-wrap menu-85\"><select name=\"menu-85\" class=\"wpcf7-form-control wpcf7-select wpcf7-validates-as-required\" aria-required=\"true\" aria-invalid=\"false\"><option value=\"Zagreb\">Zagreb<\/option><option value=\"Split\">Split<\/option><option value=\"Rijeka\">Rijeka<\/option><option value=\"Osijek\">Osijek<\/option><option value=\"Zabok\">Zabok<\/option><option value=\"Sisak\">Sisak<\/option><option value=\"Karlovac\">Karlovac<\/option><option value=\"Vara\u017edin\">Vara\u017edin<\/option><option value=\"Bjelovar\">Bjelovar<\/option><option value=\"\u010cakovec\">\u010cakovec<\/option><option value=\"Koprivnica\">Koprivnica<\/option><option value=\"Ogulin\">Ogulin<\/option><option value=\"Pakrac\">Pakrac<\/option><option value=\"Virovitica\">Virovitica<\/option><option value=\"Nova Gradi\u0161ka\">Nova Gradi\u0161ka<\/option><option value=\"Gospi\u0107\">Gospi\u0107<\/option><option value=\"Na\u0161ice\">Na\u0161ice<\/option><option value=\"Slavonski Brod\">Slavonski Brod<\/option><option value=\"Pula\">Pula<\/option><option value=\"Zadar\">Zadar<\/option><option value=\"Vinkovci\">Vinkovci<\/option><option value=\"\u0160ibenik\">\u0160ibenik<\/option><option value=\"Vukovar\">Vukovar<\/option><option value=\"Dubrovnik\">Dubrovnik<\/option><\/select><\/span> <\/label><\/p>\n<p><label> Name<br \/>\n    <span class=\"wpcf7-form-control-wrap your-name\"><input type=\"text\" name=\"your-name\" value=\"\" size=\"40\" class=\"wpcf7-form-control wpcf7-text wpcf7-validates-as-required\" aria-required=\"true\" aria-invalid=\"false\" \/><\/span> <\/label><\/p>\n<p><label> E-Mail<br \/>\n    <span class=\"wpcf7-form-control-wrap your-email\"><input type=\"email\" name=\"your-email\" value=\"\" size=\"40\" class=\"wpcf7-form-control wpcf7-text wpcf7-email wpcf7-validates-as-required wpcf7-validates-as-email\" aria-required=\"true\" aria-invalid=\"false\" \/><\/span> <\/label><\/p>\n<p><label> Contact number<br \/>\n    <span class=\"wpcf7-form-control-wrap tel-660\"><input type=\"tel\" name=\"tel-660\" value=\"\" size=\"40\" class=\"wpcf7-form-control wpcf7-text wpcf7-tel wpcf7-validates-as-required wpcf7-validates-as-tel\" aria-required=\"true\" aria-invalid=\"false\" \/><\/span> <\/label><\/p>\n<p><span class=\"wpcf7-form-control-wrap kc_captcha\"><span class=\"wpcf7-form-control wpcf7-radio\"> \n    <span class=\"captcha-image\" >\n        <span class=\"cf7ic_instructions\">Prova che sei umano selezionando l'icona corrispondente a<span> Albero<\/span>.<\/span><label><input type=\"radio\" name=\"kc_captcha\" value=\"bot\" \/><svg width=\"50\" height=\"50\" aria-hidden=\"true\" role=\"img\" xmlns=\"https:\/\/www.w3.org\/2000\/svg\" viewBox=\"0 0 512 512\"><path fill=\"currentColor\" d=\"M350 99c-54 0-98-35-166-35-25 0-47 4-68 12a56 56 0 004-24C118 24 95 1 66 0a56 56 0 00-34 102v386c0 13 11 24 24 24h16c13 0 24-11 24-24v-94c28-12 64-23 114-23 54 0 98 35 166 35 48 0 86-16 122-41 9-6 14-15 14-26V96c0-23-24-39-45-29-35 16-77 32-117 32z\"\/><\/svg><\/label><label><input type=\"radio\" name=\"kc_captcha\" value=\"bot\" \/><svg width=\"50\" height=\"50\" aria-hidden=\"true\" role=\"img\" xmlns=\"https:\/\/www.w3.org\/2000\/svg\" viewBox=\"0 0 512 512\"><path fill=\"currentColor\" d=\"M512 176a176 176 0 01-209 173l-24 27a24 24 0 01-18 8h-37v40c0 13-11 24-24 24h-40v40c0 13-11 24-24 24H24c-13 0-24-11-24-24v-78c0-6 3-13 7-17l162-162a176 176 0 11343-55zm-176-48a48 48 0 1096 0 48 48 0 00-96 0z\"\/><\/svg><\/label><label><input type=\"radio\" name=\"kc_captcha\" value=\"kc_human\" \/><svg width=\"50\" height=\"50\" aria-hidden=\"true\" role=\"img\" xmlns=\"https:\/\/www.w3.org\/2000\/svg\" viewBox=\"0 0 384 512\"><path fill=\"currentColor\" d=\"M377 375l-83-87h34c21 0 32-25 17-40l-82-88h33c21 0 32-25 18-40L210 8c-10-11-26-11-36 0L70 120c-14 15-3 40 18 40h33l-82 88c-15 15-4 40 17 40h34L7 375c-15 16-4 41 17 41h120c0 33-11 49-34 68-12 9-5 28 10 28h144c15 0 22-19 10-28-20-16-34-32-34-68h120c21 0 32-25 17-41z\"\/><\/svg><\/label>\n    <\/span>\n    <span style=\"display:none\">\n        <input type=\"text\" name=\"kc_honeypot\">\n    <\/span><\/span><\/span><\/p>\n<p><label> <span class=\"wpcf7-form-control-wrap acceptance-417\"><span class=\"wpcf7-form-control wpcf7-acceptance\"><span class=\"wpcf7-list-item\"><label><input type=\"checkbox\" name=\"acceptance-417\" value=\"1\" aria-invalid=\"false\" \/><span class=\"wpcf7-list-item-label\">I agree<\/span><\/label><\/span><\/span><\/span><br \/>\n<SPAN STYLE=\"font-size: 8pt;font-style: italic;line-height: 8pt;\">I agree to my data being stored, and occasionally used for the purpose of sending newsletters and other promotional emails. I understand that at my own request, I can unsubscribe from the e-mail list at any time, request access to my data, and, if I wish, edit or permanently remove it from your database.<\/span><br \/>\n<\/label><\/p>\n<p><input type=\"submit\" value=\"Submit\" class=\"wpcf7-form-control wpcf7-submit\" \/><\/p>\n<div class=\"wpcf7-response-output\" aria-hidden=\"true\"><\/div><\/form><\/div><\/div><\/div><\/div><\/div><\/div><\/div><\/div><\/div><\/div><\/section>\n","protected":false},"excerpt":{"rendered":"Come ottenere Freestyle Libre in Croazia?HomePagineIn Croazia potete ottenere i dispositivi Freestyle Libre desiderati in due modi, tramite rimessa dal Istituto croato di assicurazione sanitaria o acquistandoli presso Bontech. Qui potete leggere i dettagli per entrambe le soluzioni. \u00c8 importante notare che Bontech d.o.o. \u00e8 l&#8217;unico distributore autorizzato degli dispositivi Abbot Freestyle Libre nella Repubblica...","protected":false},"author":1,"featured_media":0,"parent":0,"menu_order":0,"comment_status":"closed","ping_status":"closed","template":"","meta":[],"yoast_head":"<!-- This site is optimized with the Yoast SEO plugin v17.9 - https:\/\/yoast.com\/wordpress\/plugins\/seo\/ -->\n<title>Come ottenere Freestyle Libre in Croazia? - Bontech<\/title>\n<meta name=\"robots\" content=\"noindex, follow, max-snippet:-1, max-image-preview:large, max-video-preview:-1\" \/>\n<meta property=\"og:locale\" content=\"it_IT\" \/>\n<meta property=\"og:type\" content=\"article\" \/>\n<meta property=\"og:title\" content=\"Come ottenere Freestyle Libre in Croazia? - Bontech\" \/>\n<meta property=\"og:url\" content=\"https:\/\/bontech.info\/it\/come-ottenere-freestyle-libre-in-croazia\/\" \/>\n<meta property=\"og:site_name\" content=\"Bontech\" \/>\n<meta property=\"article:modified_time\" content=\"2022-04-01T12:13:29+00:00\" \/>\n<meta name=\"twitter:card\" content=\"summary_large_image\" \/>\n<meta name=\"twitter:label1\" content=\"Tempo di lettura stimato\" \/>\n\t<meta name=\"twitter:data1\" content=\"4 minuti\" \/>\n<script type=\"application\/ld+json\" class=\"yoast-schema-graph\">{\"@context\":\"https:\/\/schema.org\",\"@graph\":[{\"@type\":\"WebSite\",\"@id\":\"https:\/\/bontech.info\/#website\",\"url\":\"https:\/\/bontech.info\/\",\"name\":\"Bontech\",\"description\":\"\",\"potentialAction\":[{\"@type\":\"SearchAction\",\"target\":{\"@type\":\"EntryPoint\",\"urlTemplate\":\"https:\/\/bontech.info\/?s={search_term_string}\"},\"query-input\":\"required name=search_term_string\"}],\"inLanguage\":\"it-IT\"},{\"@type\":\"WebPage\",\"@id\":\"https:\/\/bontech.info\/it\/come-ottenere-freestyle-libre-in-croazia\/#webpage\",\"url\":\"https:\/\/bontech.info\/it\/come-ottenere-freestyle-libre-in-croazia\/\",\"name\":\"Come ottenere Freestyle Libre in Croazia? - Bontech\",\"isPartOf\":{\"@id\":\"https:\/\/bontech.info\/#website\"},\"datePublished\":\"2021-10-13T06:36:00+00:00\",\"dateModified\":\"2022-04-01T12:13:29+00:00\",\"breadcrumb\":{\"@id\":\"https:\/\/bontech.info\/it\/come-ottenere-freestyle-libre-in-croazia\/#breadcrumb\"},\"inLanguage\":\"it-IT\",\"potentialAction\":[{\"@type\":\"ReadAction\",\"target\":[\"https:\/\/bontech.info\/it\/come-ottenere-freestyle-libre-in-croazia\/\"]}]},{\"@type\":\"BreadcrumbList\",\"@id\":\"https:\/\/bontech.info\/it\/come-ottenere-freestyle-libre-in-croazia\/#breadcrumb\",\"itemListElement\":[{\"@type\":\"ListItem\",\"position\":1,\"name\":\"Po\\u010detna stranica\",\"item\":\"https:\/\/bontech.info\/it\/\"},{\"@type\":\"ListItem\",\"position\":2,\"name\":\"Come ottenere Freestyle Libre in Croazia?\"}]}]}<\/script>\n<!-- \/ Yoast SEO plugin. -->","yoast_head_json":{"title":"Come ottenere Freestyle Libre in Croazia? - Bontech","robots":{"index":"noindex","follow":"follow","max-snippet":"max-snippet:-1","max-image-preview":"max-image-preview:large","max-video-preview":"max-video-preview:-1"},"og_locale":"it_IT","og_type":"article","og_title":"Come ottenere Freestyle Libre in Croazia? - Bontech","og_url":"https:\/\/bontech.info\/it\/come-ottenere-freestyle-libre-in-croazia\/","og_site_name":"Bontech","article_modified_time":"2022-04-01T12:13:29+00:00","twitter_card":"summary_large_image","twitter_misc":{"Tempo di lettura stimato":"4 minuti"},"schema":{"@context":"https:\/\/schema.org","@graph":[{"@type":"WebSite","@id":"https:\/\/bontech.info\/#website","url":"https:\/\/bontech.info\/","name":"Bontech","description":"","potentialAction":[{"@type":"SearchAction","target":{"@type":"EntryPoint","urlTemplate":"https:\/\/bontech.info\/?s={search_term_string}"},"query-input":"required name=search_term_string"}],"inLanguage":"it-IT"},{"@type":"WebPage","@id":"https:\/\/bontech.info\/it\/come-ottenere-freestyle-libre-in-croazia\/#webpage","url":"https:\/\/bontech.info\/it\/come-ottenere-freestyle-libre-in-croazia\/","name":"Come ottenere Freestyle Libre in Croazia? - Bontech","isPartOf":{"@id":"https:\/\/bontech.info\/#website"},"datePublished":"2021-10-13T06:36:00+00:00","dateModified":"2022-04-01T12:13:29+00:00","breadcrumb":{"@id":"https:\/\/bontech.info\/it\/come-ottenere-freestyle-libre-in-croazia\/#breadcrumb"},"inLanguage":"it-IT","potentialAction":[{"@type":"ReadAction","target":["https:\/\/bontech.info\/it\/come-ottenere-freestyle-libre-in-croazia\/"]}]},{"@type":"BreadcrumbList","@id":"https:\/\/bontech.info\/it\/come-ottenere-freestyle-libre-in-croazia\/#breadcrumb","itemListElement":[{"@type":"ListItem","position":1,"name":"Po\u010detna stranica","item":"https:\/\/bontech.info\/it\/"},{"@type":"ListItem","position":2,"name":"Come ottenere Freestyle Libre in Croazia?"}]}]}},"_links":{"self":[{"href":"https:\/\/bontech.info\/it\/wp-json\/wp\/v2\/pages\/10113"}],"collection":[{"href":"https:\/\/bontech.info\/it\/wp-json\/wp\/v2\/pages"}],"about":[{"href":"https:\/\/bontech.info\/it\/wp-json\/wp\/v2\/types\/page"}],"author":[{"embeddable":true,"href":"https:\/\/bontech.info\/it\/wp-json\/wp\/v2\/users\/1"}],"replies":[{"embeddable":true,"href":"https:\/\/bontech.info\/it\/wp-json\/wp\/v2\/comments?post=10113"}],"version-history":[{"count":4,"href":"https:\/\/bontech.info\/it\/wp-json\/wp\/v2\/pages\/10113\/revisions"}],"predecessor-version":[{"id":10260,"href":"https:\/\/bontech.info\/it\/wp-json\/wp\/v2\/pages\/10113\/revisions\/10260"}],"wp:attachment":[{"href":"https:\/\/bontech.info\/it\/wp-json\/wp\/v2\/media?parent=10113"}],"curies":[{"name":"wp","href":"https:\/\/api.w.org\/{rel}","templated":true}]}}