{"id":9895,"date":"2019-05-10T14:40:15","date_gmt":"2019-05-10T12:40:15","guid":{"rendered":"https:\/\/bontech.info\/home\/"},"modified":"2022-04-12T15:59:26","modified_gmt":"2022-04-12T13:59:26","slug":"home","status":"publish","type":"page","link":"https:\/\/bontech.info\/it\/","title":{"rendered":"Home"},"content":{"rendered":"<section class=\"l-section wpb_row us_custom_8d45c27c height_custom width_full\"><div class=\"l-section-h i-cf\"><div class=\"g-cols via_flex valign_top type_default\"><div class=\"vc_col-sm-12 vc_hidden-xs wpb_column vc_column_container\"><div class=\"vc_column-inner\"><div class=\"wpb_wrapper\"><div class=\"w-image align_none\"><div class=\"w-image-h\"><img width=\"2000\" height=\"490\" src=\"https:\/\/bontech.info\/wp-content\/uploads\/2022\/04\/baner-talijanski.jpg\" class=\"attachment-full size-full\" alt=\"\" loading=\"lazy\" srcset=\"https:\/\/bontech.info\/wp-content\/uploads\/2022\/04\/baner-talijanski.jpg 2000w, https:\/\/bontech.info\/wp-content\/uploads\/2022\/04\/baner-talijanski-300x74.jpg 300w, https:\/\/bontech.info\/wp-content\/uploads\/2022\/04\/baner-talijanski-1024x251.jpg 1024w, https:\/\/bontech.info\/wp-content\/uploads\/2022\/04\/baner-talijanski-1536x376.jpg 1536w\" sizes=\"(max-width: 2000px) 100vw, 2000px\" \/><\/div><\/div><\/div><\/div><\/div><\/div><\/div><\/section><section class=\"l-section wpb_row us_custom_b926e1b4 height_auto width_full with_img\"><div class=\"l-section-img\" style=\"background-image: url(https:\/\/bontech.info\/wp-content\/uploads\/2021\/10\/Bontech-naslovna-mobile-verzija.jpg);background-repeat: no-repeat;\" data-img-width=\"360\" data-img-height=\"330\"><\/div><div class=\"l-section-h i-cf\"><div class=\"g-cols via_flex valign_top type_default\"><div class=\"vc_col-sm-12 vc_hidden-lg vc_hidden-md wpb_column vc_column_container stretched\"><div class=\"vc_column-inner us_custom_57f5615c\"><div class=\"wpb_wrapper\"><div class=\"w-separator size_custom\" style=\"height:320px\"><\/div><\/div><\/div><\/div><\/div><\/div><\/section><section class=\"l-section wpb_row height_custom\"><div class=\"l-section-h i-cf\"><div class=\"g-cols via_flex valign_top type_default\"><div class=\"vc_col-sm-12 wpb_column vc_column_container\"><div class=\"vc_column-inner\"><div class=\"wpb_wrapper\"><div class=\"wpb_text_column us_custom_2dbf7b3f\"><div class=\"wpb_wrapper\"><h2 style=\"text-align: center;\"><span style=\"color: #00a4bc;\">Scegliete uno dei nostri servizi<\/span><\/h2>\n<\/div><\/div><div class=\"g-cols wpb_row via_flex valign_top type_default\"><div class=\"vc_col-sm-4 wpb_column vc_column_container\"><div class=\"vc_column-inner us_custom_af6a9b6a\"><div class=\"wpb_wrapper\"><div class=\"w-image align_center\"><div class=\"w-image-h\"><img width=\"300\" height=\"300\" src=\"https:\/\/bontech.info\/wp-content\/uploads\/2021\/10\/slusni-aparati.png\" class=\"attachment-medium size-medium\" alt=\"\" loading=\"lazy\" srcset=\"https:\/\/bontech.info\/wp-content\/uploads\/2021\/10\/slusni-aparati.png 300w, https:\/\/bontech.info\/wp-content\/uploads\/2021\/10\/slusni-aparati-150x150.png 150w\" sizes=\"(max-width: 300px) 100vw, 300px\" \/><\/div><\/div><div class=\"wpb_text_column us_custom_3964a9e9\"><div class=\"wpb_wrapper\"><p style=\"text-align: center;\">Bontech offre pi\u00f9 di 200 diversi modelli ed eseguimenti degli apparechi acustici insieme a Connectivity set e Bontech assortimenti come le soluzioni complete.<\/p>\n<\/div><\/div><div class=\"w-btn-wrapper align_center\"><a class=\"w-btn us-btn-style_1 us_custom_0f8f44b7\" title=\"Slu\u0161ni aparati\" href=\"https:\/\/bontech.info\/it\/apparecchi-acustici\/\"><span class=\"w-btn-label\">APPARECHI ACUSTICI<\/span><\/a><\/div><\/div><\/div><\/div><div class=\"vc_col-sm-4 wpb_column vc_column_container\"><div class=\"vc_column-inner us_custom_af6a9b6a\"><div class=\"wpb_wrapper\"><div class=\"w-image align_center\"><div class=\"w-image-h\"><img width=\"300\" height=\"300\" src=\"https:\/\/bontech.info\/wp-content\/uploads\/2021\/10\/zastita-sluha.png\" class=\"attachment-medium size-medium\" alt=\"\" loading=\"lazy\" srcset=\"https:\/\/bontech.info\/wp-content\/uploads\/2021\/10\/zastita-sluha.png 300w, https:\/\/bontech.info\/wp-content\/uploads\/2021\/10\/zastita-sluha-150x150.png 150w\" sizes=\"(max-width: 300px) 100vw, 300px\" \/><\/div><\/div><div class=\"wpb_text_column us_custom_3964a9e9\"><div class=\"wpb_wrapper\"><p style=\"text-align: center;\">La perdita d&#8217;udito causata dal rumore \u00e8 una delle cause pi\u00f9 comuni di perdita d&#8217;udito. Udito danneggiato permanente non pu\u00f2 pi\u00f9 essere rigenerato, quindi scoprite come proteggere questo prezioso senso.<\/p>\n<\/div><\/div><div class=\"w-btn-wrapper align_center\"><a class=\"w-btn us-btn-style_1 us_custom_0f8f44b7\" title=\"\u010cepi\u0107i za u\u0161i\" href=\"https:\/\/bontech.info\/it\/tappi-per-le-orecchie\/\"><span class=\"w-btn-label\">LA PROTEZIONE D&#8217;UDITO<\/span><\/a><\/div><\/div><\/div><\/div><div class=\"vc_col-sm-4 wpb_column vc_column_container\"><div class=\"vc_column-inner us_custom_af6a9b6a\"><div class=\"wpb_wrapper\"><div class=\"w-image align_center\"><div class=\"w-image-h\"><img width=\"300\" height=\"300\" src=\"https:\/\/bontech.info\/wp-content\/uploads\/2021\/10\/laserska-terapija.png\" class=\"attachment-medium size-medium\" alt=\"\" loading=\"lazy\" srcset=\"https:\/\/bontech.info\/wp-content\/uploads\/2021\/10\/laserska-terapija.png 300w, https:\/\/bontech.info\/wp-content\/uploads\/2021\/10\/laserska-terapija-150x150.png 150w\" sizes=\"(max-width: 300px) 100vw, 300px\" \/><\/div><\/div><div class=\"wpb_text_column us_custom_3964a9e9\"><div class=\"wpb_wrapper\"><p style=\"text-align: center;\">L&#8217;acufene (rumore persistente o riccorente nell&#8217;orecchio) colpisce circa il 15% della popolazione adulta. Nonostante le ipotesi siano numerose, purtroppo non si conosce il vero motivo del suo sorgimento.<\/p>\n<\/div><\/div><div class=\"w-btn-wrapper align_center\"><a class=\"w-btn us-btn-style_1 us_custom_0f8f44b7\" title=\"Tinitus tretmani\" href=\"https:\/\/bontech.info\/it\/trattamenti-acufene-tinnito\/\"><span class=\"w-btn-label\">TRATTAMENTI PER L&#8217;ACUFENE (TINNITO)<\/span><\/a><\/div><\/div><\/div><\/div><\/div><\/div><\/div><\/div><\/div><\/div><\/section><section class=\"l-section wpb_row us_custom_8a398476 height_custom color_primary with_img\" id=\"second\"><div class=\"l-section-img\" style=\"background-image: url(https:\/\/bontech.info\/wp-content\/uploads\/2021\/10\/Bontech-tinitus-tretmani-laserom.jpg);background-repeat: no-repeat;\" data-img-width=\"1200\" data-img-height=\"822\"><\/div><div class=\"l-section-overlay\" style=\"background:rgba(25,25,25,0.51)\"><\/div><div class=\"l-section-h i-cf\"><div class=\"g-cols via_flex valign_top type_default\"><div class=\"vc_col-sm-12 wpb_column vc_column_container\"><div class=\"vc_column-inner\"><div class=\"wpb_wrapper\"><div class=\"wpb_text_column\"><div class=\"wpb_wrapper\"><h2 style=\"text-align: center;\"><strong>Bontech<\/strong> in numeri!<\/h2>\n<\/div><\/div><div class=\"w-separator size_large\"><\/div><div class=\"g-cols wpb_row via_flex valign_top type_default\"><div class=\"vc_col-sm-3 vc_col-md-3 wpb_column vc_column_container\"><div class=\"vc_column-inner\"><div class=\"wpb_wrapper\"><div class=\"w-counter us_custom_a832860b color_heading align_center has_font_size\" data-duration=\"2000\"><div class=\"w-counter-value\"><span class=\"w-counter-value-part type_text\" data-final=\"\"><\/span><span class=\"w-counter-value-part type_number\" data-final=\"70 000\">0<\/span><span class=\"w-counter-value-part type_text\" data-final=\"+\">+<\/span><\/div><h3 class=\"w-counter-title\" style=\"font-size:1.2rem;\">clienti soddisfatti<\/h3><\/div><\/div><\/div><\/div><div class=\"vc_col-sm-3 vc_col-md-3 wpb_column vc_column_container\"><div class=\"vc_column-inner\"><div class=\"wpb_wrapper\"><div class=\"w-counter us_custom_a832860b color_custom align_center has_font_size\" data-duration=\"2000\"><div class=\"w-counter-value\" style=\"color:#ffffff;\"><span class=\"w-counter-value-part type_text\" data-final=\"\"><\/span><span class=\"w-counter-value-part type_number\" data-final=\"25\">0<\/span><span class=\"w-counter-value-part type_text\" data-final=\"\"><\/span><\/div><h3 class=\"w-counter-title\" style=\"font-size:1.2rem;\">anni con voi!<\/h3><\/div><\/div><\/div><\/div><div class=\"vc_col-sm-3 vc_col-md-3 wpb_column vc_column_container\"><div class=\"vc_column-inner\"><div class=\"wpb_wrapper\"><div class=\"w-counter us_custom_a832860b color_heading align_center has_font_size\" data-duration=\"2000\"><div class=\"w-counter-value\"><span class=\"w-counter-value-part type_text\" data-final=\"\"><\/span><span class=\"w-counter-value-part type_number\" data-final=\"100 000\">0<\/span><span class=\"w-counter-value-part type_text\" data-final=\"\"><\/span><\/div><h3 class=\"w-counter-title\" style=\"font-size:1.2rem;\">apparecchi consegnati<\/h3><\/div><\/div><\/div><\/div><div class=\"vc_col-sm-3 vc_col-md-3 wpb_column vc_column_container\"><div class=\"vc_column-inner\"><div class=\"wpb_wrapper\"><div class=\"w-counter us_custom_a832860b color_custom align_center has_font_size\" data-duration=\"2000\"><div class=\"w-counter-value\" style=\"color:#ffffff;\"><span class=\"w-counter-value-part type_text\" data-final=\"\"><\/span><span class=\"w-counter-value-part type_number\" data-final=\"27\">0<\/span><span class=\"w-counter-value-part type_text\" data-final=\"\"><\/span><\/div><h3 class=\"w-counter-title\" style=\"font-size:1.2rem;\">filiali<\/h3><\/div><\/div><\/div><\/div><\/div><\/div><\/div><\/div><\/div><\/div><\/section><section class=\"l-section wpb_row height_auto\" id=\"third\"><div class=\"l-section-h i-cf\"><div class=\"g-cols via_flex valign_top type_default\"><div class=\"vc_col-sm-12 wpb_column vc_column_container\"><div class=\"vc_column-inner\"><div class=\"wpb_wrapper\"><div class=\"w-separator size_huge\"><\/div><div class=\"wpb_text_column us_custom_2dbf7b3f\"><div class=\"wpb_wrapper\"><h2 style=\"text-align: center;\"><span style=\"color: #00a4bc;\">Posljednje novosti<\/span><\/h2>\n<\/div><\/div><div class=\"w-separator size_large\"><\/div><div class=\"w-grid type_grid layout_8423 cols_3 overflow_hidden\" id=\"us_grid_1\" data-filterable=\"true\"><style>#us_grid_1 .w-grid-item{padding:1.5rem}#us_grid_1 .w-grid-list{margin:-1.5rem}.w-grid + #us_grid_1 .w-grid-list{margin-top:1.5rem}@media (max-width:899px){#us_grid_1 .w-grid-item{width:50%}}@media (max-width:599px){#us_grid_1 .w-grid-list{margin:0}#us_grid_1 .w-grid-item{width:100%;padding:0;margin-bottom:1.5rem}}.layout_8423 .w-grid-item-h{background:var(--color-content-bg);color:var(--color-content-text);border-radius:0.3rem;box-shadow:0 0.03rem 0.06rem rgba(0,0,0,0.1),0 0.1rem 0.3rem rgba(0,0,0,0.1);transition-duration:0.3s}.no-touch .layout_8423 .w-grid-item-h:hover{box-shadow:0 0.1rem 0.2rem rgba(0,0,0,0.1),0 0.33rem 1rem rgba(0,0,0,0.15);z-index:4}.layout_8423 .usg_post_title_1{font-size:1.4rem!important;font-weight:700!important}.layout_8423 .usg_vwrapper_1{padding:9% 11% 11% 11%!important}.layout_8423 .usg_post_taxonomy_1{font-weight:700!important;text-transform:uppercase!important;font-size:10px!important;position:absolute!important;top:1.2rem!important;right:1.2rem!important;left:1.2rem!important}.layout_8423 .usg_hwrapper_1{color:var(--color-content-faded)!important;font-size:0.9rem!important}@media (max-width:600px){.layout_8423 .usg_post_title_1{font-size:1.2rem!important}}<\/style><div class=\"w-grid-list\"><\/div><div class=\"w-grid-preloader\"><div class=\"g-preloader type_1\">\r\n\t<div><\/div>\r\n<\/div>\r\n<\/div>\t<div class=\"w-grid-json hidden\" onclick='return {&quot;action&quot;:&quot;us_ajax_grid&quot;,&quot;ajax_url&quot;:&quot;https:\\\/\\\/bontech.info\\\/wp-admin\\\/admin-ajax.php&quot;,&quot;infinite_scroll&quot;:0,&quot;max_num_pages&quot;:0,&quot;pagination&quot;:&quot;none&quot;,&quot;permalink_url&quot;:&quot;https:\\\/\\\/bontech.info\\\/it\\\/wp-json\\\/wp\\\/v2\\\/pages\\\/9895\\\/&quot;,&quot;template_vars&quot;:{&quot;columns&quot;:&quot;3&quot;,&quot;exclude_items&quot;:&quot;none&quot;,&quot;img_size&quot;:&quot;default&quot;,&quot;ignore_items_size&quot;:false,&quot;items_layout&quot;:&quot;8423&quot;,&quot;items_offset&quot;:&quot;1&quot;,&quot;load_animation&quot;:&quot;none&quot;,&quot;overriding_link&quot;:&quot;none&quot;,&quot;post_id&quot;:9895,&quot;query_args&quot;:{&quot;post_type&quot;:[&quot;post&quot;],&quot;post_status&quot;:[&quot;publish&quot;,&quot;acf-disabled&quot;],&quot;posts_per_page&quot;:&quot;3&quot;},&quot;orderby_query_args&quot;:{&quot;orderby&quot;:{&quot;date&quot;:&quot;DESC&quot;}},&quot;type&quot;:&quot;grid&quot;,&quot;us_grid_ajax_index&quot;:1,&quot;us_grid_filter_params&quot;:null,&quot;us_grid_index&quot;:1,&quot;_us_grid_post_type&quot;:&quot;post&quot;,&quot;lang&quot;:&quot;it&quot;}}'><\/div>\r\n\t<h4 class=\"w-grid-none\">Nessun risultato trovato.<\/h4><\/div><div class=\"w-separator size_huge\"><\/div><\/div><\/div><\/div><\/div><\/div><\/section><section class=\"l-section wpb_row us_custom_8a398476 height_custom color_primary with_img\" id=\"second\"><div class=\"l-section-img\" style=\"background-image: url(https:\/\/bontech.info\/wp-content\/uploads\/2021\/10\/Ciscenje-i-odrzavanje-slusnih-aparata-Bontech.jpg);background-repeat: no-repeat;\" data-img-width=\"1200\" data-img-height=\"800\"><\/div><div class=\"l-section-overlay\" style=\"background:rgba(25,25,25,0.51)\"><\/div><div class=\"l-section-h i-cf\"><div class=\"g-cols via_flex valign_top type_default\"><div class=\"vc_col-sm-12 wpb_column vc_column_container\"><div class=\"vc_column-inner\"><div class=\"wpb_wrapper\"><div class=\"wpb_text_column\"><div class=\"wpb_wrapper\"><h2 style=\"text-align: center;\">LE ESPERIENZE DEGLI UTENTI<\/h2>\n<\/div><\/div><div class=\"w-separator size_large\"><\/div><div class=\"g-cols wpb_row via_flex valign_top type_default\"><div class=\"vc_col-sm-4 wpb_column vc_column_container\"><div class=\"vc_column-inner\"><div class=\"wpb_wrapper\"><div class=\"wpb_text_column\"><div class=\"wpb_wrapper\"><p><em>&#8220;La signora e il signore sono stati estremamente cordiali e gentili. Il signore \u00e8 molto paziente nelle sue spiegazioni il che significa molto per noi anziani. Vengo con allegria per i servizi della vostra azienda. &#8220;<\/em><\/p>\n<\/div><\/div><div class=\"wpb_text_column us_custom_0f8f44b7\"><div class=\"wpb_wrapper\"><p>Elizabeta Para\u0111in<\/p>\n<\/div><\/div><\/div><\/div><\/div><div class=\"vc_col-sm-4 wpb_column vc_column_container\"><div class=\"vc_column-inner\"><div class=\"wpb_wrapper\"><div class=\"wpb_text_column\"><div class=\"wpb_wrapper\"><p><em>&#8220;La signora e il signore sono stati estremamente cordiali e gentili. Il signore \u00e8 molto paziente nelle sue spiegazioni il che significa molto per noi anziani. Vengo con allegria per i servizi della vostra azienda.&#8221;<\/em><\/p>\n<\/div><\/div><div class=\"wpb_text_column us_custom_0f8f44b7\"><div class=\"wpb_wrapper\"><p>Nicole Von Bandel<\/p>\n<\/div><\/div><\/div><\/div><\/div><div class=\"vc_col-sm-4 wpb_column vc_column_container\"><div class=\"vc_column-inner\"><div class=\"wpb_wrapper\"><div class=\"wpb_text_column\"><div class=\"wpb_wrapper\"><p><em>&#8220;Grazie infinite per la gentilezza e il servizio a tutto il personale. Possono essere un esempio per tutti. Perch\u00e9 se tutti fossero cos\u00ec gentili, questo paese sarebbe migliore e pi\u00f9 ricco della Svizzera, ma proprio per questo siamo ricchi per amore che riceviamo dalle queste persone meravigliose. &#8220;<\/em><\/p>\n<\/div><\/div><div class=\"wpb_text_column us_custom_0f8f44b7\"><div class=\"wpb_wrapper\"><p>Famiglia Vukovi\u0107<\/p>\n<\/div><\/div><\/div><\/div><\/div><\/div><\/div><\/div><\/div><\/div><\/div><\/section><section class=\"l-section wpb_row us_custom_8a398476 height_custom\" id=\"second\"><div class=\"l-section-h i-cf\"><div class=\"g-cols via_flex valign_top type_default\"><div class=\"vc_col-sm-12 wpb_column vc_column_container\"><div class=\"vc_column-inner\"><div class=\"wpb_wrapper\"><div class=\"wpb_text_column\"><div class=\"wpb_wrapper\"><h2 style=\"text-align: center;\"><span style=\"color: #00a4bc;\">Freestyle Libre<\/span><\/h2>\n<\/div><\/div><div class=\"w-separator size_large\"><\/div><div class=\"g-cols wpb_row via_flex valign_top type_default\"><div class=\"vc_col-sm-6 wpb_column vc_column_container\"><div class=\"vc_column-inner\"><div class=\"wpb_wrapper\"><div class=\"w-image align_center\"><div class=\"w-image-h\"><img width=\"188\" height=\"300\" src=\"https:\/\/bontech.info\/wp-content\/uploads\/2021\/10\/freestyle-libre-188x300.png\" class=\"attachment-medium size-medium\" alt=\"\" loading=\"lazy\" srcset=\"https:\/\/bontech.info\/wp-content\/uploads\/2021\/10\/freestyle-libre-188x300.png 188w, https:\/\/bontech.info\/wp-content\/uploads\/2021\/10\/freestyle-libre-642x1024.png 642w, https:\/\/bontech.info\/wp-content\/uploads\/2021\/10\/freestyle-libre.png 677w\" sizes=\"(max-width: 188px) 100vw, 188px\" \/><\/div><\/div><\/div><\/div><\/div><div class=\"vc_col-sm-6 wpb_column vc_column_container\"><div class=\"vc_column-inner\"><div class=\"wpb_wrapper\"><div class=\"wpb_text_column\"><div class=\"wpb_wrapper\"><p> Freestyle Libre flash sistema di montiraggio del glucosio, allieva i pazienti dalle punture quotidianie e regolari neccessarie per controllare i livelli del glucosio nel sangue.<\/p>\n<p>Ora potete controllare facilmente il glucosio, sempre e ovunque! Basta scannerizzare il sensore Freestyle Libre per ottenere i risultati istantanei, la direzione in cui si muove il glucosio e la sintezi del movimento del glucosio nelle ultime 8 ore. <\/p>\n<\/div><\/div><div class=\"w-btn-wrapper align_none\"><a class=\"w-btn us-btn-style_1 us_custom_0f8f44b7\" title=\"Freestyle Libre\" href=\"https:\/\/bontech.info\/it\/freestyle-libre\/\"><span class=\"w-btn-label\">SCOPRITE DI PI\u00d9<\/span><\/a><\/div><\/div><\/div><\/div><\/div><\/div><\/div><\/div><\/div><\/div><\/section>\n","protected":false},"excerpt":{"rendered":"Scegliete uno dei nostri servizi Bontech offre pi\u00f9 di 200 diversi modelli ed eseguimenti degli apparechi acustici insieme a Connectivity set e Bontech assortimenti come le soluzioni complete. APPARECHI ACUSTICILa perdita d&#8217;udito causata dal rumore \u00e8 una delle cause pi\u00f9 comuni di perdita d&#8217;udito. Udito danneggiato permanente non pu\u00f2 pi\u00f9 essere rigenerato, quindi scoprite come...","protected":false},"author":1,"featured_media":0,"parent":0,"menu_order":0,"comment_status":"closed","ping_status":"closed","template":"","meta":[],"yoast_head":"<!-- This site is optimized with the Yoast SEO plugin v17.9 - https:\/\/yoast.com\/wordpress\/plugins\/seo\/ -->\n<title>Slu\u0161ni aparati i govorna pomagala - Bontech<\/title>\n<meta name=\"robots\" content=\"noindex, follow, max-snippet:-1, max-image-preview:large, max-video-preview:-1\" \/>\n<meta property=\"og:locale\" content=\"it_IT\" \/>\n<meta property=\"og:type\" content=\"article\" \/>\n<meta property=\"og:title\" content=\"Slu\u0161ni aparati i govorna pomagala - Bontech\" \/>\n<meta property=\"og:url\" content=\"https:\/\/bontech.info\/it\/\" \/>\n<meta property=\"og:site_name\" content=\"Bontech\" \/>\n<meta property=\"article:modified_time\" content=\"2022-04-12T13:59:26+00:00\" \/>\n<meta name=\"twitter:card\" content=\"summary_large_image\" \/>\n<meta name=\"twitter:label1\" content=\"Tempo di lettura stimato\" \/>\n\t<meta name=\"twitter:data1\" content=\"2 minuti\" \/>\n<script type=\"application\/ld+json\" class=\"yoast-schema-graph\">{\"@context\":\"https:\/\/schema.org\",\"@graph\":[{\"@type\":\"WebSite\",\"@id\":\"https:\/\/bontech.info\/#website\",\"url\":\"https:\/\/bontech.info\/\",\"name\":\"Bontech\",\"description\":\"\",\"potentialAction\":[{\"@type\":\"SearchAction\",\"target\":{\"@type\":\"EntryPoint\",\"urlTemplate\":\"https:\/\/bontech.info\/?s={search_term_string}\"},\"query-input\":\"required name=search_term_string\"}],\"inLanguage\":\"it-IT\"},{\"@type\":\"WebPage\",\"@id\":\"https:\/\/bontech.info\/it\/#webpage\",\"url\":\"https:\/\/bontech.info\/it\/\",\"name\":\"Slu\\u0161ni aparati i govorna pomagala - Bontech\",\"isPartOf\":{\"@id\":\"https:\/\/bontech.info\/#website\"},\"datePublished\":\"2019-05-10T12:40:15+00:00\",\"dateModified\":\"2022-04-12T13:59:26+00:00\",\"breadcrumb\":{\"@id\":\"https:\/\/bontech.info\/it\/#breadcrumb\"},\"inLanguage\":\"it-IT\",\"potentialAction\":[{\"@type\":\"ReadAction\",\"target\":[\"https:\/\/bontech.info\/it\/\"]}]},{\"@type\":\"BreadcrumbList\",\"@id\":\"https:\/\/bontech.info\/it\/#breadcrumb\",\"itemListElement\":[{\"@type\":\"ListItem\",\"position\":1,\"name\":\"Po\\u010detna stranica\",\"item\":\"https:\/\/bontech.info\/it\/\"},{\"@type\":\"ListItem\",\"position\":2,\"name\":\"Home\"}]}]}<\/script>\n<!-- \/ Yoast SEO plugin. -->","yoast_head_json":{"title":"Slu\u0161ni aparati i govorna pomagala - Bontech","robots":{"index":"noindex","follow":"follow","max-snippet":"max-snippet:-1","max-image-preview":"max-image-preview:large","max-video-preview":"max-video-preview:-1"},"og_locale":"it_IT","og_type":"article","og_title":"Slu\u0161ni aparati i govorna pomagala - Bontech","og_url":"https:\/\/bontech.info\/it\/","og_site_name":"Bontech","article_modified_time":"2022-04-12T13:59:26+00:00","twitter_card":"summary_large_image","twitter_misc":{"Tempo di lettura stimato":"2 minuti"},"schema":{"@context":"https:\/\/schema.org","@graph":[{"@type":"WebSite","@id":"https:\/\/bontech.info\/#website","url":"https:\/\/bontech.info\/","name":"Bontech","description":"","potentialAction":[{"@type":"SearchAction","target":{"@type":"EntryPoint","urlTemplate":"https:\/\/bontech.info\/?s={search_term_string}"},"query-input":"required name=search_term_string"}],"inLanguage":"it-IT"},{"@type":"WebPage","@id":"https:\/\/bontech.info\/it\/#webpage","url":"https:\/\/bontech.info\/it\/","name":"Slu\u0161ni aparati i govorna pomagala - Bontech","isPartOf":{"@id":"https:\/\/bontech.info\/#website"},"datePublished":"2019-05-10T12:40:15+00:00","dateModified":"2022-04-12T13:59:26+00:00","breadcrumb":{"@id":"https:\/\/bontech.info\/it\/#breadcrumb"},"inLanguage":"it-IT","potentialAction":[{"@type":"ReadAction","target":["https:\/\/bontech.info\/it\/"]}]},{"@type":"BreadcrumbList","@id":"https:\/\/bontech.info\/it\/#breadcrumb","itemListElement":[{"@type":"ListItem","position":1,"name":"Po\u010detna stranica","item":"https:\/\/bontech.info\/it\/"},{"@type":"ListItem","position":2,"name":"Home"}]}]}},"_links":{"self":[{"href":"https:\/\/bontech.info\/it\/wp-json\/wp\/v2\/pages\/9895"}],"collection":[{"href":"https:\/\/bontech.info\/it\/wp-json\/wp\/v2\/pages"}],"about":[{"href":"https:\/\/bontech.info\/it\/wp-json\/wp\/v2\/types\/page"}],"author":[{"embeddable":true,"href":"https:\/\/bontech.info\/it\/wp-json\/wp\/v2\/users\/1"}],"replies":[{"embeddable":true,"href":"https:\/\/bontech.info\/it\/wp-json\/wp\/v2\/comments?post=9895"}],"version-history":[{"count":9,"href":"https:\/\/bontech.info\/it\/wp-json\/wp\/v2\/pages\/9895\/revisions"}],"predecessor-version":[{"id":10408,"href":"https:\/\/bontech.info\/it\/wp-json\/wp\/v2\/pages\/9895\/revisions\/10408"}],"wp:attachment":[{"href":"https:\/\/bontech.info\/it\/wp-json\/wp\/v2\/media?parent=9895"}],"curies":[{"name":"wp","href":"https:\/\/api.w.org\/{rel}","templated":true}]}}